{"id":745,"date":"2013-12-08T20:01:33","date_gmt":"2013-12-08T20:01:33","guid":{"rendered":"https:\/\/footwear.usernet.hu\/schuheinlagen\/"},"modified":"2013-12-08T20:01:33","modified_gmt":"2013-12-08T20:01:33","slug":"schuheinlagen","status":"publish","type":"page","link":"https:\/\/footwear.trocellen.com\/de\/anwendungen\/innenausstattung\/schuheinlagen\/","title":{"rendered":"Schuheinlagen\u00a0"},"content":{"rendered":"<p>Schaumstoffe von Trocellen bieten &#8211; kombiniert mit anderen hochwertigen Materialien &#8211; kreative, bequeme und kundenorientierte L\u00f6sungen f\u00fcr die Schuhindustrie.<\/p>\n<p>S\u00e4mtliche Trocellen-Einlegesohlen erf\u00fcllen hinsichtlich Materialkombination und Herstellungsverfahren die Anforderungen unserer Kunden bez\u00fcglich Stabilit\u00e4t, Sicherheit, Hygiene und Qualit\u00e4t.<\/p>\n<h2>Leitf\u00e4hige Einlegesolen (von Trocellen patentiert)<\/h2>\n<h3>Material und Ma\u00dfe<\/h3>\n<ul>\n<li>Polyethylenschaumstoff<\/li>\n<li>Physikalisch vernetzt<\/li>\n<li>Oberseite aufkaschiert mit technischem Gewebe und Unterseite aufkaschiert mit leitf\u00e4higem Filz<\/li>\n<li>4 &#8211; 6 mm Dicke<\/li>\n<\/ul>\n<h3>Eigenschaften<\/h3>\n<ul>\n<li>Hohe Leitf\u00e4higkeit (&lt;10^4 Ohm)<\/li>\n<li>Hohe Abriebfestigkeit<\/li>\n<li>Hohe Atmungsaktivit\u00e4t und geringe Feuchtepufferung<\/li>\n<li>Antibakterielle Ausf\u00fchrung f\u00fcr Polyethylenschaumstoffe erh\u00e4ltlich<\/li>\n<li>Pr\u00e4zise Thermoformbarkeit<\/li>\n<li>Langlebig<\/li>\n<li>PVC- und VOC-frei<\/li>\n<li>F\u00fcr eine sehr hohe Leitf\u00e4higkeit sind die Filzfasern vertikal zum Polyethylen vern\u00e4ht (gestickt)<\/li>\n<li>Einfaches Einlegen im Schuh<\/li>\n<\/ul>\n<h2>Thermogeformte Einlegesohlen<\/h2>\n<h3>Material und Ma\u00dfe<\/h3>\n<ul>\n<li>Polyethylenschaumstoff<\/li>\n<li>Einfach, perforiert, mit hitzeempfindlichem Klebstoff beschichtet oder aufkaschiert mit technischem Gewebe<\/li>\n<li>Dichte 70 \u2013 250 kg\/m\u00b3<\/li>\n<li>4 \u2013 6 mm Dicke<\/li>\n<\/ul>\n<h3>Eigenschaften<\/h3>\n<ul>\n<li>Bequem<\/li>\n<li>Leicht<\/li>\n<li>Langlebig<\/li>\n<li>Abriebfest<\/li>\n<li>W\u00e4rmeisolierend<\/li>\n<li>Hohe Thermoformbarkeit<\/li>\n<li>Antibakterielle Ausf\u00fchrung f\u00fcr gewebekaschierte Versionen erh\u00e4ltlich<\/li>\n<li>Perforierte Ausf\u00fchrung, atmungsaktiv<\/li>\n<li>Einfaches Einlegen im Schuh<\/li>\n<\/ul>\n<h2>Gelochte Einlegesohlen<\/h2>\n<h3>Material und Ma\u00dfe<\/h3>\n<p><img loading=\"lazy\" decoding=\"async\" class=\"alignright size-medium wp-image-501\" src=\"https:\/\/footwear.trocellen.com\/wp-content\/uploads\/sites\/7\/2013\/12\/insoles_001-300x169.png\" alt=\"\" width=\"300\" height=\"169\" srcset=\"https:\/\/footwear.trocellen.com\/wp-content\/uploads\/sites\/7\/2013\/12\/insoles_001-300x169.png 300w, https:\/\/footwear.trocellen.com\/wp-content\/uploads\/sites\/7\/2013\/12\/insoles_001-768x432.png 768w, https:\/\/footwear.trocellen.com\/wp-content\/uploads\/sites\/7\/2013\/12\/insoles_001-1024x576.png 1024w\" sizes=\"auto, (max-width: 300px) 100vw, 300px\" \/><\/p>\n<ul>\n<li>Polyethylenschaumstoff<\/li>\n<li>Aufkaschiert mit Polyurethan-Schaumstoffen und technischem Gewebe<\/li>\n<li>Dichte 150 kg\/m\u00b3<\/li>\n<li>4 \u2013 5 mm Dicke<\/li>\n<\/ul>\n<h3><b>Eigenschaften<\/b><\/h3>\n<ul>\n<li>Bequem<\/li>\n<li>Leicht<\/li>\n<li>Perforierte Ausf\u00fchrung, atmungsaktiv<\/li>\n<li>Abriebfest<\/li>\n<li>Langlebig<\/li>\n<li>Einfache Produktion und leicht in den Schuh einzulegen<\/li>\n<li>PVC- und VOC-frei<\/li>\n<li>W\u00e4rmeisolierung<\/li>\n<li>Bequem<\/li>\n<\/ul>\n<h2>Gelochte Einlegesohlen mit Filz<\/h2>\n<h3>Material und Ma\u00dfe<\/h3>\n<ul>\n<li>Filz aufkaschiert mit Polyurethanschaumstoffen und technischem Gewebe<\/li>\n<li>Dichte 50 kg\/m\u00b3<\/li>\n<li>4 &#8211; 5 mm Dicke<\/li>\n<\/ul>\n<h3>Eigenschaften<\/h3>\n<ul>\n<li>Bequem<\/li>\n<li>Atmungsaktiv<\/li>\n<li>PVC- und VOC-frei<\/li>\n<\/ul>\n<h2>Gelochte Einlegesohlen mit Polyurethan &#8211; Verbundschaumstoff<\/h2>\n<h3>Material und Ma\u00dfe<\/h3>\n<ul>\n<li>Polyurethan-Verbundschaumstoff<\/li>\n<li>Einfach oder mit Klebebeschichtung<\/li>\n<li>Stauchh\u00e4rte 100 &#8211; 150 kg\/m\u00b3<\/li>\n<li>5\u00a0&#8211; 15 mm Dicke<\/li>\n<\/ul>\n<h3>Eigenschaften<\/h3>\n<ul>\n<li>Atmungsaktiv<\/li>\n<li>Antibakterielle Ausf\u00fchrung erh\u00e4ltlich<\/li>\n<li>Individuell bedruckbar<\/li>\n<li>PVC- und VOC-frei<\/li>\n<\/ul>\n","protected":false},"excerpt":{"rendered":"<p>Schaumstoffe von Trocellen bieten &#8211; kombiniert mit anderen hochwertigen Materialien &#8211; kreative, bequeme und kundenorientierte L\u00f6sungen f\u00fcr die Schuhindustrie. S\u00e4mtliche Trocellen-Einlegesohlen erf\u00fcllen hinsichtlich Materialkombination und Herstellungsverfahren die Anforderungen unserer Kunden bez\u00fcglich Stabilit\u00e4t, Sicherheit, Hygiene und Qualit\u00e4t. Leitf\u00e4hige Einlegesolen (von Trocellen patentiert) Material und Ma\u00dfe Polyethylenschaumstoff Physikalisch vernetzt Oberseite aufkaschiert mit technischem Gewebe und Unterseite aufkaschiert [&hellip;]<\/p>\n","protected":false},"author":6,"featured_media":0,"parent":727,"menu_order":0,"comment_status":"open","ping_status":"open","template":"","meta":{"_acf_changed":false,"footnotes":""},"class_list":["post-745","page","type-page","status-publish","hentry"],"acf":[],"yoast_head":"<!-- This site is optimized with the Yoast SEO plugin v23.5 - https:\/\/yoast.com\/wordpress\/plugins\/seo\/ -->\n<title>Schuheinlagen\u00a0 - Footwear<\/title>\n<meta name=\"robots\" content=\"index, follow, max-snippet:-1, max-image-preview:large, max-video-preview:-1\" \/>\n<link rel=\"canonical\" href=\"https:\/\/footwear.trocellen.com\/de\/anwendungen\/innenausstattung\/schuheinlagen\/\" \/>\n<meta name=\"twitter:label1\" content=\"Gesch\u00e4tzte Lesezeit\" \/>\n\t<meta name=\"twitter:data1\" content=\"1\u00a0Minute\" \/>\n<script type=\"application\/ld+json\" class=\"yoast-schema-graph\">{\"@context\":\"https:\/\/schema.org\",\"@graph\":[{\"@type\":\"WebPage\",\"@id\":\"https:\/\/footwear.trocellen.com\/de\/anwendungen\/innenausstattung\/schuheinlagen\/\",\"url\":\"https:\/\/footwear.trocellen.com\/de\/anwendungen\/innenausstattung\/schuheinlagen\/\",\"name\":\"Schuheinlagen\u00a0 - Footwear\",\"isPartOf\":{\"@id\":\"https:\/\/footwear.trocellen.com\/#website\"},\"primaryImageOfPage\":{\"@id\":\"https:\/\/footwear.trocellen.com\/de\/anwendungen\/innenausstattung\/schuheinlagen\/#primaryimage\"},\"image\":{\"@id\":\"https:\/\/footwear.trocellen.com\/de\/anwendungen\/innenausstattung\/schuheinlagen\/#primaryimage\"},\"thumbnailUrl\":\"https:\/\/footwear.trocellen.com\/wp-content\/uploads\/sites\/7\/2013\/12\/insoles_001-300x169.png\",\"datePublished\":\"2013-12-08T20:01:33+00:00\",\"dateModified\":\"2013-12-08T20:01:33+00:00\",\"breadcrumb\":{\"@id\":\"https:\/\/footwear.trocellen.com\/de\/anwendungen\/innenausstattung\/schuheinlagen\/#breadcrumb\"},\"inLanguage\":\"de\",\"potentialAction\":[{\"@type\":\"ReadAction\",\"target\":[\"https:\/\/footwear.trocellen.com\/de\/anwendungen\/innenausstattung\/schuheinlagen\/\"]}]},{\"@type\":\"ImageObject\",\"inLanguage\":\"de\",\"@id\":\"https:\/\/footwear.trocellen.com\/de\/anwendungen\/innenausstattung\/schuheinlagen\/#primaryimage\",\"url\":\"https:\/\/footwear.trocellen.com\/wp-content\/uploads\/sites\/7\/2013\/12\/insoles_001-300x169.png\",\"contentUrl\":\"https:\/\/footwear.trocellen.com\/wp-content\/uploads\/sites\/7\/2013\/12\/insoles_001-300x169.png\"},{\"@type\":\"BreadcrumbList\",\"@id\":\"https:\/\/footwear.trocellen.com\/de\/anwendungen\/innenausstattung\/schuheinlagen\/#breadcrumb\",\"itemListElement\":[{\"@type\":\"ListItem\",\"position\":1,\"name\":\"Home\",\"item\":\"https:\/\/footwear.trocellen.com\/de\/\"},{\"@type\":\"ListItem\",\"position\":2,\"name\":\"Anwendungen\",\"item\":\"https:\/\/footwear.trocellen.com\/de\/anwendungen\/\"},{\"@type\":\"ListItem\",\"position\":3,\"name\":\"Innenausstattung\",\"item\":\"https:\/\/footwear.trocellen.com\/de\/anwendungen\/innenausstattung\/\"},{\"@type\":\"ListItem\",\"position\":4,\"name\":\"Schuheinlagen\u00a0\"}]},{\"@type\":\"WebSite\",\"@id\":\"https:\/\/footwear.trocellen.com\/#website\",\"url\":\"https:\/\/footwear.trocellen.com\/\",\"name\":\"Footwear\",\"description\":\"\",\"potentialAction\":[{\"@type\":\"SearchAction\",\"target\":{\"@type\":\"EntryPoint\",\"urlTemplate\":\"https:\/\/footwear.trocellen.com\/?s={search_term_string}\"},\"query-input\":{\"@type\":\"PropertyValueSpecification\",\"valueRequired\":true,\"valueName\":\"search_term_string\"}}],\"inLanguage\":\"de\"}]}<\/script>\n<!-- \/ Yoast SEO plugin. -->","yoast_head_json":{"title":"Schuheinlagen\u00a0 - Footwear","robots":{"index":"index","follow":"follow","max-snippet":"max-snippet:-1","max-image-preview":"max-image-preview:large","max-video-preview":"max-video-preview:-1"},"canonical":"https:\/\/footwear.trocellen.com\/de\/anwendungen\/innenausstattung\/schuheinlagen\/","twitter_misc":{"Gesch\u00e4tzte Lesezeit":"1\u00a0Minute"},"schema":{"@context":"https:\/\/schema.org","@graph":[{"@type":"WebPage","@id":"https:\/\/footwear.trocellen.com\/de\/anwendungen\/innenausstattung\/schuheinlagen\/","url":"https:\/\/footwear.trocellen.com\/de\/anwendungen\/innenausstattung\/schuheinlagen\/","name":"Schuheinlagen\u00a0 - Footwear","isPartOf":{"@id":"https:\/\/footwear.trocellen.com\/#website"},"primaryImageOfPage":{"@id":"https:\/\/footwear.trocellen.com\/de\/anwendungen\/innenausstattung\/schuheinlagen\/#primaryimage"},"image":{"@id":"https:\/\/footwear.trocellen.com\/de\/anwendungen\/innenausstattung\/schuheinlagen\/#primaryimage"},"thumbnailUrl":"https:\/\/footwear.trocellen.com\/wp-content\/uploads\/sites\/7\/2013\/12\/insoles_001-300x169.png","datePublished":"2013-12-08T20:01:33+00:00","dateModified":"2013-12-08T20:01:33+00:00","breadcrumb":{"@id":"https:\/\/footwear.trocellen.com\/de\/anwendungen\/innenausstattung\/schuheinlagen\/#breadcrumb"},"inLanguage":"de","potentialAction":[{"@type":"ReadAction","target":["https:\/\/footwear.trocellen.com\/de\/anwendungen\/innenausstattung\/schuheinlagen\/"]}]},{"@type":"ImageObject","inLanguage":"de","@id":"https:\/\/footwear.trocellen.com\/de\/anwendungen\/innenausstattung\/schuheinlagen\/#primaryimage","url":"https:\/\/footwear.trocellen.com\/wp-content\/uploads\/sites\/7\/2013\/12\/insoles_001-300x169.png","contentUrl":"https:\/\/footwear.trocellen.com\/wp-content\/uploads\/sites\/7\/2013\/12\/insoles_001-300x169.png"},{"@type":"BreadcrumbList","@id":"https:\/\/footwear.trocellen.com\/de\/anwendungen\/innenausstattung\/schuheinlagen\/#breadcrumb","itemListElement":[{"@type":"ListItem","position":1,"name":"Home","item":"https:\/\/footwear.trocellen.com\/de\/"},{"@type":"ListItem","position":2,"name":"Anwendungen","item":"https:\/\/footwear.trocellen.com\/de\/anwendungen\/"},{"@type":"ListItem","position":3,"name":"Innenausstattung","item":"https:\/\/footwear.trocellen.com\/de\/anwendungen\/innenausstattung\/"},{"@type":"ListItem","position":4,"name":"Schuheinlagen\u00a0"}]},{"@type":"WebSite","@id":"https:\/\/footwear.trocellen.com\/#website","url":"https:\/\/footwear.trocellen.com\/","name":"Footwear","description":"","potentialAction":[{"@type":"SearchAction","target":{"@type":"EntryPoint","urlTemplate":"https:\/\/footwear.trocellen.com\/?s={search_term_string}"},"query-input":{"@type":"PropertyValueSpecification","valueRequired":true,"valueName":"search_term_string"}}],"inLanguage":"de"}]}},"_links":{"self":[{"href":"https:\/\/footwear.trocellen.com\/de\/wp-json\/wp\/v2\/pages\/745","targetHints":{"allow":["GET"]}}],"collection":[{"href":"https:\/\/footwear.trocellen.com\/de\/wp-json\/wp\/v2\/pages"}],"about":[{"href":"https:\/\/footwear.trocellen.com\/de\/wp-json\/wp\/v2\/types\/page"}],"author":[{"embeddable":true,"href":"https:\/\/footwear.trocellen.com\/de\/wp-json\/wp\/v2\/users\/6"}],"replies":[{"embeddable":true,"href":"https:\/\/footwear.trocellen.com\/de\/wp-json\/wp\/v2\/comments?post=745"}],"version-history":[{"count":0,"href":"https:\/\/footwear.trocellen.com\/de\/wp-json\/wp\/v2\/pages\/745\/revisions"}],"up":[{"embeddable":true,"href":"https:\/\/footwear.trocellen.com\/de\/wp-json\/wp\/v2\/pages\/727"}],"wp:attachment":[{"href":"https:\/\/footwear.trocellen.com\/de\/wp-json\/wp\/v2\/media?parent=745"}],"curies":[{"name":"wp","href":"https:\/\/api.w.org\/{rel}","templated":true}]}}