{"id":751,"date":"2013-12-08T20:12:33","date_gmt":"2013-12-08T20:12:33","guid":{"rendered":"https:\/\/footwear.usernet.hu\/trocellen-shockfree-fuer-einlegesohlen\/"},"modified":"2013-12-08T20:12:33","modified_gmt":"2013-12-08T20:12:33","slug":"trocellen-shockfree-fuer-einlegesohlen","status":"publish","type":"page","link":"https:\/\/footwear.trocellen.com\/de\/anwendungen\/innenausstattung\/trocellen-shockfree-fuer-einlegesohlen\/","title":{"rendered":"Trocellen Shockfree f\u00fcr Einlegesohlen"},"content":{"rendered":"<p>Die bekannte und bew\u00e4hrte Technologie, die Trocellen bereits erfolgreich in der Produktion von Kampfsport-Tatami-Matten einsetzt, findet nun auch in der Schuhindustrie Anwendung.<br \/>\nDurch eine extrem hohe Sto\u00dfd\u00e4mpfung und den leichten und schnellen Prototypenbau und Produktionsprozess k\u00f6nnen Sie Ihren Umsatz und die Kundenzufriedenheit maximieren.<\/p>\n<h2>Material<\/h2>\n<ul>\n<li>Vernetzter PE-Schaumstoff<\/li>\n<li>Dichte 115 kg\/m\u00b3 (steif)<\/li>\n<li>Dichte 90 kg\/m\u00b3 (mittel)<\/li>\n<li>Dichte 70 kg\/m\u00b3 (mittel-weich)<\/li>\n<li>Verf\u00fcgbare Perforationsvarianten: L\u00f6cher mit 1,5 mm, 2,3 mm und 4 mm Durchmesser und unterschiedlichen Mustern<\/li>\n<\/ul>\n<h2>Anwendung<\/h2>\n<ul>\n<li>Einlegesohlen f\u00fcr s\u00e4mtliche Schuharten von Sicherheitsschuhen bis zu Freizeitschuhen<\/li>\n<\/ul>\n<h2>Eigenschaften<\/h2>\n<ul>\n<li>Leicht<\/li>\n<li>Langlebige Sto\u00dfd\u00e4mpfung<\/li>\n<li>Atmungsaktives Material durch Perforation<\/li>\n<li>Thermoformung m\u00f6glich im Prototypenbau und Produktionsprozess<\/li>\n<\/ul>\n<p><img loading=\"lazy\" decoding=\"async\" class=\"size-full wp-image-19 alignright\" src=\"https:\/\/footwear.trocellen.com\/wp-content\/uploads\/sites\/7\/2013\/12\/shockfreeforinsoles1.jpg\" alt=\"shockfreeforinsoles1\" width=\"123\" height=\"94\" \/><\/p>\n<h2>Gepr\u00fcfte Performance<\/h2>\n<p>Trocellen Shockfree wurde gemeinsam mit anderen Arten von PE- und PUR-Schaumstoffen gepr\u00fcft. Die Tests wurden von Ricotest, einem international renommierten Labor f\u00fcr die Pr\u00fcfung von Fu\u00dfbekleidung, durchgef\u00fchrt.<\/p>\n<p><img loading=\"lazy\" decoding=\"async\" class=\"alignnone size-full wp-image-53\" src=\"https:\/\/footwear.trocellen.com\/wp-content\/uploads\/sites\/7\/2013\/12\/shockfreeforpaddings.jpg\" alt=\"shockfreeforpaddings\" width=\"892\" height=\"394\" srcset=\"https:\/\/footwear.trocellen.com\/wp-content\/uploads\/sites\/7\/2013\/12\/shockfreeforpaddings.jpg 892w, https:\/\/footwear.trocellen.com\/wp-content\/uploads\/sites\/7\/2013\/12\/shockfreeforpaddings-300x132.jpg 300w\" sizes=\"auto, (max-width: 892px) 100vw, 892px\" \/><\/p>\n<h2>Vorteile<\/h2>\n<ul>\n<li>Maximaler Komfort und Sicherheit f\u00fcr Endkunden<\/li>\n<li>Erh\u00f6hte Atmungsaktivit\u00e4t der Schuhe durch Perforation<\/li>\n<li>Vereinfachte Prototypenbau- und Produktionsprozesse, die zu h\u00f6herwertigen und technisch leistungsf\u00e4higeren Endprodukten f\u00fchren<\/li>\n<li>Dank Trocellen Shockfree haben Designer freie Hand in der modischen Gestaltung des Schuhs und k\u00f6nnen sich trotzdem sicher sein, dass das Produkt h\u00f6chste Sto\u00dffederung bietet.<\/li>\n<\/ul>\n","protected":false},"excerpt":{"rendered":"<p>Die bekannte und bew\u00e4hrte Technologie, die Trocellen bereits erfolgreich in der Produktion von Kampfsport-Tatami-Matten einsetzt, findet nun auch in der Schuhindustrie Anwendung. Durch eine extrem hohe Sto\u00dfd\u00e4mpfung und den leichten und schnellen Prototypenbau und Produktionsprozess k\u00f6nnen Sie Ihren Umsatz und die Kundenzufriedenheit maximieren. Material Vernetzter PE-Schaumstoff Dichte 115 kg\/m\u00b3 (steif) Dichte 90 kg\/m\u00b3 (mittel) Dichte [&hellip;]<\/p>\n","protected":false},"author":6,"featured_media":0,"parent":727,"menu_order":0,"comment_status":"open","ping_status":"open","template":"","meta":{"_acf_changed":false,"footnotes":""},"class_list":["post-751","page","type-page","status-publish","hentry"],"acf":[],"yoast_head":"<!-- This site is optimized with the Yoast SEO plugin v23.5 - https:\/\/yoast.com\/wordpress\/plugins\/seo\/ -->\n<title>Trocellen Shockfree f\u00fcr Einlegesohlen - Footwear<\/title>\n<meta name=\"robots\" content=\"index, follow, max-snippet:-1, max-image-preview:large, max-video-preview:-1\" \/>\n<link rel=\"canonical\" href=\"https:\/\/footwear.trocellen.com\/de\/anwendungen\/innenausstattung\/trocellen-shockfree-fuer-einlegesohlen\/\" \/>\n<meta name=\"twitter:label1\" content=\"Gesch\u00e4tzte Lesezeit\" \/>\n\t<meta name=\"twitter:data1\" content=\"1\u00a0Minute\" \/>\n<script type=\"application\/ld+json\" class=\"yoast-schema-graph\">{\"@context\":\"https:\/\/schema.org\",\"@graph\":[{\"@type\":\"WebPage\",\"@id\":\"https:\/\/footwear.trocellen.com\/de\/anwendungen\/innenausstattung\/trocellen-shockfree-fuer-einlegesohlen\/\",\"url\":\"https:\/\/footwear.trocellen.com\/de\/anwendungen\/innenausstattung\/trocellen-shockfree-fuer-einlegesohlen\/\",\"name\":\"Trocellen Shockfree f\u00fcr Einlegesohlen - Footwear\",\"isPartOf\":{\"@id\":\"https:\/\/footwear.trocellen.com\/#website\"},\"primaryImageOfPage\":{\"@id\":\"https:\/\/footwear.trocellen.com\/de\/anwendungen\/innenausstattung\/trocellen-shockfree-fuer-einlegesohlen\/#primaryimage\"},\"image\":{\"@id\":\"https:\/\/footwear.trocellen.com\/de\/anwendungen\/innenausstattung\/trocellen-shockfree-fuer-einlegesohlen\/#primaryimage\"},\"thumbnailUrl\":\"https:\/\/footwear.trocellen.com\/wp-content\/uploads\/sites\/7\/2013\/12\/shockfreeforinsoles1.jpg\",\"datePublished\":\"2013-12-08T20:12:33+00:00\",\"dateModified\":\"2013-12-08T20:12:33+00:00\",\"breadcrumb\":{\"@id\":\"https:\/\/footwear.trocellen.com\/de\/anwendungen\/innenausstattung\/trocellen-shockfree-fuer-einlegesohlen\/#breadcrumb\"},\"inLanguage\":\"de\",\"potentialAction\":[{\"@type\":\"ReadAction\",\"target\":[\"https:\/\/footwear.trocellen.com\/de\/anwendungen\/innenausstattung\/trocellen-shockfree-fuer-einlegesohlen\/\"]}]},{\"@type\":\"ImageObject\",\"inLanguage\":\"de\",\"@id\":\"https:\/\/footwear.trocellen.com\/de\/anwendungen\/innenausstattung\/trocellen-shockfree-fuer-einlegesohlen\/#primaryimage\",\"url\":\"https:\/\/footwear.trocellen.com\/wp-content\/uploads\/sites\/7\/2013\/12\/shockfreeforinsoles1.jpg\",\"contentUrl\":\"https:\/\/footwear.trocellen.com\/wp-content\/uploads\/sites\/7\/2013\/12\/shockfreeforinsoles1.jpg\"},{\"@type\":\"BreadcrumbList\",\"@id\":\"https:\/\/footwear.trocellen.com\/de\/anwendungen\/innenausstattung\/trocellen-shockfree-fuer-einlegesohlen\/#breadcrumb\",\"itemListElement\":[{\"@type\":\"ListItem\",\"position\":1,\"name\":\"Home\",\"item\":\"https:\/\/footwear.trocellen.com\/de\/\"},{\"@type\":\"ListItem\",\"position\":2,\"name\":\"Anwendungen\",\"item\":\"https:\/\/footwear.trocellen.com\/de\/anwendungen\/\"},{\"@type\":\"ListItem\",\"position\":3,\"name\":\"Innenausstattung\",\"item\":\"https:\/\/footwear.trocellen.com\/de\/anwendungen\/innenausstattung\/\"},{\"@type\":\"ListItem\",\"position\":4,\"name\":\"Trocellen Shockfree f\u00fcr Einlegesohlen\"}]},{\"@type\":\"WebSite\",\"@id\":\"https:\/\/footwear.trocellen.com\/#website\",\"url\":\"https:\/\/footwear.trocellen.com\/\",\"name\":\"Footwear\",\"description\":\"\",\"potentialAction\":[{\"@type\":\"SearchAction\",\"target\":{\"@type\":\"EntryPoint\",\"urlTemplate\":\"https:\/\/footwear.trocellen.com\/?s={search_term_string}\"},\"query-input\":{\"@type\":\"PropertyValueSpecification\",\"valueRequired\":true,\"valueName\":\"search_term_string\"}}],\"inLanguage\":\"de\"}]}<\/script>\n<!-- \/ Yoast SEO plugin. -->","yoast_head_json":{"title":"Trocellen Shockfree f\u00fcr Einlegesohlen - Footwear","robots":{"index":"index","follow":"follow","max-snippet":"max-snippet:-1","max-image-preview":"max-image-preview:large","max-video-preview":"max-video-preview:-1"},"canonical":"https:\/\/footwear.trocellen.com\/de\/anwendungen\/innenausstattung\/trocellen-shockfree-fuer-einlegesohlen\/","twitter_misc":{"Gesch\u00e4tzte Lesezeit":"1\u00a0Minute"},"schema":{"@context":"https:\/\/schema.org","@graph":[{"@type":"WebPage","@id":"https:\/\/footwear.trocellen.com\/de\/anwendungen\/innenausstattung\/trocellen-shockfree-fuer-einlegesohlen\/","url":"https:\/\/footwear.trocellen.com\/de\/anwendungen\/innenausstattung\/trocellen-shockfree-fuer-einlegesohlen\/","name":"Trocellen Shockfree f\u00fcr Einlegesohlen - Footwear","isPartOf":{"@id":"https:\/\/footwear.trocellen.com\/#website"},"primaryImageOfPage":{"@id":"https:\/\/footwear.trocellen.com\/de\/anwendungen\/innenausstattung\/trocellen-shockfree-fuer-einlegesohlen\/#primaryimage"},"image":{"@id":"https:\/\/footwear.trocellen.com\/de\/anwendungen\/innenausstattung\/trocellen-shockfree-fuer-einlegesohlen\/#primaryimage"},"thumbnailUrl":"https:\/\/footwear.trocellen.com\/wp-content\/uploads\/sites\/7\/2013\/12\/shockfreeforinsoles1.jpg","datePublished":"2013-12-08T20:12:33+00:00","dateModified":"2013-12-08T20:12:33+00:00","breadcrumb":{"@id":"https:\/\/footwear.trocellen.com\/de\/anwendungen\/innenausstattung\/trocellen-shockfree-fuer-einlegesohlen\/#breadcrumb"},"inLanguage":"de","potentialAction":[{"@type":"ReadAction","target":["https:\/\/footwear.trocellen.com\/de\/anwendungen\/innenausstattung\/trocellen-shockfree-fuer-einlegesohlen\/"]}]},{"@type":"ImageObject","inLanguage":"de","@id":"https:\/\/footwear.trocellen.com\/de\/anwendungen\/innenausstattung\/trocellen-shockfree-fuer-einlegesohlen\/#primaryimage","url":"https:\/\/footwear.trocellen.com\/wp-content\/uploads\/sites\/7\/2013\/12\/shockfreeforinsoles1.jpg","contentUrl":"https:\/\/footwear.trocellen.com\/wp-content\/uploads\/sites\/7\/2013\/12\/shockfreeforinsoles1.jpg"},{"@type":"BreadcrumbList","@id":"https:\/\/footwear.trocellen.com\/de\/anwendungen\/innenausstattung\/trocellen-shockfree-fuer-einlegesohlen\/#breadcrumb","itemListElement":[{"@type":"ListItem","position":1,"name":"Home","item":"https:\/\/footwear.trocellen.com\/de\/"},{"@type":"ListItem","position":2,"name":"Anwendungen","item":"https:\/\/footwear.trocellen.com\/de\/anwendungen\/"},{"@type":"ListItem","position":3,"name":"Innenausstattung","item":"https:\/\/footwear.trocellen.com\/de\/anwendungen\/innenausstattung\/"},{"@type":"ListItem","position":4,"name":"Trocellen Shockfree f\u00fcr Einlegesohlen"}]},{"@type":"WebSite","@id":"https:\/\/footwear.trocellen.com\/#website","url":"https:\/\/footwear.trocellen.com\/","name":"Footwear","description":"","potentialAction":[{"@type":"SearchAction","target":{"@type":"EntryPoint","urlTemplate":"https:\/\/footwear.trocellen.com\/?s={search_term_string}"},"query-input":{"@type":"PropertyValueSpecification","valueRequired":true,"valueName":"search_term_string"}}],"inLanguage":"de"}]}},"_links":{"self":[{"href":"https:\/\/footwear.trocellen.com\/de\/wp-json\/wp\/v2\/pages\/751","targetHints":{"allow":["GET"]}}],"collection":[{"href":"https:\/\/footwear.trocellen.com\/de\/wp-json\/wp\/v2\/pages"}],"about":[{"href":"https:\/\/footwear.trocellen.com\/de\/wp-json\/wp\/v2\/types\/page"}],"author":[{"embeddable":true,"href":"https:\/\/footwear.trocellen.com\/de\/wp-json\/wp\/v2\/users\/6"}],"replies":[{"embeddable":true,"href":"https:\/\/footwear.trocellen.com\/de\/wp-json\/wp\/v2\/comments?post=751"}],"version-history":[{"count":0,"href":"https:\/\/footwear.trocellen.com\/de\/wp-json\/wp\/v2\/pages\/751\/revisions"}],"up":[{"embeddable":true,"href":"https:\/\/footwear.trocellen.com\/de\/wp-json\/wp\/v2\/pages\/727"}],"wp:attachment":[{"href":"https:\/\/footwear.trocellen.com\/de\/wp-json\/wp\/v2\/media?parent=751"}],"curies":[{"name":"wp","href":"https:\/\/api.w.org\/{rel}","templated":true}]}}