{"id":763,"date":"2013-12-08T20:25:17","date_gmt":"2013-12-08T20:25:17","guid":{"rendered":"https:\/\/footwear.usernet.hu\/verstaerkungen\/"},"modified":"2013-12-08T20:25:17","modified_gmt":"2013-12-08T20:25:17","slug":"verstaerkungen","status":"publish","type":"page","link":"https:\/\/footwear.trocellen.com\/de\/anwendungen\/innenausstattung\/verstaerkungen\/","title":{"rendered":"Verst\u00e4rkungen"},"content":{"rendered":"<p>Extrudierter Ethylenvinylacetat-Schaumstoff h\u00e4lt die Form des Schuhs l\u00e4nger in Form. Gleichzeitig werden stark beanspruchte Stellen des Schuhs verst\u00e4rkt.<\/p>\n<p><img loading=\"lazy\" decoding=\"async\" class=\"alignright size-medium wp-image-503\" src=\"https:\/\/footwear.trocellen.com\/wp-content\/uploads\/sites\/7\/2013\/12\/footwear_reinforcements_001-300x169.png\" alt=\"\" width=\"300\" height=\"169\" srcset=\"https:\/\/footwear.trocellen.com\/wp-content\/uploads\/sites\/7\/2013\/12\/footwear_reinforcements_001-300x169.png 300w, https:\/\/footwear.trocellen.com\/wp-content\/uploads\/sites\/7\/2013\/12\/footwear_reinforcements_001-768x432.png 768w, https:\/\/footwear.trocellen.com\/wp-content\/uploads\/sites\/7\/2013\/12\/footwear_reinforcements_001-1024x576.png 1024w\" sizes=\"auto, (max-width: 300px) 100vw, 300px\" \/><\/p>\n<h2>Material und Ma\u00dfe<\/h2>\n<ul>\n<li>Extrudiertes Ethylenvinylacetat<\/li>\n<li>Einfach oder adh\u00e4siv<\/li>\n<li>Dichte 40 \u2013 50 kg\/m\u00b3<\/li>\n<li>2 \u2013 4 mm Dicke<\/li>\n<\/ul>\n<h2>Eigenschaften<\/h2>\n<ul>\n<li>Leicht<\/li>\n<li>Langlebige mechanische Eigenschaften<\/li>\n<li>H\u00f6herer Nutzungswert der adh\u00e4siven Ausf\u00fchrung<\/li>\n<li>PVC- und VOC-frei<\/li>\n<\/ul>\n","protected":false},"excerpt":{"rendered":"<p>Extrudierter Ethylenvinylacetat-Schaumstoff h\u00e4lt die Form des Schuhs l\u00e4nger in Form. Gleichzeitig werden stark beanspruchte Stellen des Schuhs verst\u00e4rkt. Material und Ma\u00dfe Extrudiertes Ethylenvinylacetat Einfach oder adh\u00e4siv Dichte 40 \u2013 50 kg\/m\u00b3 2 \u2013 4 mm Dicke Eigenschaften Leicht Langlebige mechanische Eigenschaften H\u00f6herer Nutzungswert der adh\u00e4siven Ausf\u00fchrung PVC- und VOC-frei<\/p>\n","protected":false},"author":6,"featured_media":0,"parent":727,"menu_order":0,"comment_status":"open","ping_status":"open","template":"","meta":{"_acf_changed":false,"footnotes":""},"class_list":["post-763","page","type-page","status-publish","hentry"],"acf":[],"yoast_head":"<!-- This site is optimized with the Yoast SEO plugin v23.5 - https:\/\/yoast.com\/wordpress\/plugins\/seo\/ -->\n<title>Verst\u00e4rkungen - Footwear<\/title>\n<meta name=\"robots\" content=\"index, follow, max-snippet:-1, max-image-preview:large, max-video-preview:-1\" \/>\n<link rel=\"canonical\" href=\"https:\/\/footwear.trocellen.com\/de\/anwendungen\/innenausstattung\/verstaerkungen\/\" \/>\n<script type=\"application\/ld+json\" class=\"yoast-schema-graph\">{\"@context\":\"https:\/\/schema.org\",\"@graph\":[{\"@type\":\"WebPage\",\"@id\":\"https:\/\/footwear.trocellen.com\/de\/anwendungen\/innenausstattung\/verstaerkungen\/\",\"url\":\"https:\/\/footwear.trocellen.com\/de\/anwendungen\/innenausstattung\/verstaerkungen\/\",\"name\":\"Verst\u00e4rkungen - Footwear\",\"isPartOf\":{\"@id\":\"https:\/\/footwear.trocellen.com\/#website\"},\"primaryImageOfPage\":{\"@id\":\"https:\/\/footwear.trocellen.com\/de\/anwendungen\/innenausstattung\/verstaerkungen\/#primaryimage\"},\"image\":{\"@id\":\"https:\/\/footwear.trocellen.com\/de\/anwendungen\/innenausstattung\/verstaerkungen\/#primaryimage\"},\"thumbnailUrl\":\"https:\/\/footwear.trocellen.com\/wp-content\/uploads\/sites\/7\/2013\/12\/footwear_reinforcements_001-300x169.png\",\"datePublished\":\"2013-12-08T20:25:17+00:00\",\"dateModified\":\"2013-12-08T20:25:17+00:00\",\"breadcrumb\":{\"@id\":\"https:\/\/footwear.trocellen.com\/de\/anwendungen\/innenausstattung\/verstaerkungen\/#breadcrumb\"},\"inLanguage\":\"de\",\"potentialAction\":[{\"@type\":\"ReadAction\",\"target\":[\"https:\/\/footwear.trocellen.com\/de\/anwendungen\/innenausstattung\/verstaerkungen\/\"]}]},{\"@type\":\"ImageObject\",\"inLanguage\":\"de\",\"@id\":\"https:\/\/footwear.trocellen.com\/de\/anwendungen\/innenausstattung\/verstaerkungen\/#primaryimage\",\"url\":\"https:\/\/footwear.trocellen.com\/wp-content\/uploads\/sites\/7\/2013\/12\/footwear_reinforcements_001-300x169.png\",\"contentUrl\":\"https:\/\/footwear.trocellen.com\/wp-content\/uploads\/sites\/7\/2013\/12\/footwear_reinforcements_001-300x169.png\"},{\"@type\":\"BreadcrumbList\",\"@id\":\"https:\/\/footwear.trocellen.com\/de\/anwendungen\/innenausstattung\/verstaerkungen\/#breadcrumb\",\"itemListElement\":[{\"@type\":\"ListItem\",\"position\":1,\"name\":\"Home\",\"item\":\"https:\/\/footwear.trocellen.com\/de\/\"},{\"@type\":\"ListItem\",\"position\":2,\"name\":\"Anwendungen\",\"item\":\"https:\/\/footwear.trocellen.com\/de\/anwendungen\/\"},{\"@type\":\"ListItem\",\"position\":3,\"name\":\"Innenausstattung\",\"item\":\"https:\/\/footwear.trocellen.com\/de\/anwendungen\/innenausstattung\/\"},{\"@type\":\"ListItem\",\"position\":4,\"name\":\"Verst\u00e4rkungen\"}]},{\"@type\":\"WebSite\",\"@id\":\"https:\/\/footwear.trocellen.com\/#website\",\"url\":\"https:\/\/footwear.trocellen.com\/\",\"name\":\"Footwear\",\"description\":\"\",\"potentialAction\":[{\"@type\":\"SearchAction\",\"target\":{\"@type\":\"EntryPoint\",\"urlTemplate\":\"https:\/\/footwear.trocellen.com\/?s={search_term_string}\"},\"query-input\":{\"@type\":\"PropertyValueSpecification\",\"valueRequired\":true,\"valueName\":\"search_term_string\"}}],\"inLanguage\":\"de\"}]}<\/script>\n<!-- \/ Yoast SEO plugin. -->","yoast_head_json":{"title":"Verst\u00e4rkungen - Footwear","robots":{"index":"index","follow":"follow","max-snippet":"max-snippet:-1","max-image-preview":"max-image-preview:large","max-video-preview":"max-video-preview:-1"},"canonical":"https:\/\/footwear.trocellen.com\/de\/anwendungen\/innenausstattung\/verstaerkungen\/","schema":{"@context":"https:\/\/schema.org","@graph":[{"@type":"WebPage","@id":"https:\/\/footwear.trocellen.com\/de\/anwendungen\/innenausstattung\/verstaerkungen\/","url":"https:\/\/footwear.trocellen.com\/de\/anwendungen\/innenausstattung\/verstaerkungen\/","name":"Verst\u00e4rkungen - Footwear","isPartOf":{"@id":"https:\/\/footwear.trocellen.com\/#website"},"primaryImageOfPage":{"@id":"https:\/\/footwear.trocellen.com\/de\/anwendungen\/innenausstattung\/verstaerkungen\/#primaryimage"},"image":{"@id":"https:\/\/footwear.trocellen.com\/de\/anwendungen\/innenausstattung\/verstaerkungen\/#primaryimage"},"thumbnailUrl":"https:\/\/footwear.trocellen.com\/wp-content\/uploads\/sites\/7\/2013\/12\/footwear_reinforcements_001-300x169.png","datePublished":"2013-12-08T20:25:17+00:00","dateModified":"2013-12-08T20:25:17+00:00","breadcrumb":{"@id":"https:\/\/footwear.trocellen.com\/de\/anwendungen\/innenausstattung\/verstaerkungen\/#breadcrumb"},"inLanguage":"de","potentialAction":[{"@type":"ReadAction","target":["https:\/\/footwear.trocellen.com\/de\/anwendungen\/innenausstattung\/verstaerkungen\/"]}]},{"@type":"ImageObject","inLanguage":"de","@id":"https:\/\/footwear.trocellen.com\/de\/anwendungen\/innenausstattung\/verstaerkungen\/#primaryimage","url":"https:\/\/footwear.trocellen.com\/wp-content\/uploads\/sites\/7\/2013\/12\/footwear_reinforcements_001-300x169.png","contentUrl":"https:\/\/footwear.trocellen.com\/wp-content\/uploads\/sites\/7\/2013\/12\/footwear_reinforcements_001-300x169.png"},{"@type":"BreadcrumbList","@id":"https:\/\/footwear.trocellen.com\/de\/anwendungen\/innenausstattung\/verstaerkungen\/#breadcrumb","itemListElement":[{"@type":"ListItem","position":1,"name":"Home","item":"https:\/\/footwear.trocellen.com\/de\/"},{"@type":"ListItem","position":2,"name":"Anwendungen","item":"https:\/\/footwear.trocellen.com\/de\/anwendungen\/"},{"@type":"ListItem","position":3,"name":"Innenausstattung","item":"https:\/\/footwear.trocellen.com\/de\/anwendungen\/innenausstattung\/"},{"@type":"ListItem","position":4,"name":"Verst\u00e4rkungen"}]},{"@type":"WebSite","@id":"https:\/\/footwear.trocellen.com\/#website","url":"https:\/\/footwear.trocellen.com\/","name":"Footwear","description":"","potentialAction":[{"@type":"SearchAction","target":{"@type":"EntryPoint","urlTemplate":"https:\/\/footwear.trocellen.com\/?s={search_term_string}"},"query-input":{"@type":"PropertyValueSpecification","valueRequired":true,"valueName":"search_term_string"}}],"inLanguage":"de"}]}},"_links":{"self":[{"href":"https:\/\/footwear.trocellen.com\/de\/wp-json\/wp\/v2\/pages\/763","targetHints":{"allow":["GET"]}}],"collection":[{"href":"https:\/\/footwear.trocellen.com\/de\/wp-json\/wp\/v2\/pages"}],"about":[{"href":"https:\/\/footwear.trocellen.com\/de\/wp-json\/wp\/v2\/types\/page"}],"author":[{"embeddable":true,"href":"https:\/\/footwear.trocellen.com\/de\/wp-json\/wp\/v2\/users\/6"}],"replies":[{"embeddable":true,"href":"https:\/\/footwear.trocellen.com\/de\/wp-json\/wp\/v2\/comments?post=763"}],"version-history":[{"count":0,"href":"https:\/\/footwear.trocellen.com\/de\/wp-json\/wp\/v2\/pages\/763\/revisions"}],"up":[{"embeddable":true,"href":"https:\/\/footwear.trocellen.com\/de\/wp-json\/wp\/v2\/pages\/727"}],"wp:attachment":[{"href":"https:\/\/footwear.trocellen.com\/de\/wp-json\/wp\/v2\/media?parent=763"}],"curies":[{"name":"wp","href":"https:\/\/api.w.org\/{rel}","templated":true}]}}