{"id":769,"date":"2013-12-08T20:30:33","date_gmt":"2013-12-08T20:30:33","guid":{"rendered":"https:\/\/footwear.usernet.hu\/hausschuhe\/"},"modified":"2013-12-08T20:30:33","modified_gmt":"2013-12-08T20:30:33","slug":"hausschuhe","status":"publish","type":"page","link":"https:\/\/footwear.trocellen.com\/de\/anwendungen\/innenausstattung\/hausschuhe\/","title":{"rendered":"Hausschuhe"},"content":{"rendered":"<p>Auch Pensionen und Hotels sch\u00e4tzen die hohe Qualit\u00e4t von Trocellen-Produkten. Dank unserer hygienischen und leichten Materialien\u00a0k\u00f6nnen unsere Kunden bequeme Hausschuhe herstellen und ihren G\u00e4sten so das Gef\u00fchl geben, zu Hause zu sein.<\/p>\n<h2>Verf\u00fcgbare Farbvarianten<\/h2>\n<ul>\n<li>Wei\u00df<\/li>\n<\/ul>\n<h2>Material und Ma\u00dfe<\/h2>\n<ul>\n<li>Polyethylenschaumstoff<\/li>\n<li>Aufkaschiert mit Polyurethanschicht<\/li>\n<li>Dichte 90 kg\/m\u00b3<\/li>\n<li>5-6 mm Dicke<\/li>\n<\/ul>\n<h2>Eigenschaften<\/h2>\n<p><img loading=\"lazy\" decoding=\"async\" class=\"alignright size-medium wp-image-505\" src=\"https:\/\/footwear.trocellen.com\/wp-content\/uploads\/sites\/7\/2013\/12\/footwear_slipper_001-300x169.png\" alt=\"\" width=\"300\" height=\"169\" srcset=\"https:\/\/footwear.trocellen.com\/wp-content\/uploads\/sites\/7\/2013\/12\/footwear_slipper_001-300x169.png 300w, https:\/\/footwear.trocellen.com\/wp-content\/uploads\/sites\/7\/2013\/12\/footwear_slipper_001-768x432.png 768w, https:\/\/footwear.trocellen.com\/wp-content\/uploads\/sites\/7\/2013\/12\/footwear_slipper_001-1024x576.png 1024w\" sizes=\"auto, (max-width: 300px) 100vw, 300px\" \/><\/p>\n<ul>\n<li>Bequem<\/li>\n<li>Hygienisch<\/li>\n<li>Leicht<\/li>\n<li>Antirutschbeschichtet<\/li>\n<li>Gibt zus\u00e4tzlichen Halt<\/li>\n<\/ul>\n","protected":false},"excerpt":{"rendered":"<p>Auch Pensionen und Hotels sch\u00e4tzen die hohe Qualit\u00e4t von Trocellen-Produkten. Dank unserer hygienischen und leichten Materialien\u00a0k\u00f6nnen unsere Kunden bequeme Hausschuhe herstellen und ihren G\u00e4sten so das Gef\u00fchl geben, zu Hause zu sein. Verf\u00fcgbare Farbvarianten Wei\u00df Material und Ma\u00dfe Polyethylenschaumstoff Aufkaschiert mit Polyurethanschicht Dichte 90 kg\/m\u00b3 5-6 mm Dicke Eigenschaften Bequem Hygienisch Leicht Antirutschbeschichtet Gibt zus\u00e4tzlichen [&hellip;]<\/p>\n","protected":false},"author":6,"featured_media":0,"parent":727,"menu_order":0,"comment_status":"open","ping_status":"open","template":"","meta":{"_acf_changed":false,"footnotes":""},"class_list":["post-769","page","type-page","status-publish","hentry"],"acf":[],"yoast_head":"<!-- This site is optimized with the Yoast SEO plugin v23.5 - https:\/\/yoast.com\/wordpress\/plugins\/seo\/ -->\n<title>Hausschuhe - Footwear<\/title>\n<meta name=\"robots\" content=\"index, follow, max-snippet:-1, max-image-preview:large, max-video-preview:-1\" \/>\n<link rel=\"canonical\" href=\"https:\/\/footwear.trocellen.com\/de\/anwendungen\/innenausstattung\/hausschuhe\/\" \/>\n<script type=\"application\/ld+json\" class=\"yoast-schema-graph\">{\"@context\":\"https:\/\/schema.org\",\"@graph\":[{\"@type\":\"WebPage\",\"@id\":\"https:\/\/footwear.trocellen.com\/de\/anwendungen\/innenausstattung\/hausschuhe\/\",\"url\":\"https:\/\/footwear.trocellen.com\/de\/anwendungen\/innenausstattung\/hausschuhe\/\",\"name\":\"Hausschuhe - Footwear\",\"isPartOf\":{\"@id\":\"https:\/\/footwear.trocellen.com\/#website\"},\"primaryImageOfPage\":{\"@id\":\"https:\/\/footwear.trocellen.com\/de\/anwendungen\/innenausstattung\/hausschuhe\/#primaryimage\"},\"image\":{\"@id\":\"https:\/\/footwear.trocellen.com\/de\/anwendungen\/innenausstattung\/hausschuhe\/#primaryimage\"},\"thumbnailUrl\":\"https:\/\/footwear.trocellen.com\/wp-content\/uploads\/sites\/7\/2013\/12\/footwear_slipper_001-300x169.png\",\"datePublished\":\"2013-12-08T20:30:33+00:00\",\"dateModified\":\"2013-12-08T20:30:33+00:00\",\"breadcrumb\":{\"@id\":\"https:\/\/footwear.trocellen.com\/de\/anwendungen\/innenausstattung\/hausschuhe\/#breadcrumb\"},\"inLanguage\":\"de\",\"potentialAction\":[{\"@type\":\"ReadAction\",\"target\":[\"https:\/\/footwear.trocellen.com\/de\/anwendungen\/innenausstattung\/hausschuhe\/\"]}]},{\"@type\":\"ImageObject\",\"inLanguage\":\"de\",\"@id\":\"https:\/\/footwear.trocellen.com\/de\/anwendungen\/innenausstattung\/hausschuhe\/#primaryimage\",\"url\":\"https:\/\/footwear.trocellen.com\/wp-content\/uploads\/sites\/7\/2013\/12\/footwear_slipper_001-300x169.png\",\"contentUrl\":\"https:\/\/footwear.trocellen.com\/wp-content\/uploads\/sites\/7\/2013\/12\/footwear_slipper_001-300x169.png\"},{\"@type\":\"BreadcrumbList\",\"@id\":\"https:\/\/footwear.trocellen.com\/de\/anwendungen\/innenausstattung\/hausschuhe\/#breadcrumb\",\"itemListElement\":[{\"@type\":\"ListItem\",\"position\":1,\"name\":\"Home\",\"item\":\"https:\/\/footwear.trocellen.com\/de\/\"},{\"@type\":\"ListItem\",\"position\":2,\"name\":\"Anwendungen\",\"item\":\"https:\/\/footwear.trocellen.com\/de\/anwendungen\/\"},{\"@type\":\"ListItem\",\"position\":3,\"name\":\"Innenausstattung\",\"item\":\"https:\/\/footwear.trocellen.com\/de\/anwendungen\/innenausstattung\/\"},{\"@type\":\"ListItem\",\"position\":4,\"name\":\"Hausschuhe\"}]},{\"@type\":\"WebSite\",\"@id\":\"https:\/\/footwear.trocellen.com\/#website\",\"url\":\"https:\/\/footwear.trocellen.com\/\",\"name\":\"Footwear\",\"description\":\"\",\"potentialAction\":[{\"@type\":\"SearchAction\",\"target\":{\"@type\":\"EntryPoint\",\"urlTemplate\":\"https:\/\/footwear.trocellen.com\/?s={search_term_string}\"},\"query-input\":{\"@type\":\"PropertyValueSpecification\",\"valueRequired\":true,\"valueName\":\"search_term_string\"}}],\"inLanguage\":\"de\"}]}<\/script>\n<!-- \/ Yoast SEO plugin. -->","yoast_head_json":{"title":"Hausschuhe - Footwear","robots":{"index":"index","follow":"follow","max-snippet":"max-snippet:-1","max-image-preview":"max-image-preview:large","max-video-preview":"max-video-preview:-1"},"canonical":"https:\/\/footwear.trocellen.com\/de\/anwendungen\/innenausstattung\/hausschuhe\/","schema":{"@context":"https:\/\/schema.org","@graph":[{"@type":"WebPage","@id":"https:\/\/footwear.trocellen.com\/de\/anwendungen\/innenausstattung\/hausschuhe\/","url":"https:\/\/footwear.trocellen.com\/de\/anwendungen\/innenausstattung\/hausschuhe\/","name":"Hausschuhe - Footwear","isPartOf":{"@id":"https:\/\/footwear.trocellen.com\/#website"},"primaryImageOfPage":{"@id":"https:\/\/footwear.trocellen.com\/de\/anwendungen\/innenausstattung\/hausschuhe\/#primaryimage"},"image":{"@id":"https:\/\/footwear.trocellen.com\/de\/anwendungen\/innenausstattung\/hausschuhe\/#primaryimage"},"thumbnailUrl":"https:\/\/footwear.trocellen.com\/wp-content\/uploads\/sites\/7\/2013\/12\/footwear_slipper_001-300x169.png","datePublished":"2013-12-08T20:30:33+00:00","dateModified":"2013-12-08T20:30:33+00:00","breadcrumb":{"@id":"https:\/\/footwear.trocellen.com\/de\/anwendungen\/innenausstattung\/hausschuhe\/#breadcrumb"},"inLanguage":"de","potentialAction":[{"@type":"ReadAction","target":["https:\/\/footwear.trocellen.com\/de\/anwendungen\/innenausstattung\/hausschuhe\/"]}]},{"@type":"ImageObject","inLanguage":"de","@id":"https:\/\/footwear.trocellen.com\/de\/anwendungen\/innenausstattung\/hausschuhe\/#primaryimage","url":"https:\/\/footwear.trocellen.com\/wp-content\/uploads\/sites\/7\/2013\/12\/footwear_slipper_001-300x169.png","contentUrl":"https:\/\/footwear.trocellen.com\/wp-content\/uploads\/sites\/7\/2013\/12\/footwear_slipper_001-300x169.png"},{"@type":"BreadcrumbList","@id":"https:\/\/footwear.trocellen.com\/de\/anwendungen\/innenausstattung\/hausschuhe\/#breadcrumb","itemListElement":[{"@type":"ListItem","position":1,"name":"Home","item":"https:\/\/footwear.trocellen.com\/de\/"},{"@type":"ListItem","position":2,"name":"Anwendungen","item":"https:\/\/footwear.trocellen.com\/de\/anwendungen\/"},{"@type":"ListItem","position":3,"name":"Innenausstattung","item":"https:\/\/footwear.trocellen.com\/de\/anwendungen\/innenausstattung\/"},{"@type":"ListItem","position":4,"name":"Hausschuhe"}]},{"@type":"WebSite","@id":"https:\/\/footwear.trocellen.com\/#website","url":"https:\/\/footwear.trocellen.com\/","name":"Footwear","description":"","potentialAction":[{"@type":"SearchAction","target":{"@type":"EntryPoint","urlTemplate":"https:\/\/footwear.trocellen.com\/?s={search_term_string}"},"query-input":{"@type":"PropertyValueSpecification","valueRequired":true,"valueName":"search_term_string"}}],"inLanguage":"de"}]}},"_links":{"self":[{"href":"https:\/\/footwear.trocellen.com\/de\/wp-json\/wp\/v2\/pages\/769","targetHints":{"allow":["GET"]}}],"collection":[{"href":"https:\/\/footwear.trocellen.com\/de\/wp-json\/wp\/v2\/pages"}],"about":[{"href":"https:\/\/footwear.trocellen.com\/de\/wp-json\/wp\/v2\/types\/page"}],"author":[{"embeddable":true,"href":"https:\/\/footwear.trocellen.com\/de\/wp-json\/wp\/v2\/users\/6"}],"replies":[{"embeddable":true,"href":"https:\/\/footwear.trocellen.com\/de\/wp-json\/wp\/v2\/comments?post=769"}],"version-history":[{"count":0,"href":"https:\/\/footwear.trocellen.com\/de\/wp-json\/wp\/v2\/pages\/769\/revisions"}],"up":[{"embeddable":true,"href":"https:\/\/footwear.trocellen.com\/de\/wp-json\/wp\/v2\/pages\/727"}],"wp:attachment":[{"href":"https:\/\/footwear.trocellen.com\/de\/wp-json\/wp\/v2\/media?parent=769"}],"curies":[{"name":"wp","href":"https:\/\/api.w.org\/{rel}","templated":true}]}}