{"id":781,"date":"2013-12-08T20:39:17","date_gmt":"2013-12-08T20:39:17","guid":{"rendered":"https:\/\/footwear.usernet.hu\/obermaterial-fuer-strassenschuhe\/"},"modified":"2013-12-08T20:39:17","modified_gmt":"2013-12-08T20:39:17","slug":"obermaterial-fuer-strassenschuhe","status":"publish","type":"page","link":"https:\/\/footwear.trocellen.com\/de\/anwendungen\/obermaterial\/obermaterial-fuer-strassenschuhe\/","title":{"rendered":"Obermaterial f\u00fcr Stra\u00dfenschuhe"},"content":{"rendered":"<p>Schaumstoffe von Trocellen bieten &#8211; kombiniert mit anderen hochwertigen Materialien &#8211; kreative,<br \/>\nbequeme und kundenorientierte L\u00f6sungen f\u00fcr die Schuhindustrie.<br \/>\nPolyethylenschaumstoffe sichern in Verbindung mit verschiedenen technischen Geweben den Schutz,<br \/>\ndie Flexibilit\u00e4t und die Langlebigkeit von Schuhen.<\/p>\n<p><img loading=\"lazy\" decoding=\"async\" class=\"alignright size-medium wp-image-511\" src=\"https:\/\/footwear.trocellen.com\/wp-content\/uploads\/sites\/7\/2013\/12\/footwear_outdoor_upper_001-300x294.png\" alt=\"\" width=\"300\" height=\"294\" srcset=\"https:\/\/footwear.trocellen.com\/wp-content\/uploads\/sites\/7\/2013\/12\/footwear_outdoor_upper_001-300x294.png 300w, https:\/\/footwear.trocellen.com\/wp-content\/uploads\/sites\/7\/2013\/12\/footwear_outdoor_upper_001-768x753.png 768w, https:\/\/footwear.trocellen.com\/wp-content\/uploads\/sites\/7\/2013\/12\/footwear_outdoor_upper_001-1024x1004.png 1024w\" sizes=\"auto, (max-width: 300px) 100vw, 300px\" \/><\/p>\n<h2>Material und Ma\u00dfe<\/h2>\n<ul>\n<li>Polyethylenschaumstoff, einfach oder perforiert<\/li>\n<li>Aufkaschiert mit technischem Gewebe<\/li>\n<li>Dichte 70 \u2013 150 kg\/m\u00b3 (hart)<\/li>\n<li>Dichte 250 kg\/m\u00b3 (halbhart)<\/li>\n<li>2,5 \u2013 4 mm Dicke<\/li>\n<\/ul>\n<h2>Eigenschaften<\/h2>\n<ul>\n<li>Bequem<\/li>\n<li>Leicht<\/li>\n<li>\u00c4u\u00dferst abrieb- und rei\u00dffest<\/li>\n<li>W\u00e4rmeisolierend<\/li>\n<li>Thermoformbar<\/li>\n<li>Leicht stanz- und n\u00e4hbar<\/li>\n<li>PVC- und VOC-frei<\/li>\n<li>Perforierte Ausf\u00fchrung, atmungsaktiv<\/li>\n<\/ul>\n","protected":false},"excerpt":{"rendered":"<p>Schaumstoffe von Trocellen bieten &#8211; kombiniert mit anderen hochwertigen Materialien &#8211; kreative, bequeme und kundenorientierte L\u00f6sungen f\u00fcr die Schuhindustrie. Polyethylenschaumstoffe sichern in Verbindung mit verschiedenen technischen Geweben den Schutz, die Flexibilit\u00e4t und die Langlebigkeit von Schuhen. Material und Ma\u00dfe Polyethylenschaumstoff, einfach oder perforiert Aufkaschiert mit technischem Gewebe Dichte 70 \u2013 150 kg\/m\u00b3 (hart) Dichte 250 [&hellip;]<\/p>\n","protected":false},"author":6,"featured_media":0,"parent":733,"menu_order":0,"comment_status":"open","ping_status":"open","template":"","meta":{"_acf_changed":false,"footnotes":""},"class_list":["post-781","page","type-page","status-publish","hentry"],"acf":[],"yoast_head":"<!-- This site is optimized with the Yoast SEO plugin v23.5 - https:\/\/yoast.com\/wordpress\/plugins\/seo\/ -->\n<title>Obermaterial f\u00fcr Stra\u00dfenschuhe - Footwear<\/title>\n<meta name=\"robots\" content=\"index, follow, max-snippet:-1, max-image-preview:large, max-video-preview:-1\" \/>\n<link rel=\"canonical\" href=\"https:\/\/footwear.trocellen.com\/de\/anwendungen\/obermaterial\/obermaterial-fuer-strassenschuhe\/\" \/>\n<script type=\"application\/ld+json\" class=\"yoast-schema-graph\">{\"@context\":\"https:\/\/schema.org\",\"@graph\":[{\"@type\":\"WebPage\",\"@id\":\"https:\/\/footwear.trocellen.com\/de\/anwendungen\/obermaterial\/obermaterial-fuer-strassenschuhe\/\",\"url\":\"https:\/\/footwear.trocellen.com\/de\/anwendungen\/obermaterial\/obermaterial-fuer-strassenschuhe\/\",\"name\":\"Obermaterial f\u00fcr Stra\u00dfenschuhe - Footwear\",\"isPartOf\":{\"@id\":\"https:\/\/footwear.trocellen.com\/#website\"},\"primaryImageOfPage\":{\"@id\":\"https:\/\/footwear.trocellen.com\/de\/anwendungen\/obermaterial\/obermaterial-fuer-strassenschuhe\/#primaryimage\"},\"image\":{\"@id\":\"https:\/\/footwear.trocellen.com\/de\/anwendungen\/obermaterial\/obermaterial-fuer-strassenschuhe\/#primaryimage\"},\"thumbnailUrl\":\"https:\/\/footwear.trocellen.com\/wp-content\/uploads\/sites\/7\/2013\/12\/footwear_outdoor_upper_001-300x294.png\",\"datePublished\":\"2013-12-08T20:39:17+00:00\",\"dateModified\":\"2013-12-08T20:39:17+00:00\",\"breadcrumb\":{\"@id\":\"https:\/\/footwear.trocellen.com\/de\/anwendungen\/obermaterial\/obermaterial-fuer-strassenschuhe\/#breadcrumb\"},\"inLanguage\":\"de\",\"potentialAction\":[{\"@type\":\"ReadAction\",\"target\":[\"https:\/\/footwear.trocellen.com\/de\/anwendungen\/obermaterial\/obermaterial-fuer-strassenschuhe\/\"]}]},{\"@type\":\"ImageObject\",\"inLanguage\":\"de\",\"@id\":\"https:\/\/footwear.trocellen.com\/de\/anwendungen\/obermaterial\/obermaterial-fuer-strassenschuhe\/#primaryimage\",\"url\":\"https:\/\/footwear.trocellen.com\/wp-content\/uploads\/sites\/7\/2013\/12\/footwear_outdoor_upper_001-300x294.png\",\"contentUrl\":\"https:\/\/footwear.trocellen.com\/wp-content\/uploads\/sites\/7\/2013\/12\/footwear_outdoor_upper_001-300x294.png\"},{\"@type\":\"BreadcrumbList\",\"@id\":\"https:\/\/footwear.trocellen.com\/de\/anwendungen\/obermaterial\/obermaterial-fuer-strassenschuhe\/#breadcrumb\",\"itemListElement\":[{\"@type\":\"ListItem\",\"position\":1,\"name\":\"Home\",\"item\":\"https:\/\/footwear.trocellen.com\/de\/\"},{\"@type\":\"ListItem\",\"position\":2,\"name\":\"Anwendungen\",\"item\":\"https:\/\/footwear.trocellen.com\/de\/anwendungen\/\"},{\"@type\":\"ListItem\",\"position\":3,\"name\":\"Obermaterial\",\"item\":\"https:\/\/footwear.trocellen.com\/de\/anwendungen\/obermaterial\/\"},{\"@type\":\"ListItem\",\"position\":4,\"name\":\"Obermaterial f\u00fcr Stra\u00dfenschuhe\"}]},{\"@type\":\"WebSite\",\"@id\":\"https:\/\/footwear.trocellen.com\/#website\",\"url\":\"https:\/\/footwear.trocellen.com\/\",\"name\":\"Footwear\",\"description\":\"\",\"potentialAction\":[{\"@type\":\"SearchAction\",\"target\":{\"@type\":\"EntryPoint\",\"urlTemplate\":\"https:\/\/footwear.trocellen.com\/?s={search_term_string}\"},\"query-input\":{\"@type\":\"PropertyValueSpecification\",\"valueRequired\":true,\"valueName\":\"search_term_string\"}}],\"inLanguage\":\"de\"}]}<\/script>\n<!-- \/ Yoast SEO plugin. -->","yoast_head_json":{"title":"Obermaterial f\u00fcr Stra\u00dfenschuhe - Footwear","robots":{"index":"index","follow":"follow","max-snippet":"max-snippet:-1","max-image-preview":"max-image-preview:large","max-video-preview":"max-video-preview:-1"},"canonical":"https:\/\/footwear.trocellen.com\/de\/anwendungen\/obermaterial\/obermaterial-fuer-strassenschuhe\/","schema":{"@context":"https:\/\/schema.org","@graph":[{"@type":"WebPage","@id":"https:\/\/footwear.trocellen.com\/de\/anwendungen\/obermaterial\/obermaterial-fuer-strassenschuhe\/","url":"https:\/\/footwear.trocellen.com\/de\/anwendungen\/obermaterial\/obermaterial-fuer-strassenschuhe\/","name":"Obermaterial f\u00fcr Stra\u00dfenschuhe - Footwear","isPartOf":{"@id":"https:\/\/footwear.trocellen.com\/#website"},"primaryImageOfPage":{"@id":"https:\/\/footwear.trocellen.com\/de\/anwendungen\/obermaterial\/obermaterial-fuer-strassenschuhe\/#primaryimage"},"image":{"@id":"https:\/\/footwear.trocellen.com\/de\/anwendungen\/obermaterial\/obermaterial-fuer-strassenschuhe\/#primaryimage"},"thumbnailUrl":"https:\/\/footwear.trocellen.com\/wp-content\/uploads\/sites\/7\/2013\/12\/footwear_outdoor_upper_001-300x294.png","datePublished":"2013-12-08T20:39:17+00:00","dateModified":"2013-12-08T20:39:17+00:00","breadcrumb":{"@id":"https:\/\/footwear.trocellen.com\/de\/anwendungen\/obermaterial\/obermaterial-fuer-strassenschuhe\/#breadcrumb"},"inLanguage":"de","potentialAction":[{"@type":"ReadAction","target":["https:\/\/footwear.trocellen.com\/de\/anwendungen\/obermaterial\/obermaterial-fuer-strassenschuhe\/"]}]},{"@type":"ImageObject","inLanguage":"de","@id":"https:\/\/footwear.trocellen.com\/de\/anwendungen\/obermaterial\/obermaterial-fuer-strassenschuhe\/#primaryimage","url":"https:\/\/footwear.trocellen.com\/wp-content\/uploads\/sites\/7\/2013\/12\/footwear_outdoor_upper_001-300x294.png","contentUrl":"https:\/\/footwear.trocellen.com\/wp-content\/uploads\/sites\/7\/2013\/12\/footwear_outdoor_upper_001-300x294.png"},{"@type":"BreadcrumbList","@id":"https:\/\/footwear.trocellen.com\/de\/anwendungen\/obermaterial\/obermaterial-fuer-strassenschuhe\/#breadcrumb","itemListElement":[{"@type":"ListItem","position":1,"name":"Home","item":"https:\/\/footwear.trocellen.com\/de\/"},{"@type":"ListItem","position":2,"name":"Anwendungen","item":"https:\/\/footwear.trocellen.com\/de\/anwendungen\/"},{"@type":"ListItem","position":3,"name":"Obermaterial","item":"https:\/\/footwear.trocellen.com\/de\/anwendungen\/obermaterial\/"},{"@type":"ListItem","position":4,"name":"Obermaterial f\u00fcr Stra\u00dfenschuhe"}]},{"@type":"WebSite","@id":"https:\/\/footwear.trocellen.com\/#website","url":"https:\/\/footwear.trocellen.com\/","name":"Footwear","description":"","potentialAction":[{"@type":"SearchAction","target":{"@type":"EntryPoint","urlTemplate":"https:\/\/footwear.trocellen.com\/?s={search_term_string}"},"query-input":{"@type":"PropertyValueSpecification","valueRequired":true,"valueName":"search_term_string"}}],"inLanguage":"de"}]}},"_links":{"self":[{"href":"https:\/\/footwear.trocellen.com\/de\/wp-json\/wp\/v2\/pages\/781","targetHints":{"allow":["GET"]}}],"collection":[{"href":"https:\/\/footwear.trocellen.com\/de\/wp-json\/wp\/v2\/pages"}],"about":[{"href":"https:\/\/footwear.trocellen.com\/de\/wp-json\/wp\/v2\/types\/page"}],"author":[{"embeddable":true,"href":"https:\/\/footwear.trocellen.com\/de\/wp-json\/wp\/v2\/users\/6"}],"replies":[{"embeddable":true,"href":"https:\/\/footwear.trocellen.com\/de\/wp-json\/wp\/v2\/comments?post=781"}],"version-history":[{"count":0,"href":"https:\/\/footwear.trocellen.com\/de\/wp-json\/wp\/v2\/pages\/781\/revisions"}],"up":[{"embeddable":true,"href":"https:\/\/footwear.trocellen.com\/de\/wp-json\/wp\/v2\/pages\/733"}],"wp:attachment":[{"href":"https:\/\/footwear.trocellen.com\/de\/wp-json\/wp\/v2\/media?parent=781"}],"curies":[{"name":"wp","href":"https:\/\/api.w.org\/{rel}","templated":true}]}}