{"id":799,"date":"2013-12-08T20:56:36","date_gmt":"2013-12-08T20:56:36","guid":{"rendered":"https:\/\/footwear.usernet.hu\/bekleidungspolster\/"},"modified":"2013-12-08T20:56:36","modified_gmt":"2013-12-08T20:56:36","slug":"bekleidungspolster","status":"publish","type":"page","link":"https:\/\/footwear.trocellen.com\/de\/anwendungen\/polster-und-schutz\/bekleidungspolster\/","title":{"rendered":"Bekleidungspolster"},"content":{"rendered":"<p>Trocellen bietet nicht nur vielf\u00e4ltige Schaumstoffe an, sondern entwickelt auch L\u00f6sungen f\u00fcr unterschiedlichste Anwendungsbereiche. Schaumstoffpolstereinlagen f\u00fcr Motorradhosen sind bequem und sch\u00fctzen den Tr\u00e4ger. Auch die Bekleidungsindustrie profitiert von den vielen Vorteilen, die Schaumstoffpolsterung mit sich bringt.<\/p>\n<h2>Material und Ma\u00dfe<\/h2>\n<p><img loading=\"lazy\" decoding=\"async\" class=\"alignright size-medium wp-image-517\" src=\"https:\/\/footwear.trocellen.com\/wp-content\/uploads\/sites\/7\/2013\/12\/footwear_clothing_paddings_001-300x169.png\" alt=\"\" width=\"300\" height=\"169\" srcset=\"https:\/\/footwear.trocellen.com\/wp-content\/uploads\/sites\/7\/2013\/12\/footwear_clothing_paddings_001-300x169.png 300w, https:\/\/footwear.trocellen.com\/wp-content\/uploads\/sites\/7\/2013\/12\/footwear_clothing_paddings_001-768x432.png 768w, https:\/\/footwear.trocellen.com\/wp-content\/uploads\/sites\/7\/2013\/12\/footwear_clothing_paddings_001-1024x576.png 1024w\" sizes=\"auto, (max-width: 300px) 100vw, 300px\" \/><\/p>\n<ul>\n<li>Polyurethanschaumstoff<\/li>\n<li>Aufkaschiert mit elastischem Gewebe<\/li>\n<li>Dichte 95 kg\/m\u00b3 (weich)<\/li>\n<li>8 \u2013 10 mm Dicke<\/li>\n<\/ul>\n<h2>Eigenschaften<\/h2>\n<ul>\n<li>Bequem<\/li>\n<li>Atmungsaktiv<\/li>\n<li>Pr\u00e4zise Thermoformbarkeit<\/li>\n<\/ul>\n","protected":false},"excerpt":{"rendered":"<p>Trocellen bietet nicht nur vielf\u00e4ltige Schaumstoffe an, sondern entwickelt auch L\u00f6sungen f\u00fcr unterschiedlichste Anwendungsbereiche. Schaumstoffpolstereinlagen f\u00fcr Motorradhosen sind bequem und sch\u00fctzen den Tr\u00e4ger. Auch die Bekleidungsindustrie profitiert von den vielen Vorteilen, die Schaumstoffpolsterung mit sich bringt. Material und Ma\u00dfe Polyurethanschaumstoff Aufkaschiert mit elastischem Gewebe Dichte 95 kg\/m\u00b3 (weich) 8 \u2013 10 mm Dicke Eigenschaften Bequem [&hellip;]<\/p>\n","protected":false},"author":6,"featured_media":0,"parent":739,"menu_order":0,"comment_status":"open","ping_status":"open","template":"","meta":{"_acf_changed":false,"footnotes":""},"class_list":["post-799","page","type-page","status-publish","hentry"],"acf":[],"yoast_head":"<!-- This site is optimized with the Yoast SEO plugin v23.5 - https:\/\/yoast.com\/wordpress\/plugins\/seo\/ -->\n<title>Bekleidungspolster - Footwear<\/title>\n<meta name=\"robots\" content=\"index, follow, max-snippet:-1, max-image-preview:large, max-video-preview:-1\" \/>\n<link rel=\"canonical\" href=\"https:\/\/footwear.trocellen.com\/de\/anwendungen\/polster-und-schutz\/bekleidungspolster\/\" \/>\n<script type=\"application\/ld+json\" class=\"yoast-schema-graph\">{\"@context\":\"https:\/\/schema.org\",\"@graph\":[{\"@type\":\"WebPage\",\"@id\":\"https:\/\/footwear.trocellen.com\/de\/anwendungen\/polster-und-schutz\/bekleidungspolster\/\",\"url\":\"https:\/\/footwear.trocellen.com\/de\/anwendungen\/polster-und-schutz\/bekleidungspolster\/\",\"name\":\"Bekleidungspolster - Footwear\",\"isPartOf\":{\"@id\":\"https:\/\/footwear.trocellen.com\/#website\"},\"primaryImageOfPage\":{\"@id\":\"https:\/\/footwear.trocellen.com\/de\/anwendungen\/polster-und-schutz\/bekleidungspolster\/#primaryimage\"},\"image\":{\"@id\":\"https:\/\/footwear.trocellen.com\/de\/anwendungen\/polster-und-schutz\/bekleidungspolster\/#primaryimage\"},\"thumbnailUrl\":\"https:\/\/footwear.trocellen.com\/wp-content\/uploads\/sites\/7\/2013\/12\/footwear_clothing_paddings_001-300x169.png\",\"datePublished\":\"2013-12-08T20:56:36+00:00\",\"dateModified\":\"2013-12-08T20:56:36+00:00\",\"breadcrumb\":{\"@id\":\"https:\/\/footwear.trocellen.com\/de\/anwendungen\/polster-und-schutz\/bekleidungspolster\/#breadcrumb\"},\"inLanguage\":\"de\",\"potentialAction\":[{\"@type\":\"ReadAction\",\"target\":[\"https:\/\/footwear.trocellen.com\/de\/anwendungen\/polster-und-schutz\/bekleidungspolster\/\"]}]},{\"@type\":\"ImageObject\",\"inLanguage\":\"de\",\"@id\":\"https:\/\/footwear.trocellen.com\/de\/anwendungen\/polster-und-schutz\/bekleidungspolster\/#primaryimage\",\"url\":\"https:\/\/footwear.trocellen.com\/wp-content\/uploads\/sites\/7\/2013\/12\/footwear_clothing_paddings_001-300x169.png\",\"contentUrl\":\"https:\/\/footwear.trocellen.com\/wp-content\/uploads\/sites\/7\/2013\/12\/footwear_clothing_paddings_001-300x169.png\"},{\"@type\":\"BreadcrumbList\",\"@id\":\"https:\/\/footwear.trocellen.com\/de\/anwendungen\/polster-und-schutz\/bekleidungspolster\/#breadcrumb\",\"itemListElement\":[{\"@type\":\"ListItem\",\"position\":1,\"name\":\"Home\",\"item\":\"https:\/\/footwear.trocellen.com\/de\/\"},{\"@type\":\"ListItem\",\"position\":2,\"name\":\"Anwendungen\",\"item\":\"https:\/\/footwear.trocellen.com\/de\/anwendungen\/\"},{\"@type\":\"ListItem\",\"position\":3,\"name\":\"Polster und Schutz\",\"item\":\"https:\/\/footwear.trocellen.com\/de\/anwendungen\/polster-und-schutz\/\"},{\"@type\":\"ListItem\",\"position\":4,\"name\":\"Bekleidungspolster\"}]},{\"@type\":\"WebSite\",\"@id\":\"https:\/\/footwear.trocellen.com\/#website\",\"url\":\"https:\/\/footwear.trocellen.com\/\",\"name\":\"Footwear\",\"description\":\"\",\"potentialAction\":[{\"@type\":\"SearchAction\",\"target\":{\"@type\":\"EntryPoint\",\"urlTemplate\":\"https:\/\/footwear.trocellen.com\/?s={search_term_string}\"},\"query-input\":{\"@type\":\"PropertyValueSpecification\",\"valueRequired\":true,\"valueName\":\"search_term_string\"}}],\"inLanguage\":\"de\"}]}<\/script>\n<!-- \/ Yoast SEO plugin. -->","yoast_head_json":{"title":"Bekleidungspolster - Footwear","robots":{"index":"index","follow":"follow","max-snippet":"max-snippet:-1","max-image-preview":"max-image-preview:large","max-video-preview":"max-video-preview:-1"},"canonical":"https:\/\/footwear.trocellen.com\/de\/anwendungen\/polster-und-schutz\/bekleidungspolster\/","schema":{"@context":"https:\/\/schema.org","@graph":[{"@type":"WebPage","@id":"https:\/\/footwear.trocellen.com\/de\/anwendungen\/polster-und-schutz\/bekleidungspolster\/","url":"https:\/\/footwear.trocellen.com\/de\/anwendungen\/polster-und-schutz\/bekleidungspolster\/","name":"Bekleidungspolster - Footwear","isPartOf":{"@id":"https:\/\/footwear.trocellen.com\/#website"},"primaryImageOfPage":{"@id":"https:\/\/footwear.trocellen.com\/de\/anwendungen\/polster-und-schutz\/bekleidungspolster\/#primaryimage"},"image":{"@id":"https:\/\/footwear.trocellen.com\/de\/anwendungen\/polster-und-schutz\/bekleidungspolster\/#primaryimage"},"thumbnailUrl":"https:\/\/footwear.trocellen.com\/wp-content\/uploads\/sites\/7\/2013\/12\/footwear_clothing_paddings_001-300x169.png","datePublished":"2013-12-08T20:56:36+00:00","dateModified":"2013-12-08T20:56:36+00:00","breadcrumb":{"@id":"https:\/\/footwear.trocellen.com\/de\/anwendungen\/polster-und-schutz\/bekleidungspolster\/#breadcrumb"},"inLanguage":"de","potentialAction":[{"@type":"ReadAction","target":["https:\/\/footwear.trocellen.com\/de\/anwendungen\/polster-und-schutz\/bekleidungspolster\/"]}]},{"@type":"ImageObject","inLanguage":"de","@id":"https:\/\/footwear.trocellen.com\/de\/anwendungen\/polster-und-schutz\/bekleidungspolster\/#primaryimage","url":"https:\/\/footwear.trocellen.com\/wp-content\/uploads\/sites\/7\/2013\/12\/footwear_clothing_paddings_001-300x169.png","contentUrl":"https:\/\/footwear.trocellen.com\/wp-content\/uploads\/sites\/7\/2013\/12\/footwear_clothing_paddings_001-300x169.png"},{"@type":"BreadcrumbList","@id":"https:\/\/footwear.trocellen.com\/de\/anwendungen\/polster-und-schutz\/bekleidungspolster\/#breadcrumb","itemListElement":[{"@type":"ListItem","position":1,"name":"Home","item":"https:\/\/footwear.trocellen.com\/de\/"},{"@type":"ListItem","position":2,"name":"Anwendungen","item":"https:\/\/footwear.trocellen.com\/de\/anwendungen\/"},{"@type":"ListItem","position":3,"name":"Polster und Schutz","item":"https:\/\/footwear.trocellen.com\/de\/anwendungen\/polster-und-schutz\/"},{"@type":"ListItem","position":4,"name":"Bekleidungspolster"}]},{"@type":"WebSite","@id":"https:\/\/footwear.trocellen.com\/#website","url":"https:\/\/footwear.trocellen.com\/","name":"Footwear","description":"","potentialAction":[{"@type":"SearchAction","target":{"@type":"EntryPoint","urlTemplate":"https:\/\/footwear.trocellen.com\/?s={search_term_string}"},"query-input":{"@type":"PropertyValueSpecification","valueRequired":true,"valueName":"search_term_string"}}],"inLanguage":"de"}]}},"_links":{"self":[{"href":"https:\/\/footwear.trocellen.com\/de\/wp-json\/wp\/v2\/pages\/799","targetHints":{"allow":["GET"]}}],"collection":[{"href":"https:\/\/footwear.trocellen.com\/de\/wp-json\/wp\/v2\/pages"}],"about":[{"href":"https:\/\/footwear.trocellen.com\/de\/wp-json\/wp\/v2\/types\/page"}],"author":[{"embeddable":true,"href":"https:\/\/footwear.trocellen.com\/de\/wp-json\/wp\/v2\/users\/6"}],"replies":[{"embeddable":true,"href":"https:\/\/footwear.trocellen.com\/de\/wp-json\/wp\/v2\/comments?post=799"}],"version-history":[{"count":0,"href":"https:\/\/footwear.trocellen.com\/de\/wp-json\/wp\/v2\/pages\/799\/revisions"}],"up":[{"embeddable":true,"href":"https:\/\/footwear.trocellen.com\/de\/wp-json\/wp\/v2\/pages\/739"}],"wp:attachment":[{"href":"https:\/\/footwear.trocellen.com\/de\/wp-json\/wp\/v2\/media?parent=799"}],"curies":[{"name":"wp","href":"https:\/\/api.w.org\/{rel}","templated":true}]}}