{"id":811,"date":"2013-12-08T21:16:04","date_gmt":"2013-12-08T21:16:04","guid":{"rendered":"https:\/\/footwear.usernet.hu\/polstereinlagen\/"},"modified":"2013-12-08T21:16:04","modified_gmt":"2013-12-08T21:16:04","slug":"polstereinlagen","status":"publish","type":"page","link":"https:\/\/footwear.trocellen.com\/de\/anwendungen\/polster-und-schutz\/polstereinlagen\/","title":{"rendered":"Polstereinlagen"},"content":{"rendered":"<h2>Polstereinlagen f\u00fcr Feuerwehrstiefel<\/h2>\n<p>Unsere Schaumstoffe k\u00f6nnen in verschiedenen Teilen des Schuhs eingesetzt werden, in diesem Falle sch\u00fctzen sie als F\u00fcllmaterial die Polsterung den Kn\u00f6chel.<\/p>\n<h3>Material und Ma\u00dfe<\/h3>\n<ul>\n<li>Polyethylenschaumstoff<\/li>\n<li>Mit druckempfindlichem oder Thermoklebstoff beschichtet<\/li>\n<li>Dichte 70 kg\/m\u00b3 (weich)<\/li>\n<li>5 \u2013 10 mm Dicke<\/li>\n<\/ul>\n<h3>Eigenschaften<\/h3>\n<ul>\n<li>Leicht<\/li>\n<li>Bequem<\/li>\n<li>Einheitlich<\/li>\n<li>Pr\u00e4zise Thermoformbarkeit<\/li>\n<li>PVC- und VOC-frei<\/li>\n<li>H\u00f6here Nutzungswert bei der adh\u00e4siven Ausf\u00fchrung<\/li>\n<\/ul>\n<h3>Material und Ma\u00dfe<\/h3>\n<ul>\n<li>Polyethylenschaumstoff<\/li>\n<li>Einfach oder mit druckempfindlichem Klebstoff beschichtet<\/li>\n<li>Dichte 30 \u2013 55 kg\/m\u00b3 (weich)<\/li>\n<li>2 \u2013 20 mm Dicke<\/li>\n<\/ul>\n<h3>Eigenschaften<\/h3>\n<ul>\n<li>Bequem<\/li>\n<li>Leicht<\/li>\n<li>H\u00f6here Nutzungswert bei der adh\u00e4siven Ausf\u00fchrung<\/li>\n<li>PVC- und VOC-frei<\/li>\n<li>Perforierte Ausf\u00fchrung atmungsaktiv<\/li>\n<\/ul>\n<h2>Polstereinlagen f\u00fcr das Fu\u00dfgew\u00f6lbe<\/h2>\n<p>Unsere Schaumstoffe k\u00f6nnen in verschiedenen Teilen des Schuhs eingesetzt werden. In diesem Fall sch\u00fctzen sie als F\u00fcllmaterial zur Polsterung den Kn\u00f6chel.<\/p>\n<h3>Material und Ma\u00dfe<\/h3>\n<ul>\n<li>Polyethylenschaumstoff<\/li>\n<li>Mit druckempfindlichem oder Thermoklebstoff beschichtet<\/li>\n<li>Stauchhaerte 70 kg\/m\u00b3 weich<\/li>\n<li>5 &#8211; 10 mm Dicke<\/li>\n<\/ul>\n<h3>Eigenschaften<\/h3>\n<ul>\n<li>Bequem<\/li>\n<li>Leicht<\/li>\n<li>H\u00f6here Produktivit\u00e4t der adh\u00e4siven Ausf\u00fchrung<\/li>\n<li>PVC- und VOC-frei<\/li>\n<li>Pr\u00e4zise Thermoformbarkeit<\/li>\n<\/ul>\n<h2>Thermogeformte Kn\u00f6chelpolsterung<\/h2>\n<p>Unsere Schaumstoffe k\u00f6nnen in verschiedenen Teilen des Schuhs eingesetzt werden, in diesem Falle sch\u00fctzen sie als F\u00fcllmaterial die Polsterung den Kn\u00f6chel.<\/p>\n<h3>Material und Ma\u00dfe<\/h3>\n<ul>\n<li>Polyethylenschaumstoff<\/li>\n<li>Einfach oder mit druckempfindlichem Klebstoff beschichtet<\/li>\n<li>Dichte 70 kg\/m\u00b3\u00a0(weich)<\/li>\n<li>5 &#8211; 10 mm Dicke<\/li>\n<\/ul>\n<h3>Eigenschaften<\/h3>\n<ul>\n<li>Bequem<\/li>\n<li>Leicht<\/li>\n<li>Einheitlich<\/li>\n<li>H\u00f6here Nutzungswert bei der adh\u00e4siven Ausf\u00fchrung<\/li>\n<li>PVC- und VOC-frei<\/li>\n<li>Pr\u00e4zise Thermoformbarkeit<\/li>\n<\/ul>\n<h2>Polstereinlagen f\u00fcr Schaft und Kn\u00f6chelbereich<\/h2>\n<p>Unsere Schaumstoffe k\u00f6nnen in verschiedenen Teilen des Schuhs eingesetzt werden, in diesem Falle sch\u00fctzen sie als F\u00fcllmaterial die Polsterung den Kn\u00f6chel.<\/p>\n<h3>Material und Ma\u00dfe<\/h3>\n<ul>\n<li>Polyethylenschaumstoff<\/li>\n<li>Einfach, perforiert oder mit druckempfindlichem Klebstoff beschichtet<\/li>\n<li>Dichte 30 \u2013 55 kg\/m\u00b3\u00a0(weich)<\/li>\n<li>2 \u2013 20 mm Dicke<\/li>\n<\/ul>\n<h3>Eigenschaften<\/h3>\n<ul>\n<li>Bequem<\/li>\n<li>Leicht<\/li>\n<li>Perforierte Ausf\u00fchrung, atmungsaktiv<\/li>\n<li>PVC- und VOC-frei<\/li>\n<li>H\u00f6here Nutzungswert bei der adh\u00e4siven Ausf\u00fchrung<\/li>\n<\/ul>\n<h3>Material und Ma\u00dfe<\/h3>\n<ul>\n<li>Polyurethan- und Polyetherschaumstoffe<\/li>\n<li>Dichte 20 \u2013 60 kg\/m\u00b3<\/li>\n<li>2 \u2013 20 mm Dicke<\/li>\n<li>Ethylenvinylacetat-Schaumstoff<\/li>\n<li>Dichte 35 \u2013 55 kg\/m\u00b3<\/li>\n<li>Ethylen-Propylen-Dien-Kautschuk-Schaumstoffe<\/li>\n<li>Dichte 70 \u2013 100 kg\/m\u00b3<\/li>\n<li>2 \u2013 15 mm Dicke<\/li>\n<li>Einfach, perforiert oder mit druckempfindlichem Klebstoff beschichtet<\/li>\n<\/ul>\n<h3>Eigenschaften<\/h3>\n<ul>\n<li>Bequem<\/li>\n<li>Leicht<\/li>\n<li>Atmungsaktiv<\/li>\n<li>Langanhaltende elastische Eigenschaften<\/li>\n<li>Einfache Nutzung<\/li>\n<li>PVC- und VOC-frei<\/li>\n<\/ul>\n<h2>Schuhzungenpolsterung<\/h2>\n<p>Unsere Schaumstoffe k\u00f6nnen in verschiedenen Teilen des Schuhs eingesetzt werden, in diesem Falle sch\u00fctzen sie als F\u00fcllmaterial die Polsterung den Kn\u00f6chel.<\/p>\n<h3>Material und Ma\u00dfe<\/h3>\n<ul>\n<li>Polyethylenschaumstoff<\/li>\n<li>Einfach, perforiert oder mit druckempfindlichem Klebstoff beschichtet<\/li>\n<li>Dichte 30 \u2013 55 kg\/m\u00b3 (weich)<\/li>\n<li>2 \u2013 20 mm Dicke<\/li>\n<\/ul>\n<h3>Eigenschaften<\/h3>\n<ul>\n<li>Bequem<\/li>\n<li>Leicht<\/li>\n<li>Perforierte Ausf\u00fchrung, atmungsaktiv<\/li>\n<li>H\u00f6here Nutzungswert bei der adh\u00e4siven Ausf\u00fchrung<\/li>\n<li>PVC- und VOC-frei<\/li>\n<\/ul>\n<h3>Material und Ma\u00dfe<\/h3>\n<ul>\n<li>Polyurethan- und Polyetherschaumstoffe\n<ul>\n<li>Dichte 20 \u2013 60 kg\/m\u00b3<\/li>\n<li>2 &#8211; 20 mm Dicke<\/li>\n<\/ul>\n<\/li>\n<li>Ethylenvinylacetat-Schaumstoff\n<ul>\n<li>Dichte 35 \u2013 55 kg\/m\u00b3<\/li>\n<\/ul>\n<\/li>\n<li>Ethylen-Propylen-Dien-Kautschuk-Schaumstoffe\n<ul>\n<li>Dichte 70 \u2013 100 kg\/m\u00b3<\/li>\n<li>2 &#8211; 15 mm Dicke<\/li>\n<li>Einfach, perforiert oder mit druckempfindlichem Klebstoff beschichtet<\/li>\n<\/ul>\n<\/li>\n<\/ul>\n<h3>Eigenschaften<\/h3>\n<ul>\n<li>Bequem<\/li>\n<li>Leicht<\/li>\n<li>Atmungsaktiv<\/li>\n<li>Langanhaltende elastische Eigenschaften<\/li>\n<li>Einfache Nutzung<\/li>\n<li>PVC- und VOC-frei<\/li>\n<\/ul>\n<h2>Polsterung f\u00fcr Schlittschuhe<\/h2>\n<p>Unsere Schaumstoffe k\u00f6nnen in verschiedenen Teilen des Schuhs eingesetzt werden, in diesem Falle sch\u00fctzen sie als F\u00fcllmaterial die Polsterung den Kn\u00f6chel.<\/p>\n<h3>Material und Ma\u00dfe<\/h3>\n<ul>\n<li>Polyethylenschaumstoff<\/li>\n<li>Einfach, perforiert oder mit druckempfindlichem Klebstoff beschichtet<\/li>\n<li>Dichte 30 \u2013 55 kg\/m\u00b3 (weich)<\/li>\n<li>2 &#8211; 20 mm Dicke<\/li>\n<\/ul>\n<h3>Eigenschaften<\/h3>\n<ul>\n<li>Bequem<\/li>\n<li>Leicht<\/li>\n<li>Perforierte Ausf\u00fchrung, atmungsaktiv<\/li>\n<li>H\u00f6here Nutzungswert bei der adh\u00e4siven Ausf\u00fchrung<\/li>\n<li>PVC- und VOC-frei<\/li>\n<\/ul>\n<h3>Material und Ma\u00dfe<\/h3>\n<ul>\n<li>Polyurethan- und Polyestherschaumstoffe\n<ul>\n<li>Dichte\u00a020 \u2013 60 kg\/m\u00b3<\/li>\n<li>2 &#8211; 20 mm Dicke<\/li>\n<\/ul>\n<\/li>\n<li>Ethylenvinylacetat-Schaumstoff\n<ul>\n<li>Bereich\u00a035 \u2013 55 kg\/m\u00b3<\/li>\n<\/ul>\n<\/li>\n<li>Ethylen-Propylen-Dien-Kautschuk-Schaumstoffe\n<ul>\n<li>Bereich\u00a070 &#8211; 100 kg\/m\u00b3<\/li>\n<li>2 &#8211; 15 mm Dicke<\/li>\n<li>Einfach, perforiert oder mit druckempfindlichem Klebstoff beschichtet<\/li>\n<\/ul>\n<\/li>\n<\/ul>\n<h3>Eigenschaften<\/h3>\n<ul>\n<li>Bequem<\/li>\n<li>Leicht<\/li>\n<li>Atmungsaktiv<\/li>\n<li>Langanhaltende elastische Eigenschaften<\/li>\n<li>Einfache Nutzung<\/li>\n<li>PVC- und VOC-frei<\/li>\n<\/ul>\n","protected":false},"excerpt":{"rendered":"<p>Polstereinlagen f\u00fcr Feuerwehrstiefel Unsere Schaumstoffe k\u00f6nnen in verschiedenen Teilen des Schuhs eingesetzt werden, in diesem Falle sch\u00fctzen sie als F\u00fcllmaterial die Polsterung den Kn\u00f6chel. Material und Ma\u00dfe Polyethylenschaumstoff Mit druckempfindlichem oder Thermoklebstoff beschichtet Dichte 70 kg\/m\u00b3 (weich) 5 \u2013 10 mm Dicke Eigenschaften Leicht Bequem Einheitlich Pr\u00e4zise Thermoformbarkeit PVC- und VOC-frei H\u00f6here Nutzungswert bei der [&hellip;]<\/p>\n","protected":false},"author":6,"featured_media":0,"parent":739,"menu_order":0,"comment_status":"open","ping_status":"open","template":"","meta":{"_acf_changed":false,"footnotes":""},"class_list":["post-811","page","type-page","status-publish","hentry"],"acf":[],"yoast_head":"<!-- This site is optimized with the Yoast SEO plugin v23.5 - https:\/\/yoast.com\/wordpress\/plugins\/seo\/ -->\n<title>Polstereinlagen - Footwear<\/title>\n<meta name=\"robots\" content=\"index, follow, max-snippet:-1, max-image-preview:large, max-video-preview:-1\" \/>\n<link rel=\"canonical\" href=\"https:\/\/footwear.trocellen.com\/de\/anwendungen\/polster-und-schutz\/polstereinlagen\/\" \/>\n<meta name=\"twitter:label1\" content=\"Gesch\u00e4tzte Lesezeit\" \/>\n\t<meta name=\"twitter:data1\" content=\"3\u00a0Minuten\" \/>\n<script type=\"application\/ld+json\" class=\"yoast-schema-graph\">{\"@context\":\"https:\/\/schema.org\",\"@graph\":[{\"@type\":\"WebPage\",\"@id\":\"https:\/\/footwear.trocellen.com\/de\/anwendungen\/polster-und-schutz\/polstereinlagen\/\",\"url\":\"https:\/\/footwear.trocellen.com\/de\/anwendungen\/polster-und-schutz\/polstereinlagen\/\",\"name\":\"Polstereinlagen - Footwear\",\"isPartOf\":{\"@id\":\"https:\/\/footwear.trocellen.com\/#website\"},\"datePublished\":\"2013-12-08T21:16:04+00:00\",\"dateModified\":\"2013-12-08T21:16:04+00:00\",\"breadcrumb\":{\"@id\":\"https:\/\/footwear.trocellen.com\/de\/anwendungen\/polster-und-schutz\/polstereinlagen\/#breadcrumb\"},\"inLanguage\":\"de\",\"potentialAction\":[{\"@type\":\"ReadAction\",\"target\":[\"https:\/\/footwear.trocellen.com\/de\/anwendungen\/polster-und-schutz\/polstereinlagen\/\"]}]},{\"@type\":\"BreadcrumbList\",\"@id\":\"https:\/\/footwear.trocellen.com\/de\/anwendungen\/polster-und-schutz\/polstereinlagen\/#breadcrumb\",\"itemListElement\":[{\"@type\":\"ListItem\",\"position\":1,\"name\":\"Home\",\"item\":\"https:\/\/footwear.trocellen.com\/de\/\"},{\"@type\":\"ListItem\",\"position\":2,\"name\":\"Anwendungen\",\"item\":\"https:\/\/footwear.trocellen.com\/de\/anwendungen\/\"},{\"@type\":\"ListItem\",\"position\":3,\"name\":\"Polster und Schutz\",\"item\":\"https:\/\/footwear.trocellen.com\/de\/anwendungen\/polster-und-schutz\/\"},{\"@type\":\"ListItem\",\"position\":4,\"name\":\"Polstereinlagen\"}]},{\"@type\":\"WebSite\",\"@id\":\"https:\/\/footwear.trocellen.com\/#website\",\"url\":\"https:\/\/footwear.trocellen.com\/\",\"name\":\"Footwear\",\"description\":\"\",\"potentialAction\":[{\"@type\":\"SearchAction\",\"target\":{\"@type\":\"EntryPoint\",\"urlTemplate\":\"https:\/\/footwear.trocellen.com\/?s={search_term_string}\"},\"query-input\":{\"@type\":\"PropertyValueSpecification\",\"valueRequired\":true,\"valueName\":\"search_term_string\"}}],\"inLanguage\":\"de\"}]}<\/script>\n<!-- \/ Yoast SEO plugin. -->","yoast_head_json":{"title":"Polstereinlagen - Footwear","robots":{"index":"index","follow":"follow","max-snippet":"max-snippet:-1","max-image-preview":"max-image-preview:large","max-video-preview":"max-video-preview:-1"},"canonical":"https:\/\/footwear.trocellen.com\/de\/anwendungen\/polster-und-schutz\/polstereinlagen\/","twitter_misc":{"Gesch\u00e4tzte Lesezeit":"3\u00a0Minuten"},"schema":{"@context":"https:\/\/schema.org","@graph":[{"@type":"WebPage","@id":"https:\/\/footwear.trocellen.com\/de\/anwendungen\/polster-und-schutz\/polstereinlagen\/","url":"https:\/\/footwear.trocellen.com\/de\/anwendungen\/polster-und-schutz\/polstereinlagen\/","name":"Polstereinlagen - Footwear","isPartOf":{"@id":"https:\/\/footwear.trocellen.com\/#website"},"datePublished":"2013-12-08T21:16:04+00:00","dateModified":"2013-12-08T21:16:04+00:00","breadcrumb":{"@id":"https:\/\/footwear.trocellen.com\/de\/anwendungen\/polster-und-schutz\/polstereinlagen\/#breadcrumb"},"inLanguage":"de","potentialAction":[{"@type":"ReadAction","target":["https:\/\/footwear.trocellen.com\/de\/anwendungen\/polster-und-schutz\/polstereinlagen\/"]}]},{"@type":"BreadcrumbList","@id":"https:\/\/footwear.trocellen.com\/de\/anwendungen\/polster-und-schutz\/polstereinlagen\/#breadcrumb","itemListElement":[{"@type":"ListItem","position":1,"name":"Home","item":"https:\/\/footwear.trocellen.com\/de\/"},{"@type":"ListItem","position":2,"name":"Anwendungen","item":"https:\/\/footwear.trocellen.com\/de\/anwendungen\/"},{"@type":"ListItem","position":3,"name":"Polster und Schutz","item":"https:\/\/footwear.trocellen.com\/de\/anwendungen\/polster-und-schutz\/"},{"@type":"ListItem","position":4,"name":"Polstereinlagen"}]},{"@type":"WebSite","@id":"https:\/\/footwear.trocellen.com\/#website","url":"https:\/\/footwear.trocellen.com\/","name":"Footwear","description":"","potentialAction":[{"@type":"SearchAction","target":{"@type":"EntryPoint","urlTemplate":"https:\/\/footwear.trocellen.com\/?s={search_term_string}"},"query-input":{"@type":"PropertyValueSpecification","valueRequired":true,"valueName":"search_term_string"}}],"inLanguage":"de"}]}},"_links":{"self":[{"href":"https:\/\/footwear.trocellen.com\/de\/wp-json\/wp\/v2\/pages\/811","targetHints":{"allow":["GET"]}}],"collection":[{"href":"https:\/\/footwear.trocellen.com\/de\/wp-json\/wp\/v2\/pages"}],"about":[{"href":"https:\/\/footwear.trocellen.com\/de\/wp-json\/wp\/v2\/types\/page"}],"author":[{"embeddable":true,"href":"https:\/\/footwear.trocellen.com\/de\/wp-json\/wp\/v2\/users\/6"}],"replies":[{"embeddable":true,"href":"https:\/\/footwear.trocellen.com\/de\/wp-json\/wp\/v2\/comments?post=811"}],"version-history":[{"count":0,"href":"https:\/\/footwear.trocellen.com\/de\/wp-json\/wp\/v2\/pages\/811\/revisions"}],"up":[{"embeddable":true,"href":"https:\/\/footwear.trocellen.com\/de\/wp-json\/wp\/v2\/pages\/739"}],"wp:attachment":[{"href":"https:\/\/footwear.trocellen.com\/de\/wp-json\/wp\/v2\/media?parent=811"}],"curies":[{"name":"wp","href":"https:\/\/api.w.org\/{rel}","templated":true}]}}