{"id":817,"date":"2013-12-08T21:31:34","date_gmt":"2013-12-08T21:31:34","guid":{"rendered":"https:\/\/footwear.usernet.hu\/protektoren\/"},"modified":"2013-12-08T21:31:34","modified_gmt":"2013-12-08T21:31:34","slug":"protektoren","status":"publish","type":"page","link":"https:\/\/footwear.trocellen.com\/de\/anwendungen\/polster-und-schutz\/protektoren\/","title":{"rendered":"Protektoren"},"content":{"rendered":"<p>Unsere vielseitigen Schaumstoffe k\u00f6nnen auch als Protektoren f\u00fcr verschiedene Sportarten eingesetzt werden und dem Kunden so eine ganzheitliche L\u00f6sung bieten.<\/p>\n<h2>Material und Ma\u00dfe<\/h2>\n<p><img loading=\"lazy\" decoding=\"async\" class=\"alignright size-medium wp-image-519\" src=\"https:\/\/footwear.trocellen.com\/wp-content\/uploads\/sites\/7\/2013\/12\/waistcoat_001-248x300.png\" alt=\"\" width=\"248\" height=\"300\" srcset=\"https:\/\/footwear.trocellen.com\/wp-content\/uploads\/sites\/7\/2013\/12\/waistcoat_001-248x300.png 248w, https:\/\/footwear.trocellen.com\/wp-content\/uploads\/sites\/7\/2013\/12\/waistcoat_001-768x931.png 768w, https:\/\/footwear.trocellen.com\/wp-content\/uploads\/sites\/7\/2013\/12\/waistcoat_001-845x1024.png 845w, https:\/\/footwear.trocellen.com\/wp-content\/uploads\/sites\/7\/2013\/12\/waistcoat_001.png 1782w\" sizes=\"auto, (max-width: 248px) 100vw, 248px\" \/><\/p>\n<ul>\n<li>Polyethylenschaumstoff<\/li>\n<li>Dichte 70 \u2013 130 kg\/m\u00b3 (weich)<\/li>\n<li>8 \u2013 15 mm Dicke<\/li>\n<\/ul>\n<h2>Eigenschaften<\/h2>\n<ul>\n<li>Bequem<\/li>\n<li>Leicht<\/li>\n<li>Hygienisch<\/li>\n<li>Pr\u00e4zise Thermoformbarkeit<\/li>\n<\/ul>\n","protected":false},"excerpt":{"rendered":"<p>Unsere vielseitigen Schaumstoffe k\u00f6nnen auch als Protektoren f\u00fcr verschiedene Sportarten eingesetzt werden und dem Kunden so eine ganzheitliche L\u00f6sung bieten. Material und Ma\u00dfe Polyethylenschaumstoff Dichte 70 \u2013 130 kg\/m\u00b3 (weich) 8 \u2013 15 mm Dicke Eigenschaften Bequem Leicht Hygienisch Pr\u00e4zise Thermoformbarkeit<\/p>\n","protected":false},"author":6,"featured_media":0,"parent":739,"menu_order":0,"comment_status":"open","ping_status":"open","template":"","meta":{"_acf_changed":false,"footnotes":""},"class_list":["post-817","page","type-page","status-publish","hentry"],"acf":[],"yoast_head":"<!-- This site is optimized with the Yoast SEO plugin v23.5 - https:\/\/yoast.com\/wordpress\/plugins\/seo\/ -->\n<title>Protektoren - Footwear<\/title>\n<meta name=\"robots\" content=\"index, follow, max-snippet:-1, max-image-preview:large, max-video-preview:-1\" \/>\n<link rel=\"canonical\" href=\"https:\/\/footwear.trocellen.com\/de\/anwendungen\/polster-und-schutz\/protektoren\/\" \/>\n<script type=\"application\/ld+json\" class=\"yoast-schema-graph\">{\"@context\":\"https:\/\/schema.org\",\"@graph\":[{\"@type\":\"WebPage\",\"@id\":\"https:\/\/footwear.trocellen.com\/de\/anwendungen\/polster-und-schutz\/protektoren\/\",\"url\":\"https:\/\/footwear.trocellen.com\/de\/anwendungen\/polster-und-schutz\/protektoren\/\",\"name\":\"Protektoren - Footwear\",\"isPartOf\":{\"@id\":\"https:\/\/footwear.trocellen.com\/#website\"},\"primaryImageOfPage\":{\"@id\":\"https:\/\/footwear.trocellen.com\/de\/anwendungen\/polster-und-schutz\/protektoren\/#primaryimage\"},\"image\":{\"@id\":\"https:\/\/footwear.trocellen.com\/de\/anwendungen\/polster-und-schutz\/protektoren\/#primaryimage\"},\"thumbnailUrl\":\"https:\/\/footwear.trocellen.com\/wp-content\/uploads\/sites\/7\/2013\/12\/waistcoat_001-248x300.png\",\"datePublished\":\"2013-12-08T21:31:34+00:00\",\"dateModified\":\"2013-12-08T21:31:34+00:00\",\"breadcrumb\":{\"@id\":\"https:\/\/footwear.trocellen.com\/de\/anwendungen\/polster-und-schutz\/protektoren\/#breadcrumb\"},\"inLanguage\":\"de\",\"potentialAction\":[{\"@type\":\"ReadAction\",\"target\":[\"https:\/\/footwear.trocellen.com\/de\/anwendungen\/polster-und-schutz\/protektoren\/\"]}]},{\"@type\":\"ImageObject\",\"inLanguage\":\"de\",\"@id\":\"https:\/\/footwear.trocellen.com\/de\/anwendungen\/polster-und-schutz\/protektoren\/#primaryimage\",\"url\":\"https:\/\/footwear.trocellen.com\/wp-content\/uploads\/sites\/7\/2013\/12\/waistcoat_001-248x300.png\",\"contentUrl\":\"https:\/\/footwear.trocellen.com\/wp-content\/uploads\/sites\/7\/2013\/12\/waistcoat_001-248x300.png\"},{\"@type\":\"BreadcrumbList\",\"@id\":\"https:\/\/footwear.trocellen.com\/de\/anwendungen\/polster-und-schutz\/protektoren\/#breadcrumb\",\"itemListElement\":[{\"@type\":\"ListItem\",\"position\":1,\"name\":\"Home\",\"item\":\"https:\/\/footwear.trocellen.com\/de\/\"},{\"@type\":\"ListItem\",\"position\":2,\"name\":\"Anwendungen\",\"item\":\"https:\/\/footwear.trocellen.com\/de\/anwendungen\/\"},{\"@type\":\"ListItem\",\"position\":3,\"name\":\"Polster und Schutz\",\"item\":\"https:\/\/footwear.trocellen.com\/de\/anwendungen\/polster-und-schutz\/\"},{\"@type\":\"ListItem\",\"position\":4,\"name\":\"Protektoren\"}]},{\"@type\":\"WebSite\",\"@id\":\"https:\/\/footwear.trocellen.com\/#website\",\"url\":\"https:\/\/footwear.trocellen.com\/\",\"name\":\"Footwear\",\"description\":\"\",\"potentialAction\":[{\"@type\":\"SearchAction\",\"target\":{\"@type\":\"EntryPoint\",\"urlTemplate\":\"https:\/\/footwear.trocellen.com\/?s={search_term_string}\"},\"query-input\":{\"@type\":\"PropertyValueSpecification\",\"valueRequired\":true,\"valueName\":\"search_term_string\"}}],\"inLanguage\":\"de\"}]}<\/script>\n<!-- \/ Yoast SEO plugin. -->","yoast_head_json":{"title":"Protektoren - Footwear","robots":{"index":"index","follow":"follow","max-snippet":"max-snippet:-1","max-image-preview":"max-image-preview:large","max-video-preview":"max-video-preview:-1"},"canonical":"https:\/\/footwear.trocellen.com\/de\/anwendungen\/polster-und-schutz\/protektoren\/","schema":{"@context":"https:\/\/schema.org","@graph":[{"@type":"WebPage","@id":"https:\/\/footwear.trocellen.com\/de\/anwendungen\/polster-und-schutz\/protektoren\/","url":"https:\/\/footwear.trocellen.com\/de\/anwendungen\/polster-und-schutz\/protektoren\/","name":"Protektoren - Footwear","isPartOf":{"@id":"https:\/\/footwear.trocellen.com\/#website"},"primaryImageOfPage":{"@id":"https:\/\/footwear.trocellen.com\/de\/anwendungen\/polster-und-schutz\/protektoren\/#primaryimage"},"image":{"@id":"https:\/\/footwear.trocellen.com\/de\/anwendungen\/polster-und-schutz\/protektoren\/#primaryimage"},"thumbnailUrl":"https:\/\/footwear.trocellen.com\/wp-content\/uploads\/sites\/7\/2013\/12\/waistcoat_001-248x300.png","datePublished":"2013-12-08T21:31:34+00:00","dateModified":"2013-12-08T21:31:34+00:00","breadcrumb":{"@id":"https:\/\/footwear.trocellen.com\/de\/anwendungen\/polster-und-schutz\/protektoren\/#breadcrumb"},"inLanguage":"de","potentialAction":[{"@type":"ReadAction","target":["https:\/\/footwear.trocellen.com\/de\/anwendungen\/polster-und-schutz\/protektoren\/"]}]},{"@type":"ImageObject","inLanguage":"de","@id":"https:\/\/footwear.trocellen.com\/de\/anwendungen\/polster-und-schutz\/protektoren\/#primaryimage","url":"https:\/\/footwear.trocellen.com\/wp-content\/uploads\/sites\/7\/2013\/12\/waistcoat_001-248x300.png","contentUrl":"https:\/\/footwear.trocellen.com\/wp-content\/uploads\/sites\/7\/2013\/12\/waistcoat_001-248x300.png"},{"@type":"BreadcrumbList","@id":"https:\/\/footwear.trocellen.com\/de\/anwendungen\/polster-und-schutz\/protektoren\/#breadcrumb","itemListElement":[{"@type":"ListItem","position":1,"name":"Home","item":"https:\/\/footwear.trocellen.com\/de\/"},{"@type":"ListItem","position":2,"name":"Anwendungen","item":"https:\/\/footwear.trocellen.com\/de\/anwendungen\/"},{"@type":"ListItem","position":3,"name":"Polster und Schutz","item":"https:\/\/footwear.trocellen.com\/de\/anwendungen\/polster-und-schutz\/"},{"@type":"ListItem","position":4,"name":"Protektoren"}]},{"@type":"WebSite","@id":"https:\/\/footwear.trocellen.com\/#website","url":"https:\/\/footwear.trocellen.com\/","name":"Footwear","description":"","potentialAction":[{"@type":"SearchAction","target":{"@type":"EntryPoint","urlTemplate":"https:\/\/footwear.trocellen.com\/?s={search_term_string}"},"query-input":{"@type":"PropertyValueSpecification","valueRequired":true,"valueName":"search_term_string"}}],"inLanguage":"de"}]}},"_links":{"self":[{"href":"https:\/\/footwear.trocellen.com\/de\/wp-json\/wp\/v2\/pages\/817","targetHints":{"allow":["GET"]}}],"collection":[{"href":"https:\/\/footwear.trocellen.com\/de\/wp-json\/wp\/v2\/pages"}],"about":[{"href":"https:\/\/footwear.trocellen.com\/de\/wp-json\/wp\/v2\/types\/page"}],"author":[{"embeddable":true,"href":"https:\/\/footwear.trocellen.com\/de\/wp-json\/wp\/v2\/users\/6"}],"replies":[{"embeddable":true,"href":"https:\/\/footwear.trocellen.com\/de\/wp-json\/wp\/v2\/comments?post=817"}],"version-history":[{"count":0,"href":"https:\/\/footwear.trocellen.com\/de\/wp-json\/wp\/v2\/pages\/817\/revisions"}],"up":[{"embeddable":true,"href":"https:\/\/footwear.trocellen.com\/de\/wp-json\/wp\/v2\/pages\/739"}],"wp:attachment":[{"href":"https:\/\/footwear.trocellen.com\/de\/wp-json\/wp\/v2\/media?parent=817"}],"curies":[{"name":"wp","href":"https:\/\/api.w.org\/{rel}","templated":true}]}}