{"id":823,"date":"2013-12-08T21:34:00","date_gmt":"2013-12-08T21:34:00","guid":{"rendered":"https:\/\/footwear.usernet.hu\/trocellen-schuhe-soo-leicht\/"},"modified":"2013-12-08T21:34:00","modified_gmt":"2013-12-08T21:34:00","slug":"trocellen-schuhe-soo-leicht","status":"publish","type":"page","link":"https:\/\/footwear.trocellen.com\/de\/trocellen-schuhe-soo-leicht\/","title":{"rendered":"Trocellen Schuhe &#8211; Soo leicht"},"content":{"rendered":"<p>So leicht, soo sicher, sooo bequem<\/p>\n<p><!--more--><\/p>\n<p><a href=\"https:\/\/footwear.trocellen.com\/wp-content\/uploads\/sites\/7\/2013\/12\/maintext.jpg\"><img loading=\"lazy\" decoding=\"async\" class=\"size-medium wp-image-64 alignright\" src=\"https:\/\/footwear.trocellen.com\/wp-content\/uploads\/sites\/7\/2013\/12\/maintext-300x221.jpg\" alt=\"maintext\" width=\"300\" height=\"221\" srcset=\"https:\/\/footwear.trocellen.com\/wp-content\/uploads\/sites\/7\/2013\/12\/maintext-300x221.jpg 300w, https:\/\/footwear.trocellen.com\/wp-content\/uploads\/sites\/7\/2013\/12\/maintext-1024x757.jpg 1024w, https:\/\/footwear.trocellen.com\/wp-content\/uploads\/sites\/7\/2013\/12\/maintext.jpg 1176w\" sizes=\"auto, (max-width: 300px) 100vw, 300px\" \/><\/a><\/p>\n<p>Ob f\u00fcr einen leichten Spaziergang, Leistungssport oder einen eleganten Auftritt &#8211; Schuhe spielen eine gro\u00dfe Rolle. Sie dr\u00fccken die Stimmung des Tr\u00e4gers aus, unterst\u00fctzen seine Gesundheit und steigern seine Leistungsf\u00e4higkeit.<\/p>\n<p>Schuhe aus Europa bestimmen den Markt. Sie setzen die Ma\u00dfst\u00e4be f\u00fcr den Rest der Welt. Hat Qualit\u00e4t ihren Preis? Ja. Ist es das wert? Wir sagen ja.<br \/>\nTrocellen bietet verschiedenste L\u00f6sungen f\u00fcr Fu\u00dfbekleidung und sorgt so f\u00fcr maximale Qualit\u00e4t und Performance. Wir stehen f\u00fcr europ\u00e4ische Qualit\u00e4t.<\/p>\n<p>Unser Expertenteam ist st\u00e4ndig damit besch\u00e4ftigt, die technischen Anspr\u00fcche von Kunden aus der Schuhindustrie zu erf\u00fcllen und neue Innovationsm\u00f6glichkeiten zu entdecken.<\/p>\n<p>Dank unseres umfangreichen, technischen Know-Hows, den n\u00f6tigen Testanlagen und den Voraussetzungen f\u00fcr die Durchf\u00fchrung verschiedenster Umwandlungsprozesse sind wir der ideale Partner f\u00fcr Kunden aus der Schuhindustrie.<\/p>\n<p>Durch intensive Forschungs- und Entwicklungsarbeit kann Trocellen f\u00fcr jeden Wunsch eine passende, kreative und innovative L\u00f6sung finden.<\/p>\n<p>Trocellen Footwear maximiert in enger Zusammenarbeit mit Kunden st\u00e4ndig den Komfort der in der Schuhindustrie eingesetzten Schaumstoffe und bringt regelm\u00e4\u00dfig neue Leichtl\u00f6sungen f\u00fcr verschiedenste Arten von Schuhen auf den Markt.<\/p>\n","protected":false},"excerpt":{"rendered":"<p>So leicht, soo sicher, sooo bequem<\/p>\n","protected":false},"author":6,"featured_media":0,"parent":0,"menu_order":0,"comment_status":"open","ping_status":"open","template":"","meta":{"_acf_changed":false,"footnotes":""},"class_list":["post-823","page","type-page","status-publish","hentry"],"acf":[],"yoast_head":"<!-- This site is optimized with the Yoast SEO plugin v23.5 - https:\/\/yoast.com\/wordpress\/plugins\/seo\/ -->\n<title>Trocellen Schuhe - Soo leicht - Footwear<\/title>\n<meta name=\"robots\" content=\"index, follow, max-snippet:-1, max-image-preview:large, max-video-preview:-1\" \/>\n<link rel=\"canonical\" href=\"https:\/\/footwear.trocellen.com\/de\/trocellen-schuhe-soo-leicht\/\" \/>\n<meta name=\"twitter:label1\" content=\"Gesch\u00e4tzte Lesezeit\" \/>\n\t<meta name=\"twitter:data1\" content=\"1\u00a0Minute\" \/>\n<script type=\"application\/ld+json\" class=\"yoast-schema-graph\">{\"@context\":\"https:\/\/schema.org\",\"@graph\":[{\"@type\":\"WebPage\",\"@id\":\"https:\/\/footwear.trocellen.com\/de\/trocellen-schuhe-soo-leicht\/\",\"url\":\"https:\/\/footwear.trocellen.com\/de\/trocellen-schuhe-soo-leicht\/\",\"name\":\"Trocellen Schuhe - Soo leicht - Footwear\",\"isPartOf\":{\"@id\":\"https:\/\/footwear.trocellen.com\/#website\"},\"primaryImageOfPage\":{\"@id\":\"https:\/\/footwear.trocellen.com\/de\/trocellen-schuhe-soo-leicht\/#primaryimage\"},\"image\":{\"@id\":\"https:\/\/footwear.trocellen.com\/de\/trocellen-schuhe-soo-leicht\/#primaryimage\"},\"thumbnailUrl\":\"https:\/\/footwear.trocellen.com\/wp-content\/uploads\/sites\/7\/2013\/12\/maintext-300x221.jpg\",\"datePublished\":\"2013-12-08T21:34:00+00:00\",\"dateModified\":\"2013-12-08T21:34:00+00:00\",\"breadcrumb\":{\"@id\":\"https:\/\/footwear.trocellen.com\/de\/trocellen-schuhe-soo-leicht\/#breadcrumb\"},\"inLanguage\":\"de\",\"potentialAction\":[{\"@type\":\"ReadAction\",\"target\":[\"https:\/\/footwear.trocellen.com\/de\/trocellen-schuhe-soo-leicht\/\"]}]},{\"@type\":\"ImageObject\",\"inLanguage\":\"de\",\"@id\":\"https:\/\/footwear.trocellen.com\/de\/trocellen-schuhe-soo-leicht\/#primaryimage\",\"url\":\"https:\/\/footwear.trocellen.com\/wp-content\/uploads\/sites\/7\/2013\/12\/maintext-300x221.jpg\",\"contentUrl\":\"https:\/\/footwear.trocellen.com\/wp-content\/uploads\/sites\/7\/2013\/12\/maintext-300x221.jpg\"},{\"@type\":\"BreadcrumbList\",\"@id\":\"https:\/\/footwear.trocellen.com\/de\/trocellen-schuhe-soo-leicht\/#breadcrumb\",\"itemListElement\":[{\"@type\":\"ListItem\",\"position\":1,\"name\":\"Home\",\"item\":\"https:\/\/footwear.trocellen.com\/de\/\"},{\"@type\":\"ListItem\",\"position\":2,\"name\":\"Trocellen Schuhe &#8211; Soo leicht\"}]},{\"@type\":\"WebSite\",\"@id\":\"https:\/\/footwear.trocellen.com\/#website\",\"url\":\"https:\/\/footwear.trocellen.com\/\",\"name\":\"Footwear\",\"description\":\"\",\"potentialAction\":[{\"@type\":\"SearchAction\",\"target\":{\"@type\":\"EntryPoint\",\"urlTemplate\":\"https:\/\/footwear.trocellen.com\/?s={search_term_string}\"},\"query-input\":{\"@type\":\"PropertyValueSpecification\",\"valueRequired\":true,\"valueName\":\"search_term_string\"}}],\"inLanguage\":\"de\"}]}<\/script>\n<!-- \/ Yoast SEO plugin. -->","yoast_head_json":{"title":"Trocellen Schuhe - Soo leicht - Footwear","robots":{"index":"index","follow":"follow","max-snippet":"max-snippet:-1","max-image-preview":"max-image-preview:large","max-video-preview":"max-video-preview:-1"},"canonical":"https:\/\/footwear.trocellen.com\/de\/trocellen-schuhe-soo-leicht\/","twitter_misc":{"Gesch\u00e4tzte Lesezeit":"1\u00a0Minute"},"schema":{"@context":"https:\/\/schema.org","@graph":[{"@type":"WebPage","@id":"https:\/\/footwear.trocellen.com\/de\/trocellen-schuhe-soo-leicht\/","url":"https:\/\/footwear.trocellen.com\/de\/trocellen-schuhe-soo-leicht\/","name":"Trocellen Schuhe - Soo leicht - Footwear","isPartOf":{"@id":"https:\/\/footwear.trocellen.com\/#website"},"primaryImageOfPage":{"@id":"https:\/\/footwear.trocellen.com\/de\/trocellen-schuhe-soo-leicht\/#primaryimage"},"image":{"@id":"https:\/\/footwear.trocellen.com\/de\/trocellen-schuhe-soo-leicht\/#primaryimage"},"thumbnailUrl":"https:\/\/footwear.trocellen.com\/wp-content\/uploads\/sites\/7\/2013\/12\/maintext-300x221.jpg","datePublished":"2013-12-08T21:34:00+00:00","dateModified":"2013-12-08T21:34:00+00:00","breadcrumb":{"@id":"https:\/\/footwear.trocellen.com\/de\/trocellen-schuhe-soo-leicht\/#breadcrumb"},"inLanguage":"de","potentialAction":[{"@type":"ReadAction","target":["https:\/\/footwear.trocellen.com\/de\/trocellen-schuhe-soo-leicht\/"]}]},{"@type":"ImageObject","inLanguage":"de","@id":"https:\/\/footwear.trocellen.com\/de\/trocellen-schuhe-soo-leicht\/#primaryimage","url":"https:\/\/footwear.trocellen.com\/wp-content\/uploads\/sites\/7\/2013\/12\/maintext-300x221.jpg","contentUrl":"https:\/\/footwear.trocellen.com\/wp-content\/uploads\/sites\/7\/2013\/12\/maintext-300x221.jpg"},{"@type":"BreadcrumbList","@id":"https:\/\/footwear.trocellen.com\/de\/trocellen-schuhe-soo-leicht\/#breadcrumb","itemListElement":[{"@type":"ListItem","position":1,"name":"Home","item":"https:\/\/footwear.trocellen.com\/de\/"},{"@type":"ListItem","position":2,"name":"Trocellen Schuhe &#8211; Soo leicht"}]},{"@type":"WebSite","@id":"https:\/\/footwear.trocellen.com\/#website","url":"https:\/\/footwear.trocellen.com\/","name":"Footwear","description":"","potentialAction":[{"@type":"SearchAction","target":{"@type":"EntryPoint","urlTemplate":"https:\/\/footwear.trocellen.com\/?s={search_term_string}"},"query-input":{"@type":"PropertyValueSpecification","valueRequired":true,"valueName":"search_term_string"}}],"inLanguage":"de"}]}},"_links":{"self":[{"href":"https:\/\/footwear.trocellen.com\/de\/wp-json\/wp\/v2\/pages\/823","targetHints":{"allow":["GET"]}}],"collection":[{"href":"https:\/\/footwear.trocellen.com\/de\/wp-json\/wp\/v2\/pages"}],"about":[{"href":"https:\/\/footwear.trocellen.com\/de\/wp-json\/wp\/v2\/types\/page"}],"author":[{"embeddable":true,"href":"https:\/\/footwear.trocellen.com\/de\/wp-json\/wp\/v2\/users\/6"}],"replies":[{"embeddable":true,"href":"https:\/\/footwear.trocellen.com\/de\/wp-json\/wp\/v2\/comments?post=823"}],"version-history":[{"count":0,"href":"https:\/\/footwear.trocellen.com\/de\/wp-json\/wp\/v2\/pages\/823\/revisions"}],"wp:attachment":[{"href":"https:\/\/footwear.trocellen.com\/de\/wp-json\/wp\/v2\/media?parent=823"}],"curies":[{"name":"wp","href":"https:\/\/api.w.org\/{rel}","templated":true}]}}