{"id":829,"date":"2013-12-08T21:47:47","date_gmt":"2013-12-08T21:47:47","guid":{"rendered":"https:\/\/footwear.usernet.hu\/technologie\/"},"modified":"2013-12-08T21:47:47","modified_gmt":"2013-12-08T21:47:47","slug":"technologie","status":"publish","type":"page","link":"https:\/\/footwear.trocellen.com\/de\/technologie\/","title":{"rendered":"Technologie"},"content":{"rendered":"<p>Trocellen ist f\u00fchrender Hersteller von chemisch und physikalisch vernetzten PO-Schaumstoffen in Europa.<\/p>\n<p>Seit nunmehr 40 Jahren werden Schaumstoffe von Trocellen erfolgreich in der Schuhindustrie eingesetzt. Unsere vernetzten Polyolefin-Schaumstoffe sind besonders leicht, nehmen kein Wasser auf, sind widerstandsf\u00e4hig, w\u00e4rmeisolierend, leicht zu beschichten und thermoformbar.<\/p>\n<p>Weitere Gr\u00fcnde, die f\u00fcr Trocellen als Ihren Partner f\u00fcr Schaumstoffe in der Schuhindustrie sprechen: Wir setzen auf erprobte Technologien, jahrelange Erfahrung und sind offen f\u00fcr neue Wege.<\/p>\n<h2>Schaumstoffe von Trocellen<\/h2>\n<p><strong>Normale PE-Schaumstoffe:<\/strong> gro\u00dfe Auswahl an Dichten und Dicken, perfekt f\u00fcr technische und modische Anwendungen.<br \/>\n<strong>Harte PE-Schaumstoffe:<\/strong> ideal geeignet f\u00fcr extrem leichtes Obermaterial, sehr gut thermoformbar.<br \/>\n<strong>Weiche Ethylenvinylacetat-PE-Schaumstoffe:<\/strong> gro\u00dfe Bandbreite an Anwendungsm\u00f6glichkeiten, perfekt f\u00fcr hochwertige Polsterungen.<br \/>\n<strong>PUR- und Verbundschaumstoffe:<\/strong> gro\u00dfe Auswahl an Dichten, Dicken und Materialeigenschaften, ma\u00dfgeschneidert je nach Kunde und Anwendung.<\/p>\n<h2>Vom Schaumstoff zur L\u00f6sung<\/h2>\n<p>Trocellen bietet neben den Schaumstoffen auch die Weiterverarbeitung von Produkten an, die den Schaumstoffen einen Mehrwert verleihen:<\/p>\n<ul>\n<li>Verschiedene Prozesse (Hei\u00dfluft-, Flamm-, Infrarot- und Hot-Melt-Kaschierung) erm\u00f6glichen die Kaschierung mit anderen Schaumstoffen, Folien oder Geweben.<\/li>\n<li>Klebebeschichtung oder hitzeempfindliche Klebstoffschicht durch Hot-Melt-Verfahren<\/li>\n<li>Perforation und Pr\u00e4gung<\/li>\n<\/ul>\n<p>Ob Labortests, schneller Prototypenbau oder Benchmark-Tests \u2013 Trocellen ist Ihr Partner in der Schuhindustrie.<\/p>\n","protected":false},"excerpt":{"rendered":"<p>Trocellen ist f\u00fchrender Hersteller von chemisch und physikalisch vernetzten PO-Schaumstoffen in Europa. Seit nunmehr 40 Jahren werden Schaumstoffe von Trocellen erfolgreich in der Schuhindustrie eingesetzt. Unsere vernetzten Polyolefin-Schaumstoffe sind besonders leicht, nehmen kein Wasser auf, sind widerstandsf\u00e4hig, w\u00e4rmeisolierend, leicht zu beschichten und thermoformbar. Weitere Gr\u00fcnde, die f\u00fcr Trocellen als Ihren Partner f\u00fcr Schaumstoffe in der [&hellip;]<\/p>\n","protected":false},"author":6,"featured_media":0,"parent":0,"menu_order":0,"comment_status":"open","ping_status":"closed","template":"templates\/one-column.php","meta":{"_acf_changed":false,"footnotes":""},"class_list":["post-829","page","type-page","status-publish","hentry"],"acf":[],"yoast_head":"<!-- This site is optimized with the Yoast SEO plugin v23.5 - https:\/\/yoast.com\/wordpress\/plugins\/seo\/ -->\n<title>Technologie - Footwear<\/title>\n<meta name=\"robots\" content=\"index, follow, max-snippet:-1, max-image-preview:large, max-video-preview:-1\" \/>\n<link rel=\"canonical\" href=\"https:\/\/footwear.trocellen.com\/de\/technologie\/\" \/>\n<meta name=\"twitter:label1\" content=\"Gesch\u00e4tzte Lesezeit\" \/>\n\t<meta name=\"twitter:data1\" content=\"1\u00a0Minute\" \/>\n<script type=\"application\/ld+json\" class=\"yoast-schema-graph\">{\"@context\":\"https:\/\/schema.org\",\"@graph\":[{\"@type\":\"WebPage\",\"@id\":\"https:\/\/footwear.trocellen.com\/de\/technologie\/\",\"url\":\"https:\/\/footwear.trocellen.com\/de\/technologie\/\",\"name\":\"Technologie - Footwear\",\"isPartOf\":{\"@id\":\"https:\/\/footwear.trocellen.com\/#website\"},\"datePublished\":\"2013-12-08T21:47:47+00:00\",\"dateModified\":\"2013-12-08T21:47:47+00:00\",\"breadcrumb\":{\"@id\":\"https:\/\/footwear.trocellen.com\/de\/technologie\/#breadcrumb\"},\"inLanguage\":\"de\",\"potentialAction\":[{\"@type\":\"ReadAction\",\"target\":[\"https:\/\/footwear.trocellen.com\/de\/technologie\/\"]}]},{\"@type\":\"BreadcrumbList\",\"@id\":\"https:\/\/footwear.trocellen.com\/de\/technologie\/#breadcrumb\",\"itemListElement\":[{\"@type\":\"ListItem\",\"position\":1,\"name\":\"Home\",\"item\":\"https:\/\/footwear.trocellen.com\/de\/\"},{\"@type\":\"ListItem\",\"position\":2,\"name\":\"Technologie\"}]},{\"@type\":\"WebSite\",\"@id\":\"https:\/\/footwear.trocellen.com\/#website\",\"url\":\"https:\/\/footwear.trocellen.com\/\",\"name\":\"Footwear\",\"description\":\"\",\"potentialAction\":[{\"@type\":\"SearchAction\",\"target\":{\"@type\":\"EntryPoint\",\"urlTemplate\":\"https:\/\/footwear.trocellen.com\/?s={search_term_string}\"},\"query-input\":{\"@type\":\"PropertyValueSpecification\",\"valueRequired\":true,\"valueName\":\"search_term_string\"}}],\"inLanguage\":\"de\"}]}<\/script>\n<!-- \/ Yoast SEO plugin. -->","yoast_head_json":{"title":"Technologie - Footwear","robots":{"index":"index","follow":"follow","max-snippet":"max-snippet:-1","max-image-preview":"max-image-preview:large","max-video-preview":"max-video-preview:-1"},"canonical":"https:\/\/footwear.trocellen.com\/de\/technologie\/","twitter_misc":{"Gesch\u00e4tzte Lesezeit":"1\u00a0Minute"},"schema":{"@context":"https:\/\/schema.org","@graph":[{"@type":"WebPage","@id":"https:\/\/footwear.trocellen.com\/de\/technologie\/","url":"https:\/\/footwear.trocellen.com\/de\/technologie\/","name":"Technologie - Footwear","isPartOf":{"@id":"https:\/\/footwear.trocellen.com\/#website"},"datePublished":"2013-12-08T21:47:47+00:00","dateModified":"2013-12-08T21:47:47+00:00","breadcrumb":{"@id":"https:\/\/footwear.trocellen.com\/de\/technologie\/#breadcrumb"},"inLanguage":"de","potentialAction":[{"@type":"ReadAction","target":["https:\/\/footwear.trocellen.com\/de\/technologie\/"]}]},{"@type":"BreadcrumbList","@id":"https:\/\/footwear.trocellen.com\/de\/technologie\/#breadcrumb","itemListElement":[{"@type":"ListItem","position":1,"name":"Home","item":"https:\/\/footwear.trocellen.com\/de\/"},{"@type":"ListItem","position":2,"name":"Technologie"}]},{"@type":"WebSite","@id":"https:\/\/footwear.trocellen.com\/#website","url":"https:\/\/footwear.trocellen.com\/","name":"Footwear","description":"","potentialAction":[{"@type":"SearchAction","target":{"@type":"EntryPoint","urlTemplate":"https:\/\/footwear.trocellen.com\/?s={search_term_string}"},"query-input":{"@type":"PropertyValueSpecification","valueRequired":true,"valueName":"search_term_string"}}],"inLanguage":"de"}]}},"_links":{"self":[{"href":"https:\/\/footwear.trocellen.com\/de\/wp-json\/wp\/v2\/pages\/829","targetHints":{"allow":["GET"]}}],"collection":[{"href":"https:\/\/footwear.trocellen.com\/de\/wp-json\/wp\/v2\/pages"}],"about":[{"href":"https:\/\/footwear.trocellen.com\/de\/wp-json\/wp\/v2\/types\/page"}],"author":[{"embeddable":true,"href":"https:\/\/footwear.trocellen.com\/de\/wp-json\/wp\/v2\/users\/6"}],"replies":[{"embeddable":true,"href":"https:\/\/footwear.trocellen.com\/de\/wp-json\/wp\/v2\/comments?post=829"}],"version-history":[{"count":0,"href":"https:\/\/footwear.trocellen.com\/de\/wp-json\/wp\/v2\/pages\/829\/revisions"}],"wp:attachment":[{"href":"https:\/\/footwear.trocellen.com\/de\/wp-json\/wp\/v2\/media?parent=829"}],"curies":[{"name":"wp","href":"https:\/\/api.w.org\/{rel}","templated":true}]}}