{"id":876,"date":"2017-08-17T12:55:07","date_gmt":"2017-08-17T12:55:07","guid":{"rendered":"https:\/\/footwear.usernet.hu\/alltags-schuh\/"},"modified":"2017-08-17T12:55:07","modified_gmt":"2017-08-17T12:55:07","slug":"alltags-schuh","status":"publish","type":"page","link":"https:\/\/footwear.trocellen.com\/de\/anwendungen\/alltags-schuh\/","title":{"rendered":"Alltags Schuh"},"content":{"rendered":"<p>Wir erforschen und entwickeln Materialien die der Abnutzung des Alltags standhalten, trotzdem f\u00fcr den t\u00e4glichen Gebrauch geschaffen sind und dabei atmungsaktiv und bequem bleiben.<\/p>\n<h2>Material und Ma\u00dfe<\/h2>\n<ul>\n<li>Polyethylen Schaum<br \/>\n<img loading=\"lazy\" decoding=\"async\" class=\"alignright size-medium wp-image-523\" src=\"https:\/\/footwear.trocellen.com\/wp-content\/uploads\/sites\/7\/2017\/08\/footwear_casual_001-300x265.png\" alt=\"\" width=\"300\" height=\"265\" srcset=\"https:\/\/footwear.trocellen.com\/wp-content\/uploads\/sites\/7\/2017\/08\/footwear_casual_001-300x265.png 300w, https:\/\/footwear.trocellen.com\/wp-content\/uploads\/sites\/7\/2017\/08\/footwear_casual_001-768x678.png 768w, https:\/\/footwear.trocellen.com\/wp-content\/uploads\/sites\/7\/2017\/08\/footwear_casual_001-1024x904.png 1024w\" sizes=\"auto, (max-width: 300px) 100vw, 300px\" \/><\/li>\n<li>60-130 kg\/m\u00b3 mittlere H\u00e4rte<\/li>\n<li>\u00a03 \u2013 15 mm Dicke<\/li>\n<\/ul>\n<h2>Eigenschaften<\/h2>\n<ul>\n<li>Atmungsaktiv<\/li>\n<li>Leichtigkeit<\/li>\n<li>Einfache Handhabung\/Comfort<\/li>\n<\/ul>\n","protected":false},"excerpt":{"rendered":"<p>Wir erforschen und entwickeln Materialien die der Abnutzung des Alltags standhalten, trotzdem f\u00fcr den t\u00e4glichen Gebrauch geschaffen sind und dabei atmungsaktiv und bequem bleiben. Material und Ma\u00dfe Polyethylen Schaum 60-130 kg\/m\u00b3 mittlere H\u00e4rte \u00a03 \u2013 15 mm Dicke Eigenschaften Atmungsaktiv Leichtigkeit Einfache Handhabung\/Comfort<\/p>\n","protected":false},"author":1,"featured_media":0,"parent":853,"menu_order":4,"comment_status":"closed","ping_status":"closed","template":"","meta":{"_acf_changed":false,"footnotes":""},"class_list":["post-876","page","type-page","status-publish","hentry"],"acf":[],"yoast_head":"<!-- This site is optimized with the Yoast SEO plugin v23.5 - https:\/\/yoast.com\/wordpress\/plugins\/seo\/ -->\n<title>Alltags Schuh - Footwear<\/title>\n<meta name=\"robots\" content=\"index, follow, max-snippet:-1, max-image-preview:large, max-video-preview:-1\" \/>\n<link rel=\"canonical\" href=\"https:\/\/footwear.trocellen.com\/de\/anwendungen\/alltags-schuh\/\" \/>\n<script type=\"application\/ld+json\" class=\"yoast-schema-graph\">{\"@context\":\"https:\/\/schema.org\",\"@graph\":[{\"@type\":\"WebPage\",\"@id\":\"https:\/\/footwear.trocellen.com\/de\/anwendungen\/alltags-schuh\/\",\"url\":\"https:\/\/footwear.trocellen.com\/de\/anwendungen\/alltags-schuh\/\",\"name\":\"Alltags Schuh - Footwear\",\"isPartOf\":{\"@id\":\"https:\/\/footwear.trocellen.com\/#website\"},\"primaryImageOfPage\":{\"@id\":\"https:\/\/footwear.trocellen.com\/de\/anwendungen\/alltags-schuh\/#primaryimage\"},\"image\":{\"@id\":\"https:\/\/footwear.trocellen.com\/de\/anwendungen\/alltags-schuh\/#primaryimage\"},\"thumbnailUrl\":\"https:\/\/footwear.trocellen.com\/wp-content\/uploads\/sites\/7\/2017\/08\/footwear_casual_001-300x265.png\",\"datePublished\":\"2017-08-17T12:55:07+00:00\",\"dateModified\":\"2017-08-17T12:55:07+00:00\",\"breadcrumb\":{\"@id\":\"https:\/\/footwear.trocellen.com\/de\/anwendungen\/alltags-schuh\/#breadcrumb\"},\"inLanguage\":\"de\",\"potentialAction\":[{\"@type\":\"ReadAction\",\"target\":[\"https:\/\/footwear.trocellen.com\/de\/anwendungen\/alltags-schuh\/\"]}]},{\"@type\":\"ImageObject\",\"inLanguage\":\"de\",\"@id\":\"https:\/\/footwear.trocellen.com\/de\/anwendungen\/alltags-schuh\/#primaryimage\",\"url\":\"https:\/\/footwear.trocellen.com\/wp-content\/uploads\/sites\/7\/2017\/08\/footwear_casual_001-300x265.png\",\"contentUrl\":\"https:\/\/footwear.trocellen.com\/wp-content\/uploads\/sites\/7\/2017\/08\/footwear_casual_001-300x265.png\"},{\"@type\":\"BreadcrumbList\",\"@id\":\"https:\/\/footwear.trocellen.com\/de\/anwendungen\/alltags-schuh\/#breadcrumb\",\"itemListElement\":[{\"@type\":\"ListItem\",\"position\":1,\"name\":\"Home\",\"item\":\"https:\/\/footwear.trocellen.com\/de\/\"},{\"@type\":\"ListItem\",\"position\":2,\"name\":\"Anwendungen\",\"item\":\"https:\/\/footwear.trocellen.com\/de\/anwendungen\/\"},{\"@type\":\"ListItem\",\"position\":3,\"name\":\"Alltags Schuh\"}]},{\"@type\":\"WebSite\",\"@id\":\"https:\/\/footwear.trocellen.com\/#website\",\"url\":\"https:\/\/footwear.trocellen.com\/\",\"name\":\"Footwear\",\"description\":\"\",\"potentialAction\":[{\"@type\":\"SearchAction\",\"target\":{\"@type\":\"EntryPoint\",\"urlTemplate\":\"https:\/\/footwear.trocellen.com\/?s={search_term_string}\"},\"query-input\":{\"@type\":\"PropertyValueSpecification\",\"valueRequired\":true,\"valueName\":\"search_term_string\"}}],\"inLanguage\":\"de\"}]}<\/script>\n<!-- \/ Yoast SEO plugin. -->","yoast_head_json":{"title":"Alltags Schuh - Footwear","robots":{"index":"index","follow":"follow","max-snippet":"max-snippet:-1","max-image-preview":"max-image-preview:large","max-video-preview":"max-video-preview:-1"},"canonical":"https:\/\/footwear.trocellen.com\/de\/anwendungen\/alltags-schuh\/","schema":{"@context":"https:\/\/schema.org","@graph":[{"@type":"WebPage","@id":"https:\/\/footwear.trocellen.com\/de\/anwendungen\/alltags-schuh\/","url":"https:\/\/footwear.trocellen.com\/de\/anwendungen\/alltags-schuh\/","name":"Alltags Schuh - Footwear","isPartOf":{"@id":"https:\/\/footwear.trocellen.com\/#website"},"primaryImageOfPage":{"@id":"https:\/\/footwear.trocellen.com\/de\/anwendungen\/alltags-schuh\/#primaryimage"},"image":{"@id":"https:\/\/footwear.trocellen.com\/de\/anwendungen\/alltags-schuh\/#primaryimage"},"thumbnailUrl":"https:\/\/footwear.trocellen.com\/wp-content\/uploads\/sites\/7\/2017\/08\/footwear_casual_001-300x265.png","datePublished":"2017-08-17T12:55:07+00:00","dateModified":"2017-08-17T12:55:07+00:00","breadcrumb":{"@id":"https:\/\/footwear.trocellen.com\/de\/anwendungen\/alltags-schuh\/#breadcrumb"},"inLanguage":"de","potentialAction":[{"@type":"ReadAction","target":["https:\/\/footwear.trocellen.com\/de\/anwendungen\/alltags-schuh\/"]}]},{"@type":"ImageObject","inLanguage":"de","@id":"https:\/\/footwear.trocellen.com\/de\/anwendungen\/alltags-schuh\/#primaryimage","url":"https:\/\/footwear.trocellen.com\/wp-content\/uploads\/sites\/7\/2017\/08\/footwear_casual_001-300x265.png","contentUrl":"https:\/\/footwear.trocellen.com\/wp-content\/uploads\/sites\/7\/2017\/08\/footwear_casual_001-300x265.png"},{"@type":"BreadcrumbList","@id":"https:\/\/footwear.trocellen.com\/de\/anwendungen\/alltags-schuh\/#breadcrumb","itemListElement":[{"@type":"ListItem","position":1,"name":"Home","item":"https:\/\/footwear.trocellen.com\/de\/"},{"@type":"ListItem","position":2,"name":"Anwendungen","item":"https:\/\/footwear.trocellen.com\/de\/anwendungen\/"},{"@type":"ListItem","position":3,"name":"Alltags Schuh"}]},{"@type":"WebSite","@id":"https:\/\/footwear.trocellen.com\/#website","url":"https:\/\/footwear.trocellen.com\/","name":"Footwear","description":"","potentialAction":[{"@type":"SearchAction","target":{"@type":"EntryPoint","urlTemplate":"https:\/\/footwear.trocellen.com\/?s={search_term_string}"},"query-input":{"@type":"PropertyValueSpecification","valueRequired":true,"valueName":"search_term_string"}}],"inLanguage":"de"}]}},"_links":{"self":[{"href":"https:\/\/footwear.trocellen.com\/de\/wp-json\/wp\/v2\/pages\/876","targetHints":{"allow":["GET"]}}],"collection":[{"href":"https:\/\/footwear.trocellen.com\/de\/wp-json\/wp\/v2\/pages"}],"about":[{"href":"https:\/\/footwear.trocellen.com\/de\/wp-json\/wp\/v2\/types\/page"}],"author":[{"embeddable":true,"href":"https:\/\/footwear.trocellen.com\/de\/wp-json\/wp\/v2\/users\/1"}],"replies":[{"embeddable":true,"href":"https:\/\/footwear.trocellen.com\/de\/wp-json\/wp\/v2\/comments?post=876"}],"version-history":[{"count":0,"href":"https:\/\/footwear.trocellen.com\/de\/wp-json\/wp\/v2\/pages\/876\/revisions"}],"up":[{"embeddable":true,"href":"https:\/\/footwear.trocellen.com\/de\/wp-json\/wp\/v2\/pages\/853"}],"wp:attachment":[{"href":"https:\/\/footwear.trocellen.com\/de\/wp-json\/wp\/v2\/media?parent=876"}],"curies":[{"name":"wp","href":"https:\/\/api.w.org\/{rel}","templated":true}]}}