{"id":888,"date":"2017-08-17T12:59:15","date_gmt":"2017-08-17T12:59:15","guid":{"rendered":"https:\/\/footwear.usernet.hu\/motorrad-zubehoer-und-schutz\/"},"modified":"2017-08-17T12:59:15","modified_gmt":"2017-08-17T12:59:15","slug":"motorrad-zubehoer-und-schutz","status":"publish","type":"page","link":"https:\/\/footwear.trocellen.com\/de\/anwendungen\/motorrad-zubehoer-und-schutz\/","title":{"rendered":"Motorrad Zubeh\u00f6r und Schutz"},"content":{"rendered":"<p>Die Elastizit\u00e4t der Materialien und die Anpassungsf\u00e4higkeit dieser Sch\u00e4ume, die eigens f\u00fcr diese speziellen Anwendungen hergestellt werden, bieten langfristigen Komfort und Langlebigkeit in der Welt der Motorr\u00e4der und gew\u00e4hrleisten eine hohe Leistung unter allen Umst\u00e4nden.<\/p>\n<h2>Material und Ma\u00dfe<\/h2>\n<ul>\n<li>Polyethylen Schaum<br \/>\n<img loading=\"lazy\" decoding=\"async\" class=\"alignright size-medium wp-image-527\" src=\"https:\/\/footwear.trocellen.com\/wp-content\/uploads\/sites\/7\/2017\/08\/trocellen_cargo_boxes_003-300x255.png\" alt=\"\" width=\"300\" height=\"255\" srcset=\"https:\/\/footwear.trocellen.com\/wp-content\/uploads\/sites\/7\/2017\/08\/trocellen_cargo_boxes_003-300x255.png 300w, https:\/\/footwear.trocellen.com\/wp-content\/uploads\/sites\/7\/2017\/08\/trocellen_cargo_boxes_003-768x654.png 768w, https:\/\/footwear.trocellen.com\/wp-content\/uploads\/sites\/7\/2017\/08\/trocellen_cargo_boxes_003-1024x871.png 1024w\" sizes=\"auto, (max-width: 300px) 100vw, 300px\" \/><\/li>\n<li>30-40 kg\/m\u00b3 mittlere H\u00e4rte<\/li>\n<li>8-10 mm Dick<\/li>\n<\/ul>\n<h2>Eigenschaften<\/h2>\n<ul>\n<li>Flexibilit\u00e4t<\/li>\n<li>Einfache Handhabung<\/li>\n<li>Hohe Absorbtionsqualit\u00e4t<\/li>\n<\/ul>\n","protected":false},"excerpt":{"rendered":"<p>Die Elastizit\u00e4t der Materialien und die Anpassungsf\u00e4higkeit dieser Sch\u00e4ume, die eigens f\u00fcr diese speziellen Anwendungen hergestellt werden, bieten langfristigen Komfort und Langlebigkeit in der Welt der Motorr\u00e4der und gew\u00e4hrleisten eine hohe Leistung unter allen Umst\u00e4nden. Material und Ma\u00dfe Polyethylen Schaum 30-40 kg\/m\u00b3 mittlere H\u00e4rte 8-10 mm Dick Eigenschaften Flexibilit\u00e4t Einfache Handhabung Hohe Absorbtionsqualit\u00e4t<\/p>\n","protected":false},"author":1,"featured_media":0,"parent":853,"menu_order":6,"comment_status":"closed","ping_status":"closed","template":"","meta":{"_acf_changed":false,"footnotes":""},"class_list":["post-888","page","type-page","status-publish","hentry"],"acf":[],"yoast_head":"<!-- This site is optimized with the Yoast SEO plugin v23.5 - https:\/\/yoast.com\/wordpress\/plugins\/seo\/ -->\n<title>Motorrad Zubeh\u00f6r und Schutz - Footwear<\/title>\n<meta name=\"robots\" content=\"index, follow, max-snippet:-1, max-image-preview:large, max-video-preview:-1\" \/>\n<link rel=\"canonical\" href=\"https:\/\/footwear.trocellen.com\/de\/anwendungen\/motorrad-zubehoer-und-schutz\/\" \/>\n<script type=\"application\/ld+json\" class=\"yoast-schema-graph\">{\"@context\":\"https:\/\/schema.org\",\"@graph\":[{\"@type\":\"WebPage\",\"@id\":\"https:\/\/footwear.trocellen.com\/de\/anwendungen\/motorrad-zubehoer-und-schutz\/\",\"url\":\"https:\/\/footwear.trocellen.com\/de\/anwendungen\/motorrad-zubehoer-und-schutz\/\",\"name\":\"Motorrad Zubeh\u00f6r und Schutz - Footwear\",\"isPartOf\":{\"@id\":\"https:\/\/footwear.trocellen.com\/#website\"},\"primaryImageOfPage\":{\"@id\":\"https:\/\/footwear.trocellen.com\/de\/anwendungen\/motorrad-zubehoer-und-schutz\/#primaryimage\"},\"image\":{\"@id\":\"https:\/\/footwear.trocellen.com\/de\/anwendungen\/motorrad-zubehoer-und-schutz\/#primaryimage\"},\"thumbnailUrl\":\"https:\/\/footwear.trocellen.com\/wp-content\/uploads\/sites\/7\/2017\/08\/trocellen_cargo_boxes_003-300x255.png\",\"datePublished\":\"2017-08-17T12:59:15+00:00\",\"dateModified\":\"2017-08-17T12:59:15+00:00\",\"breadcrumb\":{\"@id\":\"https:\/\/footwear.trocellen.com\/de\/anwendungen\/motorrad-zubehoer-und-schutz\/#breadcrumb\"},\"inLanguage\":\"de\",\"potentialAction\":[{\"@type\":\"ReadAction\",\"target\":[\"https:\/\/footwear.trocellen.com\/de\/anwendungen\/motorrad-zubehoer-und-schutz\/\"]}]},{\"@type\":\"ImageObject\",\"inLanguage\":\"de\",\"@id\":\"https:\/\/footwear.trocellen.com\/de\/anwendungen\/motorrad-zubehoer-und-schutz\/#primaryimage\",\"url\":\"https:\/\/footwear.trocellen.com\/wp-content\/uploads\/sites\/7\/2017\/08\/trocellen_cargo_boxes_003-300x255.png\",\"contentUrl\":\"https:\/\/footwear.trocellen.com\/wp-content\/uploads\/sites\/7\/2017\/08\/trocellen_cargo_boxes_003-300x255.png\"},{\"@type\":\"BreadcrumbList\",\"@id\":\"https:\/\/footwear.trocellen.com\/de\/anwendungen\/motorrad-zubehoer-und-schutz\/#breadcrumb\",\"itemListElement\":[{\"@type\":\"ListItem\",\"position\":1,\"name\":\"Home\",\"item\":\"https:\/\/footwear.trocellen.com\/de\/\"},{\"@type\":\"ListItem\",\"position\":2,\"name\":\"Anwendungen\",\"item\":\"https:\/\/footwear.trocellen.com\/de\/anwendungen\/\"},{\"@type\":\"ListItem\",\"position\":3,\"name\":\"Motorrad Zubeh\u00f6r und Schutz\"}]},{\"@type\":\"WebSite\",\"@id\":\"https:\/\/footwear.trocellen.com\/#website\",\"url\":\"https:\/\/footwear.trocellen.com\/\",\"name\":\"Footwear\",\"description\":\"\",\"potentialAction\":[{\"@type\":\"SearchAction\",\"target\":{\"@type\":\"EntryPoint\",\"urlTemplate\":\"https:\/\/footwear.trocellen.com\/?s={search_term_string}\"},\"query-input\":{\"@type\":\"PropertyValueSpecification\",\"valueRequired\":true,\"valueName\":\"search_term_string\"}}],\"inLanguage\":\"de\"}]}<\/script>\n<!-- \/ Yoast SEO plugin. -->","yoast_head_json":{"title":"Motorrad Zubeh\u00f6r und Schutz - Footwear","robots":{"index":"index","follow":"follow","max-snippet":"max-snippet:-1","max-image-preview":"max-image-preview:large","max-video-preview":"max-video-preview:-1"},"canonical":"https:\/\/footwear.trocellen.com\/de\/anwendungen\/motorrad-zubehoer-und-schutz\/","schema":{"@context":"https:\/\/schema.org","@graph":[{"@type":"WebPage","@id":"https:\/\/footwear.trocellen.com\/de\/anwendungen\/motorrad-zubehoer-und-schutz\/","url":"https:\/\/footwear.trocellen.com\/de\/anwendungen\/motorrad-zubehoer-und-schutz\/","name":"Motorrad Zubeh\u00f6r und Schutz - Footwear","isPartOf":{"@id":"https:\/\/footwear.trocellen.com\/#website"},"primaryImageOfPage":{"@id":"https:\/\/footwear.trocellen.com\/de\/anwendungen\/motorrad-zubehoer-und-schutz\/#primaryimage"},"image":{"@id":"https:\/\/footwear.trocellen.com\/de\/anwendungen\/motorrad-zubehoer-und-schutz\/#primaryimage"},"thumbnailUrl":"https:\/\/footwear.trocellen.com\/wp-content\/uploads\/sites\/7\/2017\/08\/trocellen_cargo_boxes_003-300x255.png","datePublished":"2017-08-17T12:59:15+00:00","dateModified":"2017-08-17T12:59:15+00:00","breadcrumb":{"@id":"https:\/\/footwear.trocellen.com\/de\/anwendungen\/motorrad-zubehoer-und-schutz\/#breadcrumb"},"inLanguage":"de","potentialAction":[{"@type":"ReadAction","target":["https:\/\/footwear.trocellen.com\/de\/anwendungen\/motorrad-zubehoer-und-schutz\/"]}]},{"@type":"ImageObject","inLanguage":"de","@id":"https:\/\/footwear.trocellen.com\/de\/anwendungen\/motorrad-zubehoer-und-schutz\/#primaryimage","url":"https:\/\/footwear.trocellen.com\/wp-content\/uploads\/sites\/7\/2017\/08\/trocellen_cargo_boxes_003-300x255.png","contentUrl":"https:\/\/footwear.trocellen.com\/wp-content\/uploads\/sites\/7\/2017\/08\/trocellen_cargo_boxes_003-300x255.png"},{"@type":"BreadcrumbList","@id":"https:\/\/footwear.trocellen.com\/de\/anwendungen\/motorrad-zubehoer-und-schutz\/#breadcrumb","itemListElement":[{"@type":"ListItem","position":1,"name":"Home","item":"https:\/\/footwear.trocellen.com\/de\/"},{"@type":"ListItem","position":2,"name":"Anwendungen","item":"https:\/\/footwear.trocellen.com\/de\/anwendungen\/"},{"@type":"ListItem","position":3,"name":"Motorrad Zubeh\u00f6r und Schutz"}]},{"@type":"WebSite","@id":"https:\/\/footwear.trocellen.com\/#website","url":"https:\/\/footwear.trocellen.com\/","name":"Footwear","description":"","potentialAction":[{"@type":"SearchAction","target":{"@type":"EntryPoint","urlTemplate":"https:\/\/footwear.trocellen.com\/?s={search_term_string}"},"query-input":{"@type":"PropertyValueSpecification","valueRequired":true,"valueName":"search_term_string"}}],"inLanguage":"de"}]}},"_links":{"self":[{"href":"https:\/\/footwear.trocellen.com\/de\/wp-json\/wp\/v2\/pages\/888","targetHints":{"allow":["GET"]}}],"collection":[{"href":"https:\/\/footwear.trocellen.com\/de\/wp-json\/wp\/v2\/pages"}],"about":[{"href":"https:\/\/footwear.trocellen.com\/de\/wp-json\/wp\/v2\/types\/page"}],"author":[{"embeddable":true,"href":"https:\/\/footwear.trocellen.com\/de\/wp-json\/wp\/v2\/users\/1"}],"replies":[{"embeddable":true,"href":"https:\/\/footwear.trocellen.com\/de\/wp-json\/wp\/v2\/comments?post=888"}],"version-history":[{"count":0,"href":"https:\/\/footwear.trocellen.com\/de\/wp-json\/wp\/v2\/pages\/888\/revisions"}],"up":[{"embeddable":true,"href":"https:\/\/footwear.trocellen.com\/de\/wp-json\/wp\/v2\/pages\/853"}],"wp:attachment":[{"href":"https:\/\/footwear.trocellen.com\/de\/wp-json\/wp\/v2\/media?parent=888"}],"curies":[{"name":"wp","href":"https:\/\/api.w.org\/{rel}","templated":true}]}}