{"id":749,"date":"2013-12-08T20:01:33","date_gmt":"2013-12-08T20:01:33","guid":{"rendered":"https:\/\/footwear.usernet.hu\/plantillas\/"},"modified":"2013-12-08T20:01:33","modified_gmt":"2013-12-08T20:01:33","slug":"plantillas","status":"publish","type":"page","link":"https:\/\/footwear.trocellen.com\/es\/aplicaciones\/interiores\/plantillas\/","title":{"rendered":"Plantillas"},"content":{"rendered":"<p>Las espumas de polietileno reticulado Trocellen combinadas con otros materiales de alta calidad ofrecen unas soluciones creativas, confortables \u00a0y orientadas \u00a0a la industria del calzado.<\/p>\n<p>En todas nuestras combinaciones de materiales y diferentes m\u00e9todos de transformaci\u00f3n cumplimos los requisitos de nuestros clientes respecto a la estabilidad, seguridad, higiene y calidad para sus plantillas.<\/p>\n<h2>Plantillas conductivas (patentado por Trocellen)<\/h2>\n<h3>Materiales y dimensiones<\/h3>\n<ul>\n<li>Espuma de polietileno reticulado qu\u00edmica y f\u00edsicamente reticulado<\/li>\n<li>En la parte superior laminado con textiles t\u00e9cnicos y con fieltro conductivo por la parte inferior<\/li>\n<li>Gama de espesores entre 4 \u2013 6 mm<\/li>\n<\/ul>\n<h3>Propiedades<\/h3>\n<ul>\n<li>Alta conductividad (&lt;10^4 Ohm)<\/li>\n<li>Alta resistencia a la abrasi\u00f3n<\/li>\n<li>Altamente transpirable y de bajo contenido de humedad<\/li>\n<li>Disponible un tratamiento antibacteriano para espumas de polietileno\u00a0reticulado<\/li>\n<li>Facil de termo-moldear<\/li>\n<li>Larga duraci\u00f3n<\/li>\n<li>Sin PVC y sin VOC<\/li>\n<li>Las fibras del fieltro est\u00e1n ligadas (cosidas) verticalmente a la espuma de polietileno reticulado asegurando un contacto f\u00edsico constante entre los dos lados de la plantilla, consigui\u00e9ndose una elevada conductividad<\/li>\n<li>F\u00e1cil de insertar en los zapatos<\/li>\n<\/ul>\n<h2>Plantillas termomoldeadas<\/h2>\n<h3>Materiales y dimensiones<\/h3>\n<ul>\n<li>Espuma de polietileno reticulado<\/li>\n<li>Simples, perforadas, cubiertas de una capa termo adhesiva o laminadas con t\u00e9xtiles t\u00e9cnicos<\/li>\n<li>Gama r\u00edgida entre 70 \u2013 250 kg\/m3<\/li>\n<li>Gama espesores entre 4 \u2013 6 mm<\/li>\n<\/ul>\n<h3>Propiedades<\/h3>\n<ul>\n<li>Comodidad<\/li>\n<li>Bajo peso<\/li>\n<li>Larga duraci\u00f3n<\/li>\n<li>Alta resistencia a la abrasi\u00f3n<\/li>\n<li>Aislamiento t\u00e9rmico<\/li>\n<li>Termo-moldeabilidad precisa<\/li>\n<li>Disponible un tratamiento antibacteriano en las versiones con tejido laminado<\/li>\n<li>Transpirabilidad en la versi\u00f3n perforada<\/li>\n<li>F\u00e1cil de insertar en los zapatos.<\/li>\n<\/ul>\n<h2>Plantillas perforadas<\/h2>\n<h3>Materiales y dimensiones<img loading=\"lazy\" decoding=\"async\" class=\"alignright size-medium wp-image-501\" src=\"https:\/\/footwear.trocellen.com\/wp-content\/uploads\/sites\/7\/2013\/12\/insoles_001-300x169.png\" alt=\"\" width=\"300\" height=\"169\" srcset=\"https:\/\/footwear.trocellen.com\/wp-content\/uploads\/sites\/7\/2013\/12\/insoles_001-300x169.png 300w, https:\/\/footwear.trocellen.com\/wp-content\/uploads\/sites\/7\/2013\/12\/insoles_001-768x432.png 768w, https:\/\/footwear.trocellen.com\/wp-content\/uploads\/sites\/7\/2013\/12\/insoles_001-1024x576.png 1024w\" sizes=\"auto, (max-width: 300px) 100vw, 300px\" \/><\/h3>\n<ul>\n<li>Espuma de polietileno reticulado<\/li>\n<li>Laminada con espumas de poliuretano y tejidos t\u00e9cnicos<\/li>\n<li>Gama r\u00edgida de 150 kg\/m3<\/li>\n<li>Gama de espesor entre 4 \u2013 5 mm<\/li>\n<\/ul>\n<h3>Propiedades<\/h3>\n<ul>\n<li>Comodidad<\/li>\n<li>Bajo peso<\/li>\n<li>Transpirabilidad en la versi\u00f3n perforada<\/li>\n<li>Alta resistencia a la abrasi\u00f3n<\/li>\n<li>Larga duraci\u00f3n<\/li>\n<li>Proceso sencillo de manipulaci\u00f3n y f\u00e1cil de insertar en los zapatos.<\/li>\n<li>Sin PVC y sin VOC<\/li>\n<li>Aislamiento t\u00e9rmico<\/li>\n<li>Comodidad<\/li>\n<\/ul>\n<h3>Materiales y dimensiones<\/h3>\n<p>Fieltro laminado con espumas de poliuretano y tejidos t\u00e9cnicos.<\/p>\n<h3>Propiedades<\/h3>\n<ul>\n<li>Comodidad<\/li>\n<li>Transpirable<\/li>\n<li>Sin PVC y sin VOC<\/li>\n<\/ul>\n<h3>Materiales y dimensiones<\/h3>\n<ul>\n<li>Espuma de poliuretano reciclado<\/li>\n<li>Simple o con adhesivo<\/li>\n<\/ul>\n<h3><strong>Propiedades<\/strong><\/h3>\n<ul>\n<li>Transpirable<\/li>\n<li>Disponible con tratamiento\u00a0antibacteriano<\/li>\n<li>Imprimible para ser personalizada<\/li>\n<li>Sin PVC y sin VOC<\/li>\n<\/ul>\n","protected":false},"excerpt":{"rendered":"<p>Las espumas de polietileno reticulado Trocellen combinadas con otros materiales de alta calidad ofrecen unas soluciones creativas, confortables \u00a0y orientadas \u00a0a la industria del calzado. En todas nuestras combinaciones de materiales y diferentes m\u00e9todos de transformaci\u00f3n cumplimos los requisitos de nuestros clientes respecto a la estabilidad, seguridad, higiene y calidad para sus plantillas. Plantillas conductivas [&hellip;]<\/p>\n","protected":false},"author":6,"featured_media":0,"parent":731,"menu_order":0,"comment_status":"open","ping_status":"open","template":"","meta":{"_acf_changed":false,"footnotes":""},"class_list":["post-749","page","type-page","status-publish","hentry"],"acf":[],"yoast_head":"<!-- This site is optimized with the Yoast SEO plugin v23.5 - https:\/\/yoast.com\/wordpress\/plugins\/seo\/ -->\n<title>Plantillas - Footwear<\/title>\n<meta name=\"robots\" content=\"index, follow, max-snippet:-1, max-image-preview:large, max-video-preview:-1\" \/>\n<link rel=\"canonical\" href=\"https:\/\/footwear.trocellen.com\/es\/aplicaciones\/interiores\/plantillas\/\" \/>\n<meta name=\"twitter:label1\" content=\"Tiempo de lectura\" \/>\n\t<meta name=\"twitter:data1\" content=\"2 minutos\" \/>\n<script type=\"application\/ld+json\" class=\"yoast-schema-graph\">{\"@context\":\"https:\/\/schema.org\",\"@graph\":[{\"@type\":\"WebPage\",\"@id\":\"https:\/\/footwear.trocellen.com\/es\/aplicaciones\/interiores\/plantillas\/\",\"url\":\"https:\/\/footwear.trocellen.com\/es\/aplicaciones\/interiores\/plantillas\/\",\"name\":\"Plantillas - Footwear\",\"isPartOf\":{\"@id\":\"https:\/\/footwear.trocellen.com\/#website\"},\"primaryImageOfPage\":{\"@id\":\"https:\/\/footwear.trocellen.com\/es\/aplicaciones\/interiores\/plantillas\/#primaryimage\"},\"image\":{\"@id\":\"https:\/\/footwear.trocellen.com\/es\/aplicaciones\/interiores\/plantillas\/#primaryimage\"},\"thumbnailUrl\":\"https:\/\/footwear.trocellen.com\/wp-content\/uploads\/sites\/7\/2013\/12\/insoles_001-300x169.png\",\"datePublished\":\"2013-12-08T20:01:33+00:00\",\"dateModified\":\"2013-12-08T20:01:33+00:00\",\"breadcrumb\":{\"@id\":\"https:\/\/footwear.trocellen.com\/es\/aplicaciones\/interiores\/plantillas\/#breadcrumb\"},\"inLanguage\":\"es\",\"potentialAction\":[{\"@type\":\"ReadAction\",\"target\":[\"https:\/\/footwear.trocellen.com\/es\/aplicaciones\/interiores\/plantillas\/\"]}]},{\"@type\":\"ImageObject\",\"inLanguage\":\"es\",\"@id\":\"https:\/\/footwear.trocellen.com\/es\/aplicaciones\/interiores\/plantillas\/#primaryimage\",\"url\":\"https:\/\/footwear.trocellen.com\/wp-content\/uploads\/sites\/7\/2013\/12\/insoles_001-300x169.png\",\"contentUrl\":\"https:\/\/footwear.trocellen.com\/wp-content\/uploads\/sites\/7\/2013\/12\/insoles_001-300x169.png\"},{\"@type\":\"BreadcrumbList\",\"@id\":\"https:\/\/footwear.trocellen.com\/es\/aplicaciones\/interiores\/plantillas\/#breadcrumb\",\"itemListElement\":[{\"@type\":\"ListItem\",\"position\":1,\"name\":\"Home\",\"item\":\"https:\/\/footwear.trocellen.com\/es\/\"},{\"@type\":\"ListItem\",\"position\":2,\"name\":\"Aplicaciones\",\"item\":\"https:\/\/footwear.trocellen.com\/es\/aplicaciones\/\"},{\"@type\":\"ListItem\",\"position\":3,\"name\":\"Interiores\",\"item\":\"https:\/\/footwear.trocellen.com\/es\/aplicaciones\/interiores\/\"},{\"@type\":\"ListItem\",\"position\":4,\"name\":\"Plantillas\"}]},{\"@type\":\"WebSite\",\"@id\":\"https:\/\/footwear.trocellen.com\/#website\",\"url\":\"https:\/\/footwear.trocellen.com\/\",\"name\":\"Footwear\",\"description\":\"\",\"potentialAction\":[{\"@type\":\"SearchAction\",\"target\":{\"@type\":\"EntryPoint\",\"urlTemplate\":\"https:\/\/footwear.trocellen.com\/?s={search_term_string}\"},\"query-input\":{\"@type\":\"PropertyValueSpecification\",\"valueRequired\":true,\"valueName\":\"search_term_string\"}}],\"inLanguage\":\"es\"}]}<\/script>\n<!-- \/ Yoast SEO plugin. -->","yoast_head_json":{"title":"Plantillas - Footwear","robots":{"index":"index","follow":"follow","max-snippet":"max-snippet:-1","max-image-preview":"max-image-preview:large","max-video-preview":"max-video-preview:-1"},"canonical":"https:\/\/footwear.trocellen.com\/es\/aplicaciones\/interiores\/plantillas\/","twitter_misc":{"Tiempo de lectura":"2 minutos"},"schema":{"@context":"https:\/\/schema.org","@graph":[{"@type":"WebPage","@id":"https:\/\/footwear.trocellen.com\/es\/aplicaciones\/interiores\/plantillas\/","url":"https:\/\/footwear.trocellen.com\/es\/aplicaciones\/interiores\/plantillas\/","name":"Plantillas - Footwear","isPartOf":{"@id":"https:\/\/footwear.trocellen.com\/#website"},"primaryImageOfPage":{"@id":"https:\/\/footwear.trocellen.com\/es\/aplicaciones\/interiores\/plantillas\/#primaryimage"},"image":{"@id":"https:\/\/footwear.trocellen.com\/es\/aplicaciones\/interiores\/plantillas\/#primaryimage"},"thumbnailUrl":"https:\/\/footwear.trocellen.com\/wp-content\/uploads\/sites\/7\/2013\/12\/insoles_001-300x169.png","datePublished":"2013-12-08T20:01:33+00:00","dateModified":"2013-12-08T20:01:33+00:00","breadcrumb":{"@id":"https:\/\/footwear.trocellen.com\/es\/aplicaciones\/interiores\/plantillas\/#breadcrumb"},"inLanguage":"es","potentialAction":[{"@type":"ReadAction","target":["https:\/\/footwear.trocellen.com\/es\/aplicaciones\/interiores\/plantillas\/"]}]},{"@type":"ImageObject","inLanguage":"es","@id":"https:\/\/footwear.trocellen.com\/es\/aplicaciones\/interiores\/plantillas\/#primaryimage","url":"https:\/\/footwear.trocellen.com\/wp-content\/uploads\/sites\/7\/2013\/12\/insoles_001-300x169.png","contentUrl":"https:\/\/footwear.trocellen.com\/wp-content\/uploads\/sites\/7\/2013\/12\/insoles_001-300x169.png"},{"@type":"BreadcrumbList","@id":"https:\/\/footwear.trocellen.com\/es\/aplicaciones\/interiores\/plantillas\/#breadcrumb","itemListElement":[{"@type":"ListItem","position":1,"name":"Home","item":"https:\/\/footwear.trocellen.com\/es\/"},{"@type":"ListItem","position":2,"name":"Aplicaciones","item":"https:\/\/footwear.trocellen.com\/es\/aplicaciones\/"},{"@type":"ListItem","position":3,"name":"Interiores","item":"https:\/\/footwear.trocellen.com\/es\/aplicaciones\/interiores\/"},{"@type":"ListItem","position":4,"name":"Plantillas"}]},{"@type":"WebSite","@id":"https:\/\/footwear.trocellen.com\/#website","url":"https:\/\/footwear.trocellen.com\/","name":"Footwear","description":"","potentialAction":[{"@type":"SearchAction","target":{"@type":"EntryPoint","urlTemplate":"https:\/\/footwear.trocellen.com\/?s={search_term_string}"},"query-input":{"@type":"PropertyValueSpecification","valueRequired":true,"valueName":"search_term_string"}}],"inLanguage":"es"}]}},"_links":{"self":[{"href":"https:\/\/footwear.trocellen.com\/es\/wp-json\/wp\/v2\/pages\/749","targetHints":{"allow":["GET"]}}],"collection":[{"href":"https:\/\/footwear.trocellen.com\/es\/wp-json\/wp\/v2\/pages"}],"about":[{"href":"https:\/\/footwear.trocellen.com\/es\/wp-json\/wp\/v2\/types\/page"}],"author":[{"embeddable":true,"href":"https:\/\/footwear.trocellen.com\/es\/wp-json\/wp\/v2\/users\/6"}],"replies":[{"embeddable":true,"href":"https:\/\/footwear.trocellen.com\/es\/wp-json\/wp\/v2\/comments?post=749"}],"version-history":[{"count":0,"href":"https:\/\/footwear.trocellen.com\/es\/wp-json\/wp\/v2\/pages\/749\/revisions"}],"up":[{"embeddable":true,"href":"https:\/\/footwear.trocellen.com\/es\/wp-json\/wp\/v2\/pages\/731"}],"wp:attachment":[{"href":"https:\/\/footwear.trocellen.com\/es\/wp-json\/wp\/v2\/media?parent=749"}],"curies":[{"name":"wp","href":"https:\/\/api.w.org\/{rel}","templated":true}]}}