{"id":755,"date":"2013-12-08T20:12:33","date_gmt":"2013-12-08T20:12:33","guid":{"rendered":"https:\/\/footwear.usernet.hu\/rellenos-para-plantillas\/"},"modified":"2013-12-08T20:12:33","modified_gmt":"2013-12-08T20:12:33","slug":"rellenos-para-plantillas","status":"publish","type":"page","link":"https:\/\/footwear.trocellen.com\/es\/aplicaciones\/interiores\/rellenos-para-plantillas\/","title":{"rendered":"Rellenos para plantillas"},"content":{"rendered":"<p>La conocida y fiable tecnolog\u00eda Trocellen empleada en Tatamis para artes marciales, est\u00e1 siendo tambi\u00e9n usada en la industria del calzado. M\u00e1ximo nivel de absorci\u00f3n a los golpes combinada con la ligereza del material y la facilidad para realizar prototipos en los procesos productivos crea una posibilidad, \u00fanica en el mercado, de incrementar los beneficios de su negocio y la satisfacci\u00f3n del usuario final.<\/p>\n<h2>Material<\/h2>\n<ul>\n<li>Espuma de polietileno reticulada<\/li>\n<li>Densidades<\/li>\n<li>115 kg\/m\u00b3 (r\u00edgido)<\/li>\n<li>90kg\/m\u00b3 (medio)<\/li>\n<li>70 kg\/m\u00b3 (medio-suave)<\/li>\n<li>Perforaci\u00f3n de agujeros disponible en 1.5, 2.3 y 4 mm con diferentes patrones de ensayo<\/li>\n<\/ul>\n<h2>Aplicaciones<\/h2>\n<ul>\n<li>Plantillas para cualquier tipo de zapatos<\/li>\n<li>Desde calzado de seguridad a calzado gen\u00e9rico de tiempo libre<\/li>\n<\/ul>\n<h2>Propiedades<\/h2>\n<ul>\n<li>Ligero<\/li>\n<li>Absorci\u00f3n a los golpes y larga duraci\u00f3n<\/li>\n<li>Material transpirable a trav\u00e9s de procesos de perforaci\u00f3n<\/li>\n<li>Termomoldeado usado en prototipos y procesos de producci\u00f3nc<img loading=\"lazy\" decoding=\"async\" class=\"size-full wp-image-19 alignright\" src=\"https:\/\/footwear.trocellen.com\/wp-content\/uploads\/sites\/7\/2013\/12\/shockfreeforinsoles1.jpg\" alt=\"shockfreeforinsoles1\" width=\"123\" height=\"94\" \/><\/li>\n<\/ul>\n<h2>Certificaciones de las prestaciones<\/h2>\n<p>Trocellen Shockfree ha sido probado con diferentes tipos de espumas de polietileno reticulado y espumas de poliuretano. Pruebas realizadas por Ricotest, laboratorio mundialmente conocido por sus pruebas en el sector del calzado.<\/p>\n<p><img loading=\"lazy\" decoding=\"async\" class=\"alignnone size-full wp-image-53\" src=\"https:\/\/footwear.trocellen.com\/wp-content\/uploads\/sites\/7\/2013\/12\/shockfreeforpaddings.jpg\" alt=\"shockfreeforpaddings\" width=\"892\" height=\"394\" srcset=\"https:\/\/footwear.trocellen.com\/wp-content\/uploads\/sites\/7\/2013\/12\/shockfreeforpaddings.jpg 892w, https:\/\/footwear.trocellen.com\/wp-content\/uploads\/sites\/7\/2013\/12\/shockfreeforpaddings-300x132.jpg 300w\" sizes=\"auto, (max-width: 892px) 100vw, 892px\" \/><\/p>\n<h2>Beneficios<\/h2>\n<ul>\n<li>M\u00e1ximo comodidad y seguridad para el usuario final<\/li>\n<li>A trav\u00e9s de la perforaci\u00f3n del relleno aumenta la transpirabilidad.<\/li>\n<li>Prototipos y procesos de producci\u00f3n simplificados para mejorar la calidad y el rendimiento t\u00e9cnico del producto final<\/li>\n<li>Con Trocellen Shockfree los dise\u00f1adores tienen la completa libertad para seguir las \u00faltimas tendencias de la moda al tiempo que se pueden respetar los requisitos en la absorci\u00f3n de impactos.<\/li>\n<\/ul>\n","protected":false},"excerpt":{"rendered":"<p>La conocida y fiable tecnolog\u00eda Trocellen empleada en Tatamis para artes marciales, est\u00e1 siendo tambi\u00e9n usada en la industria del calzado. M\u00e1ximo nivel de absorci\u00f3n a los golpes combinada con la ligereza del material y la facilidad para realizar prototipos en los procesos productivos crea una posibilidad, \u00fanica en el mercado, de incrementar los beneficios [&hellip;]<\/p>\n","protected":false},"author":6,"featured_media":0,"parent":731,"menu_order":0,"comment_status":"open","ping_status":"open","template":"","meta":{"_acf_changed":false,"footnotes":""},"class_list":["post-755","page","type-page","status-publish","hentry"],"acf":[],"yoast_head":"<!-- This site is optimized with the Yoast SEO plugin v23.5 - https:\/\/yoast.com\/wordpress\/plugins\/seo\/ -->\n<title>Rellenos para plantillas - Footwear<\/title>\n<meta name=\"robots\" content=\"index, follow, max-snippet:-1, max-image-preview:large, max-video-preview:-1\" \/>\n<link rel=\"canonical\" href=\"https:\/\/footwear.trocellen.com\/es\/aplicaciones\/interiores\/rellenos-para-plantillas\/\" \/>\n<meta name=\"twitter:label1\" content=\"Tiempo de lectura\" \/>\n\t<meta name=\"twitter:data1\" content=\"1 minuto\" \/>\n<script type=\"application\/ld+json\" class=\"yoast-schema-graph\">{\"@context\":\"https:\/\/schema.org\",\"@graph\":[{\"@type\":\"WebPage\",\"@id\":\"https:\/\/footwear.trocellen.com\/es\/aplicaciones\/interiores\/rellenos-para-plantillas\/\",\"url\":\"https:\/\/footwear.trocellen.com\/es\/aplicaciones\/interiores\/rellenos-para-plantillas\/\",\"name\":\"Rellenos para plantillas - Footwear\",\"isPartOf\":{\"@id\":\"https:\/\/footwear.trocellen.com\/#website\"},\"primaryImageOfPage\":{\"@id\":\"https:\/\/footwear.trocellen.com\/es\/aplicaciones\/interiores\/rellenos-para-plantillas\/#primaryimage\"},\"image\":{\"@id\":\"https:\/\/footwear.trocellen.com\/es\/aplicaciones\/interiores\/rellenos-para-plantillas\/#primaryimage\"},\"thumbnailUrl\":\"https:\/\/footwear.trocellen.com\/wp-content\/uploads\/sites\/7\/2013\/12\/shockfreeforinsoles1.jpg\",\"datePublished\":\"2013-12-08T20:12:33+00:00\",\"dateModified\":\"2013-12-08T20:12:33+00:00\",\"breadcrumb\":{\"@id\":\"https:\/\/footwear.trocellen.com\/es\/aplicaciones\/interiores\/rellenos-para-plantillas\/#breadcrumb\"},\"inLanguage\":\"es\",\"potentialAction\":[{\"@type\":\"ReadAction\",\"target\":[\"https:\/\/footwear.trocellen.com\/es\/aplicaciones\/interiores\/rellenos-para-plantillas\/\"]}]},{\"@type\":\"ImageObject\",\"inLanguage\":\"es\",\"@id\":\"https:\/\/footwear.trocellen.com\/es\/aplicaciones\/interiores\/rellenos-para-plantillas\/#primaryimage\",\"url\":\"https:\/\/footwear.trocellen.com\/wp-content\/uploads\/sites\/7\/2013\/12\/shockfreeforinsoles1.jpg\",\"contentUrl\":\"https:\/\/footwear.trocellen.com\/wp-content\/uploads\/sites\/7\/2013\/12\/shockfreeforinsoles1.jpg\"},{\"@type\":\"BreadcrumbList\",\"@id\":\"https:\/\/footwear.trocellen.com\/es\/aplicaciones\/interiores\/rellenos-para-plantillas\/#breadcrumb\",\"itemListElement\":[{\"@type\":\"ListItem\",\"position\":1,\"name\":\"Home\",\"item\":\"https:\/\/footwear.trocellen.com\/es\/\"},{\"@type\":\"ListItem\",\"position\":2,\"name\":\"Aplicaciones\",\"item\":\"https:\/\/footwear.trocellen.com\/es\/aplicaciones\/\"},{\"@type\":\"ListItem\",\"position\":3,\"name\":\"Interiores\",\"item\":\"https:\/\/footwear.trocellen.com\/es\/aplicaciones\/interiores\/\"},{\"@type\":\"ListItem\",\"position\":4,\"name\":\"Rellenos para plantillas\"}]},{\"@type\":\"WebSite\",\"@id\":\"https:\/\/footwear.trocellen.com\/#website\",\"url\":\"https:\/\/footwear.trocellen.com\/\",\"name\":\"Footwear\",\"description\":\"\",\"potentialAction\":[{\"@type\":\"SearchAction\",\"target\":{\"@type\":\"EntryPoint\",\"urlTemplate\":\"https:\/\/footwear.trocellen.com\/?s={search_term_string}\"},\"query-input\":{\"@type\":\"PropertyValueSpecification\",\"valueRequired\":true,\"valueName\":\"search_term_string\"}}],\"inLanguage\":\"es\"}]}<\/script>\n<!-- \/ Yoast SEO plugin. -->","yoast_head_json":{"title":"Rellenos para plantillas - Footwear","robots":{"index":"index","follow":"follow","max-snippet":"max-snippet:-1","max-image-preview":"max-image-preview:large","max-video-preview":"max-video-preview:-1"},"canonical":"https:\/\/footwear.trocellen.com\/es\/aplicaciones\/interiores\/rellenos-para-plantillas\/","twitter_misc":{"Tiempo de lectura":"1 minuto"},"schema":{"@context":"https:\/\/schema.org","@graph":[{"@type":"WebPage","@id":"https:\/\/footwear.trocellen.com\/es\/aplicaciones\/interiores\/rellenos-para-plantillas\/","url":"https:\/\/footwear.trocellen.com\/es\/aplicaciones\/interiores\/rellenos-para-plantillas\/","name":"Rellenos para plantillas - Footwear","isPartOf":{"@id":"https:\/\/footwear.trocellen.com\/#website"},"primaryImageOfPage":{"@id":"https:\/\/footwear.trocellen.com\/es\/aplicaciones\/interiores\/rellenos-para-plantillas\/#primaryimage"},"image":{"@id":"https:\/\/footwear.trocellen.com\/es\/aplicaciones\/interiores\/rellenos-para-plantillas\/#primaryimage"},"thumbnailUrl":"https:\/\/footwear.trocellen.com\/wp-content\/uploads\/sites\/7\/2013\/12\/shockfreeforinsoles1.jpg","datePublished":"2013-12-08T20:12:33+00:00","dateModified":"2013-12-08T20:12:33+00:00","breadcrumb":{"@id":"https:\/\/footwear.trocellen.com\/es\/aplicaciones\/interiores\/rellenos-para-plantillas\/#breadcrumb"},"inLanguage":"es","potentialAction":[{"@type":"ReadAction","target":["https:\/\/footwear.trocellen.com\/es\/aplicaciones\/interiores\/rellenos-para-plantillas\/"]}]},{"@type":"ImageObject","inLanguage":"es","@id":"https:\/\/footwear.trocellen.com\/es\/aplicaciones\/interiores\/rellenos-para-plantillas\/#primaryimage","url":"https:\/\/footwear.trocellen.com\/wp-content\/uploads\/sites\/7\/2013\/12\/shockfreeforinsoles1.jpg","contentUrl":"https:\/\/footwear.trocellen.com\/wp-content\/uploads\/sites\/7\/2013\/12\/shockfreeforinsoles1.jpg"},{"@type":"BreadcrumbList","@id":"https:\/\/footwear.trocellen.com\/es\/aplicaciones\/interiores\/rellenos-para-plantillas\/#breadcrumb","itemListElement":[{"@type":"ListItem","position":1,"name":"Home","item":"https:\/\/footwear.trocellen.com\/es\/"},{"@type":"ListItem","position":2,"name":"Aplicaciones","item":"https:\/\/footwear.trocellen.com\/es\/aplicaciones\/"},{"@type":"ListItem","position":3,"name":"Interiores","item":"https:\/\/footwear.trocellen.com\/es\/aplicaciones\/interiores\/"},{"@type":"ListItem","position":4,"name":"Rellenos para plantillas"}]},{"@type":"WebSite","@id":"https:\/\/footwear.trocellen.com\/#website","url":"https:\/\/footwear.trocellen.com\/","name":"Footwear","description":"","potentialAction":[{"@type":"SearchAction","target":{"@type":"EntryPoint","urlTemplate":"https:\/\/footwear.trocellen.com\/?s={search_term_string}"},"query-input":{"@type":"PropertyValueSpecification","valueRequired":true,"valueName":"search_term_string"}}],"inLanguage":"es"}]}},"_links":{"self":[{"href":"https:\/\/footwear.trocellen.com\/es\/wp-json\/wp\/v2\/pages\/755","targetHints":{"allow":["GET"]}}],"collection":[{"href":"https:\/\/footwear.trocellen.com\/es\/wp-json\/wp\/v2\/pages"}],"about":[{"href":"https:\/\/footwear.trocellen.com\/es\/wp-json\/wp\/v2\/types\/page"}],"author":[{"embeddable":true,"href":"https:\/\/footwear.trocellen.com\/es\/wp-json\/wp\/v2\/users\/6"}],"replies":[{"embeddable":true,"href":"https:\/\/footwear.trocellen.com\/es\/wp-json\/wp\/v2\/comments?post=755"}],"version-history":[{"count":0,"href":"https:\/\/footwear.trocellen.com\/es\/wp-json\/wp\/v2\/pages\/755\/revisions"}],"up":[{"embeddable":true,"href":"https:\/\/footwear.trocellen.com\/es\/wp-json\/wp\/v2\/pages\/731"}],"wp:attachment":[{"href":"https:\/\/footwear.trocellen.com\/es\/wp-json\/wp\/v2\/media?parent=755"}],"curies":[{"name":"wp","href":"https:\/\/api.w.org\/{rel}","templated":true}]}}