{"id":761,"date":"2013-12-08T20:20:10","date_gmt":"2013-12-08T20:20:10","guid":{"rendered":"https:\/\/footwear.usernet.hu\/forros\/"},"modified":"2013-12-08T20:20:10","modified_gmt":"2013-12-08T20:20:10","slug":"forros","status":"publish","type":"page","link":"https:\/\/footwear.trocellen.com\/es\/aplicaciones\/interiores\/forros\/","title":{"rendered":"Forros"},"content":{"rendered":"<p>Las espumas de polietileno reticulado Trocellen combinadas con otros materiales de alta calidad ofrecen unas soluciones creativas, confortables y sobre todo orientadas al cliente en la industria del calzado.<\/p>\n<p>Las espumas de poliuretano y poli\u00e9ster garantizan una elevada durabilidad en el tiempo de las caracter\u00edsticas mec\u00e1nicas.<\/p>\n<h2>Materiales y dimensiones<\/h2>\n<ul>\n<li>Espuma de poliuretano, gama entre 20-60<\/li>\n<li>Espuma de poli\u00e9ster, gama entre 65-120<\/li>\n<li>Gama de espesor entre 2-20 mm<\/li>\n<li>Laminado por un lado con tejidos t\u00e9cnicos y por el otro lado con una malla o con una pel\u00edcula termoadhesiva impermeable<\/li>\n<\/ul>\n<h2>Propiedades<\/h2>\n<ul>\n<li>Comodidad<img loading=\"lazy\" decoding=\"async\" class=\"size-full wp-image-26 alignright\" src=\"https:\/\/footwear.trocellen.com\/wp-content\/uploads\/sites\/7\/2013\/12\/linings.jpg\" alt=\"linings\" width=\"180\" height=\"115\" \/><\/li>\n<li>Bajo peso<\/li>\n<li>Transpirable<\/li>\n<li>Larga duraci\u00f3n de las propiedades el\u00e1sticas<\/li>\n<li>Resistente al desgarro<\/li>\n<li>Sin PVC y sin VOC<\/li>\n<li>F\u00e1cil de aplicar<\/li>\n<\/ul>\n","protected":false},"excerpt":{"rendered":"<p>Las espumas de polietileno reticulado Trocellen combinadas con otros materiales de alta calidad ofrecen unas soluciones creativas, confortables y sobre todo orientadas al cliente en la industria del calzado. Las espumas de poliuretano y poli\u00e9ster garantizan una elevada durabilidad en el tiempo de las caracter\u00edsticas mec\u00e1nicas. Materiales y dimensiones Espuma de poliuretano, gama entre 20-60 [&hellip;]<\/p>\n","protected":false},"author":6,"featured_media":0,"parent":731,"menu_order":0,"comment_status":"open","ping_status":"open","template":"","meta":{"_acf_changed":false,"footnotes":""},"class_list":["post-761","page","type-page","status-publish","hentry"],"acf":[],"yoast_head":"<!-- This site is optimized with the Yoast SEO plugin v23.5 - https:\/\/yoast.com\/wordpress\/plugins\/seo\/ -->\n<title>Forros - Footwear<\/title>\n<meta name=\"robots\" content=\"index, follow, max-snippet:-1, max-image-preview:large, max-video-preview:-1\" \/>\n<link rel=\"canonical\" href=\"https:\/\/footwear.trocellen.com\/es\/aplicaciones\/interiores\/forros\/\" \/>\n<meta name=\"twitter:label1\" content=\"Tiempo de lectura\" \/>\n\t<meta name=\"twitter:data1\" content=\"1 minuto\" \/>\n<script type=\"application\/ld+json\" class=\"yoast-schema-graph\">{\"@context\":\"https:\/\/schema.org\",\"@graph\":[{\"@type\":\"WebPage\",\"@id\":\"https:\/\/footwear.trocellen.com\/es\/aplicaciones\/interiores\/forros\/\",\"url\":\"https:\/\/footwear.trocellen.com\/es\/aplicaciones\/interiores\/forros\/\",\"name\":\"Forros - Footwear\",\"isPartOf\":{\"@id\":\"https:\/\/footwear.trocellen.com\/#website\"},\"primaryImageOfPage\":{\"@id\":\"https:\/\/footwear.trocellen.com\/es\/aplicaciones\/interiores\/forros\/#primaryimage\"},\"image\":{\"@id\":\"https:\/\/footwear.trocellen.com\/es\/aplicaciones\/interiores\/forros\/#primaryimage\"},\"thumbnailUrl\":\"https:\/\/footwear.trocellen.com\/wp-content\/uploads\/sites\/7\/2013\/12\/linings.jpg\",\"datePublished\":\"2013-12-08T20:20:10+00:00\",\"dateModified\":\"2013-12-08T20:20:10+00:00\",\"breadcrumb\":{\"@id\":\"https:\/\/footwear.trocellen.com\/es\/aplicaciones\/interiores\/forros\/#breadcrumb\"},\"inLanguage\":\"es\",\"potentialAction\":[{\"@type\":\"ReadAction\",\"target\":[\"https:\/\/footwear.trocellen.com\/es\/aplicaciones\/interiores\/forros\/\"]}]},{\"@type\":\"ImageObject\",\"inLanguage\":\"es\",\"@id\":\"https:\/\/footwear.trocellen.com\/es\/aplicaciones\/interiores\/forros\/#primaryimage\",\"url\":\"https:\/\/footwear.trocellen.com\/wp-content\/uploads\/sites\/7\/2013\/12\/linings.jpg\",\"contentUrl\":\"https:\/\/footwear.trocellen.com\/wp-content\/uploads\/sites\/7\/2013\/12\/linings.jpg\"},{\"@type\":\"BreadcrumbList\",\"@id\":\"https:\/\/footwear.trocellen.com\/es\/aplicaciones\/interiores\/forros\/#breadcrumb\",\"itemListElement\":[{\"@type\":\"ListItem\",\"position\":1,\"name\":\"Home\",\"item\":\"https:\/\/footwear.trocellen.com\/es\/\"},{\"@type\":\"ListItem\",\"position\":2,\"name\":\"Aplicaciones\",\"item\":\"https:\/\/footwear.trocellen.com\/es\/aplicaciones\/\"},{\"@type\":\"ListItem\",\"position\":3,\"name\":\"Interiores\",\"item\":\"https:\/\/footwear.trocellen.com\/es\/aplicaciones\/interiores\/\"},{\"@type\":\"ListItem\",\"position\":4,\"name\":\"Forros\"}]},{\"@type\":\"WebSite\",\"@id\":\"https:\/\/footwear.trocellen.com\/#website\",\"url\":\"https:\/\/footwear.trocellen.com\/\",\"name\":\"Footwear\",\"description\":\"\",\"potentialAction\":[{\"@type\":\"SearchAction\",\"target\":{\"@type\":\"EntryPoint\",\"urlTemplate\":\"https:\/\/footwear.trocellen.com\/?s={search_term_string}\"},\"query-input\":{\"@type\":\"PropertyValueSpecification\",\"valueRequired\":true,\"valueName\":\"search_term_string\"}}],\"inLanguage\":\"es\"}]}<\/script>\n<!-- \/ Yoast SEO plugin. -->","yoast_head_json":{"title":"Forros - Footwear","robots":{"index":"index","follow":"follow","max-snippet":"max-snippet:-1","max-image-preview":"max-image-preview:large","max-video-preview":"max-video-preview:-1"},"canonical":"https:\/\/footwear.trocellen.com\/es\/aplicaciones\/interiores\/forros\/","twitter_misc":{"Tiempo de lectura":"1 minuto"},"schema":{"@context":"https:\/\/schema.org","@graph":[{"@type":"WebPage","@id":"https:\/\/footwear.trocellen.com\/es\/aplicaciones\/interiores\/forros\/","url":"https:\/\/footwear.trocellen.com\/es\/aplicaciones\/interiores\/forros\/","name":"Forros - Footwear","isPartOf":{"@id":"https:\/\/footwear.trocellen.com\/#website"},"primaryImageOfPage":{"@id":"https:\/\/footwear.trocellen.com\/es\/aplicaciones\/interiores\/forros\/#primaryimage"},"image":{"@id":"https:\/\/footwear.trocellen.com\/es\/aplicaciones\/interiores\/forros\/#primaryimage"},"thumbnailUrl":"https:\/\/footwear.trocellen.com\/wp-content\/uploads\/sites\/7\/2013\/12\/linings.jpg","datePublished":"2013-12-08T20:20:10+00:00","dateModified":"2013-12-08T20:20:10+00:00","breadcrumb":{"@id":"https:\/\/footwear.trocellen.com\/es\/aplicaciones\/interiores\/forros\/#breadcrumb"},"inLanguage":"es","potentialAction":[{"@type":"ReadAction","target":["https:\/\/footwear.trocellen.com\/es\/aplicaciones\/interiores\/forros\/"]}]},{"@type":"ImageObject","inLanguage":"es","@id":"https:\/\/footwear.trocellen.com\/es\/aplicaciones\/interiores\/forros\/#primaryimage","url":"https:\/\/footwear.trocellen.com\/wp-content\/uploads\/sites\/7\/2013\/12\/linings.jpg","contentUrl":"https:\/\/footwear.trocellen.com\/wp-content\/uploads\/sites\/7\/2013\/12\/linings.jpg"},{"@type":"BreadcrumbList","@id":"https:\/\/footwear.trocellen.com\/es\/aplicaciones\/interiores\/forros\/#breadcrumb","itemListElement":[{"@type":"ListItem","position":1,"name":"Home","item":"https:\/\/footwear.trocellen.com\/es\/"},{"@type":"ListItem","position":2,"name":"Aplicaciones","item":"https:\/\/footwear.trocellen.com\/es\/aplicaciones\/"},{"@type":"ListItem","position":3,"name":"Interiores","item":"https:\/\/footwear.trocellen.com\/es\/aplicaciones\/interiores\/"},{"@type":"ListItem","position":4,"name":"Forros"}]},{"@type":"WebSite","@id":"https:\/\/footwear.trocellen.com\/#website","url":"https:\/\/footwear.trocellen.com\/","name":"Footwear","description":"","potentialAction":[{"@type":"SearchAction","target":{"@type":"EntryPoint","urlTemplate":"https:\/\/footwear.trocellen.com\/?s={search_term_string}"},"query-input":{"@type":"PropertyValueSpecification","valueRequired":true,"valueName":"search_term_string"}}],"inLanguage":"es"}]}},"_links":{"self":[{"href":"https:\/\/footwear.trocellen.com\/es\/wp-json\/wp\/v2\/pages\/761","targetHints":{"allow":["GET"]}}],"collection":[{"href":"https:\/\/footwear.trocellen.com\/es\/wp-json\/wp\/v2\/pages"}],"about":[{"href":"https:\/\/footwear.trocellen.com\/es\/wp-json\/wp\/v2\/types\/page"}],"author":[{"embeddable":true,"href":"https:\/\/footwear.trocellen.com\/es\/wp-json\/wp\/v2\/users\/6"}],"replies":[{"embeddable":true,"href":"https:\/\/footwear.trocellen.com\/es\/wp-json\/wp\/v2\/comments?post=761"}],"version-history":[{"count":0,"href":"https:\/\/footwear.trocellen.com\/es\/wp-json\/wp\/v2\/pages\/761\/revisions"}],"up":[{"embeddable":true,"href":"https:\/\/footwear.trocellen.com\/es\/wp-json\/wp\/v2\/pages\/731"}],"wp:attachment":[{"href":"https:\/\/footwear.trocellen.com\/es\/wp-json\/wp\/v2\/media?parent=761"}],"curies":[{"name":"wp","href":"https:\/\/api.w.org\/{rel}","templated":true}]}}