{"id":803,"date":"2013-12-08T20:56:36","date_gmt":"2013-12-08T20:56:36","guid":{"rendered":"https:\/\/footwear.usernet.hu\/rellenos-vestuario-tecnico\/"},"modified":"2013-12-08T20:56:36","modified_gmt":"2013-12-08T20:56:36","slug":"rellenos-vestuario-tecnico","status":"publish","type":"page","link":"https:\/\/footwear.trocellen.com\/es\/aplicaciones\/rellenos-y-proteccion\/rellenos-vestuario-tecnico\/","title":{"rendered":"Rellenos vestuario t\u00e9cnico"},"content":{"rendered":"<p>Trocellen se concentra no s\u00f3lo en ofrecer espumas de polietileno reticulado sino tambi\u00e9n en el desarrollo de aplicaciones y de soluciones personalizadas. Rellenos de espuma para maillots de ciclismo, ofrecen mayor comodidad y seguridad a los ciclistas y mayores ventajas en la realizaci\u00f3n de soluciones aplicadas.<\/p>\n<h2>Materiales y dimensiones<\/h2>\n<p><img loading=\"lazy\" decoding=\"async\" class=\"alignright size-medium wp-image-517\" src=\"https:\/\/footwear.trocellen.com\/wp-content\/uploads\/sites\/7\/2013\/12\/footwear_clothing_paddings_001-300x169.png\" alt=\"\" width=\"300\" height=\"169\" srcset=\"https:\/\/footwear.trocellen.com\/wp-content\/uploads\/sites\/7\/2013\/12\/footwear_clothing_paddings_001-300x169.png 300w, https:\/\/footwear.trocellen.com\/wp-content\/uploads\/sites\/7\/2013\/12\/footwear_clothing_paddings_001-768x432.png 768w, https:\/\/footwear.trocellen.com\/wp-content\/uploads\/sites\/7\/2013\/12\/footwear_clothing_paddings_001-1024x576.png 1024w\" sizes=\"auto, (max-width: 300px) 100vw, 300px\" \/><\/p>\n<ul>\n<li>Espuma de poliuretano<\/li>\n<li>Laminado con tejidos el\u00e1sticos<\/li>\n<li>95 kg\/m<sup>3<\/sup> gama suave<\/li>\n<li>Gama de espesor entre 8 \u2013 10 mm<\/li>\n<\/ul>\n<h2>Propiedades<\/h2>\n<ul>\n<li>Comodidad<\/li>\n<li>Transpirable<\/li>\n<li>Termo-moldeable con alta precisi\u00f3n<\/li>\n<\/ul>\n","protected":false},"excerpt":{"rendered":"<p>Trocellen se concentra no s\u00f3lo en ofrecer espumas de polietileno reticulado sino tambi\u00e9n en el desarrollo de aplicaciones y de soluciones personalizadas. Rellenos de espuma para maillots de ciclismo, ofrecen mayor comodidad y seguridad a los ciclistas y mayores ventajas en la realizaci\u00f3n de soluciones aplicadas. Materiales y dimensiones Espuma de poliuretano Laminado con tejidos [&hellip;]<\/p>\n","protected":false},"author":6,"featured_media":0,"parent":743,"menu_order":0,"comment_status":"open","ping_status":"open","template":"","meta":{"_acf_changed":false,"footnotes":""},"class_list":["post-803","page","type-page","status-publish","hentry"],"acf":[],"yoast_head":"<!-- This site is optimized with the Yoast SEO plugin v23.5 - https:\/\/yoast.com\/wordpress\/plugins\/seo\/ -->\n<title>Rellenos vestuario t\u00e9cnico - Footwear<\/title>\n<meta name=\"robots\" content=\"index, follow, max-snippet:-1, max-image-preview:large, max-video-preview:-1\" \/>\n<link rel=\"canonical\" href=\"https:\/\/footwear.trocellen.com\/es\/aplicaciones\/rellenos-y-proteccion\/rellenos-vestuario-tecnico\/\" \/>\n<script type=\"application\/ld+json\" class=\"yoast-schema-graph\">{\"@context\":\"https:\/\/schema.org\",\"@graph\":[{\"@type\":\"WebPage\",\"@id\":\"https:\/\/footwear.trocellen.com\/es\/aplicaciones\/rellenos-y-proteccion\/rellenos-vestuario-tecnico\/\",\"url\":\"https:\/\/footwear.trocellen.com\/es\/aplicaciones\/rellenos-y-proteccion\/rellenos-vestuario-tecnico\/\",\"name\":\"Rellenos vestuario t\u00e9cnico - Footwear\",\"isPartOf\":{\"@id\":\"https:\/\/footwear.trocellen.com\/#website\"},\"primaryImageOfPage\":{\"@id\":\"https:\/\/footwear.trocellen.com\/es\/aplicaciones\/rellenos-y-proteccion\/rellenos-vestuario-tecnico\/#primaryimage\"},\"image\":{\"@id\":\"https:\/\/footwear.trocellen.com\/es\/aplicaciones\/rellenos-y-proteccion\/rellenos-vestuario-tecnico\/#primaryimage\"},\"thumbnailUrl\":\"https:\/\/footwear.trocellen.com\/wp-content\/uploads\/sites\/7\/2013\/12\/footwear_clothing_paddings_001-300x169.png\",\"datePublished\":\"2013-12-08T20:56:36+00:00\",\"dateModified\":\"2013-12-08T20:56:36+00:00\",\"breadcrumb\":{\"@id\":\"https:\/\/footwear.trocellen.com\/es\/aplicaciones\/rellenos-y-proteccion\/rellenos-vestuario-tecnico\/#breadcrumb\"},\"inLanguage\":\"es\",\"potentialAction\":[{\"@type\":\"ReadAction\",\"target\":[\"https:\/\/footwear.trocellen.com\/es\/aplicaciones\/rellenos-y-proteccion\/rellenos-vestuario-tecnico\/\"]}]},{\"@type\":\"ImageObject\",\"inLanguage\":\"es\",\"@id\":\"https:\/\/footwear.trocellen.com\/es\/aplicaciones\/rellenos-y-proteccion\/rellenos-vestuario-tecnico\/#primaryimage\",\"url\":\"https:\/\/footwear.trocellen.com\/wp-content\/uploads\/sites\/7\/2013\/12\/footwear_clothing_paddings_001-300x169.png\",\"contentUrl\":\"https:\/\/footwear.trocellen.com\/wp-content\/uploads\/sites\/7\/2013\/12\/footwear_clothing_paddings_001-300x169.png\"},{\"@type\":\"BreadcrumbList\",\"@id\":\"https:\/\/footwear.trocellen.com\/es\/aplicaciones\/rellenos-y-proteccion\/rellenos-vestuario-tecnico\/#breadcrumb\",\"itemListElement\":[{\"@type\":\"ListItem\",\"position\":1,\"name\":\"Home\",\"item\":\"https:\/\/footwear.trocellen.com\/es\/\"},{\"@type\":\"ListItem\",\"position\":2,\"name\":\"Aplicaciones\",\"item\":\"https:\/\/footwear.trocellen.com\/es\/aplicaciones\/\"},{\"@type\":\"ListItem\",\"position\":3,\"name\":\"Rellenos y protecci\u00f3n\",\"item\":\"https:\/\/footwear.trocellen.com\/es\/aplicaciones\/rellenos-y-proteccion\/\"},{\"@type\":\"ListItem\",\"position\":4,\"name\":\"Rellenos vestuario t\u00e9cnico\"}]},{\"@type\":\"WebSite\",\"@id\":\"https:\/\/footwear.trocellen.com\/#website\",\"url\":\"https:\/\/footwear.trocellen.com\/\",\"name\":\"Footwear\",\"description\":\"\",\"potentialAction\":[{\"@type\":\"SearchAction\",\"target\":{\"@type\":\"EntryPoint\",\"urlTemplate\":\"https:\/\/footwear.trocellen.com\/?s={search_term_string}\"},\"query-input\":{\"@type\":\"PropertyValueSpecification\",\"valueRequired\":true,\"valueName\":\"search_term_string\"}}],\"inLanguage\":\"es\"}]}<\/script>\n<!-- \/ Yoast SEO plugin. -->","yoast_head_json":{"title":"Rellenos vestuario t\u00e9cnico - Footwear","robots":{"index":"index","follow":"follow","max-snippet":"max-snippet:-1","max-image-preview":"max-image-preview:large","max-video-preview":"max-video-preview:-1"},"canonical":"https:\/\/footwear.trocellen.com\/es\/aplicaciones\/rellenos-y-proteccion\/rellenos-vestuario-tecnico\/","schema":{"@context":"https:\/\/schema.org","@graph":[{"@type":"WebPage","@id":"https:\/\/footwear.trocellen.com\/es\/aplicaciones\/rellenos-y-proteccion\/rellenos-vestuario-tecnico\/","url":"https:\/\/footwear.trocellen.com\/es\/aplicaciones\/rellenos-y-proteccion\/rellenos-vestuario-tecnico\/","name":"Rellenos vestuario t\u00e9cnico - Footwear","isPartOf":{"@id":"https:\/\/footwear.trocellen.com\/#website"},"primaryImageOfPage":{"@id":"https:\/\/footwear.trocellen.com\/es\/aplicaciones\/rellenos-y-proteccion\/rellenos-vestuario-tecnico\/#primaryimage"},"image":{"@id":"https:\/\/footwear.trocellen.com\/es\/aplicaciones\/rellenos-y-proteccion\/rellenos-vestuario-tecnico\/#primaryimage"},"thumbnailUrl":"https:\/\/footwear.trocellen.com\/wp-content\/uploads\/sites\/7\/2013\/12\/footwear_clothing_paddings_001-300x169.png","datePublished":"2013-12-08T20:56:36+00:00","dateModified":"2013-12-08T20:56:36+00:00","breadcrumb":{"@id":"https:\/\/footwear.trocellen.com\/es\/aplicaciones\/rellenos-y-proteccion\/rellenos-vestuario-tecnico\/#breadcrumb"},"inLanguage":"es","potentialAction":[{"@type":"ReadAction","target":["https:\/\/footwear.trocellen.com\/es\/aplicaciones\/rellenos-y-proteccion\/rellenos-vestuario-tecnico\/"]}]},{"@type":"ImageObject","inLanguage":"es","@id":"https:\/\/footwear.trocellen.com\/es\/aplicaciones\/rellenos-y-proteccion\/rellenos-vestuario-tecnico\/#primaryimage","url":"https:\/\/footwear.trocellen.com\/wp-content\/uploads\/sites\/7\/2013\/12\/footwear_clothing_paddings_001-300x169.png","contentUrl":"https:\/\/footwear.trocellen.com\/wp-content\/uploads\/sites\/7\/2013\/12\/footwear_clothing_paddings_001-300x169.png"},{"@type":"BreadcrumbList","@id":"https:\/\/footwear.trocellen.com\/es\/aplicaciones\/rellenos-y-proteccion\/rellenos-vestuario-tecnico\/#breadcrumb","itemListElement":[{"@type":"ListItem","position":1,"name":"Home","item":"https:\/\/footwear.trocellen.com\/es\/"},{"@type":"ListItem","position":2,"name":"Aplicaciones","item":"https:\/\/footwear.trocellen.com\/es\/aplicaciones\/"},{"@type":"ListItem","position":3,"name":"Rellenos y protecci\u00f3n","item":"https:\/\/footwear.trocellen.com\/es\/aplicaciones\/rellenos-y-proteccion\/"},{"@type":"ListItem","position":4,"name":"Rellenos vestuario t\u00e9cnico"}]},{"@type":"WebSite","@id":"https:\/\/footwear.trocellen.com\/#website","url":"https:\/\/footwear.trocellen.com\/","name":"Footwear","description":"","potentialAction":[{"@type":"SearchAction","target":{"@type":"EntryPoint","urlTemplate":"https:\/\/footwear.trocellen.com\/?s={search_term_string}"},"query-input":{"@type":"PropertyValueSpecification","valueRequired":true,"valueName":"search_term_string"}}],"inLanguage":"es"}]}},"_links":{"self":[{"href":"https:\/\/footwear.trocellen.com\/es\/wp-json\/wp\/v2\/pages\/803","targetHints":{"allow":["GET"]}}],"collection":[{"href":"https:\/\/footwear.trocellen.com\/es\/wp-json\/wp\/v2\/pages"}],"about":[{"href":"https:\/\/footwear.trocellen.com\/es\/wp-json\/wp\/v2\/types\/page"}],"author":[{"embeddable":true,"href":"https:\/\/footwear.trocellen.com\/es\/wp-json\/wp\/v2\/users\/6"}],"replies":[{"embeddable":true,"href":"https:\/\/footwear.trocellen.com\/es\/wp-json\/wp\/v2\/comments?post=803"}],"version-history":[{"count":0,"href":"https:\/\/footwear.trocellen.com\/es\/wp-json\/wp\/v2\/pages\/803\/revisions"}],"up":[{"embeddable":true,"href":"https:\/\/footwear.trocellen.com\/es\/wp-json\/wp\/v2\/pages\/743"}],"wp:attachment":[{"href":"https:\/\/footwear.trocellen.com\/es\/wp-json\/wp\/v2\/media?parent=803"}],"curies":[{"name":"wp","href":"https:\/\/api.w.org\/{rel}","templated":true}]}}