{"id":809,"date":"2013-12-08T21:05:19","date_gmt":"2013-12-08T21:05:19","guid":{"rendered":"https:\/\/footwear.usernet.hu\/amortiguadores-para-rellenos\/"},"modified":"2013-12-08T21:05:19","modified_gmt":"2013-12-08T21:05:19","slug":"amortiguadores-para-rellenos","status":"publish","type":"page","link":"https:\/\/footwear.trocellen.com\/es\/aplicaciones\/rellenos-y-proteccion\/amortiguadores-para-rellenos\/","title":{"rendered":"Amortiguadores para rellenos"},"content":{"rendered":"<p>La bien conocida y fiable tecnolog\u00eda de Trocellen utilizada en la fabricaci\u00f3n de Tatamis para artes marciales, est\u00e1n siendo usadas con \u00e9xito tanto en la industria del calzado como en la \u00a0industria t\u00e9xtil. M\u00e1xima absorci\u00f3n a los golpes combinada con alta ligereza y con unos r\u00e1pida producci\u00f3n de prototipos para crear una posibilidad de incrementar los beneficios de tu negocio y la satisfacci\u00f3n de los usuarios finales.<\/p>\n<h2>Material<img loading=\"lazy\" decoding=\"async\" class=\"alignright size-medium wp-image-521\" src=\"https:\/\/footwear.trocellen.com\/wp-content\/uploads\/sites\/7\/2013\/12\/footwear_shockfree_for_paddings_001-300x197.png\" alt=\"\" width=\"300\" height=\"197\" srcset=\"https:\/\/footwear.trocellen.com\/wp-content\/uploads\/sites\/7\/2013\/12\/footwear_shockfree_for_paddings_001-300x197.png 300w, https:\/\/footwear.trocellen.com\/wp-content\/uploads\/sites\/7\/2013\/12\/footwear_shockfree_for_paddings_001-768x505.png 768w, https:\/\/footwear.trocellen.com\/wp-content\/uploads\/sites\/7\/2013\/12\/footwear_shockfree_for_paddings_001-1024x673.png 1024w\" sizes=\"auto, (max-width: 300px) 100vw, 300px\" \/><\/h2>\n<p>Espuma de polietileno reticulada<\/p>\n<p>Densidades:<\/p>\n<ul>\n<li>70 kg\/m\u00b3 (semiblanda)<\/li>\n<li>50 kg\/m\u00b3 (Blanda)<\/li>\n<\/ul>\n<p>Perforaci\u00f3n de agujeros disponible en 1.5, 2,3 y 4 mm con diferentes patrones de ensayo<\/p>\n<h2>Aplicaciones<\/h2>\n<ul>\n<li>Rellenos de ropa para hombros, codos y rodillas<\/li>\n<\/ul>\n<h2>Propiedades<\/h2>\n<ul>\n<li>Bajo peso<\/li>\n<li>Absorci\u00f3n a los golpes duradera Material transpirable a trav\u00e9s de procesos de perforaci\u00f3n<\/li>\n<li>Termomoldeado usado en prototipos y procesos de producci\u00f3n<\/li>\n<\/ul>\n<h2>Rendimiento comprobado<\/h2>\n<ul>\n<li>La eficacia de Trocellen Shockfree ha sido medida con diferentes tipos de espuma de polietileno reticulado y espumas de poliuretano.<\/li>\n<li>Test hecho por Ricotest, laboratorio mundialmente conocido por sus pruebas en la aplicaci\u00f3n de calzado.<br \/>\n<img loading=\"lazy\" decoding=\"async\" class=\"size-full wp-image-19 alignright\" src=\"https:\/\/footwear.trocellen.com\/wp-content\/uploads\/sites\/7\/2013\/12\/shockfreeforinsoles1.jpg\" alt=\"shockfreeforinsoles1\" width=\"140\" height=\"102\" \/><\/li>\n<\/ul>\n<p>&nbsp;<\/p>\n<p>&nbsp;<\/p>\n<p><img loading=\"lazy\" decoding=\"async\" class=\"alignnone size-full wp-image-20\" src=\"https:\/\/footwear.trocellen.com\/wp-content\/uploads\/sites\/7\/2013\/12\/shockfreeforinsoles2.jpg\" alt=\"shockfreeforinsoles2\" width=\"892\" height=\"362\" srcset=\"https:\/\/footwear.trocellen.com\/wp-content\/uploads\/sites\/7\/2013\/12\/shockfreeforinsoles2.jpg 892w, https:\/\/footwear.trocellen.com\/wp-content\/uploads\/sites\/7\/2013\/12\/shockfreeforinsoles2-300x121.jpg 300w\" sizes=\"auto, (max-width: 892px) 100vw, 892px\" \/><\/p>\n<h2>Beneficios<\/h2>\n<ul>\n<li>M\u00e1ximo confort y seguridad \u00a0para los usuarios finales<\/li>\n<li>A trav\u00e9s de la perforaci\u00f3n del relleno aumenta la transpirabilidad.<\/li>\n<li>Prototipos y procesos de producci\u00f3n simplificados para mejorar la calidad y el rendimiento t\u00e9cnico del producto final<\/li>\n<li>El productoTrocellen anti-golpes proporciona una excelente absorci\u00f3n de golpes en su aplicaci\u00f3n final.<\/li>\n<\/ul>\n<h2>Descargas<\/h2>\n<ul>\n<li>Ingl\u00e9s<\/li>\n<\/ul>\n<p>&nbsp;<\/p>\n","protected":false},"excerpt":{"rendered":"<p>La bien conocida y fiable tecnolog\u00eda de Trocellen utilizada en la fabricaci\u00f3n de Tatamis para artes marciales, est\u00e1n siendo usadas con \u00e9xito tanto en la industria del calzado como en la \u00a0industria t\u00e9xtil. M\u00e1xima absorci\u00f3n a los golpes combinada con alta ligereza y con unos r\u00e1pida producci\u00f3n de prototipos para crear una posibilidad de incrementar [&hellip;]<\/p>\n","protected":false},"author":6,"featured_media":0,"parent":743,"menu_order":0,"comment_status":"open","ping_status":"open","template":"","meta":{"_acf_changed":false,"footnotes":""},"class_list":["post-809","page","type-page","status-publish","hentry"],"acf":[],"yoast_head":"<!-- This site is optimized with the Yoast SEO plugin v23.5 - https:\/\/yoast.com\/wordpress\/plugins\/seo\/ -->\n<title>Amortiguadores para rellenos - Footwear<\/title>\n<meta name=\"robots\" content=\"index, follow, max-snippet:-1, max-image-preview:large, max-video-preview:-1\" \/>\n<link rel=\"canonical\" href=\"https:\/\/footwear.trocellen.com\/es\/aplicaciones\/rellenos-y-proteccion\/amortiguadores-para-rellenos\/\" \/>\n<meta name=\"twitter:label1\" content=\"Tiempo de lectura\" \/>\n\t<meta name=\"twitter:data1\" content=\"1 minuto\" \/>\n<script type=\"application\/ld+json\" class=\"yoast-schema-graph\">{\"@context\":\"https:\/\/schema.org\",\"@graph\":[{\"@type\":\"WebPage\",\"@id\":\"https:\/\/footwear.trocellen.com\/es\/aplicaciones\/rellenos-y-proteccion\/amortiguadores-para-rellenos\/\",\"url\":\"https:\/\/footwear.trocellen.com\/es\/aplicaciones\/rellenos-y-proteccion\/amortiguadores-para-rellenos\/\",\"name\":\"Amortiguadores para rellenos - Footwear\",\"isPartOf\":{\"@id\":\"https:\/\/footwear.trocellen.com\/#website\"},\"primaryImageOfPage\":{\"@id\":\"https:\/\/footwear.trocellen.com\/es\/aplicaciones\/rellenos-y-proteccion\/amortiguadores-para-rellenos\/#primaryimage\"},\"image\":{\"@id\":\"https:\/\/footwear.trocellen.com\/es\/aplicaciones\/rellenos-y-proteccion\/amortiguadores-para-rellenos\/#primaryimage\"},\"thumbnailUrl\":\"https:\/\/footwear.trocellen.com\/wp-content\/uploads\/sites\/7\/2013\/12\/footwear_shockfree_for_paddings_001-300x197.png\",\"datePublished\":\"2013-12-08T21:05:19+00:00\",\"dateModified\":\"2013-12-08T21:05:19+00:00\",\"breadcrumb\":{\"@id\":\"https:\/\/footwear.trocellen.com\/es\/aplicaciones\/rellenos-y-proteccion\/amortiguadores-para-rellenos\/#breadcrumb\"},\"inLanguage\":\"es\",\"potentialAction\":[{\"@type\":\"ReadAction\",\"target\":[\"https:\/\/footwear.trocellen.com\/es\/aplicaciones\/rellenos-y-proteccion\/amortiguadores-para-rellenos\/\"]}]},{\"@type\":\"ImageObject\",\"inLanguage\":\"es\",\"@id\":\"https:\/\/footwear.trocellen.com\/es\/aplicaciones\/rellenos-y-proteccion\/amortiguadores-para-rellenos\/#primaryimage\",\"url\":\"https:\/\/footwear.trocellen.com\/wp-content\/uploads\/sites\/7\/2013\/12\/footwear_shockfree_for_paddings_001-300x197.png\",\"contentUrl\":\"https:\/\/footwear.trocellen.com\/wp-content\/uploads\/sites\/7\/2013\/12\/footwear_shockfree_for_paddings_001-300x197.png\"},{\"@type\":\"BreadcrumbList\",\"@id\":\"https:\/\/footwear.trocellen.com\/es\/aplicaciones\/rellenos-y-proteccion\/amortiguadores-para-rellenos\/#breadcrumb\",\"itemListElement\":[{\"@type\":\"ListItem\",\"position\":1,\"name\":\"Home\",\"item\":\"https:\/\/footwear.trocellen.com\/es\/\"},{\"@type\":\"ListItem\",\"position\":2,\"name\":\"Aplicaciones\",\"item\":\"https:\/\/footwear.trocellen.com\/es\/aplicaciones\/\"},{\"@type\":\"ListItem\",\"position\":3,\"name\":\"Rellenos y protecci\u00f3n\",\"item\":\"https:\/\/footwear.trocellen.com\/es\/aplicaciones\/rellenos-y-proteccion\/\"},{\"@type\":\"ListItem\",\"position\":4,\"name\":\"Amortiguadores para rellenos\"}]},{\"@type\":\"WebSite\",\"@id\":\"https:\/\/footwear.trocellen.com\/#website\",\"url\":\"https:\/\/footwear.trocellen.com\/\",\"name\":\"Footwear\",\"description\":\"\",\"potentialAction\":[{\"@type\":\"SearchAction\",\"target\":{\"@type\":\"EntryPoint\",\"urlTemplate\":\"https:\/\/footwear.trocellen.com\/?s={search_term_string}\"},\"query-input\":{\"@type\":\"PropertyValueSpecification\",\"valueRequired\":true,\"valueName\":\"search_term_string\"}}],\"inLanguage\":\"es\"}]}<\/script>\n<!-- \/ Yoast SEO plugin. -->","yoast_head_json":{"title":"Amortiguadores para rellenos - Footwear","robots":{"index":"index","follow":"follow","max-snippet":"max-snippet:-1","max-image-preview":"max-image-preview:large","max-video-preview":"max-video-preview:-1"},"canonical":"https:\/\/footwear.trocellen.com\/es\/aplicaciones\/rellenos-y-proteccion\/amortiguadores-para-rellenos\/","twitter_misc":{"Tiempo de lectura":"1 minuto"},"schema":{"@context":"https:\/\/schema.org","@graph":[{"@type":"WebPage","@id":"https:\/\/footwear.trocellen.com\/es\/aplicaciones\/rellenos-y-proteccion\/amortiguadores-para-rellenos\/","url":"https:\/\/footwear.trocellen.com\/es\/aplicaciones\/rellenos-y-proteccion\/amortiguadores-para-rellenos\/","name":"Amortiguadores para rellenos - Footwear","isPartOf":{"@id":"https:\/\/footwear.trocellen.com\/#website"},"primaryImageOfPage":{"@id":"https:\/\/footwear.trocellen.com\/es\/aplicaciones\/rellenos-y-proteccion\/amortiguadores-para-rellenos\/#primaryimage"},"image":{"@id":"https:\/\/footwear.trocellen.com\/es\/aplicaciones\/rellenos-y-proteccion\/amortiguadores-para-rellenos\/#primaryimage"},"thumbnailUrl":"https:\/\/footwear.trocellen.com\/wp-content\/uploads\/sites\/7\/2013\/12\/footwear_shockfree_for_paddings_001-300x197.png","datePublished":"2013-12-08T21:05:19+00:00","dateModified":"2013-12-08T21:05:19+00:00","breadcrumb":{"@id":"https:\/\/footwear.trocellen.com\/es\/aplicaciones\/rellenos-y-proteccion\/amortiguadores-para-rellenos\/#breadcrumb"},"inLanguage":"es","potentialAction":[{"@type":"ReadAction","target":["https:\/\/footwear.trocellen.com\/es\/aplicaciones\/rellenos-y-proteccion\/amortiguadores-para-rellenos\/"]}]},{"@type":"ImageObject","inLanguage":"es","@id":"https:\/\/footwear.trocellen.com\/es\/aplicaciones\/rellenos-y-proteccion\/amortiguadores-para-rellenos\/#primaryimage","url":"https:\/\/footwear.trocellen.com\/wp-content\/uploads\/sites\/7\/2013\/12\/footwear_shockfree_for_paddings_001-300x197.png","contentUrl":"https:\/\/footwear.trocellen.com\/wp-content\/uploads\/sites\/7\/2013\/12\/footwear_shockfree_for_paddings_001-300x197.png"},{"@type":"BreadcrumbList","@id":"https:\/\/footwear.trocellen.com\/es\/aplicaciones\/rellenos-y-proteccion\/amortiguadores-para-rellenos\/#breadcrumb","itemListElement":[{"@type":"ListItem","position":1,"name":"Home","item":"https:\/\/footwear.trocellen.com\/es\/"},{"@type":"ListItem","position":2,"name":"Aplicaciones","item":"https:\/\/footwear.trocellen.com\/es\/aplicaciones\/"},{"@type":"ListItem","position":3,"name":"Rellenos y protecci\u00f3n","item":"https:\/\/footwear.trocellen.com\/es\/aplicaciones\/rellenos-y-proteccion\/"},{"@type":"ListItem","position":4,"name":"Amortiguadores para rellenos"}]},{"@type":"WebSite","@id":"https:\/\/footwear.trocellen.com\/#website","url":"https:\/\/footwear.trocellen.com\/","name":"Footwear","description":"","potentialAction":[{"@type":"SearchAction","target":{"@type":"EntryPoint","urlTemplate":"https:\/\/footwear.trocellen.com\/?s={search_term_string}"},"query-input":{"@type":"PropertyValueSpecification","valueRequired":true,"valueName":"search_term_string"}}],"inLanguage":"es"}]}},"_links":{"self":[{"href":"https:\/\/footwear.trocellen.com\/es\/wp-json\/wp\/v2\/pages\/809","targetHints":{"allow":["GET"]}}],"collection":[{"href":"https:\/\/footwear.trocellen.com\/es\/wp-json\/wp\/v2\/pages"}],"about":[{"href":"https:\/\/footwear.trocellen.com\/es\/wp-json\/wp\/v2\/types\/page"}],"author":[{"embeddable":true,"href":"https:\/\/footwear.trocellen.com\/es\/wp-json\/wp\/v2\/users\/6"}],"replies":[{"embeddable":true,"href":"https:\/\/footwear.trocellen.com\/es\/wp-json\/wp\/v2\/comments?post=809"}],"version-history":[{"count":0,"href":"https:\/\/footwear.trocellen.com\/es\/wp-json\/wp\/v2\/pages\/809\/revisions"}],"up":[{"embeddable":true,"href":"https:\/\/footwear.trocellen.com\/es\/wp-json\/wp\/v2\/pages\/743"}],"wp:attachment":[{"href":"https:\/\/footwear.trocellen.com\/es\/wp-json\/wp\/v2\/media?parent=809"}],"curies":[{"name":"wp","href":"https:\/\/api.w.org\/{rel}","templated":true}]}}