{"id":827,"date":"2013-12-08T21:34:00","date_gmt":"2013-12-08T21:34:00","guid":{"rendered":"https:\/\/footwear.usernet.hu\/calzado-trocellen-que-facil\/"},"modified":"2013-12-08T21:34:00","modified_gmt":"2013-12-08T21:34:00","slug":"calzado-trocellen-que-facil","status":"publish","type":"page","link":"https:\/\/footwear.trocellen.com\/es\/calzado-trocellen-que-facil\/","title":{"rendered":"Calzado Trocellen &#8211; Qu\u00e9 f\u00e1cil"},"content":{"rendered":"<p>Tan ligero, tan seguro, tan c\u00f3modo<\/p>\n<p>Dise\u00f1ado para caminar ligero, deportes duros o zapatos de calidad para lograr una apariencia sofisticada. Marcan tendencia, ayudan a la salud y contribuyen a la capacidad f\u00edsica de las personas.<\/p>\n<p><!--more--><\/p>\n<p><a href=\"https:\/\/footwear.trocellen.com\/wp-content\/uploads\/sites\/7\/2013\/12\/maintext.jpg\"><img loading=\"lazy\" decoding=\"async\" class=\"size-medium wp-image-64 alignright\" src=\"https:\/\/footwear.trocellen.com\/wp-content\/uploads\/sites\/7\/2013\/12\/maintext-300x221.jpg\" alt=\"maintext\" width=\"300\" height=\"221\" srcset=\"https:\/\/footwear.trocellen.com\/wp-content\/uploads\/sites\/7\/2013\/12\/maintext-300x221.jpg 300w, https:\/\/footwear.trocellen.com\/wp-content\/uploads\/sites\/7\/2013\/12\/maintext-1024x757.jpg 1024w, https:\/\/footwear.trocellen.com\/wp-content\/uploads\/sites\/7\/2013\/12\/maintext.jpg 1176w\" sizes=\"auto, (max-width: 300px) 100vw, 300px\" \/><\/a>El calzado europeo es un est\u00e1ndar. Un punto de referencia que establece metas para el resto del mundo. \u00bfTiene la calidad<br \/>\nun precio? S\u00ed. \u00bfMerece la pena? Creemos que s\u00ed.<\/p>\n<p>Las diversas soluciones de Trocellen est\u00e1n apoyando los mejores calzados en a mantener una calidad y un rendimiento m\u00e1ximo. Estamos a favor de la calidad europea.<\/p>\n<p>Nuestro equipo profesional se dedica a servir las necesidades t\u00e9cnicas de calzado de los clientes, y de explorar nuevas oportunidades de innovaci\u00f3n.<\/p>\n<p>Con nuestro amplio conocimiento t\u00e9cnico, equipamiento para ensayos especiales y facilidades para realizar variados procesos de transformaci\u00f3n, cumplimos con los altos altos requisitos de la industria del calzado.<\/p>\n<p>Intensas actividades de investigaci\u00f3n y desarrollo de aplicaci\u00f3n permiten a Trocellen encontrar las m\u00e1s adecuadas, creativas e innovadoras soluciones.<\/p>\n<p>Junto con nuestros clientes, el equipo de Calazado Trocellen est\u00e1 continuamente trabajando en maximizar la comodidad de las espumas usadas en el sector del calzado mientras producimos ligeras soluciones para todo tipo de calzados.<\/p>\n","protected":false},"excerpt":{"rendered":"<p>Tan ligero, tan seguro, tan c\u00f3modo Dise\u00f1ado para caminar ligero, deportes duros o zapatos de calidad para lograr una apariencia sofisticada. Marcan tendencia, ayudan a la salud y contribuyen a la capacidad f\u00edsica de las personas.<\/p>\n","protected":false},"author":6,"featured_media":0,"parent":0,"menu_order":0,"comment_status":"open","ping_status":"open","template":"","meta":{"_acf_changed":false,"footnotes":""},"class_list":["post-827","page","type-page","status-publish","hentry"],"acf":[],"yoast_head":"<!-- This site is optimized with the Yoast SEO plugin v23.5 - https:\/\/yoast.com\/wordpress\/plugins\/seo\/ -->\n<title>Calzado Trocellen - Qu\u00e9 f\u00e1cil - Footwear<\/title>\n<meta name=\"robots\" content=\"index, follow, max-snippet:-1, max-image-preview:large, max-video-preview:-1\" \/>\n<link rel=\"canonical\" href=\"https:\/\/footwear.trocellen.com\/es\/calzado-trocellen-que-facil\/\" \/>\n<meta name=\"twitter:label1\" content=\"Tiempo de lectura\" \/>\n\t<meta name=\"twitter:data1\" content=\"1 minuto\" \/>\n<script type=\"application\/ld+json\" class=\"yoast-schema-graph\">{\"@context\":\"https:\/\/schema.org\",\"@graph\":[{\"@type\":\"WebPage\",\"@id\":\"https:\/\/footwear.trocellen.com\/es\/calzado-trocellen-que-facil\/\",\"url\":\"https:\/\/footwear.trocellen.com\/es\/calzado-trocellen-que-facil\/\",\"name\":\"Calzado Trocellen - Qu\u00e9 f\u00e1cil - Footwear\",\"isPartOf\":{\"@id\":\"https:\/\/footwear.trocellen.com\/#website\"},\"primaryImageOfPage\":{\"@id\":\"https:\/\/footwear.trocellen.com\/es\/calzado-trocellen-que-facil\/#primaryimage\"},\"image\":{\"@id\":\"https:\/\/footwear.trocellen.com\/es\/calzado-trocellen-que-facil\/#primaryimage\"},\"thumbnailUrl\":\"https:\/\/footwear.trocellen.com\/wp-content\/uploads\/sites\/7\/2013\/12\/maintext-300x221.jpg\",\"datePublished\":\"2013-12-08T21:34:00+00:00\",\"dateModified\":\"2013-12-08T21:34:00+00:00\",\"breadcrumb\":{\"@id\":\"https:\/\/footwear.trocellen.com\/es\/calzado-trocellen-que-facil\/#breadcrumb\"},\"inLanguage\":\"es\",\"potentialAction\":[{\"@type\":\"ReadAction\",\"target\":[\"https:\/\/footwear.trocellen.com\/es\/calzado-trocellen-que-facil\/\"]}]},{\"@type\":\"ImageObject\",\"inLanguage\":\"es\",\"@id\":\"https:\/\/footwear.trocellen.com\/es\/calzado-trocellen-que-facil\/#primaryimage\",\"url\":\"https:\/\/footwear.trocellen.com\/wp-content\/uploads\/sites\/7\/2013\/12\/maintext-300x221.jpg\",\"contentUrl\":\"https:\/\/footwear.trocellen.com\/wp-content\/uploads\/sites\/7\/2013\/12\/maintext-300x221.jpg\"},{\"@type\":\"BreadcrumbList\",\"@id\":\"https:\/\/footwear.trocellen.com\/es\/calzado-trocellen-que-facil\/#breadcrumb\",\"itemListElement\":[{\"@type\":\"ListItem\",\"position\":1,\"name\":\"Home\",\"item\":\"https:\/\/footwear.trocellen.com\/es\/\"},{\"@type\":\"ListItem\",\"position\":2,\"name\":\"Calzado Trocellen &#8211; Qu\u00e9 f\u00e1cil\"}]},{\"@type\":\"WebSite\",\"@id\":\"https:\/\/footwear.trocellen.com\/#website\",\"url\":\"https:\/\/footwear.trocellen.com\/\",\"name\":\"Footwear\",\"description\":\"\",\"potentialAction\":[{\"@type\":\"SearchAction\",\"target\":{\"@type\":\"EntryPoint\",\"urlTemplate\":\"https:\/\/footwear.trocellen.com\/?s={search_term_string}\"},\"query-input\":{\"@type\":\"PropertyValueSpecification\",\"valueRequired\":true,\"valueName\":\"search_term_string\"}}],\"inLanguage\":\"es\"}]}<\/script>\n<!-- \/ Yoast SEO plugin. -->","yoast_head_json":{"title":"Calzado Trocellen - Qu\u00e9 f\u00e1cil - Footwear","robots":{"index":"index","follow":"follow","max-snippet":"max-snippet:-1","max-image-preview":"max-image-preview:large","max-video-preview":"max-video-preview:-1"},"canonical":"https:\/\/footwear.trocellen.com\/es\/calzado-trocellen-que-facil\/","twitter_misc":{"Tiempo de lectura":"1 minuto"},"schema":{"@context":"https:\/\/schema.org","@graph":[{"@type":"WebPage","@id":"https:\/\/footwear.trocellen.com\/es\/calzado-trocellen-que-facil\/","url":"https:\/\/footwear.trocellen.com\/es\/calzado-trocellen-que-facil\/","name":"Calzado Trocellen - Qu\u00e9 f\u00e1cil - Footwear","isPartOf":{"@id":"https:\/\/footwear.trocellen.com\/#website"},"primaryImageOfPage":{"@id":"https:\/\/footwear.trocellen.com\/es\/calzado-trocellen-que-facil\/#primaryimage"},"image":{"@id":"https:\/\/footwear.trocellen.com\/es\/calzado-trocellen-que-facil\/#primaryimage"},"thumbnailUrl":"https:\/\/footwear.trocellen.com\/wp-content\/uploads\/sites\/7\/2013\/12\/maintext-300x221.jpg","datePublished":"2013-12-08T21:34:00+00:00","dateModified":"2013-12-08T21:34:00+00:00","breadcrumb":{"@id":"https:\/\/footwear.trocellen.com\/es\/calzado-trocellen-que-facil\/#breadcrumb"},"inLanguage":"es","potentialAction":[{"@type":"ReadAction","target":["https:\/\/footwear.trocellen.com\/es\/calzado-trocellen-que-facil\/"]}]},{"@type":"ImageObject","inLanguage":"es","@id":"https:\/\/footwear.trocellen.com\/es\/calzado-trocellen-que-facil\/#primaryimage","url":"https:\/\/footwear.trocellen.com\/wp-content\/uploads\/sites\/7\/2013\/12\/maintext-300x221.jpg","contentUrl":"https:\/\/footwear.trocellen.com\/wp-content\/uploads\/sites\/7\/2013\/12\/maintext-300x221.jpg"},{"@type":"BreadcrumbList","@id":"https:\/\/footwear.trocellen.com\/es\/calzado-trocellen-que-facil\/#breadcrumb","itemListElement":[{"@type":"ListItem","position":1,"name":"Home","item":"https:\/\/footwear.trocellen.com\/es\/"},{"@type":"ListItem","position":2,"name":"Calzado Trocellen &#8211; Qu\u00e9 f\u00e1cil"}]},{"@type":"WebSite","@id":"https:\/\/footwear.trocellen.com\/#website","url":"https:\/\/footwear.trocellen.com\/","name":"Footwear","description":"","potentialAction":[{"@type":"SearchAction","target":{"@type":"EntryPoint","urlTemplate":"https:\/\/footwear.trocellen.com\/?s={search_term_string}"},"query-input":{"@type":"PropertyValueSpecification","valueRequired":true,"valueName":"search_term_string"}}],"inLanguage":"es"}]}},"_links":{"self":[{"href":"https:\/\/footwear.trocellen.com\/es\/wp-json\/wp\/v2\/pages\/827","targetHints":{"allow":["GET"]}}],"collection":[{"href":"https:\/\/footwear.trocellen.com\/es\/wp-json\/wp\/v2\/pages"}],"about":[{"href":"https:\/\/footwear.trocellen.com\/es\/wp-json\/wp\/v2\/types\/page"}],"author":[{"embeddable":true,"href":"https:\/\/footwear.trocellen.com\/es\/wp-json\/wp\/v2\/users\/6"}],"replies":[{"embeddable":true,"href":"https:\/\/footwear.trocellen.com\/es\/wp-json\/wp\/v2\/comments?post=827"}],"version-history":[{"count":0,"href":"https:\/\/footwear.trocellen.com\/es\/wp-json\/wp\/v2\/pages\/827\/revisions"}],"wp:attachment":[{"href":"https:\/\/footwear.trocellen.com\/es\/wp-json\/wp\/v2\/media?parent=827"}],"curies":[{"name":"wp","href":"https:\/\/api.w.org\/{rel}","templated":true}]}}