{"id":833,"date":"2013-12-08T21:47:47","date_gmt":"2013-12-08T21:47:47","guid":{"rendered":"https:\/\/footwear.usernet.hu\/tecnologia\/"},"modified":"2013-12-08T21:47:47","modified_gmt":"2013-12-08T21:47:47","slug":"tecnologia","status":"publish","type":"page","link":"https:\/\/footwear.trocellen.com\/es\/tecnologia\/","title":{"rendered":"Tecnolog\u00eda"},"content":{"rendered":"<p>Trocellen es el fabricante l\u00edder europeo de espumas de poliolefina qu\u00edmica y f\u00edsicamente reticuladas.<\/p>\n<p>Las espumas Trocellen han sido usadas en el sector del calzado durante 40 a\u00f1os Los atributos claves comunes a todas nuestras espumas XLPO incluidos el bajo peso, su baja absorci\u00f3n de agua, resiliencia, propiedades de aislamiento t\u00e9rmico,facilidad para su laminaci\u00f3n y termoconformabilidad<\/p>\n<p>Teniendo en la tecnolog\u00eda una solida base y creando sinergias entre nuestro intensa experiencia y nuestra ambici\u00f3n de futuro creando innovadoras soluciones, Trocellen es su socio en el sector del calzado.<\/p>\n<h2>Espumas Trocellen<\/h2>\n<p><strong>Espumas est\u00e1ndar de polietileno <\/strong><strong>reticulado<\/strong><strong>\u00a0<\/strong>\u2013 Gran variedad de densidades y espesores para soluciones t\u00e9cnicas y aplicaciones en moda<\/p>\n<p><strong>Espumas de Polietileno <\/strong><strong>reticulado <\/strong><strong>r\u00edgidas\u00a0<\/strong>\u2013 soluci\u00f3n adecuada para densidades altas, excelente para procesos de termoconformado.<\/p>\n<p><strong>Espumas blandas EVA de polietileno <\/strong><strong>reticulado<\/strong> \u2013 Amplia gama de usos, con grandes propiedades para alto rendimiento acolchado y embutici\u00f3n.<\/p>\n<p><strong>PU y espumas con propiedades de rebote\u00a0<\/strong>\u2013 variedad de densidades, espesores y propiedades materiales, perfectamente adaptadas a los requisitos y aplicaciones de los clientes<\/p>\n<h2>Conviertiendo espumas en soluciones<\/h2>\n<p>Adicionalmente al suministro de espumas, Trocellen ha desarrollado e invertido en m\u00faltiples posibilidades de transformaci\u00f3n, que a\u00f1aden valor a nuestros productos de espuma:<\/p>\n<ul>\n<li>Varios procesos de laminado (usando aire caliente, laminaci\u00f3n a la llamas o infrarrojos) permitiendo combinaciones con otras espumas, filmes y t\u00e9xtiles o y acabados superficiales<\/li>\n<li>Recubrimientos adhesivos incluyendo hotmelts y adhesivos transfer.<\/li>\n<li>Perforados y grabados<\/li>\n<\/ul>\n<p>Desde la realizaci\u00f3n de pruebas de laboratorio, pasando por el r\u00e1pido desarrollo de prototipos, Trocellen es su socio en el sector del calzados.<\/p>\n","protected":false},"excerpt":{"rendered":"<p>Trocellen es el fabricante l\u00edder europeo de espumas de poliolefina qu\u00edmica y f\u00edsicamente reticuladas. Las espumas Trocellen han sido usadas en el sector del calzado durante 40 a\u00f1os Los atributos claves comunes a todas nuestras espumas XLPO incluidos el bajo peso, su baja absorci\u00f3n de agua, resiliencia, propiedades de aislamiento t\u00e9rmico,facilidad para su laminaci\u00f3n y [&hellip;]<\/p>\n","protected":false},"author":6,"featured_media":0,"parent":0,"menu_order":0,"comment_status":"open","ping_status":"closed","template":"templates\/one-column.php","meta":{"_acf_changed":false,"footnotes":""},"class_list":["post-833","page","type-page","status-publish","hentry"],"acf":[],"yoast_head":"<!-- This site is optimized with the Yoast SEO plugin v23.5 - https:\/\/yoast.com\/wordpress\/plugins\/seo\/ -->\n<title>Tecnolog\u00eda - Footwear<\/title>\n<meta name=\"robots\" content=\"index, follow, max-snippet:-1, max-image-preview:large, max-video-preview:-1\" \/>\n<link rel=\"canonical\" href=\"https:\/\/footwear.trocellen.com\/es\/tecnologia\/\" \/>\n<meta name=\"twitter:label1\" content=\"Tiempo de lectura\" \/>\n\t<meta name=\"twitter:data1\" content=\"1 minuto\" \/>\n<script type=\"application\/ld+json\" class=\"yoast-schema-graph\">{\"@context\":\"https:\/\/schema.org\",\"@graph\":[{\"@type\":\"WebPage\",\"@id\":\"https:\/\/footwear.trocellen.com\/es\/tecnologia\/\",\"url\":\"https:\/\/footwear.trocellen.com\/es\/tecnologia\/\",\"name\":\"Tecnolog\u00eda - Footwear\",\"isPartOf\":{\"@id\":\"https:\/\/footwear.trocellen.com\/#website\"},\"datePublished\":\"2013-12-08T21:47:47+00:00\",\"dateModified\":\"2013-12-08T21:47:47+00:00\",\"breadcrumb\":{\"@id\":\"https:\/\/footwear.trocellen.com\/es\/tecnologia\/#breadcrumb\"},\"inLanguage\":\"es\",\"potentialAction\":[{\"@type\":\"ReadAction\",\"target\":[\"https:\/\/footwear.trocellen.com\/es\/tecnologia\/\"]}]},{\"@type\":\"BreadcrumbList\",\"@id\":\"https:\/\/footwear.trocellen.com\/es\/tecnologia\/#breadcrumb\",\"itemListElement\":[{\"@type\":\"ListItem\",\"position\":1,\"name\":\"Home\",\"item\":\"https:\/\/footwear.trocellen.com\/es\/\"},{\"@type\":\"ListItem\",\"position\":2,\"name\":\"Tecnolog\u00eda\"}]},{\"@type\":\"WebSite\",\"@id\":\"https:\/\/footwear.trocellen.com\/#website\",\"url\":\"https:\/\/footwear.trocellen.com\/\",\"name\":\"Footwear\",\"description\":\"\",\"potentialAction\":[{\"@type\":\"SearchAction\",\"target\":{\"@type\":\"EntryPoint\",\"urlTemplate\":\"https:\/\/footwear.trocellen.com\/?s={search_term_string}\"},\"query-input\":{\"@type\":\"PropertyValueSpecification\",\"valueRequired\":true,\"valueName\":\"search_term_string\"}}],\"inLanguage\":\"es\"}]}<\/script>\n<!-- \/ Yoast SEO plugin. -->","yoast_head_json":{"title":"Tecnolog\u00eda - Footwear","robots":{"index":"index","follow":"follow","max-snippet":"max-snippet:-1","max-image-preview":"max-image-preview:large","max-video-preview":"max-video-preview:-1"},"canonical":"https:\/\/footwear.trocellen.com\/es\/tecnologia\/","twitter_misc":{"Tiempo de lectura":"1 minuto"},"schema":{"@context":"https:\/\/schema.org","@graph":[{"@type":"WebPage","@id":"https:\/\/footwear.trocellen.com\/es\/tecnologia\/","url":"https:\/\/footwear.trocellen.com\/es\/tecnologia\/","name":"Tecnolog\u00eda - Footwear","isPartOf":{"@id":"https:\/\/footwear.trocellen.com\/#website"},"datePublished":"2013-12-08T21:47:47+00:00","dateModified":"2013-12-08T21:47:47+00:00","breadcrumb":{"@id":"https:\/\/footwear.trocellen.com\/es\/tecnologia\/#breadcrumb"},"inLanguage":"es","potentialAction":[{"@type":"ReadAction","target":["https:\/\/footwear.trocellen.com\/es\/tecnologia\/"]}]},{"@type":"BreadcrumbList","@id":"https:\/\/footwear.trocellen.com\/es\/tecnologia\/#breadcrumb","itemListElement":[{"@type":"ListItem","position":1,"name":"Home","item":"https:\/\/footwear.trocellen.com\/es\/"},{"@type":"ListItem","position":2,"name":"Tecnolog\u00eda"}]},{"@type":"WebSite","@id":"https:\/\/footwear.trocellen.com\/#website","url":"https:\/\/footwear.trocellen.com\/","name":"Footwear","description":"","potentialAction":[{"@type":"SearchAction","target":{"@type":"EntryPoint","urlTemplate":"https:\/\/footwear.trocellen.com\/?s={search_term_string}"},"query-input":{"@type":"PropertyValueSpecification","valueRequired":true,"valueName":"search_term_string"}}],"inLanguage":"es"}]}},"_links":{"self":[{"href":"https:\/\/footwear.trocellen.com\/es\/wp-json\/wp\/v2\/pages\/833","targetHints":{"allow":["GET"]}}],"collection":[{"href":"https:\/\/footwear.trocellen.com\/es\/wp-json\/wp\/v2\/pages"}],"about":[{"href":"https:\/\/footwear.trocellen.com\/es\/wp-json\/wp\/v2\/types\/page"}],"author":[{"embeddable":true,"href":"https:\/\/footwear.trocellen.com\/es\/wp-json\/wp\/v2\/users\/6"}],"replies":[{"embeddable":true,"href":"https:\/\/footwear.trocellen.com\/es\/wp-json\/wp\/v2\/comments?post=833"}],"version-history":[{"count":0,"href":"https:\/\/footwear.trocellen.com\/es\/wp-json\/wp\/v2\/pages\/833\/revisions"}],"wp:attachment":[{"href":"https:\/\/footwear.trocellen.com\/es\/wp-json\/wp\/v2\/media?parent=833"}],"curies":[{"name":"wp","href":"https:\/\/api.w.org\/{rel}","templated":true}]}}