{"id":851,"date":"2013-12-16T11:02:46","date_gmt":"2013-12-16T11:02:46","guid":{"rendered":"https:\/\/footwear.usernet.hu\/garantia-de-calidad\/"},"modified":"2025-01-07T11:42:04","modified_gmt":"2025-01-07T11:42:04","slug":"garantia-de-calidad","status":"publish","type":"page","link":"https:\/\/footwear.trocellen.com\/es\/garantia-de-calidad\/","title":{"rendered":"Garant\u00eda de calidad"},"content":{"rendered":"<p>Como garant\u00eda al proporcionar productos y servicios estables y de alto rendimiento, Trocellen presta especial atenci\u00f3n para asegurar la calidad. Procuramos supervisar y mejorar los procesos de producci\u00f3n, gerencia y atenci\u00f3n al cliente. Nos dedicamos al desarrollo continuo de todas las \u00e1reas que podr\u00edan influir en el rendimiento de nuestros productos y servicios, y tener un efecto positivo en la cooperaci\u00f3n con nuestros socios y en la satisfacci\u00f3n de los clientes. Todas nuestras actividades se centran en el cliente. Con el fin de responder a las expectativas, realizamos encuestas sobre la satisfacci\u00f3n de los clientes, de este modo involucramos a nuestros colegas y socios para mantener una comunicaci\u00f3n abierta y honesta.<\/p>\n<p>M\u00e1s abajo puede encontrar la lista de los certificados ISO otorgados a centros de Trocellen. Para ver el documento, por favor haga click en el enlace.<\/p>\n<table id=\"quality\" style=\"width: 87.0196%;\">\n<tbody>\n<tr style=\"height: 65px;\">\n<td style=\"width: 21%; height: 65px;\" colspan=\"4\">\n<h3><span lang=\"EN-US\">ISCC PLUS certificate<\/span><\/h3>\n<\/td>\n<\/tr>\n<tr style=\"height: 65px;\">\n<td style=\"width: 21%; height: 65px;\"><span lang=\"EN-US\">Trocellen Italia SpA<\/span><\/td>\n<td style=\"width: 15%; height: 65px;\">Italy,<br \/>\nCaponago plant 1<\/td>\n<td style=\"width: 28.0167%; height: 65px;\"><a href=\"https:\/\/insulation.trocellen.com\/wp-content\/uploads\/2024\/05\/ISCC_PLUS_certificate_3070_TROCELLEN-p1.pdf\" target=\"_blank\" rel=\"noopener\">International Sustainability and<br \/>\nCarbon Certification<\/a><\/td>\n<td style=\"width: 16.9833%; height: 65px;\">English<\/td>\n<\/tr>\n<tr style=\"height: 65px;\">\n<td style=\"width: 21%; height: 65px;\"><span lang=\"EN-US\">Trocellen Italia SpA<\/span><\/td>\n<td style=\"width: 15%; height: 65px;\">Italy,<br \/>\nCaponago plant 2<\/td>\n<td style=\"width: 28.0167%; height: 65px;\"><a href=\"https:\/\/insulation.trocellen.com\/wp-content\/uploads\/2024\/05\/ISCC_PLUS_certificate_3071_TROCELLEN-p2.pdf\" target=\"_blank\" rel=\"noopener\">International Sustainability and<br \/>\nCarbon Certification<\/a><\/td>\n<td style=\"width: 16.9833%; height: 65px;\">English<\/td>\n<\/tr>\n<tr style=\"height: 65px;\">\n<td style=\"width: 21%; height: 65px;\"><span lang=\"EN-US\">Trocellen Italia SpA<\/span><\/td>\n<td style=\"width: 15%; height: 65px;\">Italy,<br \/>\nVolpago plant<\/td>\n<td style=\"width: 28.0167%; height: 65px;\"><a href=\"https:\/\/go.insulation.trocellen.com\/ISCC_PLUS_certificate_2125_pdf\" target=\"_blank\" rel=\"noopener\">International Sustainability and<br \/>\nCarbon Certification<\/a><\/td>\n<td style=\"width: 16.9833%; height: 65px;\">English<\/td>\n<\/tr>\n<tr style=\"height: 65px;\">\n<td style=\"width: 21%; height: 65px;\"><span lang=\"EN-US\">Trocellen GmbH<\/span><\/td>\n<td style=\"width: 15%; height: 65px;\">Germany<\/td>\n<td style=\"width: 28.0167%; height: 65px;\"><a href=\"https:\/\/insulation.trocellen.com\/wp-content\/uploads\/2025\/01\/ISCC-Plus-certificate_20241227.pdf\" target=\"_blank\" rel=\"noopener\"> ISCC Plus Certificate<\/a><\/td>\n<td style=\"width: 16.9833%; height: 65px;\">English<\/td>\n<\/tr>\n<tr>\n<td style=\"width: 21%;\">\n<h3>ISO 9001 &#8211; TUV<\/h3>\n<\/td>\n<td style=\"width: 15%;\"><\/td>\n<td style=\"width: 28.0167%;\"><\/td>\n<td style=\"width: 16.9833%;\"><\/td>\n<\/tr>\n<tr>\n<td style=\"width: 21%;\">Trocellen Ib\u00e9rica, S.A.<\/td>\n<td style=\"width: 15%;\">Spain<\/td>\n<td style=\"width: 28.0167%;\"><a href=\"https:\/\/footwear.trocellen.com\/wp-content\/uploads\/sites\/7\/2013\/12\/Trocellen-Iberica_Quality_Cert_ISO9001_2018.pdf\">ISO 9001 &#8211; TUV<\/a><\/td>\n<td style=\"width: 16.9833%;\">Spanish<\/td>\n<\/tr>\n<tr>\n<td style=\"width: 21%;\">Trocellen Ib\u00e9rica, S.A.<\/td>\n<td style=\"width: 15%;\">Spain<\/td>\n<td style=\"width: 28.0167%;\"><a href=\"https:\/\/footwear.trocellen.com\/wp-content\/uploads\/sites\/7\/2013\/12\/Trocellen-Iberica_Quality_Cert_ISO9001_2018.pdf\">ISO 9001 &#8211; TUV<\/a><\/td>\n<td style=\"width: 16.9833%;\">English<\/td>\n<\/tr>\n<tr>\n<td style=\"width: 21%;\">Trocellen Ib\u00e9rica, S.A.<\/td>\n<td style=\"width: 15%;\">Spain<\/td>\n<td style=\"width: 28.0167%;\"><a href=\"https:\/\/footwear.trocellen.com\/wp-content\/uploads\/sites\/7\/2013\/12\/Trocellen-Iberica_Quality_Cert_ISO9001_2018.pdf\">ISO 9001 &#8211; TUV<\/a><\/td>\n<td style=\"width: 16.9833%;\">French<\/td>\n<\/tr>\n<tr>\n<td style=\"width: 21%;\">\n<h3>BS OHSAS 18001<\/h3>\n<\/td>\n<td style=\"width: 15%;\"><\/td>\n<td style=\"width: 28.0167%;\"><\/td>\n<td style=\"width: 16.9833%;\"><\/td>\n<\/tr>\n<tr>\n<td style=\"width: 21%;\">Trocellen Italia SpA<\/td>\n<td style=\"width: 15%;\">Italy<\/td>\n<td style=\"width: 28.0167%;\">Occupational Health and<br \/>\nSafety Management Systems<\/td>\n<td style=\"width: 16.9833%;\">English<\/td>\n<\/tr>\n<tr>\n<td style=\"width: 21%;\">\n<h3>ISO 9001<\/h3>\n<\/td>\n<td style=\"width: 15%;\"><\/td>\n<td style=\"width: 28.0167%;\"><\/td>\n<td style=\"width: 16.9833%;\"><\/td>\n<\/tr>\n<tr>\n<td style=\"width: 21%;\">Trocellen GmbH<\/td>\n<td style=\"width: 15%;\">Germany<\/td>\n<td style=\"width: 28.0167%;\"><a href=\"https:\/\/go.insulation.trocellen.com\/TROCELLEN-GmbH-CERTIFICATE-englisch-2022-12-11-QM15_pdf\" target=\"_blank\" rel=\"noopener\">ISO 9001 \u2013 QM15<\/a><\/td>\n<td style=\"width: 16.9833%;\">English<\/td>\n<\/tr>\n<tr>\n<td style=\"width: 21%;\">Trocellen GmbH<\/td>\n<td style=\"width: 15%;\">Germany<\/td>\n<td style=\"width: 28.0167%;\"><a href=\"https:\/\/go.insulation.trocellen.com\/TROCELLEN-GmbH-CERTIFICATE-deutsch-2022-12-11-QM15_pdf\" target=\"_blank\" rel=\"noopener\">ISO 9001 \u2013 QM15<\/a><\/td>\n<td style=\"width: 16.9833%;\">German<\/td>\n<\/tr>\n<tr>\n<td style=\"width: 21%;\">Trocellen Iberica<\/td>\n<td style=\"width: 15%;\">Spain<\/td>\n<td style=\"width: 28.0167%;\"><a href=\"https:\/\/insulation.trocellen.com\/wp-content\/uploads\/2013\/12\/CERT_0.04.18022-TROCELLEN-IB\u00c9RICA-S.A.-.pdf\" target=\"_blank\" rel=\"noopener\">ISO 9001<\/a><\/td>\n<td style=\"width: 16.9833%;\">Spanish-English-French<\/td>\n<\/tr>\n<tr>\n<td style=\"width: 21%;\">Trocellen Italia SpA<\/td>\n<td style=\"width: 15%;\">Italy<\/td>\n<td style=\"width: 28.0167%;\"><a href=\"https:\/\/go.insulation.trocellen.com\/Certificato-SQ-UNI-EN-ISO-9001-2015-128-TROCELLEN-ITALIA-SPA-combined_pdf\" target=\"_blank\" rel=\"noopener\">ISO 9001<\/a><\/td>\n<td style=\"width: 16.9833%;\">Italian-English<\/td>\n<\/tr>\n<tr>\n<td style=\"width: 21%;\">Trocellen S.E.A.<\/td>\n<td style=\"width: 15%;\">Malaysia<\/td>\n<td style=\"width: 28.0167%;\"><a href=\"https:\/\/insulation.trocellen.com\/wp-content\/uploads\/2013\/12\/ISO-9001-2015-certificate_2020-2023.pdf\" target=\"_blank\" rel=\"noopener\">ISO 9001<\/a><\/td>\n<td style=\"width: 16.9833%;\">English<\/td>\n<\/tr>\n<tr>\n<td style=\"width: 21%;\">Polifoam Kft.<\/td>\n<td style=\"width: 15%;\">Hungary<\/td>\n<td style=\"width: 28.0167%;\"><a href=\"https:\/\/footwear.trocellen.com\/wp-content\/uploads\/sites\/7\/2013\/12\/Polifoam_QMS_2017_main_certificate_EN_scan.pdf\" target=\"_blank\" rel=\"noopener\">ISO 9001 &#8211; QMS<\/a><\/td>\n<td style=\"width: 16.9833%;\">English<\/td>\n<\/tr>\n<tr>\n<td style=\"width: 21%;\">Polifoam Kft.<\/td>\n<td style=\"width: 15%;\">Hungary<\/td>\n<td style=\"width: 28.0167%;\"><a href=\"https:\/\/footwear.trocellen.com\/wp-content\/uploads\/sites\/7\/2013\/12\/Polifoam_QMS_2017_main_certificate_HU_scan.pdf\" target=\"_blank\" rel=\"noopener\">ISO 9001 &#8211; QMS<\/a><\/td>\n<td style=\"width: 16.9833%;\">Hungarian<\/td>\n<\/tr>\n<tr>\n<td style=\"width: 21%;\">\n<h3>ISO 50001<\/h3>\n<\/td>\n<td style=\"width: 15%;\"><\/td>\n<td style=\"width: 28.0167%;\"><\/td>\n<td style=\"width: 16.9833%;\"><\/td>\n<\/tr>\n<tr>\n<td style=\"width: 21%;\">Trocellen GmbH<\/td>\n<td style=\"width: 15%;\">Germany<\/td>\n<td style=\"width: 28.0167%;\"><a href=\"https:\/\/go.trocellen.com\/TROCELLEN-GmbH-CERTIFICATE-Englisch-2023-12-30-EMSt21_pdf\" target=\"_blank\" rel=\"noopener\">ISO 50001 &#8211; EMST<\/a><\/td>\n<td style=\"width: 16.9833%;\">English<\/td>\n<\/tr>\n<tr>\n<td style=\"width: 21%;\">Trocellen GmbH<\/td>\n<td style=\"width: 15%;\">Germany<\/td>\n<td style=\"width: 28.0167%;\"><a href=\"https:\/\/footwear.trocellen.com\/wp-content\/uploads\/sites\/7\/2013\/12\/003604-TROCELLEN-GmbH-certificate-Deutsch-2017-12-30-EMSt14.pdf\" target=\"_blank\" rel=\"noopener\">ISO 50001 &#8211; EMST<\/a><\/td>\n<td style=\"width: 16.9833%;\">German<\/td>\n<\/tr>\n<tr>\n<td style=\"width: 21%;\">Polifoam Kft.<\/td>\n<td style=\"width: 15%;\">Hungary<\/td>\n<td style=\"width: 28.0167%;\">ISO 50001<\/td>\n<td style=\"width: 16.9833%;\">English-Hungarian<\/td>\n<\/tr>\n<tr>\n<td style=\"text-align: left;\">Trocellen Italia spa<\/td>\n<td>Italy<\/td>\n<td><a href=\"https:\/\/insulation.trocellen.com\/wp-content\/uploads\/sites\/6\/2024\/11\/Certificato-UNI-CEI-EN-ISO-50001-2018-3-TROCELLEN-ITALIA-SPA.pdf\n\" target=\"_blank\" rel=\"noopener\">ISO 50001:2018 IIP<\/a><\/td>\n<td>Italian-English<\/td>\n<\/tr>\n<tr>\n<td style=\"text-align: left;\">Trocellen Italia spa<\/td>\n<td>Italy<\/td>\n<td><a href=\"https:\/\/insulation.trocellen.com\/wp-content\/uploads\/sites\/6\/2024\/11\/IQNET.pdf\" target=\"_blank\" rel=\"noopener\">ISO 50001:2018 IQNET<\/a><\/td>\n<td>English<\/td>\n<\/tr>\n<tr>\n<td style=\"width: 21%;\">\n<h3>ISO-TS 16949<\/h3>\n<\/td>\n<td style=\"width: 15%;\"><\/td>\n<td style=\"width: 28.0167%;\"><\/td>\n<td style=\"width: 16.9833%;\"><\/td>\n<\/tr>\n<tr>\n<td style=\"width: 21%;\">Polifoam Kft.<\/td>\n<td style=\"width: 15%;\">Hungary<\/td>\n<td style=\"width: 28.0167%;\"><a href=\"https:\/\/insulation.trocellen.com\/wp-content\/uploads\/sites\/6\/2013\/12\/ISO-TS-16949-POLIFOAM_2017_eng_hun.pdf\">ISO-TS 16949<\/a><\/td>\n<td style=\"width: 16.9833%;\">English-Hungarian<\/td>\n<\/tr>\n<tr>\n<td style=\"width: 21%;\">\n<h3>ISO 14001<\/h3>\n<\/td>\n<td style=\"width: 15%;\"><\/td>\n<td style=\"width: 28.0167%;\"><\/td>\n<td style=\"width: 16.9833%;\"><\/td>\n<\/tr>\n<tr style=\"height: 24px;\">\n<td style=\"width: 21%; height: 24px;\">Trocellen Italia SpA.<\/td>\n<td style=\"width: 15%; height: 24px;\">Italy<\/td>\n<td style=\"width: 28.0167%; height: 24px;\"><a href=\"https:\/\/insulation.trocellen.com\/wp-content\/uploads\/sites\/6\/2024\/11\/Certificato-SQ-UNI-EN-ISO-14001-2015-230-TROCELLEN-ITALIA-SPA.pdf\" target=\"_blank\" rel=\"noopener\">ISO 14001:2015 IIP<\/a><\/td>\n<td style=\"width: 16.9833%; height: 24px;\">Italian<\/td>\n<\/tr>\n<tr style=\"height: 24px;\">\n<td style=\"width: 21%; height: 24px;\">Trocellen Italia SpA.<\/td>\n<td style=\"width: 15%; height: 24px;\">Italy<\/td>\n<td style=\"width: 28.0167%; height: 24px;\"><a href=\"https:\/\/insulation.trocellen.com\/wp-content\/uploads\/sites\/6\/2024\/11\/Sistemi-Certificato-IQNET-58793.pdf\" target=\"_blank\" rel=\"noopener\">ISO 14001:2015 IQNET<\/a><\/td>\n<td style=\"width: 16.9833%; height: 24px;\">Italian<\/td>\n<\/tr>\n<tr>\n<td style=\"width: 21%;\">Polifoam Kft.<\/td>\n<td style=\"width: 15%;\">Hungary<\/td>\n<td style=\"width: 28.0167%;\"><a href=\"https:\/\/insulation.trocellen.com\/wp-content\/uploads\/sites\/6\/2013\/12\/ISO-14001-Polifoam_EMS_2017_main_certificate_DAKKS_eng.pdf\">ISO 14001 &#8211; DAKKS<\/a><\/td>\n<td style=\"width: 16.9833%;\">\u00a0English<\/td>\n<\/tr>\n<tr>\n<td style=\"width: 21%;\">Polifoam Kft.<\/td>\n<td style=\"width: 15%;\">Hungary<\/td>\n<td style=\"width: 28.0167%;\"><a href=\"https:\/\/insulation.trocellen.com\/wp-content\/uploads\/sites\/6\/2013\/12\/ISO-14001-Polifoam_EMS_2017_main_certificate_DAKKS_hun.pdf\">ISO 14001 &#8211; DAKKS<\/a><\/td>\n<td style=\"width: 16.9833%;\">\u00a0Hungarian<\/td>\n<\/tr>\n<tr>\n<td style=\"width: 21%;\">\n<h3>\u00d6KO-TEX<\/h3>\n<\/td>\n<td style=\"width: 15%;\"><\/td>\n<td style=\"width: 28.0167%;\"><\/td>\n<td style=\"width: 16.9833%;\"><\/td>\n<\/tr>\n<tr>\n<td style=\"width: 21%;\">Polifoam Kft.<\/td>\n<td style=\"width: 15%;\">Hungary<\/td>\n<td style=\"width: 28.0167%;\"><a href=\"https:\/\/insulation.trocellen.com\/wp-content\/uploads\/sites\/6\/2013\/12\/OEKO-TEX-STEP-Polifoam-1.pdf\">\u00d6KO-TEX-STEP<\/a><br \/>\n<a href=\"https:\/\/insulation.trocellen.com\/wp-content\/uploads\/sites\/6\/2013\/12\/OEKO-TEX-STEP-Polifoam-2.pdf\">\u00d6KO-TEX-STEP<\/a><\/td>\n<td style=\"width: 16.9833%;\">English 1<br \/>\nEnglish 2<\/td>\n<\/tr>\n<\/tbody>\n<\/table>\n","protected":false},"excerpt":{"rendered":"<p>Como garant\u00eda al proporcionar productos y servicios estables y de alto rendimiento, Trocellen presta especial atenci\u00f3n para asegurar la calidad. Procuramos supervisar y mejorar los procesos de producci\u00f3n, gerencia y atenci\u00f3n al cliente. Nos dedicamos al desarrollo continuo de todas las \u00e1reas que podr\u00edan influir en el rendimiento de nuestros productos y servicios, y tener [&hellip;]<\/p>\n","protected":false},"author":6,"featured_media":0,"parent":0,"menu_order":0,"comment_status":"open","ping_status":"closed","template":"templates\/one-column.php","meta":{"_acf_changed":false,"footnotes":""},"class_list":["post-851","page","type-page","status-publish","hentry"],"acf":[],"yoast_head":"<!-- This site is optimized with the Yoast SEO plugin v23.5 - https:\/\/yoast.com\/wordpress\/plugins\/seo\/ -->\n<title>Garant\u00eda de calidad - Footwear<\/title>\n<meta name=\"robots\" content=\"index, follow, max-snippet:-1, max-image-preview:large, max-video-preview:-1\" \/>\n<link rel=\"canonical\" href=\"https:\/\/footwear.trocellen.com\/es\/garantia-de-calidad\/\" \/>\n<meta name=\"twitter:label1\" content=\"Tiempo de lectura\" \/>\n\t<meta name=\"twitter:data1\" content=\"2 minutos\" \/>\n<script type=\"application\/ld+json\" class=\"yoast-schema-graph\">{\"@context\":\"https:\/\/schema.org\",\"@graph\":[{\"@type\":\"WebPage\",\"@id\":\"https:\/\/footwear.trocellen.com\/es\/garantia-de-calidad\/\",\"url\":\"https:\/\/footwear.trocellen.com\/es\/garantia-de-calidad\/\",\"name\":\"Garant\u00eda de calidad - Footwear\",\"isPartOf\":{\"@id\":\"https:\/\/footwear.trocellen.com\/#website\"},\"datePublished\":\"2013-12-16T11:02:46+00:00\",\"dateModified\":\"2025-01-07T11:42:04+00:00\",\"breadcrumb\":{\"@id\":\"https:\/\/footwear.trocellen.com\/es\/garantia-de-calidad\/#breadcrumb\"},\"inLanguage\":\"es\",\"potentialAction\":[{\"@type\":\"ReadAction\",\"target\":[\"https:\/\/footwear.trocellen.com\/es\/garantia-de-calidad\/\"]}]},{\"@type\":\"BreadcrumbList\",\"@id\":\"https:\/\/footwear.trocellen.com\/es\/garantia-de-calidad\/#breadcrumb\",\"itemListElement\":[{\"@type\":\"ListItem\",\"position\":1,\"name\":\"Home\",\"item\":\"https:\/\/footwear.trocellen.com\/es\/\"},{\"@type\":\"ListItem\",\"position\":2,\"name\":\"Garant\u00eda de calidad\"}]},{\"@type\":\"WebSite\",\"@id\":\"https:\/\/footwear.trocellen.com\/#website\",\"url\":\"https:\/\/footwear.trocellen.com\/\",\"name\":\"Footwear\",\"description\":\"\",\"potentialAction\":[{\"@type\":\"SearchAction\",\"target\":{\"@type\":\"EntryPoint\",\"urlTemplate\":\"https:\/\/footwear.trocellen.com\/?s={search_term_string}\"},\"query-input\":{\"@type\":\"PropertyValueSpecification\",\"valueRequired\":true,\"valueName\":\"search_term_string\"}}],\"inLanguage\":\"es\"}]}<\/script>\n<!-- \/ Yoast SEO plugin. -->","yoast_head_json":{"title":"Garant\u00eda de calidad - Footwear","robots":{"index":"index","follow":"follow","max-snippet":"max-snippet:-1","max-image-preview":"max-image-preview:large","max-video-preview":"max-video-preview:-1"},"canonical":"https:\/\/footwear.trocellen.com\/es\/garantia-de-calidad\/","twitter_misc":{"Tiempo de lectura":"2 minutos"},"schema":{"@context":"https:\/\/schema.org","@graph":[{"@type":"WebPage","@id":"https:\/\/footwear.trocellen.com\/es\/garantia-de-calidad\/","url":"https:\/\/footwear.trocellen.com\/es\/garantia-de-calidad\/","name":"Garant\u00eda de calidad - Footwear","isPartOf":{"@id":"https:\/\/footwear.trocellen.com\/#website"},"datePublished":"2013-12-16T11:02:46+00:00","dateModified":"2025-01-07T11:42:04+00:00","breadcrumb":{"@id":"https:\/\/footwear.trocellen.com\/es\/garantia-de-calidad\/#breadcrumb"},"inLanguage":"es","potentialAction":[{"@type":"ReadAction","target":["https:\/\/footwear.trocellen.com\/es\/garantia-de-calidad\/"]}]},{"@type":"BreadcrumbList","@id":"https:\/\/footwear.trocellen.com\/es\/garantia-de-calidad\/#breadcrumb","itemListElement":[{"@type":"ListItem","position":1,"name":"Home","item":"https:\/\/footwear.trocellen.com\/es\/"},{"@type":"ListItem","position":2,"name":"Garant\u00eda de calidad"}]},{"@type":"WebSite","@id":"https:\/\/footwear.trocellen.com\/#website","url":"https:\/\/footwear.trocellen.com\/","name":"Footwear","description":"","potentialAction":[{"@type":"SearchAction","target":{"@type":"EntryPoint","urlTemplate":"https:\/\/footwear.trocellen.com\/?s={search_term_string}"},"query-input":{"@type":"PropertyValueSpecification","valueRequired":true,"valueName":"search_term_string"}}],"inLanguage":"es"}]}},"_links":{"self":[{"href":"https:\/\/footwear.trocellen.com\/es\/wp-json\/wp\/v2\/pages\/851","targetHints":{"allow":["GET"]}}],"collection":[{"href":"https:\/\/footwear.trocellen.com\/es\/wp-json\/wp\/v2\/pages"}],"about":[{"href":"https:\/\/footwear.trocellen.com\/es\/wp-json\/wp\/v2\/types\/page"}],"author":[{"embeddable":true,"href":"https:\/\/footwear.trocellen.com\/es\/wp-json\/wp\/v2\/users\/6"}],"replies":[{"embeddable":true,"href":"https:\/\/footwear.trocellen.com\/es\/wp-json\/wp\/v2\/comments?post=851"}],"version-history":[{"count":8,"href":"https:\/\/footwear.trocellen.com\/es\/wp-json\/wp\/v2\/pages\/851\/revisions"}],"predecessor-version":[{"id":1502,"href":"https:\/\/footwear.trocellen.com\/es\/wp-json\/wp\/v2\/pages\/851\/revisions\/1502"}],"wp:attachment":[{"href":"https:\/\/footwear.trocellen.com\/es\/wp-json\/wp\/v2\/media?parent=851"}],"curies":[{"name":"wp","href":"https:\/\/api.w.org\/{rel}","templated":true}]}}