{"id":892,"date":"2017-08-17T12:59:15","date_gmt":"2017-08-17T12:59:15","guid":{"rendered":"https:\/\/footwear.usernet.hu\/accesorios-del-motor-equipo-de-proteccion\/"},"modified":"2017-08-17T12:59:15","modified_gmt":"2017-08-17T12:59:15","slug":"accesorios-del-motor-equipo-de-proteccion","status":"publish","type":"page","link":"https:\/\/footwear.trocellen.com\/es\/aplicaciones\/accesorios-del-motor-equipo-de-proteccion\/","title":{"rendered":"Accesorios del motor &amp; equipo de protecci\u00f3n"},"content":{"rendered":"<p>La flexibilidad de las espumas de polietileno reticulado y su f\u00e1cil adaptaci\u00f3n para la aplicaci\u00f3n en el mundo de los motores aseguran comodidad y un uso duradero, ofreciendo un alto rendimiento en cualquier circunstancia.<\/p>\n<h2>Material y dimensiones<\/h2>\n<ul>\n<li>Espuma de polietileno reticulado<br \/>\n<img loading=\"lazy\" decoding=\"async\" class=\"alignright size-medium wp-image-527\" src=\"https:\/\/footwear.trocellen.com\/wp-content\/uploads\/sites\/7\/2017\/08\/trocellen_cargo_boxes_003-300x255.png\" alt=\"\" width=\"300\" height=\"255\" srcset=\"https:\/\/footwear.trocellen.com\/wp-content\/uploads\/sites\/7\/2017\/08\/trocellen_cargo_boxes_003-300x255.png 300w, https:\/\/footwear.trocellen.com\/wp-content\/uploads\/sites\/7\/2017\/08\/trocellen_cargo_boxes_003-768x654.png 768w, https:\/\/footwear.trocellen.com\/wp-content\/uploads\/sites\/7\/2017\/08\/trocellen_cargo_boxes_003-1024x871.png 1024w\" sizes=\"auto, (max-width: 300px) 100vw, 300px\" \/><\/li>\n<li>Tipo semi \u2013 r\u00edgido de 30-40 kg\/m\u00b3<\/li>\n<li>Espesor de 8 a 10mm<\/li>\n<\/ul>\n<h2>Propiedades<\/h2>\n<ul>\n<li>Flexibilidad<\/li>\n<li>F\u00e1cil manejo<\/li>\n<li>Gran resistencia a los golpes<\/li>\n<\/ul>\n","protected":false},"excerpt":{"rendered":"<p>La flexibilidad de las espumas de polietileno reticulado y su f\u00e1cil adaptaci\u00f3n para la aplicaci\u00f3n en el mundo de los motores aseguran comodidad y un uso duradero, ofreciendo un alto rendimiento en cualquier circunstancia. Material y dimensiones Espuma de polietileno reticulado Tipo semi \u2013 r\u00edgido de 30-40 kg\/m\u00b3 Espesor de 8 a 10mm Propiedades Flexibilidad [&hellip;]<\/p>\n","protected":false},"author":1,"featured_media":0,"parent":857,"menu_order":6,"comment_status":"closed","ping_status":"closed","template":"","meta":{"_acf_changed":false,"footnotes":""},"class_list":["post-892","page","type-page","status-publish","hentry"],"acf":[],"yoast_head":"<!-- This site is optimized with the Yoast SEO plugin v23.5 - https:\/\/yoast.com\/wordpress\/plugins\/seo\/ -->\n<title>Accesorios del motor &amp; equipo de protecci\u00f3n - Footwear<\/title>\n<meta name=\"robots\" content=\"index, follow, max-snippet:-1, max-image-preview:large, max-video-preview:-1\" \/>\n<link rel=\"canonical\" href=\"https:\/\/footwear.trocellen.com\/es\/aplicaciones\/accesorios-del-motor-equipo-de-proteccion\/\" \/>\n<script type=\"application\/ld+json\" class=\"yoast-schema-graph\">{\"@context\":\"https:\/\/schema.org\",\"@graph\":[{\"@type\":\"WebPage\",\"@id\":\"https:\/\/footwear.trocellen.com\/es\/aplicaciones\/accesorios-del-motor-equipo-de-proteccion\/\",\"url\":\"https:\/\/footwear.trocellen.com\/es\/aplicaciones\/accesorios-del-motor-equipo-de-proteccion\/\",\"name\":\"Accesorios del motor &amp; equipo de protecci\u00f3n - Footwear\",\"isPartOf\":{\"@id\":\"https:\/\/footwear.trocellen.com\/#website\"},\"primaryImageOfPage\":{\"@id\":\"https:\/\/footwear.trocellen.com\/es\/aplicaciones\/accesorios-del-motor-equipo-de-proteccion\/#primaryimage\"},\"image\":{\"@id\":\"https:\/\/footwear.trocellen.com\/es\/aplicaciones\/accesorios-del-motor-equipo-de-proteccion\/#primaryimage\"},\"thumbnailUrl\":\"https:\/\/footwear.trocellen.com\/wp-content\/uploads\/sites\/7\/2017\/08\/trocellen_cargo_boxes_003-300x255.png\",\"datePublished\":\"2017-08-17T12:59:15+00:00\",\"dateModified\":\"2017-08-17T12:59:15+00:00\",\"breadcrumb\":{\"@id\":\"https:\/\/footwear.trocellen.com\/es\/aplicaciones\/accesorios-del-motor-equipo-de-proteccion\/#breadcrumb\"},\"inLanguage\":\"es\",\"potentialAction\":[{\"@type\":\"ReadAction\",\"target\":[\"https:\/\/footwear.trocellen.com\/es\/aplicaciones\/accesorios-del-motor-equipo-de-proteccion\/\"]}]},{\"@type\":\"ImageObject\",\"inLanguage\":\"es\",\"@id\":\"https:\/\/footwear.trocellen.com\/es\/aplicaciones\/accesorios-del-motor-equipo-de-proteccion\/#primaryimage\",\"url\":\"https:\/\/footwear.trocellen.com\/wp-content\/uploads\/sites\/7\/2017\/08\/trocellen_cargo_boxes_003-300x255.png\",\"contentUrl\":\"https:\/\/footwear.trocellen.com\/wp-content\/uploads\/sites\/7\/2017\/08\/trocellen_cargo_boxes_003-300x255.png\"},{\"@type\":\"BreadcrumbList\",\"@id\":\"https:\/\/footwear.trocellen.com\/es\/aplicaciones\/accesorios-del-motor-equipo-de-proteccion\/#breadcrumb\",\"itemListElement\":[{\"@type\":\"ListItem\",\"position\":1,\"name\":\"Home\",\"item\":\"https:\/\/footwear.trocellen.com\/es\/\"},{\"@type\":\"ListItem\",\"position\":2,\"name\":\"Aplicaciones\",\"item\":\"https:\/\/footwear.trocellen.com\/es\/aplicaciones\/\"},{\"@type\":\"ListItem\",\"position\":3,\"name\":\"Accesorios del motor &amp; equipo de protecci\u00f3n\"}]},{\"@type\":\"WebSite\",\"@id\":\"https:\/\/footwear.trocellen.com\/#website\",\"url\":\"https:\/\/footwear.trocellen.com\/\",\"name\":\"Footwear\",\"description\":\"\",\"potentialAction\":[{\"@type\":\"SearchAction\",\"target\":{\"@type\":\"EntryPoint\",\"urlTemplate\":\"https:\/\/footwear.trocellen.com\/?s={search_term_string}\"},\"query-input\":{\"@type\":\"PropertyValueSpecification\",\"valueRequired\":true,\"valueName\":\"search_term_string\"}}],\"inLanguage\":\"es\"}]}<\/script>\n<!-- \/ Yoast SEO plugin. -->","yoast_head_json":{"title":"Accesorios del motor &amp; equipo de protecci\u00f3n - Footwear","robots":{"index":"index","follow":"follow","max-snippet":"max-snippet:-1","max-image-preview":"max-image-preview:large","max-video-preview":"max-video-preview:-1"},"canonical":"https:\/\/footwear.trocellen.com\/es\/aplicaciones\/accesorios-del-motor-equipo-de-proteccion\/","schema":{"@context":"https:\/\/schema.org","@graph":[{"@type":"WebPage","@id":"https:\/\/footwear.trocellen.com\/es\/aplicaciones\/accesorios-del-motor-equipo-de-proteccion\/","url":"https:\/\/footwear.trocellen.com\/es\/aplicaciones\/accesorios-del-motor-equipo-de-proteccion\/","name":"Accesorios del motor &amp; equipo de protecci\u00f3n - Footwear","isPartOf":{"@id":"https:\/\/footwear.trocellen.com\/#website"},"primaryImageOfPage":{"@id":"https:\/\/footwear.trocellen.com\/es\/aplicaciones\/accesorios-del-motor-equipo-de-proteccion\/#primaryimage"},"image":{"@id":"https:\/\/footwear.trocellen.com\/es\/aplicaciones\/accesorios-del-motor-equipo-de-proteccion\/#primaryimage"},"thumbnailUrl":"https:\/\/footwear.trocellen.com\/wp-content\/uploads\/sites\/7\/2017\/08\/trocellen_cargo_boxes_003-300x255.png","datePublished":"2017-08-17T12:59:15+00:00","dateModified":"2017-08-17T12:59:15+00:00","breadcrumb":{"@id":"https:\/\/footwear.trocellen.com\/es\/aplicaciones\/accesorios-del-motor-equipo-de-proteccion\/#breadcrumb"},"inLanguage":"es","potentialAction":[{"@type":"ReadAction","target":["https:\/\/footwear.trocellen.com\/es\/aplicaciones\/accesorios-del-motor-equipo-de-proteccion\/"]}]},{"@type":"ImageObject","inLanguage":"es","@id":"https:\/\/footwear.trocellen.com\/es\/aplicaciones\/accesorios-del-motor-equipo-de-proteccion\/#primaryimage","url":"https:\/\/footwear.trocellen.com\/wp-content\/uploads\/sites\/7\/2017\/08\/trocellen_cargo_boxes_003-300x255.png","contentUrl":"https:\/\/footwear.trocellen.com\/wp-content\/uploads\/sites\/7\/2017\/08\/trocellen_cargo_boxes_003-300x255.png"},{"@type":"BreadcrumbList","@id":"https:\/\/footwear.trocellen.com\/es\/aplicaciones\/accesorios-del-motor-equipo-de-proteccion\/#breadcrumb","itemListElement":[{"@type":"ListItem","position":1,"name":"Home","item":"https:\/\/footwear.trocellen.com\/es\/"},{"@type":"ListItem","position":2,"name":"Aplicaciones","item":"https:\/\/footwear.trocellen.com\/es\/aplicaciones\/"},{"@type":"ListItem","position":3,"name":"Accesorios del motor &amp; equipo de protecci\u00f3n"}]},{"@type":"WebSite","@id":"https:\/\/footwear.trocellen.com\/#website","url":"https:\/\/footwear.trocellen.com\/","name":"Footwear","description":"","potentialAction":[{"@type":"SearchAction","target":{"@type":"EntryPoint","urlTemplate":"https:\/\/footwear.trocellen.com\/?s={search_term_string}"},"query-input":{"@type":"PropertyValueSpecification","valueRequired":true,"valueName":"search_term_string"}}],"inLanguage":"es"}]}},"_links":{"self":[{"href":"https:\/\/footwear.trocellen.com\/es\/wp-json\/wp\/v2\/pages\/892","targetHints":{"allow":["GET"]}}],"collection":[{"href":"https:\/\/footwear.trocellen.com\/es\/wp-json\/wp\/v2\/pages"}],"about":[{"href":"https:\/\/footwear.trocellen.com\/es\/wp-json\/wp\/v2\/types\/page"}],"author":[{"embeddable":true,"href":"https:\/\/footwear.trocellen.com\/es\/wp-json\/wp\/v2\/users\/1"}],"replies":[{"embeddable":true,"href":"https:\/\/footwear.trocellen.com\/es\/wp-json\/wp\/v2\/comments?post=892"}],"version-history":[{"count":0,"href":"https:\/\/footwear.trocellen.com\/es\/wp-json\/wp\/v2\/pages\/892\/revisions"}],"up":[{"embeddable":true,"href":"https:\/\/footwear.trocellen.com\/es\/wp-json\/wp\/v2\/pages\/857"}],"wp:attachment":[{"href":"https:\/\/footwear.trocellen.com\/es\/wp-json\/wp\/v2\/media?parent=892"}],"curies":[{"name":"wp","href":"https:\/\/api.w.org\/{rel}","templated":true}]}}