{"id":746,"date":"2013-12-08T20:01:33","date_gmt":"2013-12-08T20:01:33","guid":{"rendered":"https:\/\/footwear.usernet.hu\/semelles-interieures\/"},"modified":"2013-12-08T20:01:33","modified_gmt":"2013-12-08T20:01:33","slug":"semelles-interieures","status":"publish","type":"page","link":"https:\/\/footwear.trocellen.com\/fr\/applications\/parties-internes\/semelles-interieures\/","title":{"rendered":"Semelles int\u00e9rieures"},"content":{"rendered":"<p>Les mousses de Trocellen, associ\u00e9es \u00e0 d\u2019autres mat\u00e9riaux de grande qualit\u00e9, offrent des solutions cr\u00e9atives, confortables et orient\u00e9es vers le client pour l\u2019industrie des chaussures. Dans toutes nos combinaisons de mat\u00e9riaux et diff\u00e9rentes m\u00e9thodes de fabrication, nous r\u00e9pondons aux exigences de nos clients en termes de stabilit\u00e9, de s\u00e9curit\u00e9, d&rsquo;hygi\u00e8ne et de qualit\u00e9 pour leurs semelles.<\/p>\n<h2>Semelles conductrices(brevet\u00e9es par Trocellen)<\/h2>\n<h3>Mat\u00e9riau et dimensions<\/h3>\n<ul>\n<li>Mousse de polyethylene reticule chimiquement<\/li>\n<li>Mousse de polyethylene r\u00e9ticul\u00e9 physiquement<\/li>\n<li>Lamin\u00e9 avec des textiles techniques sur la face sup\u00e9rieure et avec un feutre conducteur sur la face inf\u00e9rieure<\/li>\n<li>4 \u00e0 6 mm d\u2019\u00e9paisseur<\/li>\n<\/ul>\n<h3>Propri\u00e9t\u00e9s<\/h3>\n<ul>\n<li>Conductivit\u00e9 \u00e9lev\u00e9e (&lt;10^4 \u03a9)<\/li>\n<li>R\u00e9sistance \u00e9lev\u00e9e \u00e0 l\u2019abrasion<\/li>\n<li>Respirabilit\u00e9 optimale et tr\u00e8s faible absorption d\u2019humidit\u00e9<\/li>\n<li>Traitement antibact\u00e9rien disponible pour les mousses de poly\u00e9thyl\u00e8ne<\/li>\n<li>Aptitude au thermoformage de pr\u00e9cision<\/li>\n<li>Grande long\u00e9vit\u00e9<\/li>\n<li>Sans PCV et COV<\/li>\n<li>Les fibres de feutre sont aiguillet\u00e9es (cousues) au poly\u00e9thyl\u00e8ne, assurant une conductivit\u00e9 tr\u00e8s \u00e9lev\u00e9e<\/li>\n<li>Facile \u00e0 ins\u00e9rer dans les chaussures<\/li>\n<\/ul>\n<h2>Semelles int\u00e9rieures thermoform\u00e9es<\/h2>\n<h3>Mat\u00e9riau et dimensions<\/h3>\n<ul>\n<li>Mousse de poly\u00e9thyl\u00e8ne<\/li>\n<li>Simple, perfor\u00e9, couchage avec thermoadh\u00e9sif ou laminage avec des textiles techniques<\/li>\n<li>Gamme de rigidit\u00e9 de 70 \u00e0 250 kg\/m\u00b3<\/li>\n<li>4 \u00e0 6 mm d\u2019\u00e9paisseur<\/li>\n<\/ul>\n<h3>Propri\u00e9t\u00e9s<\/h3>\n<ul>\n<li>Confortable et l\u00e9ger<\/li>\n<li>Grande long\u00e9vit\u00e9<\/li>\n<li>R\u00e9sistance \u00e0 l\u2019abrasion<\/li>\n<li>Isolation thermique<\/li>\n<li>Thermoformabilit\u00e9 \u00e9lev\u00e9e<\/li>\n<li>Traitements antibact\u00e9riens disponibles pour les versions lamin\u00e9es avec des textiles<\/li>\n<li>Antibacterial treatments available for fabric laminated versions<\/li>\n<li>Respirabilit\u00e9 de la version perfor\u00e9e<\/li>\n<li>Facile \u00e0 ins\u00e9rer dans les chaussures<\/li>\n<\/ul>\n<h2>Semelles perfor\u00e9es<\/h2>\n<h3>Mat\u00e9riau et dimensions<\/h3>\n<p><img loading=\"lazy\" decoding=\"async\" class=\"alignright size-medium wp-image-501\" src=\"https:\/\/footwear.trocellen.com\/wp-content\/uploads\/sites\/7\/2013\/12\/insoles_001-300x169.png\" alt=\"\" width=\"300\" height=\"169\" srcset=\"https:\/\/footwear.trocellen.com\/wp-content\/uploads\/sites\/7\/2013\/12\/insoles_001-300x169.png 300w, https:\/\/footwear.trocellen.com\/wp-content\/uploads\/sites\/7\/2013\/12\/insoles_001-768x432.png 768w, https:\/\/footwear.trocellen.com\/wp-content\/uploads\/sites\/7\/2013\/12\/insoles_001-1024x576.png 1024w\" sizes=\"auto, (max-width: 300px) 100vw, 300px\" \/><\/p>\n<ul>\n<li>Mousse de poly\u00e9thyl\u00e8ne<\/li>\n<li>Lamin\u00e9 avec des mousses de polyur\u00e9thane et des textiles techniques<\/li>\n<li>Gamme de rigidit\u00e9 150 kg\/m\u00b3<\/li>\n<li>4 \u00e0 5 mm d\u2019\u00e9paisseur<\/li>\n<\/ul>\n<h3>Propri\u00e9t\u00e9s<\/h3>\n<ul>\n<li>Confortable et l\u00e9ger<\/li>\n<li>Grande long\u00e9vit\u00e9<\/li>\n<li>Respirabilit\u00e9 de la version perfor\u00e9e<\/li>\n<li>R\u00e9sistance \u00e0 l\u2019abrasion<\/li>\n<li>Processus de production simple et facile \u00e0 ins\u00e9rer dans la chaussure<\/li>\n<li>Sans PCV et COV<\/li>\n<li>Isolation thermique<\/li>\n<\/ul>\n<h2>Semelles perfor\u00e9es avec feutre<\/h2>\n<h3>Mat\u00e9riau et dimensions<\/h3>\n<ul>\n<li>Feutre lamin\u00e9 avec des mousses de polyur\u00e9thane et des textiles techniques<\/li>\n<li>Gamme de rigidit\u00e9 50 kg\/m\u00b3<\/li>\n<li>4 \u00e0 5 mm d\u2019\u00e9paisseur<\/li>\n<\/ul>\n<h3>Propri\u00e9t\u00e9s<\/h3>\n<ul>\n<li>Confortable<\/li>\n<li>Respirabilit\u00e9<\/li>\n<li>Sans PCV et COV<\/li>\n<\/ul>\n<h2>Semelles perfor\u00e9es en mousse agglom\u00e9r\u00e9<\/h2>\n<h3>Mat\u00e9riau et dimensions<\/h3>\n<ul>\n<li>Mousse de polyur\u00e9thane agglom\u00e9r\u00e9<\/li>\n<li>Rev\u00eatement simple ou adhesive<\/li>\n<li>Gamme de rigidit\u00e9 100 &#8211; 150 kg\/m\u00b3<\/li>\n<li>5\u00a0\u00e0 15 mm d\u2019\u00e9paisseur<\/li>\n<\/ul>\n<h3>Propri\u00e9t\u00e9s<\/h3>\n<ul>\n<li>Traitements antibact\u00e9riens disponibles<\/li>\n<li>Imprimable pour \u00eatre personnalis\u00e9<\/li>\n<li>Sans PCV et COV<\/li>\n<\/ul>\n","protected":false},"excerpt":{"rendered":"<p>Les mousses de Trocellen, associ\u00e9es \u00e0 d\u2019autres mat\u00e9riaux de grande qualit\u00e9, offrent des solutions cr\u00e9atives, confortables et orient\u00e9es vers le client pour l\u2019industrie des chaussures. Dans toutes nos combinaisons de mat\u00e9riaux et diff\u00e9rentes m\u00e9thodes de fabrication, nous r\u00e9pondons aux exigences de nos clients en termes de stabilit\u00e9, de s\u00e9curit\u00e9, d&rsquo;hygi\u00e8ne et de qualit\u00e9 pour leurs [&hellip;]<\/p>\n","protected":false},"author":6,"featured_media":0,"parent":728,"menu_order":0,"comment_status":"open","ping_status":"open","template":"","meta":{"_acf_changed":false,"footnotes":""},"class_list":["post-746","page","type-page","status-publish","hentry"],"acf":[],"yoast_head":"<!-- This site is optimized with the Yoast SEO plugin v23.5 - https:\/\/yoast.com\/wordpress\/plugins\/seo\/ -->\n<title>Semelles int\u00e9rieures - Footwear<\/title>\n<meta name=\"robots\" content=\"index, follow, max-snippet:-1, max-image-preview:large, max-video-preview:-1\" \/>\n<link rel=\"canonical\" href=\"https:\/\/footwear.trocellen.com\/fr\/applications\/parties-internes\/semelles-interieures\/\" \/>\n<meta name=\"twitter:label1\" content=\"Dur\u00e9e de lecture estim\u00e9e\" \/>\n\t<meta name=\"twitter:data1\" content=\"2 minutes\" \/>\n<script type=\"application\/ld+json\" class=\"yoast-schema-graph\">{\"@context\":\"https:\/\/schema.org\",\"@graph\":[{\"@type\":\"WebPage\",\"@id\":\"https:\/\/footwear.trocellen.com\/fr\/applications\/parties-internes\/semelles-interieures\/\",\"url\":\"https:\/\/footwear.trocellen.com\/fr\/applications\/parties-internes\/semelles-interieures\/\",\"name\":\"Semelles int\u00e9rieures - Footwear\",\"isPartOf\":{\"@id\":\"https:\/\/footwear.trocellen.com\/#website\"},\"primaryImageOfPage\":{\"@id\":\"https:\/\/footwear.trocellen.com\/fr\/applications\/parties-internes\/semelles-interieures\/#primaryimage\"},\"image\":{\"@id\":\"https:\/\/footwear.trocellen.com\/fr\/applications\/parties-internes\/semelles-interieures\/#primaryimage\"},\"thumbnailUrl\":\"https:\/\/footwear.trocellen.com\/wp-content\/uploads\/sites\/7\/2013\/12\/insoles_001-300x169.png\",\"datePublished\":\"2013-12-08T20:01:33+00:00\",\"dateModified\":\"2013-12-08T20:01:33+00:00\",\"breadcrumb\":{\"@id\":\"https:\/\/footwear.trocellen.com\/fr\/applications\/parties-internes\/semelles-interieures\/#breadcrumb\"},\"inLanguage\":\"fr-FR\",\"potentialAction\":[{\"@type\":\"ReadAction\",\"target\":[\"https:\/\/footwear.trocellen.com\/fr\/applications\/parties-internes\/semelles-interieures\/\"]}]},{\"@type\":\"ImageObject\",\"inLanguage\":\"fr-FR\",\"@id\":\"https:\/\/footwear.trocellen.com\/fr\/applications\/parties-internes\/semelles-interieures\/#primaryimage\",\"url\":\"https:\/\/footwear.trocellen.com\/wp-content\/uploads\/sites\/7\/2013\/12\/insoles_001-300x169.png\",\"contentUrl\":\"https:\/\/footwear.trocellen.com\/wp-content\/uploads\/sites\/7\/2013\/12\/insoles_001-300x169.png\"},{\"@type\":\"BreadcrumbList\",\"@id\":\"https:\/\/footwear.trocellen.com\/fr\/applications\/parties-internes\/semelles-interieures\/#breadcrumb\",\"itemListElement\":[{\"@type\":\"ListItem\",\"position\":1,\"name\":\"Home\",\"item\":\"https:\/\/footwear.trocellen.com\/fr\/\"},{\"@type\":\"ListItem\",\"position\":2,\"name\":\"Applications\",\"item\":\"https:\/\/footwear.trocellen.com\/fr\/applications\/\"},{\"@type\":\"ListItem\",\"position\":3,\"name\":\"Parties internes\",\"item\":\"https:\/\/footwear.trocellen.com\/fr\/applications\/parties-internes\/\"},{\"@type\":\"ListItem\",\"position\":4,\"name\":\"Semelles int\u00e9rieures\"}]},{\"@type\":\"WebSite\",\"@id\":\"https:\/\/footwear.trocellen.com\/#website\",\"url\":\"https:\/\/footwear.trocellen.com\/\",\"name\":\"Footwear\",\"description\":\"\",\"potentialAction\":[{\"@type\":\"SearchAction\",\"target\":{\"@type\":\"EntryPoint\",\"urlTemplate\":\"https:\/\/footwear.trocellen.com\/?s={search_term_string}\"},\"query-input\":{\"@type\":\"PropertyValueSpecification\",\"valueRequired\":true,\"valueName\":\"search_term_string\"}}],\"inLanguage\":\"fr-FR\"}]}<\/script>\n<!-- \/ Yoast SEO plugin. -->","yoast_head_json":{"title":"Semelles int\u00e9rieures - Footwear","robots":{"index":"index","follow":"follow","max-snippet":"max-snippet:-1","max-image-preview":"max-image-preview:large","max-video-preview":"max-video-preview:-1"},"canonical":"https:\/\/footwear.trocellen.com\/fr\/applications\/parties-internes\/semelles-interieures\/","twitter_misc":{"Dur\u00e9e de lecture estim\u00e9e":"2 minutes"},"schema":{"@context":"https:\/\/schema.org","@graph":[{"@type":"WebPage","@id":"https:\/\/footwear.trocellen.com\/fr\/applications\/parties-internes\/semelles-interieures\/","url":"https:\/\/footwear.trocellen.com\/fr\/applications\/parties-internes\/semelles-interieures\/","name":"Semelles int\u00e9rieures - Footwear","isPartOf":{"@id":"https:\/\/footwear.trocellen.com\/#website"},"primaryImageOfPage":{"@id":"https:\/\/footwear.trocellen.com\/fr\/applications\/parties-internes\/semelles-interieures\/#primaryimage"},"image":{"@id":"https:\/\/footwear.trocellen.com\/fr\/applications\/parties-internes\/semelles-interieures\/#primaryimage"},"thumbnailUrl":"https:\/\/footwear.trocellen.com\/wp-content\/uploads\/sites\/7\/2013\/12\/insoles_001-300x169.png","datePublished":"2013-12-08T20:01:33+00:00","dateModified":"2013-12-08T20:01:33+00:00","breadcrumb":{"@id":"https:\/\/footwear.trocellen.com\/fr\/applications\/parties-internes\/semelles-interieures\/#breadcrumb"},"inLanguage":"fr-FR","potentialAction":[{"@type":"ReadAction","target":["https:\/\/footwear.trocellen.com\/fr\/applications\/parties-internes\/semelles-interieures\/"]}]},{"@type":"ImageObject","inLanguage":"fr-FR","@id":"https:\/\/footwear.trocellen.com\/fr\/applications\/parties-internes\/semelles-interieures\/#primaryimage","url":"https:\/\/footwear.trocellen.com\/wp-content\/uploads\/sites\/7\/2013\/12\/insoles_001-300x169.png","contentUrl":"https:\/\/footwear.trocellen.com\/wp-content\/uploads\/sites\/7\/2013\/12\/insoles_001-300x169.png"},{"@type":"BreadcrumbList","@id":"https:\/\/footwear.trocellen.com\/fr\/applications\/parties-internes\/semelles-interieures\/#breadcrumb","itemListElement":[{"@type":"ListItem","position":1,"name":"Home","item":"https:\/\/footwear.trocellen.com\/fr\/"},{"@type":"ListItem","position":2,"name":"Applications","item":"https:\/\/footwear.trocellen.com\/fr\/applications\/"},{"@type":"ListItem","position":3,"name":"Parties internes","item":"https:\/\/footwear.trocellen.com\/fr\/applications\/parties-internes\/"},{"@type":"ListItem","position":4,"name":"Semelles int\u00e9rieures"}]},{"@type":"WebSite","@id":"https:\/\/footwear.trocellen.com\/#website","url":"https:\/\/footwear.trocellen.com\/","name":"Footwear","description":"","potentialAction":[{"@type":"SearchAction","target":{"@type":"EntryPoint","urlTemplate":"https:\/\/footwear.trocellen.com\/?s={search_term_string}"},"query-input":{"@type":"PropertyValueSpecification","valueRequired":true,"valueName":"search_term_string"}}],"inLanguage":"fr-FR"}]}},"_links":{"self":[{"href":"https:\/\/footwear.trocellen.com\/fr\/wp-json\/wp\/v2\/pages\/746","targetHints":{"allow":["GET"]}}],"collection":[{"href":"https:\/\/footwear.trocellen.com\/fr\/wp-json\/wp\/v2\/pages"}],"about":[{"href":"https:\/\/footwear.trocellen.com\/fr\/wp-json\/wp\/v2\/types\/page"}],"author":[{"embeddable":true,"href":"https:\/\/footwear.trocellen.com\/fr\/wp-json\/wp\/v2\/users\/6"}],"replies":[{"embeddable":true,"href":"https:\/\/footwear.trocellen.com\/fr\/wp-json\/wp\/v2\/comments?post=746"}],"version-history":[{"count":0,"href":"https:\/\/footwear.trocellen.com\/fr\/wp-json\/wp\/v2\/pages\/746\/revisions"}],"up":[{"embeddable":true,"href":"https:\/\/footwear.trocellen.com\/fr\/wp-json\/wp\/v2\/pages\/728"}],"wp:attachment":[{"href":"https:\/\/footwear.trocellen.com\/fr\/wp-json\/wp\/v2\/media?parent=746"}],"curies":[{"name":"wp","href":"https:\/\/api.w.org\/{rel}","templated":true}]}}