{"id":752,"date":"2013-12-08T20:12:33","date_gmt":"2013-12-08T20:12:33","guid":{"rendered":"https:\/\/footwear.usernet.hu\/shockfree-pour-les-semelles-de-chaussure\/"},"modified":"2013-12-08T20:12:33","modified_gmt":"2013-12-08T20:12:33","slug":"shockfree-pour-les-semelles-de-chaussure","status":"publish","type":"page","link":"https:\/\/footwear.trocellen.com\/fr\/applications\/parties-internes\/shockfree-pour-les-semelles-de-chaussure\/","title":{"rendered":"Shockfree pour les semelles de chaussure"},"content":{"rendered":"<p>La technologie bien connu et fiable du tapis Trocellen con\u00e7u pour une utilisation dans le domaine des arts martiaux est maintenant utilis\u00e9e avec succ\u00e8s dans l&rsquo;industrie de la chaussure. L\u2019absorption des chocs combin\u00e9e avec un prototypage et des processus de production plus rapides donnent une occasion unique d\u2019augmenter la rentabilit\u00e9 de vos affaires et la satisfaction des utilisateurs.<\/p>\n<h2>Mati\u00e8res<\/h2>\n<ul>\n<li>Mousse PE r\u00e9ticul\u00e9<\/li>\n<li>115 kg\/m\u00b3 densit\u00e9 (raide)<\/li>\n<li>90 kg\/m\u00b3 densit\u00e9 (moyenne)<\/li>\n<li>70 kg\/m\u00b3 densit\u00e9 (moyenne-souple)<\/li>\n<li>Perforation disponible avec des diam\u00e8tres de trous\u00a0en 1.5, 2.0, 3.0 et 4.0 mm, avec des motifs diff\u00e9rents<\/li>\n<\/ul>\n<h2>Application<\/h2>\n<ul>\n<li>Semelles\u00a0adaptables\u00a0pour les chaussures de s\u00e9curit\u00e9 jusqu\u2019aux chaussures de loisirs d\u2019utilisation g\u00e9n\u00e9rale<\/li>\n<\/ul>\n<h2>Propri\u00e9t\u00e9s<\/h2>\n<ul>\n<li>L\u00e9g\u00e8ret\u00e9<\/li>\n<li>Absorption des chocs sur le long terme<\/li>\n<li>Mati\u00e8re permettant la respiration des pieds gr\u00e2ce au processus de perforation<\/li>\n<li>Thermoformage utilis\u00e9 aux niveaux du prototypage et de la production<\/li>\n<\/ul>\n<p><img loading=\"lazy\" decoding=\"async\" class=\"size-full wp-image-19 alignright\" src=\"https:\/\/footwear.trocellen.com\/wp-content\/uploads\/sites\/7\/2013\/12\/shockfreeforinsoles1.jpg\" alt=\"shockfreeforinsoles1\" width=\"123\" height=\"94\" \/><\/p>\n<h2>Performance test\u00e9e<\/h2>\n<p>Trocellen Shockfree a \u00e9t\u00e9 test\u00e9 avec diff\u00e9rents types de mousse en PE et PU. Les tests ont \u00e9t\u00e9 r\u00e9alis\u00e9s par Ricotest, laboratoire connu dans le monde entier pour les essais des chaussures.<\/p>\n<p><img loading=\"lazy\" decoding=\"async\" class=\"alignnone size-full wp-image-53\" src=\"https:\/\/footwear.trocellen.com\/wp-content\/uploads\/sites\/7\/2013\/12\/shockfreeforpaddings.jpg\" alt=\"shockfreeforpaddings\" width=\"892\" height=\"394\" srcset=\"https:\/\/footwear.trocellen.com\/wp-content\/uploads\/sites\/7\/2013\/12\/shockfreeforpaddings.jpg 892w, https:\/\/footwear.trocellen.com\/wp-content\/uploads\/sites\/7\/2013\/12\/shockfreeforpaddings-300x132.jpg 300w\" sizes=\"auto, (max-width: 892px) 100vw, 892px\" \/><\/p>\n<h2>Avantages<\/h2>\n<ul>\n<li>Un maximum de confort et de s\u00e9curit\u00e9 pour les utilisateurs<\/li>\n<li>Une respirabilit\u00e9\u00a0garantie gr\u00e2ce aux perforations<\/li>\n<li>Un processus de prototypage et de production avec l\u2019am\u00e9lioration de la qualit\u00e9 et de la performance technique du produit final<\/li>\n<li>Avec Trocellen Shockfree les concepteurs ont toute leur libert\u00e9 pour satisfaire aux exigences en mati\u00e8re de securit\u00e9 et d&rsquo;absorption des shock<\/li>\n<\/ul>\n","protected":false},"excerpt":{"rendered":"<p>La technologie bien connu et fiable du tapis Trocellen con\u00e7u pour une utilisation dans le domaine des arts martiaux est maintenant utilis\u00e9e avec succ\u00e8s dans l&rsquo;industrie de la chaussure. L\u2019absorption des chocs combin\u00e9e avec un prototypage et des processus de production plus rapides donnent une occasion unique d\u2019augmenter la rentabilit\u00e9 de vos affaires et la [&hellip;]<\/p>\n","protected":false},"author":6,"featured_media":0,"parent":728,"menu_order":0,"comment_status":"open","ping_status":"open","template":"","meta":{"_acf_changed":false,"footnotes":""},"class_list":["post-752","page","type-page","status-publish","hentry"],"acf":[],"yoast_head":"<!-- This site is optimized with the Yoast SEO plugin v23.5 - https:\/\/yoast.com\/wordpress\/plugins\/seo\/ -->\n<title>Shockfree pour les semelles de chaussure - Footwear<\/title>\n<meta name=\"robots\" content=\"index, follow, max-snippet:-1, max-image-preview:large, max-video-preview:-1\" \/>\n<link rel=\"canonical\" href=\"https:\/\/footwear.trocellen.com\/fr\/applications\/parties-internes\/shockfree-pour-les-semelles-de-chaussure\/\" \/>\n<meta name=\"twitter:label1\" content=\"Dur\u00e9e de lecture estim\u00e9e\" \/>\n\t<meta name=\"twitter:data1\" content=\"1 minute\" \/>\n<script type=\"application\/ld+json\" class=\"yoast-schema-graph\">{\"@context\":\"https:\/\/schema.org\",\"@graph\":[{\"@type\":\"WebPage\",\"@id\":\"https:\/\/footwear.trocellen.com\/fr\/applications\/parties-internes\/shockfree-pour-les-semelles-de-chaussure\/\",\"url\":\"https:\/\/footwear.trocellen.com\/fr\/applications\/parties-internes\/shockfree-pour-les-semelles-de-chaussure\/\",\"name\":\"Shockfree pour les semelles de chaussure - Footwear\",\"isPartOf\":{\"@id\":\"https:\/\/footwear.trocellen.com\/#website\"},\"primaryImageOfPage\":{\"@id\":\"https:\/\/footwear.trocellen.com\/fr\/applications\/parties-internes\/shockfree-pour-les-semelles-de-chaussure\/#primaryimage\"},\"image\":{\"@id\":\"https:\/\/footwear.trocellen.com\/fr\/applications\/parties-internes\/shockfree-pour-les-semelles-de-chaussure\/#primaryimage\"},\"thumbnailUrl\":\"https:\/\/footwear.trocellen.com\/wp-content\/uploads\/sites\/7\/2013\/12\/shockfreeforinsoles1.jpg\",\"datePublished\":\"2013-12-08T20:12:33+00:00\",\"dateModified\":\"2013-12-08T20:12:33+00:00\",\"breadcrumb\":{\"@id\":\"https:\/\/footwear.trocellen.com\/fr\/applications\/parties-internes\/shockfree-pour-les-semelles-de-chaussure\/#breadcrumb\"},\"inLanguage\":\"fr-FR\",\"potentialAction\":[{\"@type\":\"ReadAction\",\"target\":[\"https:\/\/footwear.trocellen.com\/fr\/applications\/parties-internes\/shockfree-pour-les-semelles-de-chaussure\/\"]}]},{\"@type\":\"ImageObject\",\"inLanguage\":\"fr-FR\",\"@id\":\"https:\/\/footwear.trocellen.com\/fr\/applications\/parties-internes\/shockfree-pour-les-semelles-de-chaussure\/#primaryimage\",\"url\":\"https:\/\/footwear.trocellen.com\/wp-content\/uploads\/sites\/7\/2013\/12\/shockfreeforinsoles1.jpg\",\"contentUrl\":\"https:\/\/footwear.trocellen.com\/wp-content\/uploads\/sites\/7\/2013\/12\/shockfreeforinsoles1.jpg\"},{\"@type\":\"BreadcrumbList\",\"@id\":\"https:\/\/footwear.trocellen.com\/fr\/applications\/parties-internes\/shockfree-pour-les-semelles-de-chaussure\/#breadcrumb\",\"itemListElement\":[{\"@type\":\"ListItem\",\"position\":1,\"name\":\"Home\",\"item\":\"https:\/\/footwear.trocellen.com\/fr\/\"},{\"@type\":\"ListItem\",\"position\":2,\"name\":\"Applications\",\"item\":\"https:\/\/footwear.trocellen.com\/fr\/applications\/\"},{\"@type\":\"ListItem\",\"position\":3,\"name\":\"Parties internes\",\"item\":\"https:\/\/footwear.trocellen.com\/fr\/applications\/parties-internes\/\"},{\"@type\":\"ListItem\",\"position\":4,\"name\":\"Shockfree pour les semelles de chaussure\"}]},{\"@type\":\"WebSite\",\"@id\":\"https:\/\/footwear.trocellen.com\/#website\",\"url\":\"https:\/\/footwear.trocellen.com\/\",\"name\":\"Footwear\",\"description\":\"\",\"potentialAction\":[{\"@type\":\"SearchAction\",\"target\":{\"@type\":\"EntryPoint\",\"urlTemplate\":\"https:\/\/footwear.trocellen.com\/?s={search_term_string}\"},\"query-input\":{\"@type\":\"PropertyValueSpecification\",\"valueRequired\":true,\"valueName\":\"search_term_string\"}}],\"inLanguage\":\"fr-FR\"}]}<\/script>\n<!-- \/ Yoast SEO plugin. -->","yoast_head_json":{"title":"Shockfree pour les semelles de chaussure - Footwear","robots":{"index":"index","follow":"follow","max-snippet":"max-snippet:-1","max-image-preview":"max-image-preview:large","max-video-preview":"max-video-preview:-1"},"canonical":"https:\/\/footwear.trocellen.com\/fr\/applications\/parties-internes\/shockfree-pour-les-semelles-de-chaussure\/","twitter_misc":{"Dur\u00e9e de lecture estim\u00e9e":"1 minute"},"schema":{"@context":"https:\/\/schema.org","@graph":[{"@type":"WebPage","@id":"https:\/\/footwear.trocellen.com\/fr\/applications\/parties-internes\/shockfree-pour-les-semelles-de-chaussure\/","url":"https:\/\/footwear.trocellen.com\/fr\/applications\/parties-internes\/shockfree-pour-les-semelles-de-chaussure\/","name":"Shockfree pour les semelles de chaussure - Footwear","isPartOf":{"@id":"https:\/\/footwear.trocellen.com\/#website"},"primaryImageOfPage":{"@id":"https:\/\/footwear.trocellen.com\/fr\/applications\/parties-internes\/shockfree-pour-les-semelles-de-chaussure\/#primaryimage"},"image":{"@id":"https:\/\/footwear.trocellen.com\/fr\/applications\/parties-internes\/shockfree-pour-les-semelles-de-chaussure\/#primaryimage"},"thumbnailUrl":"https:\/\/footwear.trocellen.com\/wp-content\/uploads\/sites\/7\/2013\/12\/shockfreeforinsoles1.jpg","datePublished":"2013-12-08T20:12:33+00:00","dateModified":"2013-12-08T20:12:33+00:00","breadcrumb":{"@id":"https:\/\/footwear.trocellen.com\/fr\/applications\/parties-internes\/shockfree-pour-les-semelles-de-chaussure\/#breadcrumb"},"inLanguage":"fr-FR","potentialAction":[{"@type":"ReadAction","target":["https:\/\/footwear.trocellen.com\/fr\/applications\/parties-internes\/shockfree-pour-les-semelles-de-chaussure\/"]}]},{"@type":"ImageObject","inLanguage":"fr-FR","@id":"https:\/\/footwear.trocellen.com\/fr\/applications\/parties-internes\/shockfree-pour-les-semelles-de-chaussure\/#primaryimage","url":"https:\/\/footwear.trocellen.com\/wp-content\/uploads\/sites\/7\/2013\/12\/shockfreeforinsoles1.jpg","contentUrl":"https:\/\/footwear.trocellen.com\/wp-content\/uploads\/sites\/7\/2013\/12\/shockfreeforinsoles1.jpg"},{"@type":"BreadcrumbList","@id":"https:\/\/footwear.trocellen.com\/fr\/applications\/parties-internes\/shockfree-pour-les-semelles-de-chaussure\/#breadcrumb","itemListElement":[{"@type":"ListItem","position":1,"name":"Home","item":"https:\/\/footwear.trocellen.com\/fr\/"},{"@type":"ListItem","position":2,"name":"Applications","item":"https:\/\/footwear.trocellen.com\/fr\/applications\/"},{"@type":"ListItem","position":3,"name":"Parties internes","item":"https:\/\/footwear.trocellen.com\/fr\/applications\/parties-internes\/"},{"@type":"ListItem","position":4,"name":"Shockfree pour les semelles de chaussure"}]},{"@type":"WebSite","@id":"https:\/\/footwear.trocellen.com\/#website","url":"https:\/\/footwear.trocellen.com\/","name":"Footwear","description":"","potentialAction":[{"@type":"SearchAction","target":{"@type":"EntryPoint","urlTemplate":"https:\/\/footwear.trocellen.com\/?s={search_term_string}"},"query-input":{"@type":"PropertyValueSpecification","valueRequired":true,"valueName":"search_term_string"}}],"inLanguage":"fr-FR"}]}},"_links":{"self":[{"href":"https:\/\/footwear.trocellen.com\/fr\/wp-json\/wp\/v2\/pages\/752","targetHints":{"allow":["GET"]}}],"collection":[{"href":"https:\/\/footwear.trocellen.com\/fr\/wp-json\/wp\/v2\/pages"}],"about":[{"href":"https:\/\/footwear.trocellen.com\/fr\/wp-json\/wp\/v2\/types\/page"}],"author":[{"embeddable":true,"href":"https:\/\/footwear.trocellen.com\/fr\/wp-json\/wp\/v2\/users\/6"}],"replies":[{"embeddable":true,"href":"https:\/\/footwear.trocellen.com\/fr\/wp-json\/wp\/v2\/comments?post=752"}],"version-history":[{"count":0,"href":"https:\/\/footwear.trocellen.com\/fr\/wp-json\/wp\/v2\/pages\/752\/revisions"}],"up":[{"embeddable":true,"href":"https:\/\/footwear.trocellen.com\/fr\/wp-json\/wp\/v2\/pages\/728"}],"wp:attachment":[{"href":"https:\/\/footwear.trocellen.com\/fr\/wp-json\/wp\/v2\/media?parent=752"}],"curies":[{"name":"wp","href":"https:\/\/api.w.org\/{rel}","templated":true}]}}