{"id":758,"date":"2013-12-08T20:20:10","date_gmt":"2013-12-08T20:20:10","guid":{"rendered":"https:\/\/footwear.usernet.hu\/doublures\/"},"modified":"2013-12-08T20:20:10","modified_gmt":"2013-12-08T20:20:10","slug":"doublures","status":"publish","type":"page","link":"https:\/\/footwear.trocellen.com\/fr\/applications\/parties-internes\/doublures\/","title":{"rendered":"Doublures"},"content":{"rendered":"<p>Les mousses Trocellen, associ\u00e9es \u00e0 d\u2019autres mat\u00e9riaux de haute qualit\u00e9, offrent des solutions cr\u00e9atives, confortables et ax\u00e9es sur les clients pour l\u2019industrie de la chaussure.<\/p>\n<p>Des mousses de polyur\u00e9thane et de poly\u00e9ther sont utilis\u00e9es pour la doublure des bottes de ski \u00e0 grande long\u00e9vit\u00e9<\/p>\n<h2>Mat\u00e9riaux et dimensions<\/h2>\n<ul>\n<li>Mousse de polyur\u00e9thane, gamme 20 &#8211; 60 kg\/m\u00b3<\/li>\n<li>Mousse de poly\u00e9ther, gamme 65 &#8211; 120 kg\/m\u00b3<\/li>\n<li>2 \u2013 20 mm epaisseur<\/li>\n<li>Lamin\u00e9 avec des textiles techniques sur une face et avec filet ou film d\u2019\u00e9tanch\u00e9it\u00e9\/thermoadh\u00e9sif sur l\u2019autre face<\/li>\n<\/ul>\n<h2>Propri\u00e9t\u00e9s<\/h2>\n<p><img loading=\"lazy\" decoding=\"async\" class=\"size-full wp-image-26 alignright\" src=\"https:\/\/footwear.trocellen.com\/wp-content\/uploads\/sites\/7\/2013\/12\/linings.jpg\" alt=\"linings\" width=\"180\" height=\"115\" \/><\/p>\n<ul>\n<li>Confortable et l\u00e9ger<\/li>\n<li>Respirable<\/li>\n<li>Grande long\u00e9vit\u00e9 des propri\u00e9t\u00e9s \u00e9lastiques<\/li>\n<li>Ind\u00e9chirable<\/li>\n<li>Sans PCV et COV<\/li>\n<li>Application facile<\/li>\n<\/ul>\n","protected":false},"excerpt":{"rendered":"<p>Les mousses Trocellen, associ\u00e9es \u00e0 d\u2019autres mat\u00e9riaux de haute qualit\u00e9, offrent des solutions cr\u00e9atives, confortables et ax\u00e9es sur les clients pour l\u2019industrie de la chaussure. Des mousses de polyur\u00e9thane et de poly\u00e9ther sont utilis\u00e9es pour la doublure des bottes de ski \u00e0 grande long\u00e9vit\u00e9 Mat\u00e9riaux et dimensions Mousse de polyur\u00e9thane, gamme 20 &#8211; 60 kg\/m\u00b3 [&hellip;]<\/p>\n","protected":false},"author":6,"featured_media":0,"parent":728,"menu_order":0,"comment_status":"open","ping_status":"open","template":"","meta":{"_acf_changed":false,"footnotes":""},"class_list":["post-758","page","type-page","status-publish","hentry"],"acf":[],"yoast_head":"<!-- This site is optimized with the Yoast SEO plugin v23.5 - https:\/\/yoast.com\/wordpress\/plugins\/seo\/ -->\n<title>Doublures - Footwear<\/title>\n<meta name=\"robots\" content=\"index, follow, max-snippet:-1, max-image-preview:large, max-video-preview:-1\" \/>\n<link rel=\"canonical\" href=\"https:\/\/footwear.trocellen.com\/fr\/applications\/parties-internes\/doublures\/\" \/>\n<meta name=\"twitter:label1\" content=\"Dur\u00e9e de lecture estim\u00e9e\" \/>\n\t<meta name=\"twitter:data1\" content=\"1 minute\" \/>\n<script type=\"application\/ld+json\" class=\"yoast-schema-graph\">{\"@context\":\"https:\/\/schema.org\",\"@graph\":[{\"@type\":\"WebPage\",\"@id\":\"https:\/\/footwear.trocellen.com\/fr\/applications\/parties-internes\/doublures\/\",\"url\":\"https:\/\/footwear.trocellen.com\/fr\/applications\/parties-internes\/doublures\/\",\"name\":\"Doublures - Footwear\",\"isPartOf\":{\"@id\":\"https:\/\/footwear.trocellen.com\/#website\"},\"primaryImageOfPage\":{\"@id\":\"https:\/\/footwear.trocellen.com\/fr\/applications\/parties-internes\/doublures\/#primaryimage\"},\"image\":{\"@id\":\"https:\/\/footwear.trocellen.com\/fr\/applications\/parties-internes\/doublures\/#primaryimage\"},\"thumbnailUrl\":\"https:\/\/footwear.trocellen.com\/wp-content\/uploads\/sites\/7\/2013\/12\/linings.jpg\",\"datePublished\":\"2013-12-08T20:20:10+00:00\",\"dateModified\":\"2013-12-08T20:20:10+00:00\",\"breadcrumb\":{\"@id\":\"https:\/\/footwear.trocellen.com\/fr\/applications\/parties-internes\/doublures\/#breadcrumb\"},\"inLanguage\":\"fr-FR\",\"potentialAction\":[{\"@type\":\"ReadAction\",\"target\":[\"https:\/\/footwear.trocellen.com\/fr\/applications\/parties-internes\/doublures\/\"]}]},{\"@type\":\"ImageObject\",\"inLanguage\":\"fr-FR\",\"@id\":\"https:\/\/footwear.trocellen.com\/fr\/applications\/parties-internes\/doublures\/#primaryimage\",\"url\":\"https:\/\/footwear.trocellen.com\/wp-content\/uploads\/sites\/7\/2013\/12\/linings.jpg\",\"contentUrl\":\"https:\/\/footwear.trocellen.com\/wp-content\/uploads\/sites\/7\/2013\/12\/linings.jpg\"},{\"@type\":\"BreadcrumbList\",\"@id\":\"https:\/\/footwear.trocellen.com\/fr\/applications\/parties-internes\/doublures\/#breadcrumb\",\"itemListElement\":[{\"@type\":\"ListItem\",\"position\":1,\"name\":\"Home\",\"item\":\"https:\/\/footwear.trocellen.com\/fr\/\"},{\"@type\":\"ListItem\",\"position\":2,\"name\":\"Applications\",\"item\":\"https:\/\/footwear.trocellen.com\/fr\/applications\/\"},{\"@type\":\"ListItem\",\"position\":3,\"name\":\"Parties internes\",\"item\":\"https:\/\/footwear.trocellen.com\/fr\/applications\/parties-internes\/\"},{\"@type\":\"ListItem\",\"position\":4,\"name\":\"Doublures\"}]},{\"@type\":\"WebSite\",\"@id\":\"https:\/\/footwear.trocellen.com\/#website\",\"url\":\"https:\/\/footwear.trocellen.com\/\",\"name\":\"Footwear\",\"description\":\"\",\"potentialAction\":[{\"@type\":\"SearchAction\",\"target\":{\"@type\":\"EntryPoint\",\"urlTemplate\":\"https:\/\/footwear.trocellen.com\/?s={search_term_string}\"},\"query-input\":{\"@type\":\"PropertyValueSpecification\",\"valueRequired\":true,\"valueName\":\"search_term_string\"}}],\"inLanguage\":\"fr-FR\"}]}<\/script>\n<!-- \/ Yoast SEO plugin. -->","yoast_head_json":{"title":"Doublures - Footwear","robots":{"index":"index","follow":"follow","max-snippet":"max-snippet:-1","max-image-preview":"max-image-preview:large","max-video-preview":"max-video-preview:-1"},"canonical":"https:\/\/footwear.trocellen.com\/fr\/applications\/parties-internes\/doublures\/","twitter_misc":{"Dur\u00e9e de lecture estim\u00e9e":"1 minute"},"schema":{"@context":"https:\/\/schema.org","@graph":[{"@type":"WebPage","@id":"https:\/\/footwear.trocellen.com\/fr\/applications\/parties-internes\/doublures\/","url":"https:\/\/footwear.trocellen.com\/fr\/applications\/parties-internes\/doublures\/","name":"Doublures - Footwear","isPartOf":{"@id":"https:\/\/footwear.trocellen.com\/#website"},"primaryImageOfPage":{"@id":"https:\/\/footwear.trocellen.com\/fr\/applications\/parties-internes\/doublures\/#primaryimage"},"image":{"@id":"https:\/\/footwear.trocellen.com\/fr\/applications\/parties-internes\/doublures\/#primaryimage"},"thumbnailUrl":"https:\/\/footwear.trocellen.com\/wp-content\/uploads\/sites\/7\/2013\/12\/linings.jpg","datePublished":"2013-12-08T20:20:10+00:00","dateModified":"2013-12-08T20:20:10+00:00","breadcrumb":{"@id":"https:\/\/footwear.trocellen.com\/fr\/applications\/parties-internes\/doublures\/#breadcrumb"},"inLanguage":"fr-FR","potentialAction":[{"@type":"ReadAction","target":["https:\/\/footwear.trocellen.com\/fr\/applications\/parties-internes\/doublures\/"]}]},{"@type":"ImageObject","inLanguage":"fr-FR","@id":"https:\/\/footwear.trocellen.com\/fr\/applications\/parties-internes\/doublures\/#primaryimage","url":"https:\/\/footwear.trocellen.com\/wp-content\/uploads\/sites\/7\/2013\/12\/linings.jpg","contentUrl":"https:\/\/footwear.trocellen.com\/wp-content\/uploads\/sites\/7\/2013\/12\/linings.jpg"},{"@type":"BreadcrumbList","@id":"https:\/\/footwear.trocellen.com\/fr\/applications\/parties-internes\/doublures\/#breadcrumb","itemListElement":[{"@type":"ListItem","position":1,"name":"Home","item":"https:\/\/footwear.trocellen.com\/fr\/"},{"@type":"ListItem","position":2,"name":"Applications","item":"https:\/\/footwear.trocellen.com\/fr\/applications\/"},{"@type":"ListItem","position":3,"name":"Parties internes","item":"https:\/\/footwear.trocellen.com\/fr\/applications\/parties-internes\/"},{"@type":"ListItem","position":4,"name":"Doublures"}]},{"@type":"WebSite","@id":"https:\/\/footwear.trocellen.com\/#website","url":"https:\/\/footwear.trocellen.com\/","name":"Footwear","description":"","potentialAction":[{"@type":"SearchAction","target":{"@type":"EntryPoint","urlTemplate":"https:\/\/footwear.trocellen.com\/?s={search_term_string}"},"query-input":{"@type":"PropertyValueSpecification","valueRequired":true,"valueName":"search_term_string"}}],"inLanguage":"fr-FR"}]}},"_links":{"self":[{"href":"https:\/\/footwear.trocellen.com\/fr\/wp-json\/wp\/v2\/pages\/758","targetHints":{"allow":["GET"]}}],"collection":[{"href":"https:\/\/footwear.trocellen.com\/fr\/wp-json\/wp\/v2\/pages"}],"about":[{"href":"https:\/\/footwear.trocellen.com\/fr\/wp-json\/wp\/v2\/types\/page"}],"author":[{"embeddable":true,"href":"https:\/\/footwear.trocellen.com\/fr\/wp-json\/wp\/v2\/users\/6"}],"replies":[{"embeddable":true,"href":"https:\/\/footwear.trocellen.com\/fr\/wp-json\/wp\/v2\/comments?post=758"}],"version-history":[{"count":0,"href":"https:\/\/footwear.trocellen.com\/fr\/wp-json\/wp\/v2\/pages\/758\/revisions"}],"up":[{"embeddable":true,"href":"https:\/\/footwear.trocellen.com\/fr\/wp-json\/wp\/v2\/pages\/728"}],"wp:attachment":[{"href":"https:\/\/footwear.trocellen.com\/fr\/wp-json\/wp\/v2\/media?parent=758"}],"curies":[{"name":"wp","href":"https:\/\/api.w.org\/{rel}","templated":true}]}}