{"id":764,"date":"2013-12-08T20:25:17","date_gmt":"2013-12-08T20:25:17","guid":{"rendered":"https:\/\/footwear.usernet.hu\/renforts\/"},"modified":"2013-12-08T20:25:17","modified_gmt":"2013-12-08T20:25:17","slug":"renforts","status":"publish","type":"page","link":"https:\/\/footwear.trocellen.com\/fr\/applications\/parties-internes\/renforts\/","title":{"rendered":"Renforts"},"content":{"rendered":"<p>La mousse extrud\u00e9e en EVA maintient la forme et le design originaux de la chaussure et renforce les zones o\u00f9 la chaussure pourrait subir un dommage plus rapide<\/p>\n<p><img loading=\"lazy\" decoding=\"async\" class=\"alignright size-medium wp-image-503\" src=\"https:\/\/footwear.trocellen.com\/wp-content\/uploads\/sites\/7\/2013\/12\/footwear_reinforcements_001-300x169.png\" alt=\"\" width=\"300\" height=\"169\" srcset=\"https:\/\/footwear.trocellen.com\/wp-content\/uploads\/sites\/7\/2013\/12\/footwear_reinforcements_001-300x169.png 300w, https:\/\/footwear.trocellen.com\/wp-content\/uploads\/sites\/7\/2013\/12\/footwear_reinforcements_001-768x432.png 768w, https:\/\/footwear.trocellen.com\/wp-content\/uploads\/sites\/7\/2013\/12\/footwear_reinforcements_001-1024x576.png 1024w\" sizes=\"auto, (max-width: 300px) 100vw, 300px\" \/><\/p>\n<h2>Mat\u00e9riaux et dimensions<\/h2>\n<ul>\n<li>EVA extrud\u00e9<\/li>\n<li>Simple ou avec adh\u00e9sif<\/li>\n<li>Gamme 40 &#8211; 50 kg\/m\u00b3<\/li>\n<li>2 \u00e0 4 mm d\u2019\u00e9paisseur<\/li>\n<\/ul>\n<h2>Propri\u00e9t\u00e9s<\/h2>\n<ul>\n<li>L\u00e9ger<\/li>\n<li>Grande long\u00e9vit\u00e9 des propri\u00e9t\u00e9s m\u00e9caniques<\/li>\n<li>Performances\u00a0plus \u00e9lev\u00e9e\u00a0en la version adh\u00e9sive<\/li>\n<li>Sans PCV et COV<\/li>\n<\/ul>\n","protected":false},"excerpt":{"rendered":"<p>La mousse extrud\u00e9e en EVA maintient la forme et le design originaux de la chaussure et renforce les zones o\u00f9 la chaussure pourrait subir un dommage plus rapide Mat\u00e9riaux et dimensions EVA extrud\u00e9 Simple ou avec adh\u00e9sif Gamme 40 &#8211; 50 kg\/m\u00b3 2 \u00e0 4 mm d\u2019\u00e9paisseur Propri\u00e9t\u00e9s L\u00e9ger Grande long\u00e9vit\u00e9 des propri\u00e9t\u00e9s m\u00e9caniques Performances\u00a0plus [&hellip;]<\/p>\n","protected":false},"author":6,"featured_media":0,"parent":728,"menu_order":0,"comment_status":"open","ping_status":"open","template":"","meta":{"_acf_changed":false,"footnotes":""},"class_list":["post-764","page","type-page","status-publish","hentry"],"acf":[],"yoast_head":"<!-- This site is optimized with the Yoast SEO plugin v23.5 - https:\/\/yoast.com\/wordpress\/plugins\/seo\/ -->\n<title>Renforts - Footwear<\/title>\n<meta name=\"robots\" content=\"index, follow, max-snippet:-1, max-image-preview:large, max-video-preview:-1\" \/>\n<link rel=\"canonical\" href=\"https:\/\/footwear.trocellen.com\/fr\/applications\/parties-internes\/renforts\/\" \/>\n<script type=\"application\/ld+json\" class=\"yoast-schema-graph\">{\"@context\":\"https:\/\/schema.org\",\"@graph\":[{\"@type\":\"WebPage\",\"@id\":\"https:\/\/footwear.trocellen.com\/fr\/applications\/parties-internes\/renforts\/\",\"url\":\"https:\/\/footwear.trocellen.com\/fr\/applications\/parties-internes\/renforts\/\",\"name\":\"Renforts - Footwear\",\"isPartOf\":{\"@id\":\"https:\/\/footwear.trocellen.com\/#website\"},\"primaryImageOfPage\":{\"@id\":\"https:\/\/footwear.trocellen.com\/fr\/applications\/parties-internes\/renforts\/#primaryimage\"},\"image\":{\"@id\":\"https:\/\/footwear.trocellen.com\/fr\/applications\/parties-internes\/renforts\/#primaryimage\"},\"thumbnailUrl\":\"https:\/\/footwear.trocellen.com\/wp-content\/uploads\/sites\/7\/2013\/12\/footwear_reinforcements_001-300x169.png\",\"datePublished\":\"2013-12-08T20:25:17+00:00\",\"dateModified\":\"2013-12-08T20:25:17+00:00\",\"breadcrumb\":{\"@id\":\"https:\/\/footwear.trocellen.com\/fr\/applications\/parties-internes\/renforts\/#breadcrumb\"},\"inLanguage\":\"fr-FR\",\"potentialAction\":[{\"@type\":\"ReadAction\",\"target\":[\"https:\/\/footwear.trocellen.com\/fr\/applications\/parties-internes\/renforts\/\"]}]},{\"@type\":\"ImageObject\",\"inLanguage\":\"fr-FR\",\"@id\":\"https:\/\/footwear.trocellen.com\/fr\/applications\/parties-internes\/renforts\/#primaryimage\",\"url\":\"https:\/\/footwear.trocellen.com\/wp-content\/uploads\/sites\/7\/2013\/12\/footwear_reinforcements_001-300x169.png\",\"contentUrl\":\"https:\/\/footwear.trocellen.com\/wp-content\/uploads\/sites\/7\/2013\/12\/footwear_reinforcements_001-300x169.png\"},{\"@type\":\"BreadcrumbList\",\"@id\":\"https:\/\/footwear.trocellen.com\/fr\/applications\/parties-internes\/renforts\/#breadcrumb\",\"itemListElement\":[{\"@type\":\"ListItem\",\"position\":1,\"name\":\"Home\",\"item\":\"https:\/\/footwear.trocellen.com\/fr\/\"},{\"@type\":\"ListItem\",\"position\":2,\"name\":\"Applications\",\"item\":\"https:\/\/footwear.trocellen.com\/fr\/applications\/\"},{\"@type\":\"ListItem\",\"position\":3,\"name\":\"Parties internes\",\"item\":\"https:\/\/footwear.trocellen.com\/fr\/applications\/parties-internes\/\"},{\"@type\":\"ListItem\",\"position\":4,\"name\":\"Renforts\"}]},{\"@type\":\"WebSite\",\"@id\":\"https:\/\/footwear.trocellen.com\/#website\",\"url\":\"https:\/\/footwear.trocellen.com\/\",\"name\":\"Footwear\",\"description\":\"\",\"potentialAction\":[{\"@type\":\"SearchAction\",\"target\":{\"@type\":\"EntryPoint\",\"urlTemplate\":\"https:\/\/footwear.trocellen.com\/?s={search_term_string}\"},\"query-input\":{\"@type\":\"PropertyValueSpecification\",\"valueRequired\":true,\"valueName\":\"search_term_string\"}}],\"inLanguage\":\"fr-FR\"}]}<\/script>\n<!-- \/ Yoast SEO plugin. -->","yoast_head_json":{"title":"Renforts - Footwear","robots":{"index":"index","follow":"follow","max-snippet":"max-snippet:-1","max-image-preview":"max-image-preview:large","max-video-preview":"max-video-preview:-1"},"canonical":"https:\/\/footwear.trocellen.com\/fr\/applications\/parties-internes\/renforts\/","schema":{"@context":"https:\/\/schema.org","@graph":[{"@type":"WebPage","@id":"https:\/\/footwear.trocellen.com\/fr\/applications\/parties-internes\/renforts\/","url":"https:\/\/footwear.trocellen.com\/fr\/applications\/parties-internes\/renforts\/","name":"Renforts - Footwear","isPartOf":{"@id":"https:\/\/footwear.trocellen.com\/#website"},"primaryImageOfPage":{"@id":"https:\/\/footwear.trocellen.com\/fr\/applications\/parties-internes\/renforts\/#primaryimage"},"image":{"@id":"https:\/\/footwear.trocellen.com\/fr\/applications\/parties-internes\/renforts\/#primaryimage"},"thumbnailUrl":"https:\/\/footwear.trocellen.com\/wp-content\/uploads\/sites\/7\/2013\/12\/footwear_reinforcements_001-300x169.png","datePublished":"2013-12-08T20:25:17+00:00","dateModified":"2013-12-08T20:25:17+00:00","breadcrumb":{"@id":"https:\/\/footwear.trocellen.com\/fr\/applications\/parties-internes\/renforts\/#breadcrumb"},"inLanguage":"fr-FR","potentialAction":[{"@type":"ReadAction","target":["https:\/\/footwear.trocellen.com\/fr\/applications\/parties-internes\/renforts\/"]}]},{"@type":"ImageObject","inLanguage":"fr-FR","@id":"https:\/\/footwear.trocellen.com\/fr\/applications\/parties-internes\/renforts\/#primaryimage","url":"https:\/\/footwear.trocellen.com\/wp-content\/uploads\/sites\/7\/2013\/12\/footwear_reinforcements_001-300x169.png","contentUrl":"https:\/\/footwear.trocellen.com\/wp-content\/uploads\/sites\/7\/2013\/12\/footwear_reinforcements_001-300x169.png"},{"@type":"BreadcrumbList","@id":"https:\/\/footwear.trocellen.com\/fr\/applications\/parties-internes\/renforts\/#breadcrumb","itemListElement":[{"@type":"ListItem","position":1,"name":"Home","item":"https:\/\/footwear.trocellen.com\/fr\/"},{"@type":"ListItem","position":2,"name":"Applications","item":"https:\/\/footwear.trocellen.com\/fr\/applications\/"},{"@type":"ListItem","position":3,"name":"Parties internes","item":"https:\/\/footwear.trocellen.com\/fr\/applications\/parties-internes\/"},{"@type":"ListItem","position":4,"name":"Renforts"}]},{"@type":"WebSite","@id":"https:\/\/footwear.trocellen.com\/#website","url":"https:\/\/footwear.trocellen.com\/","name":"Footwear","description":"","potentialAction":[{"@type":"SearchAction","target":{"@type":"EntryPoint","urlTemplate":"https:\/\/footwear.trocellen.com\/?s={search_term_string}"},"query-input":{"@type":"PropertyValueSpecification","valueRequired":true,"valueName":"search_term_string"}}],"inLanguage":"fr-FR"}]}},"_links":{"self":[{"href":"https:\/\/footwear.trocellen.com\/fr\/wp-json\/wp\/v2\/pages\/764","targetHints":{"allow":["GET"]}}],"collection":[{"href":"https:\/\/footwear.trocellen.com\/fr\/wp-json\/wp\/v2\/pages"}],"about":[{"href":"https:\/\/footwear.trocellen.com\/fr\/wp-json\/wp\/v2\/types\/page"}],"author":[{"embeddable":true,"href":"https:\/\/footwear.trocellen.com\/fr\/wp-json\/wp\/v2\/users\/6"}],"replies":[{"embeddable":true,"href":"https:\/\/footwear.trocellen.com\/fr\/wp-json\/wp\/v2\/comments?post=764"}],"version-history":[{"count":0,"href":"https:\/\/footwear.trocellen.com\/fr\/wp-json\/wp\/v2\/pages\/764\/revisions"}],"up":[{"embeddable":true,"href":"https:\/\/footwear.trocellen.com\/fr\/wp-json\/wp\/v2\/pages\/728"}],"wp:attachment":[{"href":"https:\/\/footwear.trocellen.com\/fr\/wp-json\/wp\/v2\/media?parent=764"}],"curies":[{"name":"wp","href":"https:\/\/api.w.org\/{rel}","templated":true}]}}