{"id":770,"date":"2013-12-08T20:30:33","date_gmt":"2013-12-08T20:30:33","guid":{"rendered":"https:\/\/footwear.usernet.hu\/pantoufles\/"},"modified":"2013-12-08T20:30:33","modified_gmt":"2013-12-08T20:30:33","slug":"pantoufles","status":"publish","type":"page","link":"https:\/\/footwear.trocellen.com\/fr\/applications\/parties-internes\/pantoufles\/","title":{"rendered":"Pantoufles"},"content":{"rendered":"<p>La qualit\u00e9 des produits Trocellen est \u00e9galement pr\u00e9sente dans les chambres d\u2019h\u00f4tes et les h\u00f4tels. Gr\u00e2ce \u00e0 nos semelles hygi\u00e9niques et l\u00e9g\u00e8res, nous aidons nos clients \u00e0 fabriquer des pantoufles plus confortables et faire en sorte que les leurs clients se sentent comme chez eux.<\/p>\n<h2>Couleurs disponibles<\/h2>\n<ul>\n<li>Blanc<\/li>\n<\/ul>\n<h2>Mat\u00e9riau et dimensions<\/h2>\n<ul>\n<li>Mousse de poly\u00e9thyl\u00e8ne<\/li>\n<li>Stratifi\u00e9 avec du film de polyur\u00e9thane<\/li>\n<li>Gamme moyenne 90 kg\/m\u00b3<\/li>\n<li>\u00c9paisseur de 5 \u00e0 6 mm<\/li>\n<\/ul>\n<h2>Propri\u00e9t\u00e9s<\/h2>\n<p><img loading=\"lazy\" decoding=\"async\" class=\"alignright size-medium wp-image-505\" src=\"https:\/\/footwear.trocellen.com\/wp-content\/uploads\/sites\/7\/2013\/12\/footwear_slipper_001-300x169.png\" alt=\"\" width=\"300\" height=\"169\" srcset=\"https:\/\/footwear.trocellen.com\/wp-content\/uploads\/sites\/7\/2013\/12\/footwear_slipper_001-300x169.png 300w, https:\/\/footwear.trocellen.com\/wp-content\/uploads\/sites\/7\/2013\/12\/footwear_slipper_001-768x432.png 768w, https:\/\/footwear.trocellen.com\/wp-content\/uploads\/sites\/7\/2013\/12\/footwear_slipper_001-1024x576.png 1024w\" sizes=\"auto, (max-width: 300px) 100vw, 300px\" \/><\/p>\n<ul>\n<li>Confortable<\/li>\n<li>Hygi\u00e9nique<\/li>\n<li>L\u00e9ger<\/li>\n<li>Protection antid\u00e9rapante<\/li>\n<li>Traitement haute adh\u00e9rence<\/li>\n<\/ul>\n","protected":false},"excerpt":{"rendered":"<p>La qualit\u00e9 des produits Trocellen est \u00e9galement pr\u00e9sente dans les chambres d\u2019h\u00f4tes et les h\u00f4tels. Gr\u00e2ce \u00e0 nos semelles hygi\u00e9niques et l\u00e9g\u00e8res, nous aidons nos clients \u00e0 fabriquer des pantoufles plus confortables et faire en sorte que les leurs clients se sentent comme chez eux. Couleurs disponibles Blanc Mat\u00e9riau et dimensions Mousse de poly\u00e9thyl\u00e8ne Stratifi\u00e9 [&hellip;]<\/p>\n","protected":false},"author":6,"featured_media":0,"parent":728,"menu_order":0,"comment_status":"open","ping_status":"open","template":"","meta":{"_acf_changed":false,"footnotes":""},"class_list":["post-770","page","type-page","status-publish","hentry"],"acf":[],"yoast_head":"<!-- This site is optimized with the Yoast SEO plugin v23.5 - https:\/\/yoast.com\/wordpress\/plugins\/seo\/ -->\n<title>Pantoufles - Footwear<\/title>\n<meta name=\"robots\" content=\"index, follow, max-snippet:-1, max-image-preview:large, max-video-preview:-1\" \/>\n<link rel=\"canonical\" href=\"https:\/\/footwear.trocellen.com\/fr\/applications\/parties-internes\/pantoufles\/\" \/>\n<script type=\"application\/ld+json\" class=\"yoast-schema-graph\">{\"@context\":\"https:\/\/schema.org\",\"@graph\":[{\"@type\":\"WebPage\",\"@id\":\"https:\/\/footwear.trocellen.com\/fr\/applications\/parties-internes\/pantoufles\/\",\"url\":\"https:\/\/footwear.trocellen.com\/fr\/applications\/parties-internes\/pantoufles\/\",\"name\":\"Pantoufles - Footwear\",\"isPartOf\":{\"@id\":\"https:\/\/footwear.trocellen.com\/#website\"},\"primaryImageOfPage\":{\"@id\":\"https:\/\/footwear.trocellen.com\/fr\/applications\/parties-internes\/pantoufles\/#primaryimage\"},\"image\":{\"@id\":\"https:\/\/footwear.trocellen.com\/fr\/applications\/parties-internes\/pantoufles\/#primaryimage\"},\"thumbnailUrl\":\"https:\/\/footwear.trocellen.com\/wp-content\/uploads\/sites\/7\/2013\/12\/footwear_slipper_001-300x169.png\",\"datePublished\":\"2013-12-08T20:30:33+00:00\",\"dateModified\":\"2013-12-08T20:30:33+00:00\",\"breadcrumb\":{\"@id\":\"https:\/\/footwear.trocellen.com\/fr\/applications\/parties-internes\/pantoufles\/#breadcrumb\"},\"inLanguage\":\"fr-FR\",\"potentialAction\":[{\"@type\":\"ReadAction\",\"target\":[\"https:\/\/footwear.trocellen.com\/fr\/applications\/parties-internes\/pantoufles\/\"]}]},{\"@type\":\"ImageObject\",\"inLanguage\":\"fr-FR\",\"@id\":\"https:\/\/footwear.trocellen.com\/fr\/applications\/parties-internes\/pantoufles\/#primaryimage\",\"url\":\"https:\/\/footwear.trocellen.com\/wp-content\/uploads\/sites\/7\/2013\/12\/footwear_slipper_001-300x169.png\",\"contentUrl\":\"https:\/\/footwear.trocellen.com\/wp-content\/uploads\/sites\/7\/2013\/12\/footwear_slipper_001-300x169.png\"},{\"@type\":\"BreadcrumbList\",\"@id\":\"https:\/\/footwear.trocellen.com\/fr\/applications\/parties-internes\/pantoufles\/#breadcrumb\",\"itemListElement\":[{\"@type\":\"ListItem\",\"position\":1,\"name\":\"Home\",\"item\":\"https:\/\/footwear.trocellen.com\/fr\/\"},{\"@type\":\"ListItem\",\"position\":2,\"name\":\"Applications\",\"item\":\"https:\/\/footwear.trocellen.com\/fr\/applications\/\"},{\"@type\":\"ListItem\",\"position\":3,\"name\":\"Parties internes\",\"item\":\"https:\/\/footwear.trocellen.com\/fr\/applications\/parties-internes\/\"},{\"@type\":\"ListItem\",\"position\":4,\"name\":\"Pantoufles\"}]},{\"@type\":\"WebSite\",\"@id\":\"https:\/\/footwear.trocellen.com\/#website\",\"url\":\"https:\/\/footwear.trocellen.com\/\",\"name\":\"Footwear\",\"description\":\"\",\"potentialAction\":[{\"@type\":\"SearchAction\",\"target\":{\"@type\":\"EntryPoint\",\"urlTemplate\":\"https:\/\/footwear.trocellen.com\/?s={search_term_string}\"},\"query-input\":{\"@type\":\"PropertyValueSpecification\",\"valueRequired\":true,\"valueName\":\"search_term_string\"}}],\"inLanguage\":\"fr-FR\"}]}<\/script>\n<!-- \/ Yoast SEO plugin. -->","yoast_head_json":{"title":"Pantoufles - Footwear","robots":{"index":"index","follow":"follow","max-snippet":"max-snippet:-1","max-image-preview":"max-image-preview:large","max-video-preview":"max-video-preview:-1"},"canonical":"https:\/\/footwear.trocellen.com\/fr\/applications\/parties-internes\/pantoufles\/","schema":{"@context":"https:\/\/schema.org","@graph":[{"@type":"WebPage","@id":"https:\/\/footwear.trocellen.com\/fr\/applications\/parties-internes\/pantoufles\/","url":"https:\/\/footwear.trocellen.com\/fr\/applications\/parties-internes\/pantoufles\/","name":"Pantoufles - Footwear","isPartOf":{"@id":"https:\/\/footwear.trocellen.com\/#website"},"primaryImageOfPage":{"@id":"https:\/\/footwear.trocellen.com\/fr\/applications\/parties-internes\/pantoufles\/#primaryimage"},"image":{"@id":"https:\/\/footwear.trocellen.com\/fr\/applications\/parties-internes\/pantoufles\/#primaryimage"},"thumbnailUrl":"https:\/\/footwear.trocellen.com\/wp-content\/uploads\/sites\/7\/2013\/12\/footwear_slipper_001-300x169.png","datePublished":"2013-12-08T20:30:33+00:00","dateModified":"2013-12-08T20:30:33+00:00","breadcrumb":{"@id":"https:\/\/footwear.trocellen.com\/fr\/applications\/parties-internes\/pantoufles\/#breadcrumb"},"inLanguage":"fr-FR","potentialAction":[{"@type":"ReadAction","target":["https:\/\/footwear.trocellen.com\/fr\/applications\/parties-internes\/pantoufles\/"]}]},{"@type":"ImageObject","inLanguage":"fr-FR","@id":"https:\/\/footwear.trocellen.com\/fr\/applications\/parties-internes\/pantoufles\/#primaryimage","url":"https:\/\/footwear.trocellen.com\/wp-content\/uploads\/sites\/7\/2013\/12\/footwear_slipper_001-300x169.png","contentUrl":"https:\/\/footwear.trocellen.com\/wp-content\/uploads\/sites\/7\/2013\/12\/footwear_slipper_001-300x169.png"},{"@type":"BreadcrumbList","@id":"https:\/\/footwear.trocellen.com\/fr\/applications\/parties-internes\/pantoufles\/#breadcrumb","itemListElement":[{"@type":"ListItem","position":1,"name":"Home","item":"https:\/\/footwear.trocellen.com\/fr\/"},{"@type":"ListItem","position":2,"name":"Applications","item":"https:\/\/footwear.trocellen.com\/fr\/applications\/"},{"@type":"ListItem","position":3,"name":"Parties internes","item":"https:\/\/footwear.trocellen.com\/fr\/applications\/parties-internes\/"},{"@type":"ListItem","position":4,"name":"Pantoufles"}]},{"@type":"WebSite","@id":"https:\/\/footwear.trocellen.com\/#website","url":"https:\/\/footwear.trocellen.com\/","name":"Footwear","description":"","potentialAction":[{"@type":"SearchAction","target":{"@type":"EntryPoint","urlTemplate":"https:\/\/footwear.trocellen.com\/?s={search_term_string}"},"query-input":{"@type":"PropertyValueSpecification","valueRequired":true,"valueName":"search_term_string"}}],"inLanguage":"fr-FR"}]}},"_links":{"self":[{"href":"https:\/\/footwear.trocellen.com\/fr\/wp-json\/wp\/v2\/pages\/770","targetHints":{"allow":["GET"]}}],"collection":[{"href":"https:\/\/footwear.trocellen.com\/fr\/wp-json\/wp\/v2\/pages"}],"about":[{"href":"https:\/\/footwear.trocellen.com\/fr\/wp-json\/wp\/v2\/types\/page"}],"author":[{"embeddable":true,"href":"https:\/\/footwear.trocellen.com\/fr\/wp-json\/wp\/v2\/users\/6"}],"replies":[{"embeddable":true,"href":"https:\/\/footwear.trocellen.com\/fr\/wp-json\/wp\/v2\/comments?post=770"}],"version-history":[{"count":0,"href":"https:\/\/footwear.trocellen.com\/fr\/wp-json\/wp\/v2\/pages\/770\/revisions"}],"up":[{"embeddable":true,"href":"https:\/\/footwear.trocellen.com\/fr\/wp-json\/wp\/v2\/pages\/728"}],"wp:attachment":[{"href":"https:\/\/footwear.trocellen.com\/fr\/wp-json\/wp\/v2\/media?parent=770"}],"curies":[{"name":"wp","href":"https:\/\/api.w.org\/{rel}","templated":true}]}}