{"id":776,"date":"2013-12-08T20:36:04","date_gmt":"2013-12-08T20:36:04","guid":{"rendered":"https:\/\/footwear.usernet.hu\/contreforts-de-bottes-pour-motocyclistes\/"},"modified":"2013-12-08T20:36:04","modified_gmt":"2013-12-08T20:36:04","slug":"contreforts-de-bottes-pour-motocyclistes","status":"publish","type":"page","link":"https:\/\/footwear.trocellen.com\/fr\/applications\/tiges-de-chaussures\/contreforts-de-bottes-pour-motocyclistes\/","title":{"rendered":"Contreforts de bottes pour motocyclistes"},"content":{"rendered":"<p>Les mousses Trocellen, en combinaision avec d&rsquo;autres mat\u00e9riaux de qualit\u00e9, offrent des solutions cr\u00e9atives, confortables et orient\u00e9es vers le client dans l&rsquo;industrie des chaussures.<br \/>\nLes mousses en poly\u00e9thyl\u00e8ne, ensemble avec d&rsquo;autres mat\u00e9riaux techniques, garantissent la protection, la flexibilit\u00e9 et la durabilit\u00e9 n\u00e9cessaire pour toutes les chaussures.<\/p>\n<h2>Mat\u00e9riaux et tailles<\/h2>\n<p><img loading=\"lazy\" decoding=\"async\" class=\"alignright size-medium wp-image-509\" src=\"https:\/\/footwear.trocellen.com\/wp-content\/uploads\/sites\/7\/2013\/12\/footwear_motorbike_upper_001-1-205x300.png\" alt=\"\" width=\"205\" height=\"300\" srcset=\"https:\/\/footwear.trocellen.com\/wp-content\/uploads\/sites\/7\/2013\/12\/footwear_motorbike_upper_001-1-205x300.png 205w, https:\/\/footwear.trocellen.com\/wp-content\/uploads\/sites\/7\/2013\/12\/footwear_motorbike_upper_001-1-768x1124.png 768w, https:\/\/footwear.trocellen.com\/wp-content\/uploads\/sites\/7\/2013\/12\/footwear_motorbike_upper_001-1-700x1024.png 700w, https:\/\/footwear.trocellen.com\/wp-content\/uploads\/sites\/7\/2013\/12\/footwear_motorbike_upper_001-1.png 1476w\" sizes=\"auto, (max-width: 205px) 100vw, 205px\" \/><\/p>\n<ul>\n<li>Mousse en poly\u00e9thyl\u00e8ne, lisse ou perfor\u00e9e<\/li>\n<li>Lamin\u00e9 avec de mat\u00e9riaux techniques<\/li>\n<li>Type de rigidit\u00e9 70\u2013150 kg\/m\u00b3<\/li>\n<li>Type d&rsquo;\u00e9paisseur de 2,5-4 mm<\/li>\n<\/ul>\n<h2>Caract\u00e9ristiques<\/h2>\n<ul>\n<li>Confortable<\/li>\n<li>L\u00e9ger<\/li>\n<li>Isolant thermique<\/li>\n<li>Thermo-formable<\/li>\n<li>R\u00e9sistant \u00e0 l&rsquo;usure et aux d\u00e9chirures<\/li>\n<li>Facile \u00e0 perforer et \u00e0 coudre<\/li>\n<li>Sans PVC et COV<\/li>\n<li>Respirable (mousse perfor\u00e9e)<\/li>\n<\/ul>\n","protected":false},"excerpt":{"rendered":"<p>Les mousses Trocellen, en combinaision avec d&rsquo;autres mat\u00e9riaux de qualit\u00e9, offrent des solutions cr\u00e9atives, confortables et orient\u00e9es vers le client dans l&rsquo;industrie des chaussures. Les mousses en poly\u00e9thyl\u00e8ne, ensemble avec d&rsquo;autres mat\u00e9riaux techniques, garantissent la protection, la flexibilit\u00e9 et la durabilit\u00e9 n\u00e9cessaire pour toutes les chaussures. Mat\u00e9riaux et tailles Mousse en poly\u00e9thyl\u00e8ne, lisse ou perfor\u00e9e [&hellip;]<\/p>\n","protected":false},"author":6,"featured_media":0,"parent":734,"menu_order":0,"comment_status":"open","ping_status":"open","template":"","meta":{"_acf_changed":false,"footnotes":""},"class_list":["post-776","page","type-page","status-publish","hentry"],"acf":[],"yoast_head":"<!-- This site is optimized with the Yoast SEO plugin v23.5 - https:\/\/yoast.com\/wordpress\/plugins\/seo\/ -->\n<title>Contreforts de bottes pour motocyclistes - Footwear<\/title>\n<meta name=\"robots\" content=\"index, follow, max-snippet:-1, max-image-preview:large, max-video-preview:-1\" \/>\n<link rel=\"canonical\" href=\"https:\/\/footwear.trocellen.com\/fr\/applications\/tiges-de-chaussures\/contreforts-de-bottes-pour-motocyclistes\/\" \/>\n<meta name=\"twitter:label1\" content=\"Dur\u00e9e de lecture estim\u00e9e\" \/>\n\t<meta name=\"twitter:data1\" content=\"1 minute\" \/>\n<script type=\"application\/ld+json\" class=\"yoast-schema-graph\">{\"@context\":\"https:\/\/schema.org\",\"@graph\":[{\"@type\":\"WebPage\",\"@id\":\"https:\/\/footwear.trocellen.com\/fr\/applications\/tiges-de-chaussures\/contreforts-de-bottes-pour-motocyclistes\/\",\"url\":\"https:\/\/footwear.trocellen.com\/fr\/applications\/tiges-de-chaussures\/contreforts-de-bottes-pour-motocyclistes\/\",\"name\":\"Contreforts de bottes pour motocyclistes - Footwear\",\"isPartOf\":{\"@id\":\"https:\/\/footwear.trocellen.com\/#website\"},\"primaryImageOfPage\":{\"@id\":\"https:\/\/footwear.trocellen.com\/fr\/applications\/tiges-de-chaussures\/contreforts-de-bottes-pour-motocyclistes\/#primaryimage\"},\"image\":{\"@id\":\"https:\/\/footwear.trocellen.com\/fr\/applications\/tiges-de-chaussures\/contreforts-de-bottes-pour-motocyclistes\/#primaryimage\"},\"thumbnailUrl\":\"https:\/\/footwear.trocellen.com\/wp-content\/uploads\/sites\/7\/2013\/12\/footwear_motorbike_upper_001-1-205x300.png\",\"datePublished\":\"2013-12-08T20:36:04+00:00\",\"dateModified\":\"2013-12-08T20:36:04+00:00\",\"breadcrumb\":{\"@id\":\"https:\/\/footwear.trocellen.com\/fr\/applications\/tiges-de-chaussures\/contreforts-de-bottes-pour-motocyclistes\/#breadcrumb\"},\"inLanguage\":\"fr-FR\",\"potentialAction\":[{\"@type\":\"ReadAction\",\"target\":[\"https:\/\/footwear.trocellen.com\/fr\/applications\/tiges-de-chaussures\/contreforts-de-bottes-pour-motocyclistes\/\"]}]},{\"@type\":\"ImageObject\",\"inLanguage\":\"fr-FR\",\"@id\":\"https:\/\/footwear.trocellen.com\/fr\/applications\/tiges-de-chaussures\/contreforts-de-bottes-pour-motocyclistes\/#primaryimage\",\"url\":\"https:\/\/footwear.trocellen.com\/wp-content\/uploads\/sites\/7\/2013\/12\/footwear_motorbike_upper_001-1-205x300.png\",\"contentUrl\":\"https:\/\/footwear.trocellen.com\/wp-content\/uploads\/sites\/7\/2013\/12\/footwear_motorbike_upper_001-1-205x300.png\"},{\"@type\":\"BreadcrumbList\",\"@id\":\"https:\/\/footwear.trocellen.com\/fr\/applications\/tiges-de-chaussures\/contreforts-de-bottes-pour-motocyclistes\/#breadcrumb\",\"itemListElement\":[{\"@type\":\"ListItem\",\"position\":1,\"name\":\"Home\",\"item\":\"https:\/\/footwear.trocellen.com\/fr\/\"},{\"@type\":\"ListItem\",\"position\":2,\"name\":\"Applications\",\"item\":\"https:\/\/footwear.trocellen.com\/fr\/applications\/\"},{\"@type\":\"ListItem\",\"position\":3,\"name\":\"Tiges de chaussures\",\"item\":\"https:\/\/footwear.trocellen.com\/fr\/applications\/tiges-de-chaussures\/\"},{\"@type\":\"ListItem\",\"position\":4,\"name\":\"Contreforts de bottes pour motocyclistes\"}]},{\"@type\":\"WebSite\",\"@id\":\"https:\/\/footwear.trocellen.com\/#website\",\"url\":\"https:\/\/footwear.trocellen.com\/\",\"name\":\"Footwear\",\"description\":\"\",\"potentialAction\":[{\"@type\":\"SearchAction\",\"target\":{\"@type\":\"EntryPoint\",\"urlTemplate\":\"https:\/\/footwear.trocellen.com\/?s={search_term_string}\"},\"query-input\":{\"@type\":\"PropertyValueSpecification\",\"valueRequired\":true,\"valueName\":\"search_term_string\"}}],\"inLanguage\":\"fr-FR\"}]}<\/script>\n<!-- \/ Yoast SEO plugin. -->","yoast_head_json":{"title":"Contreforts de bottes pour motocyclistes - Footwear","robots":{"index":"index","follow":"follow","max-snippet":"max-snippet:-1","max-image-preview":"max-image-preview:large","max-video-preview":"max-video-preview:-1"},"canonical":"https:\/\/footwear.trocellen.com\/fr\/applications\/tiges-de-chaussures\/contreforts-de-bottes-pour-motocyclistes\/","twitter_misc":{"Dur\u00e9e de lecture estim\u00e9e":"1 minute"},"schema":{"@context":"https:\/\/schema.org","@graph":[{"@type":"WebPage","@id":"https:\/\/footwear.trocellen.com\/fr\/applications\/tiges-de-chaussures\/contreforts-de-bottes-pour-motocyclistes\/","url":"https:\/\/footwear.trocellen.com\/fr\/applications\/tiges-de-chaussures\/contreforts-de-bottes-pour-motocyclistes\/","name":"Contreforts de bottes pour motocyclistes - Footwear","isPartOf":{"@id":"https:\/\/footwear.trocellen.com\/#website"},"primaryImageOfPage":{"@id":"https:\/\/footwear.trocellen.com\/fr\/applications\/tiges-de-chaussures\/contreforts-de-bottes-pour-motocyclistes\/#primaryimage"},"image":{"@id":"https:\/\/footwear.trocellen.com\/fr\/applications\/tiges-de-chaussures\/contreforts-de-bottes-pour-motocyclistes\/#primaryimage"},"thumbnailUrl":"https:\/\/footwear.trocellen.com\/wp-content\/uploads\/sites\/7\/2013\/12\/footwear_motorbike_upper_001-1-205x300.png","datePublished":"2013-12-08T20:36:04+00:00","dateModified":"2013-12-08T20:36:04+00:00","breadcrumb":{"@id":"https:\/\/footwear.trocellen.com\/fr\/applications\/tiges-de-chaussures\/contreforts-de-bottes-pour-motocyclistes\/#breadcrumb"},"inLanguage":"fr-FR","potentialAction":[{"@type":"ReadAction","target":["https:\/\/footwear.trocellen.com\/fr\/applications\/tiges-de-chaussures\/contreforts-de-bottes-pour-motocyclistes\/"]}]},{"@type":"ImageObject","inLanguage":"fr-FR","@id":"https:\/\/footwear.trocellen.com\/fr\/applications\/tiges-de-chaussures\/contreforts-de-bottes-pour-motocyclistes\/#primaryimage","url":"https:\/\/footwear.trocellen.com\/wp-content\/uploads\/sites\/7\/2013\/12\/footwear_motorbike_upper_001-1-205x300.png","contentUrl":"https:\/\/footwear.trocellen.com\/wp-content\/uploads\/sites\/7\/2013\/12\/footwear_motorbike_upper_001-1-205x300.png"},{"@type":"BreadcrumbList","@id":"https:\/\/footwear.trocellen.com\/fr\/applications\/tiges-de-chaussures\/contreforts-de-bottes-pour-motocyclistes\/#breadcrumb","itemListElement":[{"@type":"ListItem","position":1,"name":"Home","item":"https:\/\/footwear.trocellen.com\/fr\/"},{"@type":"ListItem","position":2,"name":"Applications","item":"https:\/\/footwear.trocellen.com\/fr\/applications\/"},{"@type":"ListItem","position":3,"name":"Tiges de chaussures","item":"https:\/\/footwear.trocellen.com\/fr\/applications\/tiges-de-chaussures\/"},{"@type":"ListItem","position":4,"name":"Contreforts de bottes pour motocyclistes"}]},{"@type":"WebSite","@id":"https:\/\/footwear.trocellen.com\/#website","url":"https:\/\/footwear.trocellen.com\/","name":"Footwear","description":"","potentialAction":[{"@type":"SearchAction","target":{"@type":"EntryPoint","urlTemplate":"https:\/\/footwear.trocellen.com\/?s={search_term_string}"},"query-input":{"@type":"PropertyValueSpecification","valueRequired":true,"valueName":"search_term_string"}}],"inLanguage":"fr-FR"}]}},"_links":{"self":[{"href":"https:\/\/footwear.trocellen.com\/fr\/wp-json\/wp\/v2\/pages\/776","targetHints":{"allow":["GET"]}}],"collection":[{"href":"https:\/\/footwear.trocellen.com\/fr\/wp-json\/wp\/v2\/pages"}],"about":[{"href":"https:\/\/footwear.trocellen.com\/fr\/wp-json\/wp\/v2\/types\/page"}],"author":[{"embeddable":true,"href":"https:\/\/footwear.trocellen.com\/fr\/wp-json\/wp\/v2\/users\/6"}],"replies":[{"embeddable":true,"href":"https:\/\/footwear.trocellen.com\/fr\/wp-json\/wp\/v2\/comments?post=776"}],"version-history":[{"count":0,"href":"https:\/\/footwear.trocellen.com\/fr\/wp-json\/wp\/v2\/pages\/776\/revisions"}],"up":[{"embeddable":true,"href":"https:\/\/footwear.trocellen.com\/fr\/wp-json\/wp\/v2\/pages\/734"}],"wp:attachment":[{"href":"https:\/\/footwear.trocellen.com\/fr\/wp-json\/wp\/v2\/media?parent=776"}],"curies":[{"name":"wp","href":"https:\/\/api.w.org\/{rel}","templated":true}]}}