{"id":788,"date":"2013-12-08T20:43:49","date_gmt":"2013-12-08T20:43:49","guid":{"rendered":"https:\/\/footwear.usernet.hu\/elements-de-chaussures-de-securite\/"},"modified":"2013-12-08T20:43:49","modified_gmt":"2013-12-08T20:43:49","slug":"elements-de-chaussures-de-securite","status":"publish","type":"page","link":"https:\/\/footwear.trocellen.com\/fr\/applications\/tiges-de-chaussures\/elements-de-chaussures-de-securite\/","title":{"rendered":"\u00c9l\u00e9ments de chaussures de s\u00e9curit\u00e9"},"content":{"rendered":"<p>Les mousses Trocellen, en combinaision avec d&rsquo;autres mat\u00e9riaux de qualit\u00e9, offrent des solutions innovantes, confortables et orient\u00e9es vers le client dans l&rsquo;industrie des chaussures.<br \/>\nLes mousses en poly\u00e9thyl\u00e8ne, ensemble avec d&rsquo;autres mat\u00e9riaux techniques, garantissent la protection, la flexibilit\u00e9 et la durabilit\u00e9 n\u00e9cessaire pour toutes les chaussures.<\/p>\n<h2>Mat\u00e9riaux et tailles<\/h2>\n<ul>\n<li>Mousse en poly\u00e9thyl\u00e8ne, lisse ou perfor\u00e9e<\/li>\n<li>Lamin\u00e9 avec de mat\u00e9riaux techniques<\/li>\n<li>Type rigide 70 \u2013 150 kg\/m\u00b3<\/li>\n<li>Type semi-rigide 250 kg\/m\u00b3<\/li>\n<li>Type d&rsquo;\u00e9paisseur de 2,5\u00a0&#8211; 4.0 mm<\/li>\n<\/ul>\n<h2>Caract\u00e9ristiques<\/h2>\n<p><img loading=\"lazy\" decoding=\"async\" class=\"alignright size-medium wp-image-513\" src=\"https:\/\/footwear.trocellen.com\/wp-content\/uploads\/sites\/7\/2013\/12\/footwear_safety_upper_001-300x212.png\" alt=\"\" width=\"300\" height=\"212\" srcset=\"https:\/\/footwear.trocellen.com\/wp-content\/uploads\/sites\/7\/2013\/12\/footwear_safety_upper_001-300x212.png 300w, https:\/\/footwear.trocellen.com\/wp-content\/uploads\/sites\/7\/2013\/12\/footwear_safety_upper_001-768x543.png 768w, https:\/\/footwear.trocellen.com\/wp-content\/uploads\/sites\/7\/2013\/12\/footwear_safety_upper_001-1024x724.png 1024w\" sizes=\"auto, (max-width: 300px) 100vw, 300px\" \/><\/p>\n<ul>\n<li>L\u00e9ger<\/li>\n<li>Confortable<\/li>\n<li>Facile \u00e0 perforer et \u00e0 coudre<\/li>\n<li>R\u00e9sistant \u00e0 l&rsquo;usure et aux d\u00e9chirures<\/li>\n<li>Isolant thermique<\/li>\n<li>Thermo-formable<\/li>\n<li>Sans PVC et COV<\/li>\n<li>Les versions perfor\u00e9es sont respirables<\/li>\n<\/ul>\n","protected":false},"excerpt":{"rendered":"<p>Les mousses Trocellen, en combinaision avec d&rsquo;autres mat\u00e9riaux de qualit\u00e9, offrent des solutions innovantes, confortables et orient\u00e9es vers le client dans l&rsquo;industrie des chaussures. Les mousses en poly\u00e9thyl\u00e8ne, ensemble avec d&rsquo;autres mat\u00e9riaux techniques, garantissent la protection, la flexibilit\u00e9 et la durabilit\u00e9 n\u00e9cessaire pour toutes les chaussures. Mat\u00e9riaux et tailles Mousse en poly\u00e9thyl\u00e8ne, lisse ou perfor\u00e9e [&hellip;]<\/p>\n","protected":false},"author":6,"featured_media":0,"parent":734,"menu_order":0,"comment_status":"open","ping_status":"open","template":"","meta":{"_acf_changed":false,"footnotes":""},"class_list":["post-788","page","type-page","status-publish","hentry"],"acf":[],"yoast_head":"<!-- This site is optimized with the Yoast SEO plugin v23.5 - https:\/\/yoast.com\/wordpress\/plugins\/seo\/ -->\n<title>\u00c9l\u00e9ments de chaussures de s\u00e9curit\u00e9 - Footwear<\/title>\n<meta name=\"robots\" content=\"index, follow, max-snippet:-1, max-image-preview:large, max-video-preview:-1\" \/>\n<link rel=\"canonical\" href=\"https:\/\/footwear.trocellen.com\/fr\/applications\/tiges-de-chaussures\/elements-de-chaussures-de-securite\/\" \/>\n<meta name=\"twitter:label1\" content=\"Dur\u00e9e de lecture estim\u00e9e\" \/>\n\t<meta name=\"twitter:data1\" content=\"1 minute\" \/>\n<script type=\"application\/ld+json\" class=\"yoast-schema-graph\">{\"@context\":\"https:\/\/schema.org\",\"@graph\":[{\"@type\":\"WebPage\",\"@id\":\"https:\/\/footwear.trocellen.com\/fr\/applications\/tiges-de-chaussures\/elements-de-chaussures-de-securite\/\",\"url\":\"https:\/\/footwear.trocellen.com\/fr\/applications\/tiges-de-chaussures\/elements-de-chaussures-de-securite\/\",\"name\":\"\u00c9l\u00e9ments de chaussures de s\u00e9curit\u00e9 - Footwear\",\"isPartOf\":{\"@id\":\"https:\/\/footwear.trocellen.com\/#website\"},\"primaryImageOfPage\":{\"@id\":\"https:\/\/footwear.trocellen.com\/fr\/applications\/tiges-de-chaussures\/elements-de-chaussures-de-securite\/#primaryimage\"},\"image\":{\"@id\":\"https:\/\/footwear.trocellen.com\/fr\/applications\/tiges-de-chaussures\/elements-de-chaussures-de-securite\/#primaryimage\"},\"thumbnailUrl\":\"https:\/\/footwear.trocellen.com\/wp-content\/uploads\/sites\/7\/2013\/12\/footwear_safety_upper_001-300x212.png\",\"datePublished\":\"2013-12-08T20:43:49+00:00\",\"dateModified\":\"2013-12-08T20:43:49+00:00\",\"breadcrumb\":{\"@id\":\"https:\/\/footwear.trocellen.com\/fr\/applications\/tiges-de-chaussures\/elements-de-chaussures-de-securite\/#breadcrumb\"},\"inLanguage\":\"fr-FR\",\"potentialAction\":[{\"@type\":\"ReadAction\",\"target\":[\"https:\/\/footwear.trocellen.com\/fr\/applications\/tiges-de-chaussures\/elements-de-chaussures-de-securite\/\"]}]},{\"@type\":\"ImageObject\",\"inLanguage\":\"fr-FR\",\"@id\":\"https:\/\/footwear.trocellen.com\/fr\/applications\/tiges-de-chaussures\/elements-de-chaussures-de-securite\/#primaryimage\",\"url\":\"https:\/\/footwear.trocellen.com\/wp-content\/uploads\/sites\/7\/2013\/12\/footwear_safety_upper_001-300x212.png\",\"contentUrl\":\"https:\/\/footwear.trocellen.com\/wp-content\/uploads\/sites\/7\/2013\/12\/footwear_safety_upper_001-300x212.png\"},{\"@type\":\"BreadcrumbList\",\"@id\":\"https:\/\/footwear.trocellen.com\/fr\/applications\/tiges-de-chaussures\/elements-de-chaussures-de-securite\/#breadcrumb\",\"itemListElement\":[{\"@type\":\"ListItem\",\"position\":1,\"name\":\"Home\",\"item\":\"https:\/\/footwear.trocellen.com\/fr\/\"},{\"@type\":\"ListItem\",\"position\":2,\"name\":\"Applications\",\"item\":\"https:\/\/footwear.trocellen.com\/fr\/applications\/\"},{\"@type\":\"ListItem\",\"position\":3,\"name\":\"Tiges de chaussures\",\"item\":\"https:\/\/footwear.trocellen.com\/fr\/applications\/tiges-de-chaussures\/\"},{\"@type\":\"ListItem\",\"position\":4,\"name\":\"\u00c9l\u00e9ments de chaussures de s\u00e9curit\u00e9\"}]},{\"@type\":\"WebSite\",\"@id\":\"https:\/\/footwear.trocellen.com\/#website\",\"url\":\"https:\/\/footwear.trocellen.com\/\",\"name\":\"Footwear\",\"description\":\"\",\"potentialAction\":[{\"@type\":\"SearchAction\",\"target\":{\"@type\":\"EntryPoint\",\"urlTemplate\":\"https:\/\/footwear.trocellen.com\/?s={search_term_string}\"},\"query-input\":{\"@type\":\"PropertyValueSpecification\",\"valueRequired\":true,\"valueName\":\"search_term_string\"}}],\"inLanguage\":\"fr-FR\"}]}<\/script>\n<!-- \/ Yoast SEO plugin. -->","yoast_head_json":{"title":"\u00c9l\u00e9ments de chaussures de s\u00e9curit\u00e9 - Footwear","robots":{"index":"index","follow":"follow","max-snippet":"max-snippet:-1","max-image-preview":"max-image-preview:large","max-video-preview":"max-video-preview:-1"},"canonical":"https:\/\/footwear.trocellen.com\/fr\/applications\/tiges-de-chaussures\/elements-de-chaussures-de-securite\/","twitter_misc":{"Dur\u00e9e de lecture estim\u00e9e":"1 minute"},"schema":{"@context":"https:\/\/schema.org","@graph":[{"@type":"WebPage","@id":"https:\/\/footwear.trocellen.com\/fr\/applications\/tiges-de-chaussures\/elements-de-chaussures-de-securite\/","url":"https:\/\/footwear.trocellen.com\/fr\/applications\/tiges-de-chaussures\/elements-de-chaussures-de-securite\/","name":"\u00c9l\u00e9ments de chaussures de s\u00e9curit\u00e9 - Footwear","isPartOf":{"@id":"https:\/\/footwear.trocellen.com\/#website"},"primaryImageOfPage":{"@id":"https:\/\/footwear.trocellen.com\/fr\/applications\/tiges-de-chaussures\/elements-de-chaussures-de-securite\/#primaryimage"},"image":{"@id":"https:\/\/footwear.trocellen.com\/fr\/applications\/tiges-de-chaussures\/elements-de-chaussures-de-securite\/#primaryimage"},"thumbnailUrl":"https:\/\/footwear.trocellen.com\/wp-content\/uploads\/sites\/7\/2013\/12\/footwear_safety_upper_001-300x212.png","datePublished":"2013-12-08T20:43:49+00:00","dateModified":"2013-12-08T20:43:49+00:00","breadcrumb":{"@id":"https:\/\/footwear.trocellen.com\/fr\/applications\/tiges-de-chaussures\/elements-de-chaussures-de-securite\/#breadcrumb"},"inLanguage":"fr-FR","potentialAction":[{"@type":"ReadAction","target":["https:\/\/footwear.trocellen.com\/fr\/applications\/tiges-de-chaussures\/elements-de-chaussures-de-securite\/"]}]},{"@type":"ImageObject","inLanguage":"fr-FR","@id":"https:\/\/footwear.trocellen.com\/fr\/applications\/tiges-de-chaussures\/elements-de-chaussures-de-securite\/#primaryimage","url":"https:\/\/footwear.trocellen.com\/wp-content\/uploads\/sites\/7\/2013\/12\/footwear_safety_upper_001-300x212.png","contentUrl":"https:\/\/footwear.trocellen.com\/wp-content\/uploads\/sites\/7\/2013\/12\/footwear_safety_upper_001-300x212.png"},{"@type":"BreadcrumbList","@id":"https:\/\/footwear.trocellen.com\/fr\/applications\/tiges-de-chaussures\/elements-de-chaussures-de-securite\/#breadcrumb","itemListElement":[{"@type":"ListItem","position":1,"name":"Home","item":"https:\/\/footwear.trocellen.com\/fr\/"},{"@type":"ListItem","position":2,"name":"Applications","item":"https:\/\/footwear.trocellen.com\/fr\/applications\/"},{"@type":"ListItem","position":3,"name":"Tiges de chaussures","item":"https:\/\/footwear.trocellen.com\/fr\/applications\/tiges-de-chaussures\/"},{"@type":"ListItem","position":4,"name":"\u00c9l\u00e9ments de chaussures de s\u00e9curit\u00e9"}]},{"@type":"WebSite","@id":"https:\/\/footwear.trocellen.com\/#website","url":"https:\/\/footwear.trocellen.com\/","name":"Footwear","description":"","potentialAction":[{"@type":"SearchAction","target":{"@type":"EntryPoint","urlTemplate":"https:\/\/footwear.trocellen.com\/?s={search_term_string}"},"query-input":{"@type":"PropertyValueSpecification","valueRequired":true,"valueName":"search_term_string"}}],"inLanguage":"fr-FR"}]}},"_links":{"self":[{"href":"https:\/\/footwear.trocellen.com\/fr\/wp-json\/wp\/v2\/pages\/788","targetHints":{"allow":["GET"]}}],"collection":[{"href":"https:\/\/footwear.trocellen.com\/fr\/wp-json\/wp\/v2\/pages"}],"about":[{"href":"https:\/\/footwear.trocellen.com\/fr\/wp-json\/wp\/v2\/types\/page"}],"author":[{"embeddable":true,"href":"https:\/\/footwear.trocellen.com\/fr\/wp-json\/wp\/v2\/users\/6"}],"replies":[{"embeddable":true,"href":"https:\/\/footwear.trocellen.com\/fr\/wp-json\/wp\/v2\/comments?post=788"}],"version-history":[{"count":0,"href":"https:\/\/footwear.trocellen.com\/fr\/wp-json\/wp\/v2\/pages\/788\/revisions"}],"up":[{"embeddable":true,"href":"https:\/\/footwear.trocellen.com\/fr\/wp-json\/wp\/v2\/pages\/734"}],"wp:attachment":[{"href":"https:\/\/footwear.trocellen.com\/fr\/wp-json\/wp\/v2\/media?parent=788"}],"curies":[{"name":"wp","href":"https:\/\/api.w.org\/{rel}","templated":true}]}}