{"id":794,"date":"2013-12-08T20:52:54","date_gmt":"2013-12-08T20:52:54","guid":{"rendered":"https:\/\/footwear.usernet.hu\/contreforts-des-chaussures-de-ski\/"},"modified":"2013-12-08T20:52:54","modified_gmt":"2013-12-08T20:52:54","slug":"contreforts-des-chaussures-de-ski","status":"publish","type":"page","link":"https:\/\/footwear.trocellen.com\/fr\/applications\/tiges-de-chaussures\/contreforts-des-chaussures-de-ski\/","title":{"rendered":"Contreforts des chaussures de ski"},"content":{"rendered":"<p>Les mousses Trocellen, en combinaision avec d&rsquo;autres mat\u00e9riaux de qualit\u00e9, offrent des solutions cr\u00e9atives, confortables et orient\u00e9es vers le client dans l&rsquo;industrie des chaussures.<br \/>\nLes mousses en poly\u00e9thyl\u00e8ne, ensemble avec d&rsquo;autres mat\u00e9riaux techniques, garantissent la protection, la flexibilit\u00e9 et la durabilit\u00e9 n\u00e9cessaire pour cet type des chaussures.<\/p>\n<h2>Mat\u00e9riaux et tailles<\/h2>\n<p><img loading=\"lazy\" decoding=\"async\" class=\"alignright size-medium wp-image-515\" src=\"https:\/\/footwear.trocellen.com\/wp-content\/uploads\/sites\/7\/2013\/12\/footwear_ski_boot_upper_001-225x300.png\" alt=\"\" width=\"225\" height=\"300\" srcset=\"https:\/\/footwear.trocellen.com\/wp-content\/uploads\/sites\/7\/2013\/12\/footwear_ski_boot_upper_001-225x300.png 225w, https:\/\/footwear.trocellen.com\/wp-content\/uploads\/sites\/7\/2013\/12\/footwear_ski_boot_upper_001-768x1024.png 768w, https:\/\/footwear.trocellen.com\/wp-content\/uploads\/sites\/7\/2013\/12\/footwear_ski_boot_upper_001.png 1620w\" sizes=\"auto, (max-width: 225px) 100vw, 225px\" \/><\/p>\n<ul>\n<li>Mousse de poly\u00e9thyl\u00e8ne<\/li>\n<li>Lamin\u00e9 avec de mat\u00e9riaux techniques<\/li>\n<li>Type moyen 150 \u2013 250 kg\/m\u00b3<\/li>\n<li>Type d&rsquo;\u00e9paisseur de 2,5 &#8211; 4.0 mm<\/li>\n<\/ul>\n<h2>Caract\u00e9ristiques<\/h2>\n<ul>\n<li>L\u00e9ger<\/li>\n<li>Confortable<\/li>\n<li>Facile \u00e0 perforer et \u00e0 coudre<\/li>\n<li>R\u00e9sistant \u00e0 l&rsquo;usure et aux d\u00e9chirures<\/li>\n<li>Isolant thermique<\/li>\n<li>Thermo-formable<\/li>\n<li>Sans PVC et COV<\/li>\n<\/ul>\n","protected":false},"excerpt":{"rendered":"<p>Les mousses Trocellen, en combinaision avec d&rsquo;autres mat\u00e9riaux de qualit\u00e9, offrent des solutions cr\u00e9atives, confortables et orient\u00e9es vers le client dans l&rsquo;industrie des chaussures. Les mousses en poly\u00e9thyl\u00e8ne, ensemble avec d&rsquo;autres mat\u00e9riaux techniques, garantissent la protection, la flexibilit\u00e9 et la durabilit\u00e9 n\u00e9cessaire pour cet type des chaussures. Mat\u00e9riaux et tailles Mousse de poly\u00e9thyl\u00e8ne Lamin\u00e9 avec [&hellip;]<\/p>\n","protected":false},"author":6,"featured_media":0,"parent":734,"menu_order":0,"comment_status":"open","ping_status":"open","template":"","meta":{"_acf_changed":false,"footnotes":""},"class_list":["post-794","page","type-page","status-publish","hentry"],"acf":[],"yoast_head":"<!-- This site is optimized with the Yoast SEO plugin v23.5 - https:\/\/yoast.com\/wordpress\/plugins\/seo\/ -->\n<title>Contreforts des chaussures de ski - Footwear<\/title>\n<meta name=\"robots\" content=\"index, follow, max-snippet:-1, max-image-preview:large, max-video-preview:-1\" \/>\n<link rel=\"canonical\" href=\"https:\/\/footwear.trocellen.com\/fr\/applications\/tiges-de-chaussures\/contreforts-des-chaussures-de-ski\/\" \/>\n<meta name=\"twitter:label1\" content=\"Dur\u00e9e de lecture estim\u00e9e\" \/>\n\t<meta name=\"twitter:data1\" content=\"1 minute\" \/>\n<script type=\"application\/ld+json\" class=\"yoast-schema-graph\">{\"@context\":\"https:\/\/schema.org\",\"@graph\":[{\"@type\":\"WebPage\",\"@id\":\"https:\/\/footwear.trocellen.com\/fr\/applications\/tiges-de-chaussures\/contreforts-des-chaussures-de-ski\/\",\"url\":\"https:\/\/footwear.trocellen.com\/fr\/applications\/tiges-de-chaussures\/contreforts-des-chaussures-de-ski\/\",\"name\":\"Contreforts des chaussures de ski - Footwear\",\"isPartOf\":{\"@id\":\"https:\/\/footwear.trocellen.com\/#website\"},\"primaryImageOfPage\":{\"@id\":\"https:\/\/footwear.trocellen.com\/fr\/applications\/tiges-de-chaussures\/contreforts-des-chaussures-de-ski\/#primaryimage\"},\"image\":{\"@id\":\"https:\/\/footwear.trocellen.com\/fr\/applications\/tiges-de-chaussures\/contreforts-des-chaussures-de-ski\/#primaryimage\"},\"thumbnailUrl\":\"https:\/\/footwear.trocellen.com\/wp-content\/uploads\/sites\/7\/2013\/12\/footwear_ski_boot_upper_001-225x300.png\",\"datePublished\":\"2013-12-08T20:52:54+00:00\",\"dateModified\":\"2013-12-08T20:52:54+00:00\",\"breadcrumb\":{\"@id\":\"https:\/\/footwear.trocellen.com\/fr\/applications\/tiges-de-chaussures\/contreforts-des-chaussures-de-ski\/#breadcrumb\"},\"inLanguage\":\"fr-FR\",\"potentialAction\":[{\"@type\":\"ReadAction\",\"target\":[\"https:\/\/footwear.trocellen.com\/fr\/applications\/tiges-de-chaussures\/contreforts-des-chaussures-de-ski\/\"]}]},{\"@type\":\"ImageObject\",\"inLanguage\":\"fr-FR\",\"@id\":\"https:\/\/footwear.trocellen.com\/fr\/applications\/tiges-de-chaussures\/contreforts-des-chaussures-de-ski\/#primaryimage\",\"url\":\"https:\/\/footwear.trocellen.com\/wp-content\/uploads\/sites\/7\/2013\/12\/footwear_ski_boot_upper_001-225x300.png\",\"contentUrl\":\"https:\/\/footwear.trocellen.com\/wp-content\/uploads\/sites\/7\/2013\/12\/footwear_ski_boot_upper_001-225x300.png\"},{\"@type\":\"BreadcrumbList\",\"@id\":\"https:\/\/footwear.trocellen.com\/fr\/applications\/tiges-de-chaussures\/contreforts-des-chaussures-de-ski\/#breadcrumb\",\"itemListElement\":[{\"@type\":\"ListItem\",\"position\":1,\"name\":\"Home\",\"item\":\"https:\/\/footwear.trocellen.com\/fr\/\"},{\"@type\":\"ListItem\",\"position\":2,\"name\":\"Applications\",\"item\":\"https:\/\/footwear.trocellen.com\/fr\/applications\/\"},{\"@type\":\"ListItem\",\"position\":3,\"name\":\"Tiges de chaussures\",\"item\":\"https:\/\/footwear.trocellen.com\/fr\/applications\/tiges-de-chaussures\/\"},{\"@type\":\"ListItem\",\"position\":4,\"name\":\"Contreforts des chaussures de ski\"}]},{\"@type\":\"WebSite\",\"@id\":\"https:\/\/footwear.trocellen.com\/#website\",\"url\":\"https:\/\/footwear.trocellen.com\/\",\"name\":\"Footwear\",\"description\":\"\",\"potentialAction\":[{\"@type\":\"SearchAction\",\"target\":{\"@type\":\"EntryPoint\",\"urlTemplate\":\"https:\/\/footwear.trocellen.com\/?s={search_term_string}\"},\"query-input\":{\"@type\":\"PropertyValueSpecification\",\"valueRequired\":true,\"valueName\":\"search_term_string\"}}],\"inLanguage\":\"fr-FR\"}]}<\/script>\n<!-- \/ Yoast SEO plugin. -->","yoast_head_json":{"title":"Contreforts des chaussures de ski - Footwear","robots":{"index":"index","follow":"follow","max-snippet":"max-snippet:-1","max-image-preview":"max-image-preview:large","max-video-preview":"max-video-preview:-1"},"canonical":"https:\/\/footwear.trocellen.com\/fr\/applications\/tiges-de-chaussures\/contreforts-des-chaussures-de-ski\/","twitter_misc":{"Dur\u00e9e de lecture estim\u00e9e":"1 minute"},"schema":{"@context":"https:\/\/schema.org","@graph":[{"@type":"WebPage","@id":"https:\/\/footwear.trocellen.com\/fr\/applications\/tiges-de-chaussures\/contreforts-des-chaussures-de-ski\/","url":"https:\/\/footwear.trocellen.com\/fr\/applications\/tiges-de-chaussures\/contreforts-des-chaussures-de-ski\/","name":"Contreforts des chaussures de ski - Footwear","isPartOf":{"@id":"https:\/\/footwear.trocellen.com\/#website"},"primaryImageOfPage":{"@id":"https:\/\/footwear.trocellen.com\/fr\/applications\/tiges-de-chaussures\/contreforts-des-chaussures-de-ski\/#primaryimage"},"image":{"@id":"https:\/\/footwear.trocellen.com\/fr\/applications\/tiges-de-chaussures\/contreforts-des-chaussures-de-ski\/#primaryimage"},"thumbnailUrl":"https:\/\/footwear.trocellen.com\/wp-content\/uploads\/sites\/7\/2013\/12\/footwear_ski_boot_upper_001-225x300.png","datePublished":"2013-12-08T20:52:54+00:00","dateModified":"2013-12-08T20:52:54+00:00","breadcrumb":{"@id":"https:\/\/footwear.trocellen.com\/fr\/applications\/tiges-de-chaussures\/contreforts-des-chaussures-de-ski\/#breadcrumb"},"inLanguage":"fr-FR","potentialAction":[{"@type":"ReadAction","target":["https:\/\/footwear.trocellen.com\/fr\/applications\/tiges-de-chaussures\/contreforts-des-chaussures-de-ski\/"]}]},{"@type":"ImageObject","inLanguage":"fr-FR","@id":"https:\/\/footwear.trocellen.com\/fr\/applications\/tiges-de-chaussures\/contreforts-des-chaussures-de-ski\/#primaryimage","url":"https:\/\/footwear.trocellen.com\/wp-content\/uploads\/sites\/7\/2013\/12\/footwear_ski_boot_upper_001-225x300.png","contentUrl":"https:\/\/footwear.trocellen.com\/wp-content\/uploads\/sites\/7\/2013\/12\/footwear_ski_boot_upper_001-225x300.png"},{"@type":"BreadcrumbList","@id":"https:\/\/footwear.trocellen.com\/fr\/applications\/tiges-de-chaussures\/contreforts-des-chaussures-de-ski\/#breadcrumb","itemListElement":[{"@type":"ListItem","position":1,"name":"Home","item":"https:\/\/footwear.trocellen.com\/fr\/"},{"@type":"ListItem","position":2,"name":"Applications","item":"https:\/\/footwear.trocellen.com\/fr\/applications\/"},{"@type":"ListItem","position":3,"name":"Tiges de chaussures","item":"https:\/\/footwear.trocellen.com\/fr\/applications\/tiges-de-chaussures\/"},{"@type":"ListItem","position":4,"name":"Contreforts des chaussures de ski"}]},{"@type":"WebSite","@id":"https:\/\/footwear.trocellen.com\/#website","url":"https:\/\/footwear.trocellen.com\/","name":"Footwear","description":"","potentialAction":[{"@type":"SearchAction","target":{"@type":"EntryPoint","urlTemplate":"https:\/\/footwear.trocellen.com\/?s={search_term_string}"},"query-input":{"@type":"PropertyValueSpecification","valueRequired":true,"valueName":"search_term_string"}}],"inLanguage":"fr-FR"}]}},"_links":{"self":[{"href":"https:\/\/footwear.trocellen.com\/fr\/wp-json\/wp\/v2\/pages\/794","targetHints":{"allow":["GET"]}}],"collection":[{"href":"https:\/\/footwear.trocellen.com\/fr\/wp-json\/wp\/v2\/pages"}],"about":[{"href":"https:\/\/footwear.trocellen.com\/fr\/wp-json\/wp\/v2\/types\/page"}],"author":[{"embeddable":true,"href":"https:\/\/footwear.trocellen.com\/fr\/wp-json\/wp\/v2\/users\/6"}],"replies":[{"embeddable":true,"href":"https:\/\/footwear.trocellen.com\/fr\/wp-json\/wp\/v2\/comments?post=794"}],"version-history":[{"count":0,"href":"https:\/\/footwear.trocellen.com\/fr\/wp-json\/wp\/v2\/pages\/794\/revisions"}],"up":[{"embeddable":true,"href":"https:\/\/footwear.trocellen.com\/fr\/wp-json\/wp\/v2\/pages\/734"}],"wp:attachment":[{"href":"https:\/\/footwear.trocellen.com\/fr\/wp-json\/wp\/v2\/media?parent=794"}],"curies":[{"name":"wp","href":"https:\/\/api.w.org\/{rel}","templated":true}]}}