{"id":800,"date":"2013-12-08T20:56:36","date_gmt":"2013-12-08T20:56:36","guid":{"rendered":"https:\/\/footwear.usernet.hu\/rembourrages-de-vetements\/"},"modified":"2013-12-08T20:56:36","modified_gmt":"2013-12-08T20:56:36","slug":"rembourrages-de-vetements","status":"publish","type":"page","link":"https:\/\/footwear.trocellen.com\/fr\/applications\/rembourrages-et-protections\/rembourrages-de-vetements\/","title":{"rendered":"Rembourrages de v\u00eatements"},"content":{"rendered":"<p>Trocellen propose des mousses, mais se concentre \u00e9galement sur le d\u00e9veloppement de solutions et d\u2019applications diff\u00e9rentes. Les rembourrages en mousse pour les pantalons des cyclistes offrent plus de confort et de s\u00e9curit\u00e9 pour les cyclistes et plus d\u2019avantages pour l\u2019industrie de l\u2019habillement.<\/p>\n<h2>Mat\u00e9riaux et dimensions<\/h2>\n<p><img loading=\"lazy\" decoding=\"async\" class=\"alignright size-medium wp-image-517\" src=\"https:\/\/footwear.trocellen.com\/wp-content\/uploads\/sites\/7\/2013\/12\/footwear_clothing_paddings_001-300x169.png\" alt=\"\" width=\"300\" height=\"169\" srcset=\"https:\/\/footwear.trocellen.com\/wp-content\/uploads\/sites\/7\/2013\/12\/footwear_clothing_paddings_001-300x169.png 300w, https:\/\/footwear.trocellen.com\/wp-content\/uploads\/sites\/7\/2013\/12\/footwear_clothing_paddings_001-768x432.png 768w, https:\/\/footwear.trocellen.com\/wp-content\/uploads\/sites\/7\/2013\/12\/footwear_clothing_paddings_001-1024x576.png 1024w\" sizes=\"auto, (max-width: 300px) 100vw, 300px\" \/><\/p>\n<ul>\n<li>Mousse de polyur\u00e9thane<\/li>\n<li>Stratifi\u00e9 avec des tissus \u00e9lastiques<\/li>\n<li>Gamme souple 95 kg\/m\u00b3<\/li>\n<li>8 \u00e0 10 mm d\u2019\u00e9paisseur<\/li>\n<\/ul>\n<h2>Propri\u00e9t\u00e9s<\/h2>\n<ul>\n<li>Confortable<\/li>\n<li>Perm\u00e9able \u00e0 la transpiration<\/li>\n<li>Capacit\u00e9 de moulage thermique pr\u00e9cis<\/li>\n<\/ul>\n","protected":false},"excerpt":{"rendered":"<p>Trocellen propose des mousses, mais se concentre \u00e9galement sur le d\u00e9veloppement de solutions et d\u2019applications diff\u00e9rentes. Les rembourrages en mousse pour les pantalons des cyclistes offrent plus de confort et de s\u00e9curit\u00e9 pour les cyclistes et plus d\u2019avantages pour l\u2019industrie de l\u2019habillement. Mat\u00e9riaux et dimensions Mousse de polyur\u00e9thane Stratifi\u00e9 avec des tissus \u00e9lastiques Gamme souple [&hellip;]<\/p>\n","protected":false},"author":6,"featured_media":0,"parent":740,"menu_order":0,"comment_status":"open","ping_status":"open","template":"","meta":{"_acf_changed":false,"footnotes":""},"class_list":["post-800","page","type-page","status-publish","hentry"],"acf":[],"yoast_head":"<!-- This site is optimized with the Yoast SEO plugin v23.5 - https:\/\/yoast.com\/wordpress\/plugins\/seo\/ -->\n<title>Rembourrages de v\u00eatements - Footwear<\/title>\n<meta name=\"robots\" content=\"index, follow, max-snippet:-1, max-image-preview:large, max-video-preview:-1\" \/>\n<link rel=\"canonical\" href=\"https:\/\/footwear.trocellen.com\/fr\/applications\/rembourrages-et-protections\/rembourrages-de-vetements\/\" \/>\n<script type=\"application\/ld+json\" class=\"yoast-schema-graph\">{\"@context\":\"https:\/\/schema.org\",\"@graph\":[{\"@type\":\"WebPage\",\"@id\":\"https:\/\/footwear.trocellen.com\/fr\/applications\/rembourrages-et-protections\/rembourrages-de-vetements\/\",\"url\":\"https:\/\/footwear.trocellen.com\/fr\/applications\/rembourrages-et-protections\/rembourrages-de-vetements\/\",\"name\":\"Rembourrages de v\u00eatements - Footwear\",\"isPartOf\":{\"@id\":\"https:\/\/footwear.trocellen.com\/#website\"},\"primaryImageOfPage\":{\"@id\":\"https:\/\/footwear.trocellen.com\/fr\/applications\/rembourrages-et-protections\/rembourrages-de-vetements\/#primaryimage\"},\"image\":{\"@id\":\"https:\/\/footwear.trocellen.com\/fr\/applications\/rembourrages-et-protections\/rembourrages-de-vetements\/#primaryimage\"},\"thumbnailUrl\":\"https:\/\/footwear.trocellen.com\/wp-content\/uploads\/sites\/7\/2013\/12\/footwear_clothing_paddings_001-300x169.png\",\"datePublished\":\"2013-12-08T20:56:36+00:00\",\"dateModified\":\"2013-12-08T20:56:36+00:00\",\"breadcrumb\":{\"@id\":\"https:\/\/footwear.trocellen.com\/fr\/applications\/rembourrages-et-protections\/rembourrages-de-vetements\/#breadcrumb\"},\"inLanguage\":\"fr-FR\",\"potentialAction\":[{\"@type\":\"ReadAction\",\"target\":[\"https:\/\/footwear.trocellen.com\/fr\/applications\/rembourrages-et-protections\/rembourrages-de-vetements\/\"]}]},{\"@type\":\"ImageObject\",\"inLanguage\":\"fr-FR\",\"@id\":\"https:\/\/footwear.trocellen.com\/fr\/applications\/rembourrages-et-protections\/rembourrages-de-vetements\/#primaryimage\",\"url\":\"https:\/\/footwear.trocellen.com\/wp-content\/uploads\/sites\/7\/2013\/12\/footwear_clothing_paddings_001-300x169.png\",\"contentUrl\":\"https:\/\/footwear.trocellen.com\/wp-content\/uploads\/sites\/7\/2013\/12\/footwear_clothing_paddings_001-300x169.png\"},{\"@type\":\"BreadcrumbList\",\"@id\":\"https:\/\/footwear.trocellen.com\/fr\/applications\/rembourrages-et-protections\/rembourrages-de-vetements\/#breadcrumb\",\"itemListElement\":[{\"@type\":\"ListItem\",\"position\":1,\"name\":\"Home\",\"item\":\"https:\/\/footwear.trocellen.com\/fr\/\"},{\"@type\":\"ListItem\",\"position\":2,\"name\":\"Applications\",\"item\":\"https:\/\/footwear.trocellen.com\/fr\/applications\/\"},{\"@type\":\"ListItem\",\"position\":3,\"name\":\"Rembourrages et protections\",\"item\":\"https:\/\/footwear.trocellen.com\/fr\/applications\/rembourrages-et-protections\/\"},{\"@type\":\"ListItem\",\"position\":4,\"name\":\"Rembourrages de v\u00eatements\"}]},{\"@type\":\"WebSite\",\"@id\":\"https:\/\/footwear.trocellen.com\/#website\",\"url\":\"https:\/\/footwear.trocellen.com\/\",\"name\":\"Footwear\",\"description\":\"\",\"potentialAction\":[{\"@type\":\"SearchAction\",\"target\":{\"@type\":\"EntryPoint\",\"urlTemplate\":\"https:\/\/footwear.trocellen.com\/?s={search_term_string}\"},\"query-input\":{\"@type\":\"PropertyValueSpecification\",\"valueRequired\":true,\"valueName\":\"search_term_string\"}}],\"inLanguage\":\"fr-FR\"}]}<\/script>\n<!-- \/ Yoast SEO plugin. -->","yoast_head_json":{"title":"Rembourrages de v\u00eatements - Footwear","robots":{"index":"index","follow":"follow","max-snippet":"max-snippet:-1","max-image-preview":"max-image-preview:large","max-video-preview":"max-video-preview:-1"},"canonical":"https:\/\/footwear.trocellen.com\/fr\/applications\/rembourrages-et-protections\/rembourrages-de-vetements\/","schema":{"@context":"https:\/\/schema.org","@graph":[{"@type":"WebPage","@id":"https:\/\/footwear.trocellen.com\/fr\/applications\/rembourrages-et-protections\/rembourrages-de-vetements\/","url":"https:\/\/footwear.trocellen.com\/fr\/applications\/rembourrages-et-protections\/rembourrages-de-vetements\/","name":"Rembourrages de v\u00eatements - Footwear","isPartOf":{"@id":"https:\/\/footwear.trocellen.com\/#website"},"primaryImageOfPage":{"@id":"https:\/\/footwear.trocellen.com\/fr\/applications\/rembourrages-et-protections\/rembourrages-de-vetements\/#primaryimage"},"image":{"@id":"https:\/\/footwear.trocellen.com\/fr\/applications\/rembourrages-et-protections\/rembourrages-de-vetements\/#primaryimage"},"thumbnailUrl":"https:\/\/footwear.trocellen.com\/wp-content\/uploads\/sites\/7\/2013\/12\/footwear_clothing_paddings_001-300x169.png","datePublished":"2013-12-08T20:56:36+00:00","dateModified":"2013-12-08T20:56:36+00:00","breadcrumb":{"@id":"https:\/\/footwear.trocellen.com\/fr\/applications\/rembourrages-et-protections\/rembourrages-de-vetements\/#breadcrumb"},"inLanguage":"fr-FR","potentialAction":[{"@type":"ReadAction","target":["https:\/\/footwear.trocellen.com\/fr\/applications\/rembourrages-et-protections\/rembourrages-de-vetements\/"]}]},{"@type":"ImageObject","inLanguage":"fr-FR","@id":"https:\/\/footwear.trocellen.com\/fr\/applications\/rembourrages-et-protections\/rembourrages-de-vetements\/#primaryimage","url":"https:\/\/footwear.trocellen.com\/wp-content\/uploads\/sites\/7\/2013\/12\/footwear_clothing_paddings_001-300x169.png","contentUrl":"https:\/\/footwear.trocellen.com\/wp-content\/uploads\/sites\/7\/2013\/12\/footwear_clothing_paddings_001-300x169.png"},{"@type":"BreadcrumbList","@id":"https:\/\/footwear.trocellen.com\/fr\/applications\/rembourrages-et-protections\/rembourrages-de-vetements\/#breadcrumb","itemListElement":[{"@type":"ListItem","position":1,"name":"Home","item":"https:\/\/footwear.trocellen.com\/fr\/"},{"@type":"ListItem","position":2,"name":"Applications","item":"https:\/\/footwear.trocellen.com\/fr\/applications\/"},{"@type":"ListItem","position":3,"name":"Rembourrages et protections","item":"https:\/\/footwear.trocellen.com\/fr\/applications\/rembourrages-et-protections\/"},{"@type":"ListItem","position":4,"name":"Rembourrages de v\u00eatements"}]},{"@type":"WebSite","@id":"https:\/\/footwear.trocellen.com\/#website","url":"https:\/\/footwear.trocellen.com\/","name":"Footwear","description":"","potentialAction":[{"@type":"SearchAction","target":{"@type":"EntryPoint","urlTemplate":"https:\/\/footwear.trocellen.com\/?s={search_term_string}"},"query-input":{"@type":"PropertyValueSpecification","valueRequired":true,"valueName":"search_term_string"}}],"inLanguage":"fr-FR"}]}},"_links":{"self":[{"href":"https:\/\/footwear.trocellen.com\/fr\/wp-json\/wp\/v2\/pages\/800","targetHints":{"allow":["GET"]}}],"collection":[{"href":"https:\/\/footwear.trocellen.com\/fr\/wp-json\/wp\/v2\/pages"}],"about":[{"href":"https:\/\/footwear.trocellen.com\/fr\/wp-json\/wp\/v2\/types\/page"}],"author":[{"embeddable":true,"href":"https:\/\/footwear.trocellen.com\/fr\/wp-json\/wp\/v2\/users\/6"}],"replies":[{"embeddable":true,"href":"https:\/\/footwear.trocellen.com\/fr\/wp-json\/wp\/v2\/comments?post=800"}],"version-history":[{"count":0,"href":"https:\/\/footwear.trocellen.com\/fr\/wp-json\/wp\/v2\/pages\/800\/revisions"}],"up":[{"embeddable":true,"href":"https:\/\/footwear.trocellen.com\/fr\/wp-json\/wp\/v2\/pages\/740"}],"wp:attachment":[{"href":"https:\/\/footwear.trocellen.com\/fr\/wp-json\/wp\/v2\/media?parent=800"}],"curies":[{"name":"wp","href":"https:\/\/api.w.org\/{rel}","templated":true}]}}