{"id":806,"date":"2013-12-08T21:05:19","date_gmt":"2013-12-08T21:05:19","guid":{"rendered":"https:\/\/footwear.usernet.hu\/shockfree-pour-les-protecteurs-sportifs\/"},"modified":"2013-12-08T21:05:19","modified_gmt":"2013-12-08T21:05:19","slug":"shockfree-pour-les-protecteurs-sportifs","status":"publish","type":"page","link":"https:\/\/footwear.trocellen.com\/fr\/applications\/rembourrages-et-protections\/shockfree-pour-les-protecteurs-sportifs\/","title":{"rendered":"Shockfree pour les protecteurs sportifs"},"content":{"rendered":"<p>La technologie bien connue et fiable des Tatamis\u00a0 pour les arts martiaux Trocellen est maintenant utilis\u00e9e avec succ\u00e8s dans l&rsquo;industrie des chaussures et des v\u00eatements aussi. L&rsquo;absorption maximale des chocs, en combinaison avec le poids l\u00e9ger et les proc\u00e9dures de prototypage et de production rapides, cr\u00e9e une possibilit\u00e9 unique pour augmenter la rentabilit\u00e9 de votre entreprise et la satisfaction des utilisateurs.<\/p>\n<p><img loading=\"lazy\" decoding=\"async\" class=\"alignright size-medium wp-image-521\" src=\"https:\/\/footwear.trocellen.com\/wp-content\/uploads\/sites\/7\/2013\/12\/footwear_shockfree_for_paddings_001-300x197.png\" alt=\"\" width=\"300\" height=\"197\" srcset=\"https:\/\/footwear.trocellen.com\/wp-content\/uploads\/sites\/7\/2013\/12\/footwear_shockfree_for_paddings_001-300x197.png 300w, https:\/\/footwear.trocellen.com\/wp-content\/uploads\/sites\/7\/2013\/12\/footwear_shockfree_for_paddings_001-768x505.png 768w, https:\/\/footwear.trocellen.com\/wp-content\/uploads\/sites\/7\/2013\/12\/footwear_shockfree_for_paddings_001-1024x673.png 1024w\" sizes=\"auto, (max-width: 300px) 100vw, 300px\" \/><\/p>\n<h2>Mat\u00e9riau<\/h2>\n<ul>\n<li>Mousse PE r\u00e9ticul\u00e9e<br \/>\nDensit\u00e9s:<\/p>\n<ul>\n<li>70 kg\/m\u00b3 (moyen-mou)<\/li>\n<li>50 kg\/m\u00b3 (mou)<\/li>\n<\/ul>\n<\/li>\n<li>La perforation est disponible avec des trous de diam\u00e8tre de 1.5, 2, 3 et 4 mm, en diff\u00e9rentes distributions<\/li>\n<\/ul>\n<h2>Application<\/h2>\n<ul>\n<li>Protecteurs de v\u00eatement pour les \u00e9paules, les coudes et les genoux<\/li>\n<\/ul>\n<h2>Propri\u00e9t\u00e9s<\/h2>\n<ul>\n<li>L\u00e9ger<\/li>\n<li>Absorption durable des chocs<\/li>\n<li>Mat\u00e9riau respirable gr\u00e2ce \u00e0 la proc\u00e9dure de perforation<\/li>\n<li>Thermoformage utilis\u00e9 lors de la proc\u00e9dure de prototypage et de production<\/li>\n<\/ul>\n<h2>Performance test\u00e9e<\/h2>\n<p><img loading=\"lazy\" decoding=\"async\" class=\"size-full wp-image-19 alignright\" src=\"https:\/\/footwear.trocellen.com\/wp-content\/uploads\/sites\/7\/2013\/12\/shockfreeforinsoles1.jpg\" alt=\"shockfreeforinsoles1\" width=\"140\" height=\"102\" \/><\/p>\n<ul>\n<li>Trocellen Shockfree a \u00e9t\u00e9 test\u00e9 ensemble avec de diff\u00e9rents types de mousses PE et PU.<\/li>\n<li>Le test a \u00e9t\u00e9 fait par Ricotest, le laboratoire mondialement connu des essais de chaussures.<\/li>\n<\/ul>\n<p><img loading=\"lazy\" decoding=\"async\" class=\"alignnone size-full wp-image-20\" src=\"https:\/\/footwear.trocellen.com\/wp-content\/uploads\/sites\/7\/2013\/12\/shockfreeforinsoles2.jpg\" alt=\"shockfreeforinsoles2\" width=\"892\" height=\"362\" srcset=\"https:\/\/footwear.trocellen.com\/wp-content\/uploads\/sites\/7\/2013\/12\/shockfreeforinsoles2.jpg 892w, https:\/\/footwear.trocellen.com\/wp-content\/uploads\/sites\/7\/2013\/12\/shockfreeforinsoles2-300x121.jpg 300w\" sizes=\"auto, (max-width: 892px) 100vw, 892px\" \/><\/p>\n<h2>Avantages<\/h2>\n<ul>\n<li>Confort et s\u00e9curit\u00e9 maximale aux utilisateurs finals<\/li>\n<li>Respirabilit\u00e9 \u00e9lev\u00e9e des protecteurs \u00e0 travers les perforations<\/li>\n<li>Proc\u00e9dures de prototypage et de production simplifi\u00e9es avec une qualit\u00e9 et performance technique am\u00e9lior\u00e9es du produit final.<\/li>\n<li>Trocellen Shockfree garantit une absorption de chocs excellente pour l&rsquo;application finale<\/li>\n<\/ul>\n","protected":false},"excerpt":{"rendered":"<p>La technologie bien connue et fiable des Tatamis\u00a0 pour les arts martiaux Trocellen est maintenant utilis\u00e9e avec succ\u00e8s dans l&rsquo;industrie des chaussures et des v\u00eatements aussi. L&rsquo;absorption maximale des chocs, en combinaison avec le poids l\u00e9ger et les proc\u00e9dures de prototypage et de production rapides, cr\u00e9e une possibilit\u00e9 unique pour augmenter la rentabilit\u00e9 de votre [&hellip;]<\/p>\n","protected":false},"author":6,"featured_media":0,"parent":740,"menu_order":0,"comment_status":"open","ping_status":"open","template":"","meta":{"_acf_changed":false,"footnotes":""},"class_list":["post-806","page","type-page","status-publish","hentry"],"acf":[],"yoast_head":"<!-- This site is optimized with the Yoast SEO plugin v23.5 - https:\/\/yoast.com\/wordpress\/plugins\/seo\/ -->\n<title>Shockfree pour les protecteurs sportifs - Footwear<\/title>\n<meta name=\"robots\" content=\"index, follow, max-snippet:-1, max-image-preview:large, max-video-preview:-1\" \/>\n<link rel=\"canonical\" href=\"https:\/\/footwear.trocellen.com\/fr\/applications\/rembourrages-et-protections\/shockfree-pour-les-protecteurs-sportifs\/\" \/>\n<meta name=\"twitter:label1\" content=\"Dur\u00e9e de lecture estim\u00e9e\" \/>\n\t<meta name=\"twitter:data1\" content=\"1 minute\" \/>\n<script type=\"application\/ld+json\" class=\"yoast-schema-graph\">{\"@context\":\"https:\/\/schema.org\",\"@graph\":[{\"@type\":\"WebPage\",\"@id\":\"https:\/\/footwear.trocellen.com\/fr\/applications\/rembourrages-et-protections\/shockfree-pour-les-protecteurs-sportifs\/\",\"url\":\"https:\/\/footwear.trocellen.com\/fr\/applications\/rembourrages-et-protections\/shockfree-pour-les-protecteurs-sportifs\/\",\"name\":\"Shockfree pour les protecteurs sportifs - Footwear\",\"isPartOf\":{\"@id\":\"https:\/\/footwear.trocellen.com\/#website\"},\"primaryImageOfPage\":{\"@id\":\"https:\/\/footwear.trocellen.com\/fr\/applications\/rembourrages-et-protections\/shockfree-pour-les-protecteurs-sportifs\/#primaryimage\"},\"image\":{\"@id\":\"https:\/\/footwear.trocellen.com\/fr\/applications\/rembourrages-et-protections\/shockfree-pour-les-protecteurs-sportifs\/#primaryimage\"},\"thumbnailUrl\":\"https:\/\/footwear.trocellen.com\/wp-content\/uploads\/sites\/7\/2013\/12\/footwear_shockfree_for_paddings_001-300x197.png\",\"datePublished\":\"2013-12-08T21:05:19+00:00\",\"dateModified\":\"2013-12-08T21:05:19+00:00\",\"breadcrumb\":{\"@id\":\"https:\/\/footwear.trocellen.com\/fr\/applications\/rembourrages-et-protections\/shockfree-pour-les-protecteurs-sportifs\/#breadcrumb\"},\"inLanguage\":\"fr-FR\",\"potentialAction\":[{\"@type\":\"ReadAction\",\"target\":[\"https:\/\/footwear.trocellen.com\/fr\/applications\/rembourrages-et-protections\/shockfree-pour-les-protecteurs-sportifs\/\"]}]},{\"@type\":\"ImageObject\",\"inLanguage\":\"fr-FR\",\"@id\":\"https:\/\/footwear.trocellen.com\/fr\/applications\/rembourrages-et-protections\/shockfree-pour-les-protecteurs-sportifs\/#primaryimage\",\"url\":\"https:\/\/footwear.trocellen.com\/wp-content\/uploads\/sites\/7\/2013\/12\/footwear_shockfree_for_paddings_001-300x197.png\",\"contentUrl\":\"https:\/\/footwear.trocellen.com\/wp-content\/uploads\/sites\/7\/2013\/12\/footwear_shockfree_for_paddings_001-300x197.png\"},{\"@type\":\"BreadcrumbList\",\"@id\":\"https:\/\/footwear.trocellen.com\/fr\/applications\/rembourrages-et-protections\/shockfree-pour-les-protecteurs-sportifs\/#breadcrumb\",\"itemListElement\":[{\"@type\":\"ListItem\",\"position\":1,\"name\":\"Home\",\"item\":\"https:\/\/footwear.trocellen.com\/fr\/\"},{\"@type\":\"ListItem\",\"position\":2,\"name\":\"Applications\",\"item\":\"https:\/\/footwear.trocellen.com\/fr\/applications\/\"},{\"@type\":\"ListItem\",\"position\":3,\"name\":\"Rembourrages et protections\",\"item\":\"https:\/\/footwear.trocellen.com\/fr\/applications\/rembourrages-et-protections\/\"},{\"@type\":\"ListItem\",\"position\":4,\"name\":\"Shockfree pour les protecteurs sportifs\"}]},{\"@type\":\"WebSite\",\"@id\":\"https:\/\/footwear.trocellen.com\/#website\",\"url\":\"https:\/\/footwear.trocellen.com\/\",\"name\":\"Footwear\",\"description\":\"\",\"potentialAction\":[{\"@type\":\"SearchAction\",\"target\":{\"@type\":\"EntryPoint\",\"urlTemplate\":\"https:\/\/footwear.trocellen.com\/?s={search_term_string}\"},\"query-input\":{\"@type\":\"PropertyValueSpecification\",\"valueRequired\":true,\"valueName\":\"search_term_string\"}}],\"inLanguage\":\"fr-FR\"}]}<\/script>\n<!-- \/ Yoast SEO plugin. -->","yoast_head_json":{"title":"Shockfree pour les protecteurs sportifs - Footwear","robots":{"index":"index","follow":"follow","max-snippet":"max-snippet:-1","max-image-preview":"max-image-preview:large","max-video-preview":"max-video-preview:-1"},"canonical":"https:\/\/footwear.trocellen.com\/fr\/applications\/rembourrages-et-protections\/shockfree-pour-les-protecteurs-sportifs\/","twitter_misc":{"Dur\u00e9e de lecture estim\u00e9e":"1 minute"},"schema":{"@context":"https:\/\/schema.org","@graph":[{"@type":"WebPage","@id":"https:\/\/footwear.trocellen.com\/fr\/applications\/rembourrages-et-protections\/shockfree-pour-les-protecteurs-sportifs\/","url":"https:\/\/footwear.trocellen.com\/fr\/applications\/rembourrages-et-protections\/shockfree-pour-les-protecteurs-sportifs\/","name":"Shockfree pour les protecteurs sportifs - Footwear","isPartOf":{"@id":"https:\/\/footwear.trocellen.com\/#website"},"primaryImageOfPage":{"@id":"https:\/\/footwear.trocellen.com\/fr\/applications\/rembourrages-et-protections\/shockfree-pour-les-protecteurs-sportifs\/#primaryimage"},"image":{"@id":"https:\/\/footwear.trocellen.com\/fr\/applications\/rembourrages-et-protections\/shockfree-pour-les-protecteurs-sportifs\/#primaryimage"},"thumbnailUrl":"https:\/\/footwear.trocellen.com\/wp-content\/uploads\/sites\/7\/2013\/12\/footwear_shockfree_for_paddings_001-300x197.png","datePublished":"2013-12-08T21:05:19+00:00","dateModified":"2013-12-08T21:05:19+00:00","breadcrumb":{"@id":"https:\/\/footwear.trocellen.com\/fr\/applications\/rembourrages-et-protections\/shockfree-pour-les-protecteurs-sportifs\/#breadcrumb"},"inLanguage":"fr-FR","potentialAction":[{"@type":"ReadAction","target":["https:\/\/footwear.trocellen.com\/fr\/applications\/rembourrages-et-protections\/shockfree-pour-les-protecteurs-sportifs\/"]}]},{"@type":"ImageObject","inLanguage":"fr-FR","@id":"https:\/\/footwear.trocellen.com\/fr\/applications\/rembourrages-et-protections\/shockfree-pour-les-protecteurs-sportifs\/#primaryimage","url":"https:\/\/footwear.trocellen.com\/wp-content\/uploads\/sites\/7\/2013\/12\/footwear_shockfree_for_paddings_001-300x197.png","contentUrl":"https:\/\/footwear.trocellen.com\/wp-content\/uploads\/sites\/7\/2013\/12\/footwear_shockfree_for_paddings_001-300x197.png"},{"@type":"BreadcrumbList","@id":"https:\/\/footwear.trocellen.com\/fr\/applications\/rembourrages-et-protections\/shockfree-pour-les-protecteurs-sportifs\/#breadcrumb","itemListElement":[{"@type":"ListItem","position":1,"name":"Home","item":"https:\/\/footwear.trocellen.com\/fr\/"},{"@type":"ListItem","position":2,"name":"Applications","item":"https:\/\/footwear.trocellen.com\/fr\/applications\/"},{"@type":"ListItem","position":3,"name":"Rembourrages et protections","item":"https:\/\/footwear.trocellen.com\/fr\/applications\/rembourrages-et-protections\/"},{"@type":"ListItem","position":4,"name":"Shockfree pour les protecteurs sportifs"}]},{"@type":"WebSite","@id":"https:\/\/footwear.trocellen.com\/#website","url":"https:\/\/footwear.trocellen.com\/","name":"Footwear","description":"","potentialAction":[{"@type":"SearchAction","target":{"@type":"EntryPoint","urlTemplate":"https:\/\/footwear.trocellen.com\/?s={search_term_string}"},"query-input":{"@type":"PropertyValueSpecification","valueRequired":true,"valueName":"search_term_string"}}],"inLanguage":"fr-FR"}]}},"_links":{"self":[{"href":"https:\/\/footwear.trocellen.com\/fr\/wp-json\/wp\/v2\/pages\/806","targetHints":{"allow":["GET"]}}],"collection":[{"href":"https:\/\/footwear.trocellen.com\/fr\/wp-json\/wp\/v2\/pages"}],"about":[{"href":"https:\/\/footwear.trocellen.com\/fr\/wp-json\/wp\/v2\/types\/page"}],"author":[{"embeddable":true,"href":"https:\/\/footwear.trocellen.com\/fr\/wp-json\/wp\/v2\/users\/6"}],"replies":[{"embeddable":true,"href":"https:\/\/footwear.trocellen.com\/fr\/wp-json\/wp\/v2\/comments?post=806"}],"version-history":[{"count":0,"href":"https:\/\/footwear.trocellen.com\/fr\/wp-json\/wp\/v2\/pages\/806\/revisions"}],"up":[{"embeddable":true,"href":"https:\/\/footwear.trocellen.com\/fr\/wp-json\/wp\/v2\/pages\/740"}],"wp:attachment":[{"href":"https:\/\/footwear.trocellen.com\/fr\/wp-json\/wp\/v2\/media?parent=806"}],"curies":[{"name":"wp","href":"https:\/\/api.w.org\/{rel}","templated":true}]}}