{"id":812,"date":"2013-12-08T21:16:04","date_gmt":"2013-12-08T21:16:04","guid":{"rendered":"https:\/\/footwear.usernet.hu\/rembourrages\/"},"modified":"2013-12-08T21:16:04","modified_gmt":"2013-12-08T21:16:04","slug":"rembourrages","status":"publish","type":"page","link":"https:\/\/footwear.trocellen.com\/fr\/applications\/rembourrages-et-protections\/rembourrages\/","title":{"rendered":"Rembourrages"},"content":{"rendered":"<h2>Rembourrages pour bottes de pompiers<\/h2>\n<p>Trocellen propose des mousses, mais se concentre \u00e9galement sur le d\u00e9veloppement de solutions et d\u2019applications diff\u00e9rentes.<\/p>\n<h3>Mat\u00e9riau et dimensions<\/h3>\n<ul>\n<li>Mousse de poly\u00e9thyl\u00e8ne<\/li>\n<li>Simple ou enduit avec un adh\u00e9sif sensible \u00e0 la pression<\/li>\n<li>Gamme 70 kg\/m\u00b3<\/li>\n<li>5 \u00e0 10 mm d\u2019\u00e9paisseur<\/li>\n<\/ul>\n<h3>Propri\u00e9t\u00e9s<\/h3>\n<ul>\n<li>L\u00e9ger<\/li>\n<li>Confortable<\/li>\n<li>Homog\u00e8ne<\/li>\n<li>Capacit\u00e9 de moulage thermique pr\u00e9cis<\/li>\n<li>Sans PVC et COV<\/li>\n<li>Version adh\u00e9sive plus performante<\/li>\n<\/ul>\n<h3>Mat\u00e9riau et dimensions<\/h3>\n<ul>\n<li>Mousse de poly\u00e9thyl\u00e8ne<\/li>\n<li>Simple ou recouvert d\u2019adh\u00e9sif sensible \u00e0 la pression<\/li>\n<li>Gamme souple 30 \u00e0 55 kg\/m\u00b3<\/li>\n<li>2 \u00e0 20 mm d\u2019\u00e9paisseur<\/li>\n<\/ul>\n<h3>Propri\u00e9t\u00e9s<\/h3>\n<ul>\n<li>Confortable<\/li>\n<li>L\u00e9ger<\/li>\n<li>Version adh\u00e9sive plus performante<\/li>\n<li>Sans PVC et COV<\/li>\n<li>Version perfor\u00e9e perm\u00e9able \u00e0 la transpiration<\/li>\n<\/ul>\n<h2>Rembourrages des cambrures<\/h2>\n<p>L\u2019avantage de nos mousses est que l&rsquo;on peut les utiliser dans diff\u00e9rentes parties des chaussures, en tant que garniture de matelassage ou pour prot\u00e9ger les chevilles.<\/p>\n<h3>Mat\u00e9riau et dimensions<\/h3>\n<ul>\n<li>Mousse de poly\u00e9thyl\u00e8ne<\/li>\n<li>Rev\u00eatu d\u2019adh\u00e9sif sensible \u00e0 la pression ou d\u2019adh\u00e9sif thermique<\/li>\n<li>Gamme 70 kg\/m\u00b3<\/li>\n<li>5 \u00e0 10 mm d\u2019\u00e9paisseur<\/li>\n<\/ul>\n<h3>Propri\u00e9t\u00e9s<\/h3>\n<ul>\n<li>Confortable<\/li>\n<li>L\u00e9ger<\/li>\n<li>Version adh\u00e9sive plus performante<\/li>\n<li>Sans PVC et COV<\/li>\n<li>Capacit\u00e9 de moulage thermique pr\u00e9cis<\/li>\n<\/ul>\n<h2>Rembourrages des chevilles thermoform\u00e9s<\/h2>\n<p>L\u2019avantage de nos mousses est que l&rsquo;on peut les utiliser dans diff\u00e9rentes parties des chaussures, en tant que garniture de matelassage ou pour prot\u00e9ger les chevilles.<\/p>\n<h3>Mat\u00e9riau et dimensions<\/h3>\n<ul>\n<li>Mousse de poly\u00e9thyl\u00e8ne<\/li>\n<li>Simple ou recouvert d\u2019adh\u00e9sif sensible \u00e0 la pression<\/li>\n<li>Gamme souple 70 kg\/m\u00b3<\/li>\n<li>5 \u00e0 10 mm d\u2019\u00e9paisseur<\/li>\n<\/ul>\n<h3>Propri\u00e9t\u00e9s<\/h3>\n<ul>\n<li>Confortable<\/li>\n<li>L\u00e9ger<\/li>\n<li>Homog\u00e8ne<\/li>\n<li>Version adh\u00e9sive plus performante<\/li>\n<li>Sans PVC et COV<\/li>\n<li>Capacit\u00e9 de moulage thermique pr\u00e9cis<\/li>\n<\/ul>\n<h2>Rembourrages de cols et de chevilles<\/h2>\n<p>L\u2019avantage de nos mousses est que l&rsquo;on peut les utiliser dans diff\u00e9rentes parties des chaussures, en tant que garniture de matelassage ou pour prot\u00e9ger les chevilles.<\/p>\n<h3>Mat\u00e9riau et dimensions<\/h3>\n<ul>\n<li>Mousse de poly\u00e9thyl\u00e8ne<\/li>\n<li>Simple, perfor\u00e9 ou recouvert d\u2019adh\u00e9sif sensible \u00e0 la pression<\/li>\n<li>Gamme souple 30 \u2013 55 kg\/m\u00b3<\/li>\n<li>2 \u00e0 20 mm d\u2019\u00e9paisseur<\/li>\n<\/ul>\n<h3>Propri\u00e9t\u00e9s<\/h3>\n<ul>\n<li>Confortable<\/li>\n<li>L\u00e9ger<\/li>\n<li>Version perfor\u00e9e perm\u00e9able \u00e0 la transpiration<\/li>\n<li>Sans PVC et COV<\/li>\n<li>Version adh\u00e9sive plus performante<\/li>\n<\/ul>\n<h3>Mat\u00e9riau et dimensions<\/h3>\n<ul>\n<li>Mousses de polyur\u00e9thane et poly\u00e9ther<\/li>\n<li>Gamme 20 \u2013 60 kg\/m\u00b3<\/li>\n<li>2 \u00e0 20 mm d\u2019\u00e9paisseur<\/li>\n<li>Mousses EVA<\/li>\n<li>Gamme 35 \u2013 55 kg\/m\u00b3<\/li>\n<li>Mousses EPDM<\/li>\n<li>Gamme 70 \u2013 100 kg\/m\u00b3<\/li>\n<li>2 \u00e0 15 mm d\u2019\u00e9paisseur<\/li>\n<li>Simple, perfor\u00e9 ou recouvert d\u2019adh\u00e9sif sensible \u00e0 la pression<\/li>\n<\/ul>\n<h3>Propri\u00e9t\u00e9s<\/h3>\n<ul>\n<li>Confortable<\/li>\n<li>L\u00e9ger<\/li>\n<li>Perm\u00e9able \u00e0 la transpiration<\/li>\n<li>Propri\u00e9t\u00e9s \u00e9lastiques durables<\/li>\n<li>Facile \u00e0 appliquer<\/li>\n<li>Sans PVC et COV<\/li>\n<\/ul>\n<h2>Rembourrages de languette<\/h2>\n<p>L\u2019avantage de nos mousses est que l&rsquo;on peut les utiliser dans diff\u00e9rentes parties des chaussures, en tant que garniture de matelassage ou pour prot\u00e9ger les chevilles.<\/p>\n<h3>Mat\u00e9riau et dimensions<\/h3>\n<ul>\n<li>Mousse de poly\u00e9thyl\u00e8ne<\/li>\n<li>Simple, perfor\u00e9 ou recouvert d\u2019adh\u00e9sif sensible \u00e0 la pression<\/li>\n<li>Gamme 30 \u2013 55 kg\/m\u00b3<\/li>\n<li>2 \u00e0 20 mm d\u2019\u00e9paisseur<\/li>\n<\/ul>\n<h3>Propri\u00e9t\u00e9s<\/h3>\n<ul>\n<li>Confortable<\/li>\n<li>L\u00e9ger<\/li>\n<li>Version perfor\u00e9e perm\u00e9able \u00e0 la transpiration<\/li>\n<li>Version adh\u00e9sive plus performante<\/li>\n<li>Sans PVC et COV<\/li>\n<\/ul>\n<h3>Mat\u00e9riau et dimensions<\/h3>\n<ul>\n<li>Mousses de polyur\u00e9thane et poly\u00e9ther\n<ul>\n<li>Gamme 20 \u2013 60 kg\/m\u00b3<\/li>\n<li>2 \u00e0 20 mm d\u2019\u00e9paisseur<\/li>\n<\/ul>\n<\/li>\n<li>Mousses EVA\n<ul>\n<li>Gamme 35 \u2013 55 kg\/m\u00b3<\/li>\n<\/ul>\n<\/li>\n<li>Mousses EPDM\n<ul>\n<li>Gamme 70 \u2013 100 kg\/m\u00b3<\/li>\n<li>2 \u00e0 15 mm d\u2019\u00e9paisseur<\/li>\n<\/ul>\n<\/li>\n<\/ul>\n<h3>Propri\u00e9t\u00e9s<\/h3>\n<ul>\n<li>Confortable<\/li>\n<li>L\u00e9ger<\/li>\n<li>Perm\u00e9able \u00e0 la transpiration<\/li>\n<li>Propri\u00e9t\u00e9s \u00e9lastiques durables<\/li>\n<li>Facile \u00e0 appliquer<\/li>\n<li>Sans PVC et COV<\/li>\n<\/ul>\n<h2>Rembourrages pour patins \u00e0 glace<\/h2>\n<p>L\u2019avantage de nos mousses est que l&rsquo;on peut les utiliser dans diff\u00e9rentes parties des chaussures, en tant que garniture de matelassage ou pour prot\u00e9ger les chevilles.<\/p>\n<h3>Mat\u00e9riau et dimensions<\/h3>\n<ul>\n<li>Mousse de poly\u00e9thyl\u00e8ne<\/li>\n<li>Simple, perfor\u00e9 ou recouvert d\u2019adh\u00e9sif sensible \u00e0 la pression<\/li>\n<li>Gamme souple 30 \u2013 55 kg\/m\u00b3<\/li>\n<li>2 \u00e0 20 mm d\u2019\u00e9paisseur<\/li>\n<\/ul>\n<h3>Propri\u00e9t\u00e9s<\/h3>\n<ul>\n<li>Confortable<\/li>\n<li>L\u00e9ger<\/li>\n<li>Version perfor\u00e9e perm\u00e9able \u00e0 la transpiration<\/li>\n<li>Version adh\u00e9sive plus performante<\/li>\n<li>Sans PVC et COV<\/li>\n<\/ul>\n<h3>Mat\u00e9riau et dimensions<\/h3>\n<ul>\n<li>Mousses de polyur\u00e9thane et poly\u00e9ther\n<ul>\n<li>Gamme 20 \u2013 60 kg\/m\u00b3<\/li>\n<li>2 \u00e0 20 mm d\u2019\u00e9paisseur<\/li>\n<\/ul>\n<\/li>\n<li>Mousses EVA\n<ul>\n<li>Gamme 35 \u2013 55 kg\/m\u00b3<\/li>\n<\/ul>\n<\/li>\n<li>Mousses EPDM\n<ul>\n<li>Gamme 70 \u2013 100 kg\/m\u00b3<\/li>\n<li>2 \u00e0 15 mm d\u2019\u00e9paisseur<\/li>\n<li>Simple, perfor\u00e9 ou recouvert d\u2019adh\u00e9sif sensible \u00e0 la pression<\/li>\n<\/ul>\n<\/li>\n<\/ul>\n<h3>Propri\u00e9t\u00e9s<\/h3>\n<ul>\n<li>Confortable<\/li>\n<li>L\u00e9ger<\/li>\n<li>Perm\u00e9able \u00e0 la transpiration<\/li>\n<li>Propri\u00e9t\u00e9s \u00e9lastiques durables<\/li>\n<li>Facile \u00e0 appliquer<\/li>\n<li>Sans PVC et COV<\/li>\n<\/ul>\n","protected":false},"excerpt":{"rendered":"<p>Rembourrages pour bottes de pompiers Trocellen propose des mousses, mais se concentre \u00e9galement sur le d\u00e9veloppement de solutions et d\u2019applications diff\u00e9rentes. Mat\u00e9riau et dimensions Mousse de poly\u00e9thyl\u00e8ne Simple ou enduit avec un adh\u00e9sif sensible \u00e0 la pression Gamme 70 kg\/m\u00b3 5 \u00e0 10 mm d\u2019\u00e9paisseur Propri\u00e9t\u00e9s L\u00e9ger Confortable Homog\u00e8ne Capacit\u00e9 de moulage thermique pr\u00e9cis Sans [&hellip;]<\/p>\n","protected":false},"author":6,"featured_media":0,"parent":740,"menu_order":0,"comment_status":"open","ping_status":"open","template":"","meta":{"_acf_changed":false,"footnotes":""},"class_list":["post-812","page","type-page","status-publish","hentry"],"acf":[],"yoast_head":"<!-- This site is optimized with the Yoast SEO plugin v23.5 - https:\/\/yoast.com\/wordpress\/plugins\/seo\/ -->\n<title>Rembourrages - Footwear<\/title>\n<meta name=\"robots\" content=\"index, follow, max-snippet:-1, max-image-preview:large, max-video-preview:-1\" \/>\n<link rel=\"canonical\" href=\"https:\/\/footwear.trocellen.com\/fr\/applications\/rembourrages-et-protections\/rembourrages\/\" \/>\n<meta name=\"twitter:label1\" content=\"Dur\u00e9e de lecture estim\u00e9e\" \/>\n\t<meta name=\"twitter:data1\" content=\"3 minutes\" \/>\n<script type=\"application\/ld+json\" class=\"yoast-schema-graph\">{\"@context\":\"https:\/\/schema.org\",\"@graph\":[{\"@type\":\"WebPage\",\"@id\":\"https:\/\/footwear.trocellen.com\/fr\/applications\/rembourrages-et-protections\/rembourrages\/\",\"url\":\"https:\/\/footwear.trocellen.com\/fr\/applications\/rembourrages-et-protections\/rembourrages\/\",\"name\":\"Rembourrages - Footwear\",\"isPartOf\":{\"@id\":\"https:\/\/footwear.trocellen.com\/#website\"},\"datePublished\":\"2013-12-08T21:16:04+00:00\",\"dateModified\":\"2013-12-08T21:16:04+00:00\",\"breadcrumb\":{\"@id\":\"https:\/\/footwear.trocellen.com\/fr\/applications\/rembourrages-et-protections\/rembourrages\/#breadcrumb\"},\"inLanguage\":\"fr-FR\",\"potentialAction\":[{\"@type\":\"ReadAction\",\"target\":[\"https:\/\/footwear.trocellen.com\/fr\/applications\/rembourrages-et-protections\/rembourrages\/\"]}]},{\"@type\":\"BreadcrumbList\",\"@id\":\"https:\/\/footwear.trocellen.com\/fr\/applications\/rembourrages-et-protections\/rembourrages\/#breadcrumb\",\"itemListElement\":[{\"@type\":\"ListItem\",\"position\":1,\"name\":\"Home\",\"item\":\"https:\/\/footwear.trocellen.com\/fr\/\"},{\"@type\":\"ListItem\",\"position\":2,\"name\":\"Applications\",\"item\":\"https:\/\/footwear.trocellen.com\/fr\/applications\/\"},{\"@type\":\"ListItem\",\"position\":3,\"name\":\"Rembourrages et protections\",\"item\":\"https:\/\/footwear.trocellen.com\/fr\/applications\/rembourrages-et-protections\/\"},{\"@type\":\"ListItem\",\"position\":4,\"name\":\"Rembourrages\"}]},{\"@type\":\"WebSite\",\"@id\":\"https:\/\/footwear.trocellen.com\/#website\",\"url\":\"https:\/\/footwear.trocellen.com\/\",\"name\":\"Footwear\",\"description\":\"\",\"potentialAction\":[{\"@type\":\"SearchAction\",\"target\":{\"@type\":\"EntryPoint\",\"urlTemplate\":\"https:\/\/footwear.trocellen.com\/?s={search_term_string}\"},\"query-input\":{\"@type\":\"PropertyValueSpecification\",\"valueRequired\":true,\"valueName\":\"search_term_string\"}}],\"inLanguage\":\"fr-FR\"}]}<\/script>\n<!-- \/ Yoast SEO plugin. -->","yoast_head_json":{"title":"Rembourrages - Footwear","robots":{"index":"index","follow":"follow","max-snippet":"max-snippet:-1","max-image-preview":"max-image-preview:large","max-video-preview":"max-video-preview:-1"},"canonical":"https:\/\/footwear.trocellen.com\/fr\/applications\/rembourrages-et-protections\/rembourrages\/","twitter_misc":{"Dur\u00e9e de lecture estim\u00e9e":"3 minutes"},"schema":{"@context":"https:\/\/schema.org","@graph":[{"@type":"WebPage","@id":"https:\/\/footwear.trocellen.com\/fr\/applications\/rembourrages-et-protections\/rembourrages\/","url":"https:\/\/footwear.trocellen.com\/fr\/applications\/rembourrages-et-protections\/rembourrages\/","name":"Rembourrages - Footwear","isPartOf":{"@id":"https:\/\/footwear.trocellen.com\/#website"},"datePublished":"2013-12-08T21:16:04+00:00","dateModified":"2013-12-08T21:16:04+00:00","breadcrumb":{"@id":"https:\/\/footwear.trocellen.com\/fr\/applications\/rembourrages-et-protections\/rembourrages\/#breadcrumb"},"inLanguage":"fr-FR","potentialAction":[{"@type":"ReadAction","target":["https:\/\/footwear.trocellen.com\/fr\/applications\/rembourrages-et-protections\/rembourrages\/"]}]},{"@type":"BreadcrumbList","@id":"https:\/\/footwear.trocellen.com\/fr\/applications\/rembourrages-et-protections\/rembourrages\/#breadcrumb","itemListElement":[{"@type":"ListItem","position":1,"name":"Home","item":"https:\/\/footwear.trocellen.com\/fr\/"},{"@type":"ListItem","position":2,"name":"Applications","item":"https:\/\/footwear.trocellen.com\/fr\/applications\/"},{"@type":"ListItem","position":3,"name":"Rembourrages et protections","item":"https:\/\/footwear.trocellen.com\/fr\/applications\/rembourrages-et-protections\/"},{"@type":"ListItem","position":4,"name":"Rembourrages"}]},{"@type":"WebSite","@id":"https:\/\/footwear.trocellen.com\/#website","url":"https:\/\/footwear.trocellen.com\/","name":"Footwear","description":"","potentialAction":[{"@type":"SearchAction","target":{"@type":"EntryPoint","urlTemplate":"https:\/\/footwear.trocellen.com\/?s={search_term_string}"},"query-input":{"@type":"PropertyValueSpecification","valueRequired":true,"valueName":"search_term_string"}}],"inLanguage":"fr-FR"}]}},"_links":{"self":[{"href":"https:\/\/footwear.trocellen.com\/fr\/wp-json\/wp\/v2\/pages\/812","targetHints":{"allow":["GET"]}}],"collection":[{"href":"https:\/\/footwear.trocellen.com\/fr\/wp-json\/wp\/v2\/pages"}],"about":[{"href":"https:\/\/footwear.trocellen.com\/fr\/wp-json\/wp\/v2\/types\/page"}],"author":[{"embeddable":true,"href":"https:\/\/footwear.trocellen.com\/fr\/wp-json\/wp\/v2\/users\/6"}],"replies":[{"embeddable":true,"href":"https:\/\/footwear.trocellen.com\/fr\/wp-json\/wp\/v2\/comments?post=812"}],"version-history":[{"count":0,"href":"https:\/\/footwear.trocellen.com\/fr\/wp-json\/wp\/v2\/pages\/812\/revisions"}],"up":[{"embeddable":true,"href":"https:\/\/footwear.trocellen.com\/fr\/wp-json\/wp\/v2\/pages\/740"}],"wp:attachment":[{"href":"https:\/\/footwear.trocellen.com\/fr\/wp-json\/wp\/v2\/media?parent=812"}],"curies":[{"name":"wp","href":"https:\/\/api.w.org\/{rel}","templated":true}]}}