{"id":824,"date":"2013-12-08T21:34:00","date_gmt":"2013-12-08T21:34:00","guid":{"rendered":"https:\/\/footwear.usernet.hu\/chaussures-trocellen-tellement-facile\/"},"modified":"2013-12-08T21:34:00","modified_gmt":"2013-12-08T21:34:00","slug":"chaussures-trocellen-tellement-facile","status":"publish","type":"page","link":"https:\/\/footwear.trocellen.com\/fr\/chaussures-trocellen-tellement-facile\/","title":{"rendered":"Chaussures Trocellen &#8211; Tellement facile!"},"content":{"rendered":"<p>Tellement l\u00e9ger, telllement s\u00fbr, tellllement confortable &#8211; Qu&rsquo;elles soient d\u00e9sign\u00e9es pour une petite promenade, pour les sports haute performance ou pour une apparence chic, les chaussures sont cens\u00e9es \u00eatre bonnes. <!--more--><br \/>\nElles d\u00e9finissent la personnalit\u00e9, prot\u00e8gent la sant\u00e9 et contribuent aux capacit\u00e9s physiques des individus.<\/p>\n<p><a href=\"https:\/\/footwear.trocellen.com\/wp-content\/uploads\/sites\/7\/2013\/12\/maintext.jpg\"><img loading=\"lazy\" decoding=\"async\" class=\"size-medium wp-image-64 alignright\" src=\"https:\/\/footwear.trocellen.com\/wp-content\/uploads\/sites\/7\/2013\/12\/maintext-300x221.jpg\" alt=\"maintext\" width=\"300\" height=\"221\" srcset=\"https:\/\/footwear.trocellen.com\/wp-content\/uploads\/sites\/7\/2013\/12\/maintext-300x221.jpg 300w, https:\/\/footwear.trocellen.com\/wp-content\/uploads\/sites\/7\/2013\/12\/maintext-1024x757.jpg 1024w, https:\/\/footwear.trocellen.com\/wp-content\/uploads\/sites\/7\/2013\/12\/maintext.jpg 1176w\" sizes=\"auto, (max-width: 300px) 100vw, 300px\" \/><\/a><br \/>\nLes chaussures europ\u00e9ennes repr\u00e9sentent une norme. Un rep\u00e8re qui fixe les objectifs pour le reste du monde. La qualit\u00e9 a-t-elle son prix? Oui. Est-ce qu&rsquo;elle le vaut? Nous le croyons.<br \/>\nLes diverses solutions de Trocellen sont l\u00e0 pour soutenir les meilleures chaussures en maintenant une qualit\u00e9 et une performance maximum. Nous assumons le qualit\u00e9 europ\u00e9enne.<\/p>\n<p>Notre \u00e9quipe professionnelle s\u2019efforce de r\u00e9pondre aux besoins techniques des clients et d\u2019explorer de nouvelles possibilit\u00e9s d&rsquo;innovation.<\/p>\n<p>Gr\u00e2ce \u00e0 notre grand savoir-faire technique et \u00e0 notre \u00e9quipement de tests sp\u00e9ciaux et installations permettant d\u2019ex\u00e9cuter des processus de transformation diversifi\u00e9s, nous r\u00e9pondons aux exigences strictes de l\u2019industrie des chaussures.<\/p>\n<p>Nos activit\u00e9s de R&amp;D intenses et les applications que nous d\u00e9veloppons permettent \u00e0 Trocellen de toujours trouver des solutions optimales, cr\u00e9atives et innovantes.<\/p>\n<p>En collaboration avec ses clients, l\u2019unit\u00e9 chaussures de Trocellen s\u2019efforce toujours d\u2019optimiser le confort de la mousse utilis\u00e9e dans les chaussures tout en mettant au point des solutions l\u00e9g\u00e8res pour tous les types de chaussures.<\/p>\n<p>Together with our customers, Trocellen Footwear is continuously working on maximising the comfort of foam used in the footwear sector while realising light weight solutions for all kinds of shoes.<\/p>\n","protected":false},"excerpt":{"rendered":"<p>Tellement l\u00e9ger, telllement s\u00fbr, tellllement confortable &#8211; Qu&rsquo;elles soient d\u00e9sign\u00e9es pour une petite promenade, pour les sports haute performance ou pour une apparence chic, les chaussures sont cens\u00e9es \u00eatre bonnes.<\/p>\n","protected":false},"author":6,"featured_media":0,"parent":0,"menu_order":0,"comment_status":"open","ping_status":"open","template":"","meta":{"_acf_changed":false,"footnotes":""},"class_list":["post-824","page","type-page","status-publish","hentry"],"acf":[],"yoast_head":"<!-- This site is optimized with the Yoast SEO plugin v23.5 - https:\/\/yoast.com\/wordpress\/plugins\/seo\/ -->\n<title>Chaussures Trocellen - Tellement facile! - Footwear<\/title>\n<meta name=\"robots\" content=\"index, follow, max-snippet:-1, max-image-preview:large, max-video-preview:-1\" \/>\n<link rel=\"canonical\" href=\"https:\/\/footwear.trocellen.com\/fr\/chaussures-trocellen-tellement-facile\/\" \/>\n<meta name=\"twitter:label1\" content=\"Dur\u00e9e de lecture estim\u00e9e\" \/>\n\t<meta name=\"twitter:data1\" content=\"1 minute\" \/>\n<script type=\"application\/ld+json\" class=\"yoast-schema-graph\">{\"@context\":\"https:\/\/schema.org\",\"@graph\":[{\"@type\":\"WebPage\",\"@id\":\"https:\/\/footwear.trocellen.com\/fr\/chaussures-trocellen-tellement-facile\/\",\"url\":\"https:\/\/footwear.trocellen.com\/fr\/chaussures-trocellen-tellement-facile\/\",\"name\":\"Chaussures Trocellen - Tellement facile! - Footwear\",\"isPartOf\":{\"@id\":\"https:\/\/footwear.trocellen.com\/#website\"},\"primaryImageOfPage\":{\"@id\":\"https:\/\/footwear.trocellen.com\/fr\/chaussures-trocellen-tellement-facile\/#primaryimage\"},\"image\":{\"@id\":\"https:\/\/footwear.trocellen.com\/fr\/chaussures-trocellen-tellement-facile\/#primaryimage\"},\"thumbnailUrl\":\"https:\/\/footwear.trocellen.com\/wp-content\/uploads\/sites\/7\/2013\/12\/maintext-300x221.jpg\",\"datePublished\":\"2013-12-08T21:34:00+00:00\",\"dateModified\":\"2013-12-08T21:34:00+00:00\",\"breadcrumb\":{\"@id\":\"https:\/\/footwear.trocellen.com\/fr\/chaussures-trocellen-tellement-facile\/#breadcrumb\"},\"inLanguage\":\"fr-FR\",\"potentialAction\":[{\"@type\":\"ReadAction\",\"target\":[\"https:\/\/footwear.trocellen.com\/fr\/chaussures-trocellen-tellement-facile\/\"]}]},{\"@type\":\"ImageObject\",\"inLanguage\":\"fr-FR\",\"@id\":\"https:\/\/footwear.trocellen.com\/fr\/chaussures-trocellen-tellement-facile\/#primaryimage\",\"url\":\"https:\/\/footwear.trocellen.com\/wp-content\/uploads\/sites\/7\/2013\/12\/maintext-300x221.jpg\",\"contentUrl\":\"https:\/\/footwear.trocellen.com\/wp-content\/uploads\/sites\/7\/2013\/12\/maintext-300x221.jpg\"},{\"@type\":\"BreadcrumbList\",\"@id\":\"https:\/\/footwear.trocellen.com\/fr\/chaussures-trocellen-tellement-facile\/#breadcrumb\",\"itemListElement\":[{\"@type\":\"ListItem\",\"position\":1,\"name\":\"Home\",\"item\":\"https:\/\/footwear.trocellen.com\/fr\/\"},{\"@type\":\"ListItem\",\"position\":2,\"name\":\"Chaussures Trocellen &#8211; Tellement facile!\"}]},{\"@type\":\"WebSite\",\"@id\":\"https:\/\/footwear.trocellen.com\/#website\",\"url\":\"https:\/\/footwear.trocellen.com\/\",\"name\":\"Footwear\",\"description\":\"\",\"potentialAction\":[{\"@type\":\"SearchAction\",\"target\":{\"@type\":\"EntryPoint\",\"urlTemplate\":\"https:\/\/footwear.trocellen.com\/?s={search_term_string}\"},\"query-input\":{\"@type\":\"PropertyValueSpecification\",\"valueRequired\":true,\"valueName\":\"search_term_string\"}}],\"inLanguage\":\"fr-FR\"}]}<\/script>\n<!-- \/ Yoast SEO plugin. -->","yoast_head_json":{"title":"Chaussures Trocellen - Tellement facile! - Footwear","robots":{"index":"index","follow":"follow","max-snippet":"max-snippet:-1","max-image-preview":"max-image-preview:large","max-video-preview":"max-video-preview:-1"},"canonical":"https:\/\/footwear.trocellen.com\/fr\/chaussures-trocellen-tellement-facile\/","twitter_misc":{"Dur\u00e9e de lecture estim\u00e9e":"1 minute"},"schema":{"@context":"https:\/\/schema.org","@graph":[{"@type":"WebPage","@id":"https:\/\/footwear.trocellen.com\/fr\/chaussures-trocellen-tellement-facile\/","url":"https:\/\/footwear.trocellen.com\/fr\/chaussures-trocellen-tellement-facile\/","name":"Chaussures Trocellen - Tellement facile! - Footwear","isPartOf":{"@id":"https:\/\/footwear.trocellen.com\/#website"},"primaryImageOfPage":{"@id":"https:\/\/footwear.trocellen.com\/fr\/chaussures-trocellen-tellement-facile\/#primaryimage"},"image":{"@id":"https:\/\/footwear.trocellen.com\/fr\/chaussures-trocellen-tellement-facile\/#primaryimage"},"thumbnailUrl":"https:\/\/footwear.trocellen.com\/wp-content\/uploads\/sites\/7\/2013\/12\/maintext-300x221.jpg","datePublished":"2013-12-08T21:34:00+00:00","dateModified":"2013-12-08T21:34:00+00:00","breadcrumb":{"@id":"https:\/\/footwear.trocellen.com\/fr\/chaussures-trocellen-tellement-facile\/#breadcrumb"},"inLanguage":"fr-FR","potentialAction":[{"@type":"ReadAction","target":["https:\/\/footwear.trocellen.com\/fr\/chaussures-trocellen-tellement-facile\/"]}]},{"@type":"ImageObject","inLanguage":"fr-FR","@id":"https:\/\/footwear.trocellen.com\/fr\/chaussures-trocellen-tellement-facile\/#primaryimage","url":"https:\/\/footwear.trocellen.com\/wp-content\/uploads\/sites\/7\/2013\/12\/maintext-300x221.jpg","contentUrl":"https:\/\/footwear.trocellen.com\/wp-content\/uploads\/sites\/7\/2013\/12\/maintext-300x221.jpg"},{"@type":"BreadcrumbList","@id":"https:\/\/footwear.trocellen.com\/fr\/chaussures-trocellen-tellement-facile\/#breadcrumb","itemListElement":[{"@type":"ListItem","position":1,"name":"Home","item":"https:\/\/footwear.trocellen.com\/fr\/"},{"@type":"ListItem","position":2,"name":"Chaussures Trocellen &#8211; Tellement facile!"}]},{"@type":"WebSite","@id":"https:\/\/footwear.trocellen.com\/#website","url":"https:\/\/footwear.trocellen.com\/","name":"Footwear","description":"","potentialAction":[{"@type":"SearchAction","target":{"@type":"EntryPoint","urlTemplate":"https:\/\/footwear.trocellen.com\/?s={search_term_string}"},"query-input":{"@type":"PropertyValueSpecification","valueRequired":true,"valueName":"search_term_string"}}],"inLanguage":"fr-FR"}]}},"_links":{"self":[{"href":"https:\/\/footwear.trocellen.com\/fr\/wp-json\/wp\/v2\/pages\/824","targetHints":{"allow":["GET"]}}],"collection":[{"href":"https:\/\/footwear.trocellen.com\/fr\/wp-json\/wp\/v2\/pages"}],"about":[{"href":"https:\/\/footwear.trocellen.com\/fr\/wp-json\/wp\/v2\/types\/page"}],"author":[{"embeddable":true,"href":"https:\/\/footwear.trocellen.com\/fr\/wp-json\/wp\/v2\/users\/6"}],"replies":[{"embeddable":true,"href":"https:\/\/footwear.trocellen.com\/fr\/wp-json\/wp\/v2\/comments?post=824"}],"version-history":[{"count":0,"href":"https:\/\/footwear.trocellen.com\/fr\/wp-json\/wp\/v2\/pages\/824\/revisions"}],"wp:attachment":[{"href":"https:\/\/footwear.trocellen.com\/fr\/wp-json\/wp\/v2\/media?parent=824"}],"curies":[{"name":"wp","href":"https:\/\/api.w.org\/{rel}","templated":true}]}}