{"id":830,"date":"2013-12-08T21:47:47","date_gmt":"2013-12-08T21:47:47","guid":{"rendered":"https:\/\/footwear.usernet.hu\/technologie\/"},"modified":"2013-12-08T21:47:47","modified_gmt":"2013-12-08T21:47:47","slug":"technologie","status":"publish","type":"page","link":"https:\/\/footwear.trocellen.com\/fr\/technologie\/","title":{"rendered":"Technologie"},"content":{"rendered":"<p>Trocellen est le leader des fabricants europ\u00e9ens de mousses polyol\u00e9fines crois\u00e9s chimiquement ou physiquement.<\/p>\n<p>Les mousses Trocellen sont utilis\u00e9es dans le secteur de la chaussure depuis 40 ans. Les propri\u00e9t\u00e9s communes \u00e0 toutes nos mousses de polyol\u00e9fines crois\u00e9es sont la l\u00e9g\u00e9ret\u00e9, l&rsquo;\u00e9lasticit\u00e9, l&rsquo;imperm\u00e9abilit\u00e9, des propri\u00e9t\u00e9s d&rsquo;isolation thermique, un laminage facile et l&rsquo;aptitude au moulage thermique.<\/p>\n<p>Gr\u00e2ce \u00e0 une base technologique solide et \u00e0 un \u00e9quilibre sain entre l&rsquo;exp\u00e9rience intense du pass\u00e9 et l&rsquo;ambition de rompre avec les solutions traditionnelles, Trocellen est votre partenaire id\u00e9al dans le domaine de la chaussure.<\/p>\n<h2>Mousses Trocellen<\/h2>\n<p><strong>Mousses PE standards<\/strong>\u00a0\u2013\u00a0une large vari\u00e9t\u00e9 de densit\u00e9s et d&rsquo;\u00e9paisseurs \u2013 des solutions parfaites pour l&rsquo;application technique ou dans la mode.<br \/>\n<strong>Mousses PE rigides<\/strong>\u00a0\u2013\u00a0la solution appropri\u00e9e pour des dessus encore plus l\u00e9gers: excellents pour le thermoformage<br \/>\n<strong>Mousses PE\/EVA souples<\/strong>\u00a0\u2013\u00a0utilisations multiples, id\u00e9ales pour des remplissages haute performance<br \/>\n<strong>Mousses PU et agglom\u00e9r\u00e9es<\/strong>\u00a0\u2013\u00a0densit\u00e9s, \u00e9paisseurs, propri\u00e9t\u00e9s de mat\u00e9riaux multiples, s&rsquo;adaptant parfaitement \u00e0 la demande des clients et aux applications<\/p>\n<h2>Convertir les mousses en solutions<\/h2>\n<p>En plus de la fourniture des mousses, Trocellen a investi dans le d\u00e9veloppement d&rsquo;une large vari\u00e9t\u00e9 de capacit\u00e9s de conversion ajoutant \u00e0 la valeur de nos produits de mousses:<\/p>\n<ul>\n<li>Divers processus de laminage (air chaud, flammes, rayonnement infrarouge, thermofusion) permettant la combinaison avec d&rsquo;autres mousses, films, tissus<\/li>\n<li>Enduite adh\u00e9sive ou thermoadh\u00e9sive par thermofusion<\/li>\n<li>Perforation et gaufrage<\/li>\n<\/ul>\n<p>Des tests en laboratoire \u00e0 l&rsquo;\u00e9chantillonnage rapide des prototypes en passant par l&rsquo;\u00e9talonnage des performances, Trocellen est votre partenaire en chaussures.<\/p>\n","protected":false},"excerpt":{"rendered":"<p>Trocellen est le leader des fabricants europ\u00e9ens de mousses polyol\u00e9fines crois\u00e9s chimiquement ou physiquement. Les mousses Trocellen sont utilis\u00e9es dans le secteur de la chaussure depuis 40 ans. Les propri\u00e9t\u00e9s communes \u00e0 toutes nos mousses de polyol\u00e9fines crois\u00e9es sont la l\u00e9g\u00e9ret\u00e9, l&rsquo;\u00e9lasticit\u00e9, l&rsquo;imperm\u00e9abilit\u00e9, des propri\u00e9t\u00e9s d&rsquo;isolation thermique, un laminage facile et l&rsquo;aptitude au moulage thermique. [&hellip;]<\/p>\n","protected":false},"author":6,"featured_media":0,"parent":0,"menu_order":0,"comment_status":"open","ping_status":"closed","template":"templates\/one-column.php","meta":{"_acf_changed":false,"footnotes":""},"class_list":["post-830","page","type-page","status-publish","hentry"],"acf":[],"yoast_head":"<!-- This site is optimized with the Yoast SEO plugin v23.5 - https:\/\/yoast.com\/wordpress\/plugins\/seo\/ -->\n<title>Technologie - Footwear<\/title>\n<meta name=\"robots\" content=\"index, follow, max-snippet:-1, max-image-preview:large, max-video-preview:-1\" \/>\n<link rel=\"canonical\" href=\"https:\/\/footwear.trocellen.com\/fr\/technologie\/\" \/>\n<meta name=\"twitter:label1\" content=\"Dur\u00e9e de lecture estim\u00e9e\" \/>\n\t<meta name=\"twitter:data1\" content=\"1 minute\" \/>\n<script type=\"application\/ld+json\" class=\"yoast-schema-graph\">{\"@context\":\"https:\/\/schema.org\",\"@graph\":[{\"@type\":\"WebPage\",\"@id\":\"https:\/\/footwear.trocellen.com\/fr\/technologie\/\",\"url\":\"https:\/\/footwear.trocellen.com\/fr\/technologie\/\",\"name\":\"Technologie - Footwear\",\"isPartOf\":{\"@id\":\"https:\/\/footwear.trocellen.com\/#website\"},\"datePublished\":\"2013-12-08T21:47:47+00:00\",\"dateModified\":\"2013-12-08T21:47:47+00:00\",\"breadcrumb\":{\"@id\":\"https:\/\/footwear.trocellen.com\/fr\/technologie\/#breadcrumb\"},\"inLanguage\":\"fr-FR\",\"potentialAction\":[{\"@type\":\"ReadAction\",\"target\":[\"https:\/\/footwear.trocellen.com\/fr\/technologie\/\"]}]},{\"@type\":\"BreadcrumbList\",\"@id\":\"https:\/\/footwear.trocellen.com\/fr\/technologie\/#breadcrumb\",\"itemListElement\":[{\"@type\":\"ListItem\",\"position\":1,\"name\":\"Home\",\"item\":\"https:\/\/footwear.trocellen.com\/fr\/\"},{\"@type\":\"ListItem\",\"position\":2,\"name\":\"Technologie\"}]},{\"@type\":\"WebSite\",\"@id\":\"https:\/\/footwear.trocellen.com\/#website\",\"url\":\"https:\/\/footwear.trocellen.com\/\",\"name\":\"Footwear\",\"description\":\"\",\"potentialAction\":[{\"@type\":\"SearchAction\",\"target\":{\"@type\":\"EntryPoint\",\"urlTemplate\":\"https:\/\/footwear.trocellen.com\/?s={search_term_string}\"},\"query-input\":{\"@type\":\"PropertyValueSpecification\",\"valueRequired\":true,\"valueName\":\"search_term_string\"}}],\"inLanguage\":\"fr-FR\"}]}<\/script>\n<!-- \/ Yoast SEO plugin. -->","yoast_head_json":{"title":"Technologie - Footwear","robots":{"index":"index","follow":"follow","max-snippet":"max-snippet:-1","max-image-preview":"max-image-preview:large","max-video-preview":"max-video-preview:-1"},"canonical":"https:\/\/footwear.trocellen.com\/fr\/technologie\/","twitter_misc":{"Dur\u00e9e de lecture estim\u00e9e":"1 minute"},"schema":{"@context":"https:\/\/schema.org","@graph":[{"@type":"WebPage","@id":"https:\/\/footwear.trocellen.com\/fr\/technologie\/","url":"https:\/\/footwear.trocellen.com\/fr\/technologie\/","name":"Technologie - Footwear","isPartOf":{"@id":"https:\/\/footwear.trocellen.com\/#website"},"datePublished":"2013-12-08T21:47:47+00:00","dateModified":"2013-12-08T21:47:47+00:00","breadcrumb":{"@id":"https:\/\/footwear.trocellen.com\/fr\/technologie\/#breadcrumb"},"inLanguage":"fr-FR","potentialAction":[{"@type":"ReadAction","target":["https:\/\/footwear.trocellen.com\/fr\/technologie\/"]}]},{"@type":"BreadcrumbList","@id":"https:\/\/footwear.trocellen.com\/fr\/technologie\/#breadcrumb","itemListElement":[{"@type":"ListItem","position":1,"name":"Home","item":"https:\/\/footwear.trocellen.com\/fr\/"},{"@type":"ListItem","position":2,"name":"Technologie"}]},{"@type":"WebSite","@id":"https:\/\/footwear.trocellen.com\/#website","url":"https:\/\/footwear.trocellen.com\/","name":"Footwear","description":"","potentialAction":[{"@type":"SearchAction","target":{"@type":"EntryPoint","urlTemplate":"https:\/\/footwear.trocellen.com\/?s={search_term_string}"},"query-input":{"@type":"PropertyValueSpecification","valueRequired":true,"valueName":"search_term_string"}}],"inLanguage":"fr-FR"}]}},"_links":{"self":[{"href":"https:\/\/footwear.trocellen.com\/fr\/wp-json\/wp\/v2\/pages\/830","targetHints":{"allow":["GET"]}}],"collection":[{"href":"https:\/\/footwear.trocellen.com\/fr\/wp-json\/wp\/v2\/pages"}],"about":[{"href":"https:\/\/footwear.trocellen.com\/fr\/wp-json\/wp\/v2\/types\/page"}],"author":[{"embeddable":true,"href":"https:\/\/footwear.trocellen.com\/fr\/wp-json\/wp\/v2\/users\/6"}],"replies":[{"embeddable":true,"href":"https:\/\/footwear.trocellen.com\/fr\/wp-json\/wp\/v2\/comments?post=830"}],"version-history":[{"count":0,"href":"https:\/\/footwear.trocellen.com\/fr\/wp-json\/wp\/v2\/pages\/830\/revisions"}],"wp:attachment":[{"href":"https:\/\/footwear.trocellen.com\/fr\/wp-json\/wp\/v2\/media?parent=830"}],"curies":[{"name":"wp","href":"https:\/\/api.w.org\/{rel}","templated":true}]}}