{"id":871,"date":"2017-07-11T11:49:31","date_gmt":"2017-07-11T11:49:31","guid":{"rendered":"https:\/\/footwear.usernet.hu\/plan-du-site\/"},"modified":"2017-07-11T11:49:31","modified_gmt":"2017-07-11T11:49:31","slug":"plan-du-site","status":"publish","type":"page","link":"https:\/\/footwear.trocellen.com\/fr\/plan-du-site\/","title":{"rendered":"Plan du site"},"content":{"rendered":"\n<!-- Page-list plugin v.4.5 wordpress.org\/plugins\/page-list\/ -->\n<ul class=\"page-list \">\n<li class=\"page_item page-item-854 page_item_has_children\"><a href=\"https:\/\/footwear.trocellen.com\/fr\/applications\/\">Applications<\/a>\n<ul class='children'>\n\t<li class=\"page_item page-item-728 page_item_has_children\"><a href=\"https:\/\/footwear.trocellen.com\/fr\/applications\/parties-internes\/\">Parties internes<\/a>\n\t<ul class='children'>\n\t\t<li class=\"page_item page-item-758\"><a href=\"https:\/\/footwear.trocellen.com\/fr\/applications\/parties-internes\/doublures\/\">Doublures<\/a><\/li>\n\t\t<li class=\"page_item page-item-770\"><a href=\"https:\/\/footwear.trocellen.com\/fr\/applications\/parties-internes\/pantoufles\/\">Pantoufles<\/a><\/li>\n\t\t<li class=\"page_item page-item-764\"><a href=\"https:\/\/footwear.trocellen.com\/fr\/applications\/parties-internes\/renforts\/\">Renforts<\/a><\/li>\n\t\t<li class=\"page_item page-item-746\"><a href=\"https:\/\/footwear.trocellen.com\/fr\/applications\/parties-internes\/semelles-interieures\/\">Semelles int\u00e9rieures<\/a><\/li>\n\t\t<li class=\"page_item page-item-752\"><a href=\"https:\/\/footwear.trocellen.com\/fr\/applications\/parties-internes\/shockfree-pour-les-semelles-de-chaussure\/\">Shockfree pour les semelles de chaussure<\/a><\/li>\n\t<\/ul>\n<\/li>\n\t<li class=\"page_item page-item-734 page_item_has_children\"><a href=\"https:\/\/footwear.trocellen.com\/fr\/applications\/tiges-de-chaussures\/\">Tiges de chaussures<\/a>\n\t<ul class='children'>\n\t\t<li class=\"page_item page-item-782\"><a href=\"https:\/\/footwear.trocellen.com\/fr\/applications\/tiges-de-chaussures\/contreforts-de-bottes-de-marche\/\">Contreforts de bottes de marche<\/a><\/li>\n\t\t<li class=\"page_item page-item-776\"><a href=\"https:\/\/footwear.trocellen.com\/fr\/applications\/tiges-de-chaussures\/contreforts-de-bottes-pour-motocyclistes\/\">Contreforts de bottes pour motocyclistes<\/a><\/li>\n\t\t<li class=\"page_item page-item-794\"><a href=\"https:\/\/footwear.trocellen.com\/fr\/applications\/tiges-de-chaussures\/contreforts-des-chaussures-de-ski\/\">Contreforts des chaussures de ski<\/a><\/li>\n\t\t<li class=\"page_item page-item-788\"><a href=\"https:\/\/footwear.trocellen.com\/fr\/applications\/tiges-de-chaussures\/elements-de-chaussures-de-securite\/\">\u00c9l\u00e9ments de chaussures de s\u00e9curit\u00e9<\/a><\/li>\n\t<\/ul>\n<\/li>\n\t<li class=\"page_item page-item-740 page_item_has_children\"><a href=\"https:\/\/footwear.trocellen.com\/fr\/applications\/rembourrages-et-protections\/\">Rembourrages et protections<\/a>\n\t<ul class='children'>\n\t\t<li class=\"page_item page-item-818\"><a href=\"https:\/\/footwear.trocellen.com\/fr\/applications\/rembourrages-et-protections\/protections\/\">Protections<\/a><\/li>\n\t\t<li class=\"page_item page-item-812\"><a href=\"https:\/\/footwear.trocellen.com\/fr\/applications\/rembourrages-et-protections\/rembourrages\/\">Rembourrages<\/a><\/li>\n\t\t<li class=\"page_item page-item-800\"><a href=\"https:\/\/footwear.trocellen.com\/fr\/applications\/rembourrages-et-protections\/rembourrages-de-vetements\/\">Rembourrages de v\u00eatements<\/a><\/li>\n\t\t<li class=\"page_item page-item-806\"><a href=\"https:\/\/footwear.trocellen.com\/fr\/applications\/rembourrages-et-protections\/shockfree-pour-les-protecteurs-sportifs\/\">Shockfree pour les protecteurs sportifs<\/a><\/li>\n\t<\/ul>\n<\/li>\n\t<li class=\"page_item page-item-877\"><a href=\"https:\/\/footwear.trocellen.com\/fr\/applications\/chaussures-decontractees\/\">Chaussures d\u00e9contract\u00e9es<\/a><\/li>\n\t<li class=\"page_item page-item-883\"><a href=\"https:\/\/footwear.trocellen.com\/fr\/applications\/valises\/\">Valises<\/a><\/li>\n\t<li class=\"page_item page-item-889\"><a href=\"https:\/\/footwear.trocellen.com\/fr\/applications\/accessoires-de-moteur-et-materiel-de-protection\/\">Accessoires de moteur et mat\u00e9riel de protection<\/a><\/li>\n<\/ul>\n<\/li>\n<li class=\"page_item page-item-848\"><a href=\"https:\/\/footwear.trocellen.com\/fr\/assurance-qualite\/\">Assurance qualit\u00e9<\/a><\/li>\n<li class=\"page_item page-item-824\"><a href=\"https:\/\/footwear.trocellen.com\/fr\/chaussures-trocellen-tellement-facile\/\">Chaussures Trocellen &#8211; Tellement facile!<\/a><\/li>\n<li class=\"page_item page-item-895 page_item_has_children\"><a href=\"https:\/\/footwear.trocellen.com\/fr\/contact\/\">Contact<\/a>\n<ul class='children'>\n\t<li class=\"page_item page-item-901\"><a href=\"https:\/\/footwear.trocellen.com\/fr\/contact\/merci\/\">Merci!<\/a><\/li>\n<\/ul>\n<\/li>\n<li class=\"page_item page-item-836\"><a href=\"https:\/\/footwear.trocellen.com\/fr\/downloads\/\">Downloads<\/a><\/li>\n<li class=\"page_item page-item-860\"><a href=\"https:\/\/footwear.trocellen.com\/fr\/mousses-pour-les-chaussures\/\">Mousses pour les chaussures<\/a><\/li>\n<li class=\"page_item page-item-865\"><a href=\"https:\/\/footwear.trocellen.com\/fr\/\">Page principal<\/a><\/li>\n<li class=\"page_item page-item-871\"><a href=\"https:\/\/footwear.trocellen.com\/fr\/plan-du-site\/\">Plan du site<\/a><\/li>\n<li class=\"page_item page-item-842\"><a href=\"https:\/\/footwear.trocellen.com\/fr\/references\/\">R\u00e9f\u00e9rences<\/a><\/li>\n<li class=\"page_item page-item-830\"><a href=\"https:\/\/footwear.trocellen.com\/fr\/technologie\/\">Technologie<\/a><\/li>\n\n<\/ul>\n","protected":false},"excerpt":{"rendered":"","protected":false},"author":1,"featured_media":0,"parent":0,"menu_order":0,"comment_status":"closed","ping_status":"closed","template":"templates\/one-column.php","meta":{"_acf_changed":false,"footnotes":""},"class_list":["post-871","page","type-page","status-publish","hentry"],"acf":[],"yoast_head":"<!-- This site is optimized with the Yoast SEO plugin v23.5 - https:\/\/yoast.com\/wordpress\/plugins\/seo\/ -->\n<title>Plan du site - Footwear<\/title>\n<meta name=\"robots\" content=\"index, follow, max-snippet:-1, max-image-preview:large, max-video-preview:-1\" \/>\n<link rel=\"canonical\" href=\"https:\/\/footwear.trocellen.com\/fr\/plan-du-site\/\" \/>\n<script type=\"application\/ld+json\" class=\"yoast-schema-graph\">{\"@context\":\"https:\/\/schema.org\",\"@graph\":[{\"@type\":\"WebPage\",\"@id\":\"https:\/\/footwear.trocellen.com\/fr\/plan-du-site\/\",\"url\":\"https:\/\/footwear.trocellen.com\/fr\/plan-du-site\/\",\"name\":\"Plan du site - Footwear\",\"isPartOf\":{\"@id\":\"https:\/\/footwear.trocellen.com\/#website\"},\"datePublished\":\"2017-07-11T11:49:31+00:00\",\"dateModified\":\"2017-07-11T11:49:31+00:00\",\"breadcrumb\":{\"@id\":\"https:\/\/footwear.trocellen.com\/fr\/plan-du-site\/#breadcrumb\"},\"inLanguage\":\"fr-FR\",\"potentialAction\":[{\"@type\":\"ReadAction\",\"target\":[\"https:\/\/footwear.trocellen.com\/fr\/plan-du-site\/\"]}]},{\"@type\":\"BreadcrumbList\",\"@id\":\"https:\/\/footwear.trocellen.com\/fr\/plan-du-site\/#breadcrumb\",\"itemListElement\":[{\"@type\":\"ListItem\",\"position\":1,\"name\":\"Home\",\"item\":\"https:\/\/footwear.trocellen.com\/fr\/\"},{\"@type\":\"ListItem\",\"position\":2,\"name\":\"Plan du site\"}]},{\"@type\":\"WebSite\",\"@id\":\"https:\/\/footwear.trocellen.com\/#website\",\"url\":\"https:\/\/footwear.trocellen.com\/\",\"name\":\"Footwear\",\"description\":\"\",\"potentialAction\":[{\"@type\":\"SearchAction\",\"target\":{\"@type\":\"EntryPoint\",\"urlTemplate\":\"https:\/\/footwear.trocellen.com\/?s={search_term_string}\"},\"query-input\":{\"@type\":\"PropertyValueSpecification\",\"valueRequired\":true,\"valueName\":\"search_term_string\"}}],\"inLanguage\":\"fr-FR\"}]}<\/script>\n<!-- \/ Yoast SEO plugin. -->","yoast_head_json":{"title":"Plan du site - Footwear","robots":{"index":"index","follow":"follow","max-snippet":"max-snippet:-1","max-image-preview":"max-image-preview:large","max-video-preview":"max-video-preview:-1"},"canonical":"https:\/\/footwear.trocellen.com\/fr\/plan-du-site\/","schema":{"@context":"https:\/\/schema.org","@graph":[{"@type":"WebPage","@id":"https:\/\/footwear.trocellen.com\/fr\/plan-du-site\/","url":"https:\/\/footwear.trocellen.com\/fr\/plan-du-site\/","name":"Plan du site - Footwear","isPartOf":{"@id":"https:\/\/footwear.trocellen.com\/#website"},"datePublished":"2017-07-11T11:49:31+00:00","dateModified":"2017-07-11T11:49:31+00:00","breadcrumb":{"@id":"https:\/\/footwear.trocellen.com\/fr\/plan-du-site\/#breadcrumb"},"inLanguage":"fr-FR","potentialAction":[{"@type":"ReadAction","target":["https:\/\/footwear.trocellen.com\/fr\/plan-du-site\/"]}]},{"@type":"BreadcrumbList","@id":"https:\/\/footwear.trocellen.com\/fr\/plan-du-site\/#breadcrumb","itemListElement":[{"@type":"ListItem","position":1,"name":"Home","item":"https:\/\/footwear.trocellen.com\/fr\/"},{"@type":"ListItem","position":2,"name":"Plan du site"}]},{"@type":"WebSite","@id":"https:\/\/footwear.trocellen.com\/#website","url":"https:\/\/footwear.trocellen.com\/","name":"Footwear","description":"","potentialAction":[{"@type":"SearchAction","target":{"@type":"EntryPoint","urlTemplate":"https:\/\/footwear.trocellen.com\/?s={search_term_string}"},"query-input":{"@type":"PropertyValueSpecification","valueRequired":true,"valueName":"search_term_string"}}],"inLanguage":"fr-FR"}]}},"_links":{"self":[{"href":"https:\/\/footwear.trocellen.com\/fr\/wp-json\/wp\/v2\/pages\/871","targetHints":{"allow":["GET"]}}],"collection":[{"href":"https:\/\/footwear.trocellen.com\/fr\/wp-json\/wp\/v2\/pages"}],"about":[{"href":"https:\/\/footwear.trocellen.com\/fr\/wp-json\/wp\/v2\/types\/page"}],"author":[{"embeddable":true,"href":"https:\/\/footwear.trocellen.com\/fr\/wp-json\/wp\/v2\/users\/1"}],"replies":[{"embeddable":true,"href":"https:\/\/footwear.trocellen.com\/fr\/wp-json\/wp\/v2\/comments?post=871"}],"version-history":[{"count":0,"href":"https:\/\/footwear.trocellen.com\/fr\/wp-json\/wp\/v2\/pages\/871\/revisions"}],"wp:attachment":[{"href":"https:\/\/footwear.trocellen.com\/fr\/wp-json\/wp\/v2\/media?parent=871"}],"curies":[{"name":"wp","href":"https:\/\/api.w.org\/{rel}","templated":true}]}}