{"id":877,"date":"2017-08-17T12:55:07","date_gmt":"2017-08-17T12:55:07","guid":{"rendered":"https:\/\/footwear.usernet.hu\/chaussures-decontractees\/"},"modified":"2017-08-17T12:55:07","modified_gmt":"2017-08-17T12:55:07","slug":"chaussures-decontractees","status":"publish","type":"page","link":"https:\/\/footwear.trocellen.com\/fr\/applications\/chaussures-decontractees\/","title":{"rendered":"Chaussures d\u00e9contract\u00e9es"},"content":{"rendered":"<p>Nous utilisons des mat\u00e9riaux fort r\u00e9sistants \u00e0 l&rsquo;usure caract\u00e9risant la vie moderne, pour produire des chaussures \u00e0 utiliser dans la vie quotidienne. Notre objectif \u00e9tant de cr\u00e9er des souliers bien ventil\u00e9s et confortables.<\/p>\n<h2>Mat\u00e9riau et dimensions<\/h2>\n<ul>\n<li>Poly\u00e9thyl\u00e8ne expans\u00e9<img loading=\"lazy\" decoding=\"async\" class=\"alignright size-medium wp-image-523\" src=\"https:\/\/footwear.trocellen.com\/wp-content\/uploads\/sites\/7\/2017\/08\/footwear_casual_001-300x265.png\" alt=\"\" width=\"300\" height=\"265\" srcset=\"https:\/\/footwear.trocellen.com\/wp-content\/uploads\/sites\/7\/2017\/08\/footwear_casual_001-300x265.png 300w, https:\/\/footwear.trocellen.com\/wp-content\/uploads\/sites\/7\/2017\/08\/footwear_casual_001-768x678.png 768w, https:\/\/footwear.trocellen.com\/wp-content\/uploads\/sites\/7\/2017\/08\/footwear_casual_001-1024x904.png 1024w\" sizes=\"auto, (max-width: 300px) 100vw, 300px\" \/><\/li>\n<li>Un type semi-rigide de 60 \u00e0 130 kg\/m<sup>3<\/sup><\/li>\n<li>Un \u00e9paisseur de 3 \u00e0 15mm<\/li>\n<\/ul>\n<h2>Caract\u00e9ristiques<\/h2>\n<ul>\n<li>Une tr\u00e8s bonne a\u00e9ration<\/li>\n<li>L\u00e9g\u00e8ret\u00e9<\/li>\n<li>Facilit\u00e9 d&rsquo;utilisation \/Confort<\/li>\n<\/ul>\n","protected":false},"excerpt":{"rendered":"<p>Nous utilisons des mat\u00e9riaux fort r\u00e9sistants \u00e0 l&rsquo;usure caract\u00e9risant la vie moderne, pour produire des chaussures \u00e0 utiliser dans la vie quotidienne. Notre objectif \u00e9tant de cr\u00e9er des souliers bien ventil\u00e9s et confortables. Mat\u00e9riau et dimensions Poly\u00e9thyl\u00e8ne expans\u00e9 Un type semi-rigide de 60 \u00e0 130 kg\/m3 Un \u00e9paisseur de 3 \u00e0 15mm Caract\u00e9ristiques Une tr\u00e8s [&hellip;]<\/p>\n","protected":false},"author":1,"featured_media":0,"parent":854,"menu_order":4,"comment_status":"closed","ping_status":"closed","template":"","meta":{"_acf_changed":false,"footnotes":""},"class_list":["post-877","page","type-page","status-publish","hentry"],"acf":[],"yoast_head":"<!-- This site is optimized with the Yoast SEO plugin v23.5 - https:\/\/yoast.com\/wordpress\/plugins\/seo\/ -->\n<title>Chaussures d\u00e9contract\u00e9es - Footwear<\/title>\n<meta name=\"robots\" content=\"index, follow, max-snippet:-1, max-image-preview:large, max-video-preview:-1\" \/>\n<link rel=\"canonical\" href=\"https:\/\/footwear.trocellen.com\/fr\/applications\/chaussures-decontractees\/\" \/>\n<script type=\"application\/ld+json\" class=\"yoast-schema-graph\">{\"@context\":\"https:\/\/schema.org\",\"@graph\":[{\"@type\":\"WebPage\",\"@id\":\"https:\/\/footwear.trocellen.com\/fr\/applications\/chaussures-decontractees\/\",\"url\":\"https:\/\/footwear.trocellen.com\/fr\/applications\/chaussures-decontractees\/\",\"name\":\"Chaussures d\u00e9contract\u00e9es - Footwear\",\"isPartOf\":{\"@id\":\"https:\/\/footwear.trocellen.com\/#website\"},\"primaryImageOfPage\":{\"@id\":\"https:\/\/footwear.trocellen.com\/fr\/applications\/chaussures-decontractees\/#primaryimage\"},\"image\":{\"@id\":\"https:\/\/footwear.trocellen.com\/fr\/applications\/chaussures-decontractees\/#primaryimage\"},\"thumbnailUrl\":\"https:\/\/footwear.trocellen.com\/wp-content\/uploads\/sites\/7\/2017\/08\/footwear_casual_001-300x265.png\",\"datePublished\":\"2017-08-17T12:55:07+00:00\",\"dateModified\":\"2017-08-17T12:55:07+00:00\",\"breadcrumb\":{\"@id\":\"https:\/\/footwear.trocellen.com\/fr\/applications\/chaussures-decontractees\/#breadcrumb\"},\"inLanguage\":\"fr-FR\",\"potentialAction\":[{\"@type\":\"ReadAction\",\"target\":[\"https:\/\/footwear.trocellen.com\/fr\/applications\/chaussures-decontractees\/\"]}]},{\"@type\":\"ImageObject\",\"inLanguage\":\"fr-FR\",\"@id\":\"https:\/\/footwear.trocellen.com\/fr\/applications\/chaussures-decontractees\/#primaryimage\",\"url\":\"https:\/\/footwear.trocellen.com\/wp-content\/uploads\/sites\/7\/2017\/08\/footwear_casual_001-300x265.png\",\"contentUrl\":\"https:\/\/footwear.trocellen.com\/wp-content\/uploads\/sites\/7\/2017\/08\/footwear_casual_001-300x265.png\"},{\"@type\":\"BreadcrumbList\",\"@id\":\"https:\/\/footwear.trocellen.com\/fr\/applications\/chaussures-decontractees\/#breadcrumb\",\"itemListElement\":[{\"@type\":\"ListItem\",\"position\":1,\"name\":\"Home\",\"item\":\"https:\/\/footwear.trocellen.com\/fr\/\"},{\"@type\":\"ListItem\",\"position\":2,\"name\":\"Applications\",\"item\":\"https:\/\/footwear.trocellen.com\/fr\/applications\/\"},{\"@type\":\"ListItem\",\"position\":3,\"name\":\"Chaussures d\u00e9contract\u00e9es\"}]},{\"@type\":\"WebSite\",\"@id\":\"https:\/\/footwear.trocellen.com\/#website\",\"url\":\"https:\/\/footwear.trocellen.com\/\",\"name\":\"Footwear\",\"description\":\"\",\"potentialAction\":[{\"@type\":\"SearchAction\",\"target\":{\"@type\":\"EntryPoint\",\"urlTemplate\":\"https:\/\/footwear.trocellen.com\/?s={search_term_string}\"},\"query-input\":{\"@type\":\"PropertyValueSpecification\",\"valueRequired\":true,\"valueName\":\"search_term_string\"}}],\"inLanguage\":\"fr-FR\"}]}<\/script>\n<!-- \/ Yoast SEO plugin. -->","yoast_head_json":{"title":"Chaussures d\u00e9contract\u00e9es - Footwear","robots":{"index":"index","follow":"follow","max-snippet":"max-snippet:-1","max-image-preview":"max-image-preview:large","max-video-preview":"max-video-preview:-1"},"canonical":"https:\/\/footwear.trocellen.com\/fr\/applications\/chaussures-decontractees\/","schema":{"@context":"https:\/\/schema.org","@graph":[{"@type":"WebPage","@id":"https:\/\/footwear.trocellen.com\/fr\/applications\/chaussures-decontractees\/","url":"https:\/\/footwear.trocellen.com\/fr\/applications\/chaussures-decontractees\/","name":"Chaussures d\u00e9contract\u00e9es - Footwear","isPartOf":{"@id":"https:\/\/footwear.trocellen.com\/#website"},"primaryImageOfPage":{"@id":"https:\/\/footwear.trocellen.com\/fr\/applications\/chaussures-decontractees\/#primaryimage"},"image":{"@id":"https:\/\/footwear.trocellen.com\/fr\/applications\/chaussures-decontractees\/#primaryimage"},"thumbnailUrl":"https:\/\/footwear.trocellen.com\/wp-content\/uploads\/sites\/7\/2017\/08\/footwear_casual_001-300x265.png","datePublished":"2017-08-17T12:55:07+00:00","dateModified":"2017-08-17T12:55:07+00:00","breadcrumb":{"@id":"https:\/\/footwear.trocellen.com\/fr\/applications\/chaussures-decontractees\/#breadcrumb"},"inLanguage":"fr-FR","potentialAction":[{"@type":"ReadAction","target":["https:\/\/footwear.trocellen.com\/fr\/applications\/chaussures-decontractees\/"]}]},{"@type":"ImageObject","inLanguage":"fr-FR","@id":"https:\/\/footwear.trocellen.com\/fr\/applications\/chaussures-decontractees\/#primaryimage","url":"https:\/\/footwear.trocellen.com\/wp-content\/uploads\/sites\/7\/2017\/08\/footwear_casual_001-300x265.png","contentUrl":"https:\/\/footwear.trocellen.com\/wp-content\/uploads\/sites\/7\/2017\/08\/footwear_casual_001-300x265.png"},{"@type":"BreadcrumbList","@id":"https:\/\/footwear.trocellen.com\/fr\/applications\/chaussures-decontractees\/#breadcrumb","itemListElement":[{"@type":"ListItem","position":1,"name":"Home","item":"https:\/\/footwear.trocellen.com\/fr\/"},{"@type":"ListItem","position":2,"name":"Applications","item":"https:\/\/footwear.trocellen.com\/fr\/applications\/"},{"@type":"ListItem","position":3,"name":"Chaussures d\u00e9contract\u00e9es"}]},{"@type":"WebSite","@id":"https:\/\/footwear.trocellen.com\/#website","url":"https:\/\/footwear.trocellen.com\/","name":"Footwear","description":"","potentialAction":[{"@type":"SearchAction","target":{"@type":"EntryPoint","urlTemplate":"https:\/\/footwear.trocellen.com\/?s={search_term_string}"},"query-input":{"@type":"PropertyValueSpecification","valueRequired":true,"valueName":"search_term_string"}}],"inLanguage":"fr-FR"}]}},"_links":{"self":[{"href":"https:\/\/footwear.trocellen.com\/fr\/wp-json\/wp\/v2\/pages\/877","targetHints":{"allow":["GET"]}}],"collection":[{"href":"https:\/\/footwear.trocellen.com\/fr\/wp-json\/wp\/v2\/pages"}],"about":[{"href":"https:\/\/footwear.trocellen.com\/fr\/wp-json\/wp\/v2\/types\/page"}],"author":[{"embeddable":true,"href":"https:\/\/footwear.trocellen.com\/fr\/wp-json\/wp\/v2\/users\/1"}],"replies":[{"embeddable":true,"href":"https:\/\/footwear.trocellen.com\/fr\/wp-json\/wp\/v2\/comments?post=877"}],"version-history":[{"count":0,"href":"https:\/\/footwear.trocellen.com\/fr\/wp-json\/wp\/v2\/pages\/877\/revisions"}],"up":[{"embeddable":true,"href":"https:\/\/footwear.trocellen.com\/fr\/wp-json\/wp\/v2\/pages\/854"}],"wp:attachment":[{"href":"https:\/\/footwear.trocellen.com\/fr\/wp-json\/wp\/v2\/media?parent=877"}],"curies":[{"name":"wp","href":"https:\/\/api.w.org\/{rel}","templated":true}]}}