{"id":883,"date":"2017-08-17T12:57:24","date_gmt":"2017-08-17T12:57:24","guid":{"rendered":"https:\/\/footwear.usernet.hu\/valises\/"},"modified":"2017-08-17T12:57:24","modified_gmt":"2017-08-17T12:57:24","slug":"valises","status":"publish","type":"page","link":"https:\/\/footwear.trocellen.com\/fr\/applications\/valises\/","title":{"rendered":"Valises"},"content":{"rendered":"<p>Gr\u00e2ce au poly\u00e9thyl\u00e8ne expans\u00e9 sp\u00e9cial, utilis\u00e9 par nous, les produits de notre famille de produits exceptionnelle ont une capacit\u00e9 de charge extraordinaire et sont tr\u00e8s confortables.<\/p>\n<h2>Mat\u00e9riau et dimensions<\/h2>\n<ul>\n<li>Poly\u00e9thyl\u00e8ne expans\u00e9<img loading=\"lazy\" decoding=\"async\" class=\"alignright size-medium wp-image-525\" src=\"https:\/\/footwear.trocellen.com\/wp-content\/uploads\/sites\/7\/2017\/08\/trocellen_transport_inserts_001-295x300.png\" alt=\"\" width=\"295\" height=\"300\" srcset=\"https:\/\/footwear.trocellen.com\/wp-content\/uploads\/sites\/7\/2017\/08\/trocellen_transport_inserts_001-295x300.png 295w, https:\/\/footwear.trocellen.com\/wp-content\/uploads\/sites\/7\/2017\/08\/trocellen_transport_inserts_001-768x781.png 768w, https:\/\/footwear.trocellen.com\/wp-content\/uploads\/sites\/7\/2017\/08\/trocellen_transport_inserts_001-1007x1024.png 1007w\" sizes=\"auto, (max-width: 295px) 100vw, 295px\" \/><\/li>\n<li>Un type rigide de 100 \u00e0 130 kg\/m\u00b3<\/li>\n<li>Une \u00e9paisseur de 4 ou 5mm<\/li>\n<\/ul>\n<h2>Caract\u00e9ristiques<\/h2>\n<ul>\n<li>Une capacit\u00e9 de charge \u00e9lev\u00e9e<\/li>\n<li>Facilit\u00e9 d&rsquo;utilisation<\/li>\n<li>Excellente thermoformabilit\u00e9<\/li>\n<\/ul>\n","protected":false},"excerpt":{"rendered":"<p>Gr\u00e2ce au poly\u00e9thyl\u00e8ne expans\u00e9 sp\u00e9cial, utilis\u00e9 par nous, les produits de notre famille de produits exceptionnelle ont une capacit\u00e9 de charge extraordinaire et sont tr\u00e8s confortables. Mat\u00e9riau et dimensions Poly\u00e9thyl\u00e8ne expans\u00e9 Un type rigide de 100 \u00e0 130 kg\/m\u00b3 Une \u00e9paisseur de 4 ou 5mm Caract\u00e9ristiques Une capacit\u00e9 de charge \u00e9lev\u00e9e Facilit\u00e9 d&rsquo;utilisation Excellente thermoformabilit\u00e9<\/p>\n","protected":false},"author":1,"featured_media":0,"parent":854,"menu_order":5,"comment_status":"closed","ping_status":"closed","template":"","meta":{"_acf_changed":false,"footnotes":""},"class_list":["post-883","page","type-page","status-publish","hentry"],"acf":[],"yoast_head":"<!-- This site is optimized with the Yoast SEO plugin v23.5 - https:\/\/yoast.com\/wordpress\/plugins\/seo\/ -->\n<title>Valises - Footwear<\/title>\n<meta name=\"robots\" content=\"index, follow, max-snippet:-1, max-image-preview:large, max-video-preview:-1\" \/>\n<link rel=\"canonical\" href=\"https:\/\/footwear.trocellen.com\/fr\/applications\/valises\/\" \/>\n<script type=\"application\/ld+json\" class=\"yoast-schema-graph\">{\"@context\":\"https:\/\/schema.org\",\"@graph\":[{\"@type\":\"WebPage\",\"@id\":\"https:\/\/footwear.trocellen.com\/fr\/applications\/valises\/\",\"url\":\"https:\/\/footwear.trocellen.com\/fr\/applications\/valises\/\",\"name\":\"Valises - Footwear\",\"isPartOf\":{\"@id\":\"https:\/\/footwear.trocellen.com\/#website\"},\"primaryImageOfPage\":{\"@id\":\"https:\/\/footwear.trocellen.com\/fr\/applications\/valises\/#primaryimage\"},\"image\":{\"@id\":\"https:\/\/footwear.trocellen.com\/fr\/applications\/valises\/#primaryimage\"},\"thumbnailUrl\":\"https:\/\/footwear.trocellen.com\/wp-content\/uploads\/sites\/7\/2017\/08\/trocellen_transport_inserts_001-295x300.png\",\"datePublished\":\"2017-08-17T12:57:24+00:00\",\"dateModified\":\"2017-08-17T12:57:24+00:00\",\"breadcrumb\":{\"@id\":\"https:\/\/footwear.trocellen.com\/fr\/applications\/valises\/#breadcrumb\"},\"inLanguage\":\"fr-FR\",\"potentialAction\":[{\"@type\":\"ReadAction\",\"target\":[\"https:\/\/footwear.trocellen.com\/fr\/applications\/valises\/\"]}]},{\"@type\":\"ImageObject\",\"inLanguage\":\"fr-FR\",\"@id\":\"https:\/\/footwear.trocellen.com\/fr\/applications\/valises\/#primaryimage\",\"url\":\"https:\/\/footwear.trocellen.com\/wp-content\/uploads\/sites\/7\/2017\/08\/trocellen_transport_inserts_001-295x300.png\",\"contentUrl\":\"https:\/\/footwear.trocellen.com\/wp-content\/uploads\/sites\/7\/2017\/08\/trocellen_transport_inserts_001-295x300.png\"},{\"@type\":\"BreadcrumbList\",\"@id\":\"https:\/\/footwear.trocellen.com\/fr\/applications\/valises\/#breadcrumb\",\"itemListElement\":[{\"@type\":\"ListItem\",\"position\":1,\"name\":\"Home\",\"item\":\"https:\/\/footwear.trocellen.com\/fr\/\"},{\"@type\":\"ListItem\",\"position\":2,\"name\":\"Applications\",\"item\":\"https:\/\/footwear.trocellen.com\/fr\/applications\/\"},{\"@type\":\"ListItem\",\"position\":3,\"name\":\"Valises\"}]},{\"@type\":\"WebSite\",\"@id\":\"https:\/\/footwear.trocellen.com\/#website\",\"url\":\"https:\/\/footwear.trocellen.com\/\",\"name\":\"Footwear\",\"description\":\"\",\"potentialAction\":[{\"@type\":\"SearchAction\",\"target\":{\"@type\":\"EntryPoint\",\"urlTemplate\":\"https:\/\/footwear.trocellen.com\/?s={search_term_string}\"},\"query-input\":{\"@type\":\"PropertyValueSpecification\",\"valueRequired\":true,\"valueName\":\"search_term_string\"}}],\"inLanguage\":\"fr-FR\"}]}<\/script>\n<!-- \/ Yoast SEO plugin. -->","yoast_head_json":{"title":"Valises - Footwear","robots":{"index":"index","follow":"follow","max-snippet":"max-snippet:-1","max-image-preview":"max-image-preview:large","max-video-preview":"max-video-preview:-1"},"canonical":"https:\/\/footwear.trocellen.com\/fr\/applications\/valises\/","schema":{"@context":"https:\/\/schema.org","@graph":[{"@type":"WebPage","@id":"https:\/\/footwear.trocellen.com\/fr\/applications\/valises\/","url":"https:\/\/footwear.trocellen.com\/fr\/applications\/valises\/","name":"Valises - Footwear","isPartOf":{"@id":"https:\/\/footwear.trocellen.com\/#website"},"primaryImageOfPage":{"@id":"https:\/\/footwear.trocellen.com\/fr\/applications\/valises\/#primaryimage"},"image":{"@id":"https:\/\/footwear.trocellen.com\/fr\/applications\/valises\/#primaryimage"},"thumbnailUrl":"https:\/\/footwear.trocellen.com\/wp-content\/uploads\/sites\/7\/2017\/08\/trocellen_transport_inserts_001-295x300.png","datePublished":"2017-08-17T12:57:24+00:00","dateModified":"2017-08-17T12:57:24+00:00","breadcrumb":{"@id":"https:\/\/footwear.trocellen.com\/fr\/applications\/valises\/#breadcrumb"},"inLanguage":"fr-FR","potentialAction":[{"@type":"ReadAction","target":["https:\/\/footwear.trocellen.com\/fr\/applications\/valises\/"]}]},{"@type":"ImageObject","inLanguage":"fr-FR","@id":"https:\/\/footwear.trocellen.com\/fr\/applications\/valises\/#primaryimage","url":"https:\/\/footwear.trocellen.com\/wp-content\/uploads\/sites\/7\/2017\/08\/trocellen_transport_inserts_001-295x300.png","contentUrl":"https:\/\/footwear.trocellen.com\/wp-content\/uploads\/sites\/7\/2017\/08\/trocellen_transport_inserts_001-295x300.png"},{"@type":"BreadcrumbList","@id":"https:\/\/footwear.trocellen.com\/fr\/applications\/valises\/#breadcrumb","itemListElement":[{"@type":"ListItem","position":1,"name":"Home","item":"https:\/\/footwear.trocellen.com\/fr\/"},{"@type":"ListItem","position":2,"name":"Applications","item":"https:\/\/footwear.trocellen.com\/fr\/applications\/"},{"@type":"ListItem","position":3,"name":"Valises"}]},{"@type":"WebSite","@id":"https:\/\/footwear.trocellen.com\/#website","url":"https:\/\/footwear.trocellen.com\/","name":"Footwear","description":"","potentialAction":[{"@type":"SearchAction","target":{"@type":"EntryPoint","urlTemplate":"https:\/\/footwear.trocellen.com\/?s={search_term_string}"},"query-input":{"@type":"PropertyValueSpecification","valueRequired":true,"valueName":"search_term_string"}}],"inLanguage":"fr-FR"}]}},"_links":{"self":[{"href":"https:\/\/footwear.trocellen.com\/fr\/wp-json\/wp\/v2\/pages\/883","targetHints":{"allow":["GET"]}}],"collection":[{"href":"https:\/\/footwear.trocellen.com\/fr\/wp-json\/wp\/v2\/pages"}],"about":[{"href":"https:\/\/footwear.trocellen.com\/fr\/wp-json\/wp\/v2\/types\/page"}],"author":[{"embeddable":true,"href":"https:\/\/footwear.trocellen.com\/fr\/wp-json\/wp\/v2\/users\/1"}],"replies":[{"embeddable":true,"href":"https:\/\/footwear.trocellen.com\/fr\/wp-json\/wp\/v2\/comments?post=883"}],"version-history":[{"count":0,"href":"https:\/\/footwear.trocellen.com\/fr\/wp-json\/wp\/v2\/pages\/883\/revisions"}],"up":[{"embeddable":true,"href":"https:\/\/footwear.trocellen.com\/fr\/wp-json\/wp\/v2\/pages\/854"}],"wp:attachment":[{"href":"https:\/\/footwear.trocellen.com\/fr\/wp-json\/wp\/v2\/media?parent=883"}],"curies":[{"name":"wp","href":"https:\/\/api.w.org\/{rel}","templated":true}]}}