{"id":889,"date":"2017-08-17T12:59:15","date_gmt":"2017-08-17T12:59:15","guid":{"rendered":"https:\/\/footwear.usernet.hu\/accessoires-de-moteur-et-materiel-de-protection\/"},"modified":"2017-08-17T12:59:15","modified_gmt":"2017-08-17T12:59:15","slug":"accessoires-de-moteur-et-materiel-de-protection","status":"publish","type":"page","link":"https:\/\/footwear.trocellen.com\/fr\/applications\/accessoires-de-moteur-et-materiel-de-protection\/","title":{"rendered":"Accessoires de moteur et mat\u00e9riel de protection"},"content":{"rendered":"<p>La flexibilit\u00e9 et la facilit\u00e9 d&rsquo;adaptation des mousses de poly\u00e9thyl\u00e8ne offrent un confort et une durabilit\u00e9 lors de l\u2019utilisation dans le monde des moteurs, tout en offrant une haute performance en toutes circonstances.<\/p>\n<h2>Mat\u00e9riau et dimensions<\/h2>\n<ul>\n<li>Poly\u00e9thyl\u00e8ne expans\u00e9<img loading=\"lazy\" decoding=\"async\" class=\"alignright size-medium wp-image-527\" src=\"https:\/\/footwear.trocellen.com\/wp-content\/uploads\/sites\/7\/2017\/08\/trocellen_cargo_boxes_003-300x255.png\" alt=\"\" width=\"300\" height=\"255\" srcset=\"https:\/\/footwear.trocellen.com\/wp-content\/uploads\/sites\/7\/2017\/08\/trocellen_cargo_boxes_003-300x255.png 300w, https:\/\/footwear.trocellen.com\/wp-content\/uploads\/sites\/7\/2017\/08\/trocellen_cargo_boxes_003-768x654.png 768w, https:\/\/footwear.trocellen.com\/wp-content\/uploads\/sites\/7\/2017\/08\/trocellen_cargo_boxes_003-1024x871.png 1024w\" sizes=\"auto, (max-width: 300px) 100vw, 300px\" \/><\/li>\n<li>Un type semi-rigide de 30 \u00e0 40 kg\/m<sup>3<\/sup><\/li>\n<li>Une \u00e9paisseur de 8 \u00e0 10mm<\/li>\n<\/ul>\n<h2>Caract\u00e9ristiques<\/h2>\n<ul>\n<li>Flexibilit\u00e9<\/li>\n<li>Facilit\u00e9 d&rsquo;utilisation<\/li>\n<li>Une bonne r\u00e9sistance aux chocs<\/li>\n<\/ul>\n","protected":false},"excerpt":{"rendered":"<p>La flexibilit\u00e9 et la facilit\u00e9 d&rsquo;adaptation des mousses de poly\u00e9thyl\u00e8ne offrent un confort et une durabilit\u00e9 lors de l\u2019utilisation dans le monde des moteurs, tout en offrant une haute performance en toutes circonstances. Mat\u00e9riau et dimensions Poly\u00e9thyl\u00e8ne expans\u00e9 Un type semi-rigide de 30 \u00e0 40 kg\/m3 Une \u00e9paisseur de 8 \u00e0 10mm Caract\u00e9ristiques Flexibilit\u00e9 Facilit\u00e9 [&hellip;]<\/p>\n","protected":false},"author":1,"featured_media":0,"parent":854,"menu_order":6,"comment_status":"closed","ping_status":"closed","template":"","meta":{"_acf_changed":false,"footnotes":""},"class_list":["post-889","page","type-page","status-publish","hentry"],"acf":[],"yoast_head":"<!-- This site is optimized with the Yoast SEO plugin v23.5 - https:\/\/yoast.com\/wordpress\/plugins\/seo\/ -->\n<title>Accessoires de moteur et mat\u00e9riel de protection - Footwear<\/title>\n<meta name=\"robots\" content=\"index, follow, max-snippet:-1, max-image-preview:large, max-video-preview:-1\" \/>\n<link rel=\"canonical\" href=\"https:\/\/footwear.trocellen.com\/fr\/applications\/accessoires-de-moteur-et-materiel-de-protection\/\" \/>\n<script type=\"application\/ld+json\" class=\"yoast-schema-graph\">{\"@context\":\"https:\/\/schema.org\",\"@graph\":[{\"@type\":\"WebPage\",\"@id\":\"https:\/\/footwear.trocellen.com\/fr\/applications\/accessoires-de-moteur-et-materiel-de-protection\/\",\"url\":\"https:\/\/footwear.trocellen.com\/fr\/applications\/accessoires-de-moteur-et-materiel-de-protection\/\",\"name\":\"Accessoires de moteur et mat\u00e9riel de protection - Footwear\",\"isPartOf\":{\"@id\":\"https:\/\/footwear.trocellen.com\/#website\"},\"primaryImageOfPage\":{\"@id\":\"https:\/\/footwear.trocellen.com\/fr\/applications\/accessoires-de-moteur-et-materiel-de-protection\/#primaryimage\"},\"image\":{\"@id\":\"https:\/\/footwear.trocellen.com\/fr\/applications\/accessoires-de-moteur-et-materiel-de-protection\/#primaryimage\"},\"thumbnailUrl\":\"https:\/\/footwear.trocellen.com\/wp-content\/uploads\/sites\/7\/2017\/08\/trocellen_cargo_boxes_003-300x255.png\",\"datePublished\":\"2017-08-17T12:59:15+00:00\",\"dateModified\":\"2017-08-17T12:59:15+00:00\",\"breadcrumb\":{\"@id\":\"https:\/\/footwear.trocellen.com\/fr\/applications\/accessoires-de-moteur-et-materiel-de-protection\/#breadcrumb\"},\"inLanguage\":\"fr-FR\",\"potentialAction\":[{\"@type\":\"ReadAction\",\"target\":[\"https:\/\/footwear.trocellen.com\/fr\/applications\/accessoires-de-moteur-et-materiel-de-protection\/\"]}]},{\"@type\":\"ImageObject\",\"inLanguage\":\"fr-FR\",\"@id\":\"https:\/\/footwear.trocellen.com\/fr\/applications\/accessoires-de-moteur-et-materiel-de-protection\/#primaryimage\",\"url\":\"https:\/\/footwear.trocellen.com\/wp-content\/uploads\/sites\/7\/2017\/08\/trocellen_cargo_boxes_003-300x255.png\",\"contentUrl\":\"https:\/\/footwear.trocellen.com\/wp-content\/uploads\/sites\/7\/2017\/08\/trocellen_cargo_boxes_003-300x255.png\"},{\"@type\":\"BreadcrumbList\",\"@id\":\"https:\/\/footwear.trocellen.com\/fr\/applications\/accessoires-de-moteur-et-materiel-de-protection\/#breadcrumb\",\"itemListElement\":[{\"@type\":\"ListItem\",\"position\":1,\"name\":\"Home\",\"item\":\"https:\/\/footwear.trocellen.com\/fr\/\"},{\"@type\":\"ListItem\",\"position\":2,\"name\":\"Applications\",\"item\":\"https:\/\/footwear.trocellen.com\/fr\/applications\/\"},{\"@type\":\"ListItem\",\"position\":3,\"name\":\"Accessoires de moteur et mat\u00e9riel de protection\"}]},{\"@type\":\"WebSite\",\"@id\":\"https:\/\/footwear.trocellen.com\/#website\",\"url\":\"https:\/\/footwear.trocellen.com\/\",\"name\":\"Footwear\",\"description\":\"\",\"potentialAction\":[{\"@type\":\"SearchAction\",\"target\":{\"@type\":\"EntryPoint\",\"urlTemplate\":\"https:\/\/footwear.trocellen.com\/?s={search_term_string}\"},\"query-input\":{\"@type\":\"PropertyValueSpecification\",\"valueRequired\":true,\"valueName\":\"search_term_string\"}}],\"inLanguage\":\"fr-FR\"}]}<\/script>\n<!-- \/ Yoast SEO plugin. -->","yoast_head_json":{"title":"Accessoires de moteur et mat\u00e9riel de protection - Footwear","robots":{"index":"index","follow":"follow","max-snippet":"max-snippet:-1","max-image-preview":"max-image-preview:large","max-video-preview":"max-video-preview:-1"},"canonical":"https:\/\/footwear.trocellen.com\/fr\/applications\/accessoires-de-moteur-et-materiel-de-protection\/","schema":{"@context":"https:\/\/schema.org","@graph":[{"@type":"WebPage","@id":"https:\/\/footwear.trocellen.com\/fr\/applications\/accessoires-de-moteur-et-materiel-de-protection\/","url":"https:\/\/footwear.trocellen.com\/fr\/applications\/accessoires-de-moteur-et-materiel-de-protection\/","name":"Accessoires de moteur et mat\u00e9riel de protection - Footwear","isPartOf":{"@id":"https:\/\/footwear.trocellen.com\/#website"},"primaryImageOfPage":{"@id":"https:\/\/footwear.trocellen.com\/fr\/applications\/accessoires-de-moteur-et-materiel-de-protection\/#primaryimage"},"image":{"@id":"https:\/\/footwear.trocellen.com\/fr\/applications\/accessoires-de-moteur-et-materiel-de-protection\/#primaryimage"},"thumbnailUrl":"https:\/\/footwear.trocellen.com\/wp-content\/uploads\/sites\/7\/2017\/08\/trocellen_cargo_boxes_003-300x255.png","datePublished":"2017-08-17T12:59:15+00:00","dateModified":"2017-08-17T12:59:15+00:00","breadcrumb":{"@id":"https:\/\/footwear.trocellen.com\/fr\/applications\/accessoires-de-moteur-et-materiel-de-protection\/#breadcrumb"},"inLanguage":"fr-FR","potentialAction":[{"@type":"ReadAction","target":["https:\/\/footwear.trocellen.com\/fr\/applications\/accessoires-de-moteur-et-materiel-de-protection\/"]}]},{"@type":"ImageObject","inLanguage":"fr-FR","@id":"https:\/\/footwear.trocellen.com\/fr\/applications\/accessoires-de-moteur-et-materiel-de-protection\/#primaryimage","url":"https:\/\/footwear.trocellen.com\/wp-content\/uploads\/sites\/7\/2017\/08\/trocellen_cargo_boxes_003-300x255.png","contentUrl":"https:\/\/footwear.trocellen.com\/wp-content\/uploads\/sites\/7\/2017\/08\/trocellen_cargo_boxes_003-300x255.png"},{"@type":"BreadcrumbList","@id":"https:\/\/footwear.trocellen.com\/fr\/applications\/accessoires-de-moteur-et-materiel-de-protection\/#breadcrumb","itemListElement":[{"@type":"ListItem","position":1,"name":"Home","item":"https:\/\/footwear.trocellen.com\/fr\/"},{"@type":"ListItem","position":2,"name":"Applications","item":"https:\/\/footwear.trocellen.com\/fr\/applications\/"},{"@type":"ListItem","position":3,"name":"Accessoires de moteur et mat\u00e9riel de protection"}]},{"@type":"WebSite","@id":"https:\/\/footwear.trocellen.com\/#website","url":"https:\/\/footwear.trocellen.com\/","name":"Footwear","description":"","potentialAction":[{"@type":"SearchAction","target":{"@type":"EntryPoint","urlTemplate":"https:\/\/footwear.trocellen.com\/?s={search_term_string}"},"query-input":{"@type":"PropertyValueSpecification","valueRequired":true,"valueName":"search_term_string"}}],"inLanguage":"fr-FR"}]}},"_links":{"self":[{"href":"https:\/\/footwear.trocellen.com\/fr\/wp-json\/wp\/v2\/pages\/889","targetHints":{"allow":["GET"]}}],"collection":[{"href":"https:\/\/footwear.trocellen.com\/fr\/wp-json\/wp\/v2\/pages"}],"about":[{"href":"https:\/\/footwear.trocellen.com\/fr\/wp-json\/wp\/v2\/types\/page"}],"author":[{"embeddable":true,"href":"https:\/\/footwear.trocellen.com\/fr\/wp-json\/wp\/v2\/users\/1"}],"replies":[{"embeddable":true,"href":"https:\/\/footwear.trocellen.com\/fr\/wp-json\/wp\/v2\/comments?post=889"}],"version-history":[{"count":0,"href":"https:\/\/footwear.trocellen.com\/fr\/wp-json\/wp\/v2\/pages\/889\/revisions"}],"up":[{"embeddable":true,"href":"https:\/\/footwear.trocellen.com\/fr\/wp-json\/wp\/v2\/pages\/854"}],"wp:attachment":[{"href":"https:\/\/footwear.trocellen.com\/fr\/wp-json\/wp\/v2\/media?parent=889"}],"curies":[{"name":"wp","href":"https:\/\/api.w.org\/{rel}","templated":true}]}}