{"id":748,"date":"2013-12-08T20:01:33","date_gmt":"2013-12-08T20:01:33","guid":{"rendered":"https:\/\/footwear.usernet.hu\/talpbetetek\/"},"modified":"2013-12-08T20:01:33","modified_gmt":"2013-12-08T20:01:33","slug":"talpbetetek","status":"publish","type":"page","link":"https:\/\/footwear.trocellen.com\/hu\/alkalmazasok\/belesek\/talpbetetek\/","title":{"rendered":"Talpbet\u00e9tek"},"content":{"rendered":"<p>A Trocellen habok m\u00e1s j\u00f3 min\u0151s\u00e9g\u0171 anyagokkal kombin\u00e1lva kreat\u00edv, k\u00e9nyelmes \u00e9s v\u00e1s\u00e1rl\u00f3-orient\u00e1lt megold\u00e1sokat k\u00edn\u00e1lnak a cip\u0151iparnak.<br \/>\nValamennyi anyagkombin\u00e1ci\u00f3ban \u00e9s a k\u00fcl\u00f6nb\u00f6z\u0151 el\u0151\u00e1ll\u00edt\u00e1si m\u00f3dszerek sor\u00e1n megfelel\u00fcnk a v\u00e1s\u00e1rl\u00f3k ig\u00e9nyeinek a stabilit\u00e1s, biztons\u00e1g, higi\u00e9nia \u00e9s min\u0151s\u00e9g tekintet\u00e9ben.<\/p>\n<h2>Kondukt\u00edv talpbet\u00e9tek (Trocellen szabadalom)<\/h2>\n<h3>Anyagok \u00e9s m\u00e9retek<\/h3>\n<ul>\n<li>Polietil\u00e9n hab<\/li>\n<li>Fizikailag t\u00e9rh\u00e1l\u00f3s\u00edtott<\/li>\n<li>A fels\u0151 oldalon ipari anyaggal lamin\u00e1lt, az als\u00f3n kondukt\u00edv nemezzel<\/li>\n<li>4-6 mm vastags\u00e1g t\u00edpus<\/li>\n<\/ul>\n<h3>Tulajdons\u00e1gok<\/h3>\n<ul>\n<li>Magas konduktivit\u00e1s (&lt;10^4 Ohm)<\/li>\n<li>J\u00f3 kop\u00e1s\u00e1ll\u00f3s\u00e1g<\/li>\n<li>Magas l\u00e9g\u00e1tereszt\u00e9s \u00e9s alacsony nedvess\u00e9g-t\u00e1rol\u00e1s<\/li>\n<li>Antibakteri\u00e1lis kezel\u00e9s lehets\u00e9ges a polietil\u00e9n habokhoz<\/li>\n<li>Pontos termoform\u00e1zhat\u00f3s\u00e1g<\/li>\n<li>Hossz\u00fa \u00e9lettartam<\/li>\n<li>PVC- \u00e9s VOC-mentes<\/li>\n<li>A nemezrostok vertik\u00e1lisan a polietil\u00e9nhez vannak varrva (f\u0171z\u00f6tt), rendk\u00edv\u00fcl magas konduktivit\u00e1st biztos\u00edtva<\/li>\n<li>Egyszer\u0171en beilleszthet\u0151 a cip\u0151be<\/li>\n<\/ul>\n<h2>H\u0151form\u00e1zott talpbet\u00e9tek<\/h2>\n<h3>Anyagok \u00e9s m\u00e9retek<\/h3>\n<ul>\n<li>Polietil\u00e9n hab<\/li>\n<li>Egyszer\u0171, perfor\u00e1lt, termo-tapad\u00e1ssal bevonva vagy ipari anyaggal lamin\u00e1lva<\/li>\n<li>70 \u2013 250 merevs\u00e9gi t\u00edpus<\/li>\n<li>4-6 mm vastags\u00e1g t\u00edpus<\/li>\n<\/ul>\n<h3>Tulajdons\u00e1gok<\/h3>\n<ul>\n<li>K\u00e9nyelem<\/li>\n<li>K\u00f6nny\u0171<\/li>\n<li>Hossz\u00fa \u00e9lettartam<\/li>\n<li>Kop\u00e1s\u00e1ll\u00f3<\/li>\n<li>H\u0151szigetel\u00e9s<\/li>\n<li>Pontos termoform\u00e1zhat\u00f3s\u00e1g<\/li>\n<li>Antibakteri\u00e1lis kezel\u00e9s lehets\u00e9ges az anyaggal lamin\u00e1lt v\u00e1ltozatok eset\u00e9ben<\/li>\n<li>L\u00e9g\u00e1tereszt\u0151 tulajdons\u00e1g a perfor\u00e1lt v\u00e1ltozatokn\u00e1l<\/li>\n<li>Egyszer\u0171en beilleszthet\u0151 a cip\u0151be<\/li>\n<\/ul>\n<h2>Lyuggatott talpbet\u00e9tek<\/h2>\n<h3>Anyagok \u00e9s m\u00e9retek<\/h3>\n<p><img loading=\"lazy\" decoding=\"async\" class=\"alignright size-medium wp-image-501\" src=\"https:\/\/footwear.trocellen.com\/wp-content\/uploads\/sites\/7\/2013\/12\/insoles_001-300x169.png\" alt=\"\" width=\"300\" height=\"169\" srcset=\"https:\/\/footwear.trocellen.com\/wp-content\/uploads\/sites\/7\/2013\/12\/insoles_001-300x169.png 300w, https:\/\/footwear.trocellen.com\/wp-content\/uploads\/sites\/7\/2013\/12\/insoles_001-768x432.png 768w, https:\/\/footwear.trocellen.com\/wp-content\/uploads\/sites\/7\/2013\/12\/insoles_001-1024x576.png 1024w\" sizes=\"auto, (max-width: 300px) 100vw, 300px\" \/><\/p>\n<ul>\n<li>Polietil\u00e9n hab<\/li>\n<li>Poliuret\u00e1n habbal \u00e9s ipari anyagokkal lamin\u00e1lt<\/li>\n<li>S\u0171r\u0171s\u00e9g 150 kg\/m\u00b3<\/li>\n<li>4-5 mm vastags\u00e1g t\u00edpus<\/li>\n<\/ul>\n<h3>Tulajdons\u00e1gok<\/h3>\n<ul>\n<li>K\u00e9nyelem<\/li>\n<li>K\u00f6nny\u0171<\/li>\n<li>L\u00e9g\u00e1tereszt\u0151 tulajdons\u00e1g a perfor\u00e1lt v\u00e1ltozatokn\u00e1l<\/li>\n<li>Kop\u00e1s\u00e1ll\u00f3<\/li>\n<li>Hossz\u00fa \u00e9lettartam<\/li>\n<li>Egyszer\u0171 gy\u00e1rt\u00e1si folyamat, egyszer\u0171 beilleszteni a cip\u0151be<\/li>\n<li>PVC- \u00e9s VOC-mentes<\/li>\n<li>H\u0151szigetel\u00e9s<\/li>\n<\/ul>\n<h2>Lyuggatott talpbet\u00e9t filccel<\/h2>\n<h3>Anyagok \u00e9s m\u00e9retek<\/h3>\n<ul>\n<li>Poliuret\u00e1n habbal \u00e9s ipari anyagokkal lamin\u00e1lt nemez<\/li>\n<\/ul>\n<h3>Tulajdons\u00e1gok<\/h3>\n<ul>\n<li>K\u00e9nyelem<\/li>\n<li>J\u00f3 l\u00e9g\u00e1tereszt\u00e9s<\/li>\n<li>PVC- \u00e9s VOC-mentes<\/li>\n<\/ul>\n<h2>Lyuggatott talpbet\u00e9tek poliuret\u00e1n habbal<\/h2>\n<h3>Anyagok \u00e9s m\u00e9retek<\/h3>\n<ul>\n<li>\u00dajrak\u00f6t\u00f6tt poliuret\u00e1n hab<\/li>\n<li>Sima vagy \u00f6ntapad\u00f3s bevonattal<\/li>\n<\/ul>\n<h3>Tulajdons\u00e1gok<\/h3>\n<ul>\n<li>J\u00f3 l\u00e9g\u00e1tereszt\u00e9s<\/li>\n<li>Antibakteri\u00e1lis kezel\u00e9s lehets\u00e9ges<\/li>\n<li>Nyomtat\u00e1ssal testreszabhat\u00f3<\/li>\n<li>PVC- \u00e9s VOC-mentes<\/li>\n<\/ul>\n","protected":false},"excerpt":{"rendered":"<p>A Trocellen habok m\u00e1s j\u00f3 min\u0151s\u00e9g\u0171 anyagokkal kombin\u00e1lva kreat\u00edv, k\u00e9nyelmes \u00e9s v\u00e1s\u00e1rl\u00f3-orient\u00e1lt megold\u00e1sokat k\u00edn\u00e1lnak a cip\u0151iparnak. Valamennyi anyagkombin\u00e1ci\u00f3ban \u00e9s a k\u00fcl\u00f6nb\u00f6z\u0151 el\u0151\u00e1ll\u00edt\u00e1si m\u00f3dszerek sor\u00e1n megfelel\u00fcnk a v\u00e1s\u00e1rl\u00f3k ig\u00e9nyeinek a stabilit\u00e1s, biztons\u00e1g, higi\u00e9nia \u00e9s min\u0151s\u00e9g tekintet\u00e9ben. Kondukt\u00edv talpbet\u00e9tek (Trocellen szabadalom) Anyagok \u00e9s m\u00e9retek Polietil\u00e9n hab Fizikailag t\u00e9rh\u00e1l\u00f3s\u00edtott A fels\u0151 oldalon ipari anyaggal lamin\u00e1lt, az als\u00f3n kondukt\u00edv [&hellip;]<\/p>\n","protected":false},"author":6,"featured_media":0,"parent":730,"menu_order":0,"comment_status":"open","ping_status":"open","template":"","meta":{"_acf_changed":false,"footnotes":""},"class_list":["post-748","page","type-page","status-publish","hentry"],"acf":[],"yoast_head":"<!-- This site is optimized with the Yoast SEO plugin v23.5 - https:\/\/yoast.com\/wordpress\/plugins\/seo\/ -->\n<title>Talpbet\u00e9tek - Footwear<\/title>\n<meta name=\"robots\" content=\"index, follow, max-snippet:-1, max-image-preview:large, max-video-preview:-1\" \/>\n<link rel=\"canonical\" href=\"https:\/\/footwear.trocellen.com\/hu\/alkalmazasok\/belesek\/talpbetetek\/\" \/>\n<meta name=\"twitter:label1\" content=\"Becs\u00fclt olvas\u00e1si id\u0151\" \/>\n\t<meta name=\"twitter:data1\" content=\"2 perc\" \/>\n<script type=\"application\/ld+json\" class=\"yoast-schema-graph\">{\"@context\":\"https:\/\/schema.org\",\"@graph\":[{\"@type\":\"WebPage\",\"@id\":\"https:\/\/footwear.trocellen.com\/hu\/alkalmazasok\/belesek\/talpbetetek\/\",\"url\":\"https:\/\/footwear.trocellen.com\/hu\/alkalmazasok\/belesek\/talpbetetek\/\",\"name\":\"Talpbet\u00e9tek - Footwear\",\"isPartOf\":{\"@id\":\"https:\/\/footwear.trocellen.com\/#website\"},\"primaryImageOfPage\":{\"@id\":\"https:\/\/footwear.trocellen.com\/hu\/alkalmazasok\/belesek\/talpbetetek\/#primaryimage\"},\"image\":{\"@id\":\"https:\/\/footwear.trocellen.com\/hu\/alkalmazasok\/belesek\/talpbetetek\/#primaryimage\"},\"thumbnailUrl\":\"https:\/\/footwear.trocellen.com\/wp-content\/uploads\/sites\/7\/2013\/12\/insoles_001-300x169.png\",\"datePublished\":\"2013-12-08T20:01:33+00:00\",\"dateModified\":\"2013-12-08T20:01:33+00:00\",\"breadcrumb\":{\"@id\":\"https:\/\/footwear.trocellen.com\/hu\/alkalmazasok\/belesek\/talpbetetek\/#breadcrumb\"},\"inLanguage\":\"hu\",\"potentialAction\":[{\"@type\":\"ReadAction\",\"target\":[\"https:\/\/footwear.trocellen.com\/hu\/alkalmazasok\/belesek\/talpbetetek\/\"]}]},{\"@type\":\"ImageObject\",\"inLanguage\":\"hu\",\"@id\":\"https:\/\/footwear.trocellen.com\/hu\/alkalmazasok\/belesek\/talpbetetek\/#primaryimage\",\"url\":\"https:\/\/footwear.trocellen.com\/wp-content\/uploads\/sites\/7\/2013\/12\/insoles_001-300x169.png\",\"contentUrl\":\"https:\/\/footwear.trocellen.com\/wp-content\/uploads\/sites\/7\/2013\/12\/insoles_001-300x169.png\"},{\"@type\":\"BreadcrumbList\",\"@id\":\"https:\/\/footwear.trocellen.com\/hu\/alkalmazasok\/belesek\/talpbetetek\/#breadcrumb\",\"itemListElement\":[{\"@type\":\"ListItem\",\"position\":1,\"name\":\"Home\",\"item\":\"https:\/\/footwear.trocellen.com\/hu\/\"},{\"@type\":\"ListItem\",\"position\":2,\"name\":\"Alkalmaz\u00e1sok\",\"item\":\"https:\/\/footwear.trocellen.com\/hu\/alkalmazasok\/\"},{\"@type\":\"ListItem\",\"position\":3,\"name\":\"B\u00e9l\u00e9sek\",\"item\":\"https:\/\/footwear.trocellen.com\/hu\/alkalmazasok\/belesek\/\"},{\"@type\":\"ListItem\",\"position\":4,\"name\":\"Talpbet\u00e9tek\"}]},{\"@type\":\"WebSite\",\"@id\":\"https:\/\/footwear.trocellen.com\/#website\",\"url\":\"https:\/\/footwear.trocellen.com\/\",\"name\":\"Footwear\",\"description\":\"\",\"potentialAction\":[{\"@type\":\"SearchAction\",\"target\":{\"@type\":\"EntryPoint\",\"urlTemplate\":\"https:\/\/footwear.trocellen.com\/?s={search_term_string}\"},\"query-input\":{\"@type\":\"PropertyValueSpecification\",\"valueRequired\":true,\"valueName\":\"search_term_string\"}}],\"inLanguage\":\"hu\"}]}<\/script>\n<!-- \/ Yoast SEO plugin. -->","yoast_head_json":{"title":"Talpbet\u00e9tek - Footwear","robots":{"index":"index","follow":"follow","max-snippet":"max-snippet:-1","max-image-preview":"max-image-preview:large","max-video-preview":"max-video-preview:-1"},"canonical":"https:\/\/footwear.trocellen.com\/hu\/alkalmazasok\/belesek\/talpbetetek\/","twitter_misc":{"Becs\u00fclt olvas\u00e1si id\u0151":"2 perc"},"schema":{"@context":"https:\/\/schema.org","@graph":[{"@type":"WebPage","@id":"https:\/\/footwear.trocellen.com\/hu\/alkalmazasok\/belesek\/talpbetetek\/","url":"https:\/\/footwear.trocellen.com\/hu\/alkalmazasok\/belesek\/talpbetetek\/","name":"Talpbet\u00e9tek - Footwear","isPartOf":{"@id":"https:\/\/footwear.trocellen.com\/#website"},"primaryImageOfPage":{"@id":"https:\/\/footwear.trocellen.com\/hu\/alkalmazasok\/belesek\/talpbetetek\/#primaryimage"},"image":{"@id":"https:\/\/footwear.trocellen.com\/hu\/alkalmazasok\/belesek\/talpbetetek\/#primaryimage"},"thumbnailUrl":"https:\/\/footwear.trocellen.com\/wp-content\/uploads\/sites\/7\/2013\/12\/insoles_001-300x169.png","datePublished":"2013-12-08T20:01:33+00:00","dateModified":"2013-12-08T20:01:33+00:00","breadcrumb":{"@id":"https:\/\/footwear.trocellen.com\/hu\/alkalmazasok\/belesek\/talpbetetek\/#breadcrumb"},"inLanguage":"hu","potentialAction":[{"@type":"ReadAction","target":["https:\/\/footwear.trocellen.com\/hu\/alkalmazasok\/belesek\/talpbetetek\/"]}]},{"@type":"ImageObject","inLanguage":"hu","@id":"https:\/\/footwear.trocellen.com\/hu\/alkalmazasok\/belesek\/talpbetetek\/#primaryimage","url":"https:\/\/footwear.trocellen.com\/wp-content\/uploads\/sites\/7\/2013\/12\/insoles_001-300x169.png","contentUrl":"https:\/\/footwear.trocellen.com\/wp-content\/uploads\/sites\/7\/2013\/12\/insoles_001-300x169.png"},{"@type":"BreadcrumbList","@id":"https:\/\/footwear.trocellen.com\/hu\/alkalmazasok\/belesek\/talpbetetek\/#breadcrumb","itemListElement":[{"@type":"ListItem","position":1,"name":"Home","item":"https:\/\/footwear.trocellen.com\/hu\/"},{"@type":"ListItem","position":2,"name":"Alkalmaz\u00e1sok","item":"https:\/\/footwear.trocellen.com\/hu\/alkalmazasok\/"},{"@type":"ListItem","position":3,"name":"B\u00e9l\u00e9sek","item":"https:\/\/footwear.trocellen.com\/hu\/alkalmazasok\/belesek\/"},{"@type":"ListItem","position":4,"name":"Talpbet\u00e9tek"}]},{"@type":"WebSite","@id":"https:\/\/footwear.trocellen.com\/#website","url":"https:\/\/footwear.trocellen.com\/","name":"Footwear","description":"","potentialAction":[{"@type":"SearchAction","target":{"@type":"EntryPoint","urlTemplate":"https:\/\/footwear.trocellen.com\/?s={search_term_string}"},"query-input":{"@type":"PropertyValueSpecification","valueRequired":true,"valueName":"search_term_string"}}],"inLanguage":"hu"}]}},"_links":{"self":[{"href":"https:\/\/footwear.trocellen.com\/hu\/wp-json\/wp\/v2\/pages\/748","targetHints":{"allow":["GET"]}}],"collection":[{"href":"https:\/\/footwear.trocellen.com\/hu\/wp-json\/wp\/v2\/pages"}],"about":[{"href":"https:\/\/footwear.trocellen.com\/hu\/wp-json\/wp\/v2\/types\/page"}],"author":[{"embeddable":true,"href":"https:\/\/footwear.trocellen.com\/hu\/wp-json\/wp\/v2\/users\/6"}],"replies":[{"embeddable":true,"href":"https:\/\/footwear.trocellen.com\/hu\/wp-json\/wp\/v2\/comments?post=748"}],"version-history":[{"count":0,"href":"https:\/\/footwear.trocellen.com\/hu\/wp-json\/wp\/v2\/pages\/748\/revisions"}],"up":[{"embeddable":true,"href":"https:\/\/footwear.trocellen.com\/hu\/wp-json\/wp\/v2\/pages\/730"}],"wp:attachment":[{"href":"https:\/\/footwear.trocellen.com\/hu\/wp-json\/wp\/v2\/media?parent=748"}],"curies":[{"name":"wp","href":"https:\/\/api.w.org\/{rel}","templated":true}]}}