{"id":754,"date":"2013-12-08T20:12:33","date_gmt":"2013-12-08T20:12:33","guid":{"rendered":"https:\/\/footwear.usernet.hu\/lepeskonnyito-betetek\/"},"modified":"2013-12-08T20:12:33","modified_gmt":"2013-12-08T20:12:33","slug":"lepeskonnyito-betetek","status":"publish","type":"page","link":"https:\/\/footwear.trocellen.com\/hu\/alkalmazasok\/belesek\/lepeskonnyito-betetek\/","title":{"rendered":"L\u00e9p\u00e9sk\u00f6nny\u00edt\u0151 bet\u00e9tek"},"content":{"rendered":"<p>A harcm\u0171v\u00e9szetekhez aj\u00e1nlott Trocellen Tatami matracok j\u00f3l ismert \u00e9s megb\u00edzhat\u00f3 technol\u00f3gi\u00e1j\u00e1t m\u00e1r a cip\u0151ipar is sikeresen alkalmazza. A maxim\u00e1lis \u00fct\u00e9scsillap\u00edt\u00e1s, a k\u00f6nny\u0171 s\u00faly, valamint a gyorsabb protot\u00edpusk\u00e9sz\u00edt\u00e9si \u00e9s gy\u00e1rt\u00e1si folyamat egy\u00fcttesen egyed\u00fcl\u00e1ll\u00f3 lehet\u0151s\u00e9get biztos\u00edtanak az \u00d6n c\u00e9ge nyeres\u00e9gess\u00e9g\u00e9nek \u00e9s a v\u00e9gfelhaszn\u00e1l\u00f3k el\u00e9gedetts\u00e9g\u00e9nek fokoz\u00e1s\u00e1ra.<\/p>\n<h2>Anyag<\/h2>\n<ul>\n<li>T\u00e9rh\u00e1l\u00f3s\u00edtott PE hab<\/li>\n<li>S\u0171r\u0171s\u00e9g 115 kg\/m\u00b3 (merev)<\/li>\n<li>S\u0171r\u0171s\u00e9g 90kg\/m\u00b3 (k\u00f6zepes)<\/li>\n<li>S\u0171r\u0171s\u00e9g 70 kg\/m\u00b3 (k\u00f6zepesen puha)<\/li>\n<li>A perfor\u00e1ci\u00f3 1,5, 2, 3 \u00e9s 4 mm-es lyuk\u00e1tm\u00e9r\u0151vel, k\u00fcl\u00f6nb\u00f6z\u0151 mint\u00e1kban \u00e9rhet\u0151 el<\/li>\n<\/ul>\n<h2>Alkalmaz\u00e1s<\/h2>\n<ul>\n<li>Bet\u00e9t b\u00e1rmilyen t\u00edpus\u00fa cip\u0151h\u00f6z a biztons\u00e1gi cip\u0151kt\u0151l az \u00e1ltal\u00e1nos, szabadid\u0151 cip\u0151kig<\/li>\n<\/ul>\n<h2>Tulajdons\u00e1gok<\/h2>\n<ul>\n<li>K\u00f6nny\u0171<\/li>\n<li>Hosszan tart\u00f3 \u00fct\u00e9scsillap\u00edt\u00e1s<\/li>\n<li>A perfor\u00e1ci\u00f3s elj\u00e1r\u00e1snak k\u00f6sz\u00f6nhet\u0151en l\u00e9g\u00e1tereszt\u0151 anyag<\/li>\n<li>Termoform\u00e1z\u00e1s a protot\u00edpusk\u00e9sz\u00edt\u00e9sn\u00e9l \u00e9s a gy\u00e1rt\u00e1si folyamatokn\u00e1l is<\/li>\n<\/ul>\n<p><img loading=\"lazy\" decoding=\"async\" class=\"size-full wp-image-19 alignright\" src=\"https:\/\/footwear.trocellen.com\/wp-content\/uploads\/sites\/7\/2013\/12\/shockfreeforinsoles1.jpg\" alt=\"shockfreeforinsoles1\" width=\"123\" height=\"94\" \/><\/p>\n<h2>Bevizsg\u00e1lt teljes\u00edtm\u00e9ny<\/h2>\n<p>A Trocellen Shockfree vizsg\u00e1lat\u00e1ra k\u00fcl\u00f6nb\u00f6z\u0151 t\u00edpus\u00fa PE \u00e9s PU habokkal egy\u00fctt ker\u00fclt sor. A vizsg\u00e1latokat a l\u00e1bbelik bevizsg\u00e1l\u00e1sa ter\u00e9n nemzetk\u00f6zileg elismert laborat\u00f3rium, a Ricotest v\u00e9gezte.<\/p>\n<p><img loading=\"lazy\" decoding=\"async\" class=\"alignnone size-full wp-image-53\" src=\"https:\/\/footwear.trocellen.com\/wp-content\/uploads\/sites\/7\/2013\/12\/shockfreeforpaddings.jpg\" alt=\"shockfreeforpaddings\" width=\"892\" height=\"394\" srcset=\"https:\/\/footwear.trocellen.com\/wp-content\/uploads\/sites\/7\/2013\/12\/shockfreeforpaddings.jpg 892w, https:\/\/footwear.trocellen.com\/wp-content\/uploads\/sites\/7\/2013\/12\/shockfreeforpaddings-300x132.jpg 300w\" sizes=\"auto, (max-width: 892px) 100vw, 892px\" \/><\/p>\n<h2>El\u0151ny\u00f6k<\/h2>\n<ul>\n<li>Maxim\u00e1lis k\u00e9nyelem \u00e9s biztons\u00e1g a v\u00e9gfelhaszn\u00e1l\u00f3k sz\u00e1m\u00e1ra<\/li>\n<li>A cip\u0151k fokozott l\u00e9g\u00e1tereszt\u0151 k\u00e9pess\u00e9ge a perfor\u00e1ci\u00f3nak k\u00f6sz\u00f6nhet\u0151en<\/li>\n<li>Egyszer\u0171bb protot\u00edpusk\u00e9sz\u00edt\u00e9si \u00e9s gy\u00e1rt\u00e1si folyamat, magasabb min\u0151s\u00e9g \u00e9s technikai teljes\u00edtm\u00e9ny a v\u00e9gterm\u00e9k eset\u00e9n<\/li>\n<li>A Trocellen Shockfree teljes szabads\u00e1got ad a tervez\u0151knek a trendek k\u00f6vet\u00e9s\u00e9ben, mik\u00f6zben megfelel az \u00fct\u00e9scsillap\u00edt\u00e1ssal kapcsolatos k\u00f6vetelm\u00e9nyeknek<\/li>\n<\/ul>\n","protected":false},"excerpt":{"rendered":"<p>A harcm\u0171v\u00e9szetekhez aj\u00e1nlott Trocellen Tatami matracok j\u00f3l ismert \u00e9s megb\u00edzhat\u00f3 technol\u00f3gi\u00e1j\u00e1t m\u00e1r a cip\u0151ipar is sikeresen alkalmazza. A maxim\u00e1lis \u00fct\u00e9scsillap\u00edt\u00e1s, a k\u00f6nny\u0171 s\u00faly, valamint a gyorsabb protot\u00edpusk\u00e9sz\u00edt\u00e9si \u00e9s gy\u00e1rt\u00e1si folyamat egy\u00fcttesen egyed\u00fcl\u00e1ll\u00f3 lehet\u0151s\u00e9get biztos\u00edtanak az \u00d6n c\u00e9ge nyeres\u00e9gess\u00e9g\u00e9nek \u00e9s a v\u00e9gfelhaszn\u00e1l\u00f3k el\u00e9gedetts\u00e9g\u00e9nek fokoz\u00e1s\u00e1ra. Anyag T\u00e9rh\u00e1l\u00f3s\u00edtott PE hab S\u0171r\u0171s\u00e9g 115 kg\/m\u00b3 (merev) S\u0171r\u0171s\u00e9g 90kg\/m\u00b3 (k\u00f6zepes) S\u0171r\u0171s\u00e9g [&hellip;]<\/p>\n","protected":false},"author":6,"featured_media":0,"parent":730,"menu_order":0,"comment_status":"open","ping_status":"open","template":"","meta":{"_acf_changed":false,"footnotes":""},"class_list":["post-754","page","type-page","status-publish","hentry"],"acf":[],"yoast_head":"<!-- This site is optimized with the Yoast SEO plugin v23.5 - https:\/\/yoast.com\/wordpress\/plugins\/seo\/ -->\n<title>L\u00e9p\u00e9sk\u00f6nny\u00edt\u0151 bet\u00e9tek - Footwear<\/title>\n<meta name=\"robots\" content=\"index, follow, max-snippet:-1, max-image-preview:large, max-video-preview:-1\" \/>\n<link rel=\"canonical\" href=\"https:\/\/footwear.trocellen.com\/hu\/alkalmazasok\/belesek\/lepeskonnyito-betetek\/\" \/>\n<meta name=\"twitter:label1\" content=\"Becs\u00fclt olvas\u00e1si id\u0151\" \/>\n\t<meta name=\"twitter:data1\" content=\"2 perc\" \/>\n<script type=\"application\/ld+json\" class=\"yoast-schema-graph\">{\"@context\":\"https:\/\/schema.org\",\"@graph\":[{\"@type\":\"WebPage\",\"@id\":\"https:\/\/footwear.trocellen.com\/hu\/alkalmazasok\/belesek\/lepeskonnyito-betetek\/\",\"url\":\"https:\/\/footwear.trocellen.com\/hu\/alkalmazasok\/belesek\/lepeskonnyito-betetek\/\",\"name\":\"L\u00e9p\u00e9sk\u00f6nny\u00edt\u0151 bet\u00e9tek - Footwear\",\"isPartOf\":{\"@id\":\"https:\/\/footwear.trocellen.com\/#website\"},\"primaryImageOfPage\":{\"@id\":\"https:\/\/footwear.trocellen.com\/hu\/alkalmazasok\/belesek\/lepeskonnyito-betetek\/#primaryimage\"},\"image\":{\"@id\":\"https:\/\/footwear.trocellen.com\/hu\/alkalmazasok\/belesek\/lepeskonnyito-betetek\/#primaryimage\"},\"thumbnailUrl\":\"https:\/\/footwear.trocellen.com\/wp-content\/uploads\/sites\/7\/2013\/12\/shockfreeforinsoles1.jpg\",\"datePublished\":\"2013-12-08T20:12:33+00:00\",\"dateModified\":\"2013-12-08T20:12:33+00:00\",\"breadcrumb\":{\"@id\":\"https:\/\/footwear.trocellen.com\/hu\/alkalmazasok\/belesek\/lepeskonnyito-betetek\/#breadcrumb\"},\"inLanguage\":\"hu\",\"potentialAction\":[{\"@type\":\"ReadAction\",\"target\":[\"https:\/\/footwear.trocellen.com\/hu\/alkalmazasok\/belesek\/lepeskonnyito-betetek\/\"]}]},{\"@type\":\"ImageObject\",\"inLanguage\":\"hu\",\"@id\":\"https:\/\/footwear.trocellen.com\/hu\/alkalmazasok\/belesek\/lepeskonnyito-betetek\/#primaryimage\",\"url\":\"https:\/\/footwear.trocellen.com\/wp-content\/uploads\/sites\/7\/2013\/12\/shockfreeforinsoles1.jpg\",\"contentUrl\":\"https:\/\/footwear.trocellen.com\/wp-content\/uploads\/sites\/7\/2013\/12\/shockfreeforinsoles1.jpg\"},{\"@type\":\"BreadcrumbList\",\"@id\":\"https:\/\/footwear.trocellen.com\/hu\/alkalmazasok\/belesek\/lepeskonnyito-betetek\/#breadcrumb\",\"itemListElement\":[{\"@type\":\"ListItem\",\"position\":1,\"name\":\"Home\",\"item\":\"https:\/\/footwear.trocellen.com\/hu\/\"},{\"@type\":\"ListItem\",\"position\":2,\"name\":\"Alkalmaz\u00e1sok\",\"item\":\"https:\/\/footwear.trocellen.com\/hu\/alkalmazasok\/\"},{\"@type\":\"ListItem\",\"position\":3,\"name\":\"B\u00e9l\u00e9sek\",\"item\":\"https:\/\/footwear.trocellen.com\/hu\/alkalmazasok\/belesek\/\"},{\"@type\":\"ListItem\",\"position\":4,\"name\":\"L\u00e9p\u00e9sk\u00f6nny\u00edt\u0151 bet\u00e9tek\"}]},{\"@type\":\"WebSite\",\"@id\":\"https:\/\/footwear.trocellen.com\/#website\",\"url\":\"https:\/\/footwear.trocellen.com\/\",\"name\":\"Footwear\",\"description\":\"\",\"potentialAction\":[{\"@type\":\"SearchAction\",\"target\":{\"@type\":\"EntryPoint\",\"urlTemplate\":\"https:\/\/footwear.trocellen.com\/?s={search_term_string}\"},\"query-input\":{\"@type\":\"PropertyValueSpecification\",\"valueRequired\":true,\"valueName\":\"search_term_string\"}}],\"inLanguage\":\"hu\"}]}<\/script>\n<!-- \/ Yoast SEO plugin. -->","yoast_head_json":{"title":"L\u00e9p\u00e9sk\u00f6nny\u00edt\u0151 bet\u00e9tek - Footwear","robots":{"index":"index","follow":"follow","max-snippet":"max-snippet:-1","max-image-preview":"max-image-preview:large","max-video-preview":"max-video-preview:-1"},"canonical":"https:\/\/footwear.trocellen.com\/hu\/alkalmazasok\/belesek\/lepeskonnyito-betetek\/","twitter_misc":{"Becs\u00fclt olvas\u00e1si id\u0151":"2 perc"},"schema":{"@context":"https:\/\/schema.org","@graph":[{"@type":"WebPage","@id":"https:\/\/footwear.trocellen.com\/hu\/alkalmazasok\/belesek\/lepeskonnyito-betetek\/","url":"https:\/\/footwear.trocellen.com\/hu\/alkalmazasok\/belesek\/lepeskonnyito-betetek\/","name":"L\u00e9p\u00e9sk\u00f6nny\u00edt\u0151 bet\u00e9tek - Footwear","isPartOf":{"@id":"https:\/\/footwear.trocellen.com\/#website"},"primaryImageOfPage":{"@id":"https:\/\/footwear.trocellen.com\/hu\/alkalmazasok\/belesek\/lepeskonnyito-betetek\/#primaryimage"},"image":{"@id":"https:\/\/footwear.trocellen.com\/hu\/alkalmazasok\/belesek\/lepeskonnyito-betetek\/#primaryimage"},"thumbnailUrl":"https:\/\/footwear.trocellen.com\/wp-content\/uploads\/sites\/7\/2013\/12\/shockfreeforinsoles1.jpg","datePublished":"2013-12-08T20:12:33+00:00","dateModified":"2013-12-08T20:12:33+00:00","breadcrumb":{"@id":"https:\/\/footwear.trocellen.com\/hu\/alkalmazasok\/belesek\/lepeskonnyito-betetek\/#breadcrumb"},"inLanguage":"hu","potentialAction":[{"@type":"ReadAction","target":["https:\/\/footwear.trocellen.com\/hu\/alkalmazasok\/belesek\/lepeskonnyito-betetek\/"]}]},{"@type":"ImageObject","inLanguage":"hu","@id":"https:\/\/footwear.trocellen.com\/hu\/alkalmazasok\/belesek\/lepeskonnyito-betetek\/#primaryimage","url":"https:\/\/footwear.trocellen.com\/wp-content\/uploads\/sites\/7\/2013\/12\/shockfreeforinsoles1.jpg","contentUrl":"https:\/\/footwear.trocellen.com\/wp-content\/uploads\/sites\/7\/2013\/12\/shockfreeforinsoles1.jpg"},{"@type":"BreadcrumbList","@id":"https:\/\/footwear.trocellen.com\/hu\/alkalmazasok\/belesek\/lepeskonnyito-betetek\/#breadcrumb","itemListElement":[{"@type":"ListItem","position":1,"name":"Home","item":"https:\/\/footwear.trocellen.com\/hu\/"},{"@type":"ListItem","position":2,"name":"Alkalmaz\u00e1sok","item":"https:\/\/footwear.trocellen.com\/hu\/alkalmazasok\/"},{"@type":"ListItem","position":3,"name":"B\u00e9l\u00e9sek","item":"https:\/\/footwear.trocellen.com\/hu\/alkalmazasok\/belesek\/"},{"@type":"ListItem","position":4,"name":"L\u00e9p\u00e9sk\u00f6nny\u00edt\u0151 bet\u00e9tek"}]},{"@type":"WebSite","@id":"https:\/\/footwear.trocellen.com\/#website","url":"https:\/\/footwear.trocellen.com\/","name":"Footwear","description":"","potentialAction":[{"@type":"SearchAction","target":{"@type":"EntryPoint","urlTemplate":"https:\/\/footwear.trocellen.com\/?s={search_term_string}"},"query-input":{"@type":"PropertyValueSpecification","valueRequired":true,"valueName":"search_term_string"}}],"inLanguage":"hu"}]}},"_links":{"self":[{"href":"https:\/\/footwear.trocellen.com\/hu\/wp-json\/wp\/v2\/pages\/754","targetHints":{"allow":["GET"]}}],"collection":[{"href":"https:\/\/footwear.trocellen.com\/hu\/wp-json\/wp\/v2\/pages"}],"about":[{"href":"https:\/\/footwear.trocellen.com\/hu\/wp-json\/wp\/v2\/types\/page"}],"author":[{"embeddable":true,"href":"https:\/\/footwear.trocellen.com\/hu\/wp-json\/wp\/v2\/users\/6"}],"replies":[{"embeddable":true,"href":"https:\/\/footwear.trocellen.com\/hu\/wp-json\/wp\/v2\/comments?post=754"}],"version-history":[{"count":0,"href":"https:\/\/footwear.trocellen.com\/hu\/wp-json\/wp\/v2\/pages\/754\/revisions"}],"up":[{"embeddable":true,"href":"https:\/\/footwear.trocellen.com\/hu\/wp-json\/wp\/v2\/pages\/730"}],"wp:attachment":[{"href":"https:\/\/footwear.trocellen.com\/hu\/wp-json\/wp\/v2\/media?parent=754"}],"curies":[{"name":"wp","href":"https:\/\/api.w.org\/{rel}","templated":true}]}}