{"id":760,"date":"2013-12-08T20:20:10","date_gmt":"2013-12-08T20:20:10","guid":{"rendered":"https:\/\/footwear.usernet.hu\/belesek-2\/"},"modified":"2013-12-08T20:20:10","modified_gmt":"2013-12-08T20:20:10","slug":"belesek-2","status":"publish","type":"page","link":"https:\/\/footwear.trocellen.com\/hu\/alkalmazasok\/belesek\/belesek-2\/","title":{"rendered":"B\u00e9l\u00e9sek"},"content":{"rendered":"<p>A Trocellen habszivacsok m\u00e1s j\u00f3 min\u0151s\u00e9g\u0171 anyagokkal kombin\u00e1lva kreat\u00edv, k\u00e9nyelmes \u00e9s v\u00e1s\u00e1rl\u00f3-orient\u00e1lt megold\u00e1sokat k\u00edn\u00e1lnak a cip\u0151iparnak.<br \/>\nPoliuret\u00e1nt \u00e9s poli\u00e9tert haszn\u00e1lnak a hossz\u00fa \u00e9lettartam\u00fa s\u00edbakancsokban.<\/p>\n<h2>Anyagok \u00e9s m\u00e9retek<\/h2>\n<ul>\n<li>Poliuret\u00e1n habszivacs, 20 \u2013 60 v\u00e1laszt\u00e9k<\/li>\n<li>Poli\u00e9ter habszivacs, 65 \u2013 120 v\u00e1laszt\u00e9k<\/li>\n<li>2-10 mm vastags\u00e1g t\u00edpus<\/li>\n<li>Egyik oldalon ipari anyaggal lamin\u00e1lt, m\u00e1sik oldalon h\u00e1l\u00f3val vagy v\u00edz\u00e1ll\u00f3\/termo-tapad\u00f3s filmmel<\/li>\n<\/ul>\n<h2>Tulajdons\u00e1gok<\/h2>\n<p><img loading=\"lazy\" decoding=\"async\" class=\"size-full wp-image-26 alignright\" alt=\"linings\" src=\"https:\/\/footwear.trocellen.com\/wp-content\/uploads\/sites\/7\/2013\/12\/linings.jpg\" width=\"180\" height=\"115\" \/><\/p>\n<ul>\n<li>K\u00e9nyelem<\/li>\n<li>K\u00f6nny\u0171<\/li>\n<li>L\u00e9g\u00e1tereszt\u0151<\/li>\n<li>Hosszantart\u00f3 elasztikus jellemz\u0151k<\/li>\n<li>Szak\u00edt\u00e1s\u00e1ll\u00f3<\/li>\n<li>PVC- \u00e9s VOC-mentes<\/li>\n<li>Egyszer\u0171en alkalmazhat\u00f3<\/li>\n<\/ul>\n","protected":false},"excerpt":{"rendered":"<p>A Trocellen habszivacsok m\u00e1s j\u00f3 min\u0151s\u00e9g\u0171 anyagokkal kombin\u00e1lva kreat\u00edv, k\u00e9nyelmes \u00e9s v\u00e1s\u00e1rl\u00f3-orient\u00e1lt megold\u00e1sokat k\u00edn\u00e1lnak a cip\u0151iparnak. Poliuret\u00e1nt \u00e9s poli\u00e9tert haszn\u00e1lnak a hossz\u00fa \u00e9lettartam\u00fa s\u00edbakancsokban. Anyagok \u00e9s m\u00e9retek Poliuret\u00e1n habszivacs, 20 \u2013 60 v\u00e1laszt\u00e9k Poli\u00e9ter habszivacs, 65 \u2013 120 v\u00e1laszt\u00e9k 2-10 mm vastags\u00e1g t\u00edpus Egyik oldalon ipari anyaggal lamin\u00e1lt, m\u00e1sik oldalon h\u00e1l\u00f3val vagy v\u00edz\u00e1ll\u00f3\/termo-tapad\u00f3s filmmel Tulajdons\u00e1gok [&hellip;]<\/p>\n","protected":false},"author":6,"featured_media":0,"parent":730,"menu_order":0,"comment_status":"open","ping_status":"open","template":"","meta":{"_acf_changed":false,"footnotes":""},"class_list":["post-760","page","type-page","status-publish","hentry"],"acf":[],"yoast_head":"<!-- This site is optimized with the Yoast SEO plugin v23.5 - https:\/\/yoast.com\/wordpress\/plugins\/seo\/ -->\n<title>B\u00e9l\u00e9sek - Footwear<\/title>\n<meta name=\"robots\" content=\"index, follow, max-snippet:-1, max-image-preview:large, max-video-preview:-1\" \/>\n<link rel=\"canonical\" href=\"https:\/\/footwear.trocellen.com\/hu\/alkalmazasok\/belesek\/belesek-2\/\" \/>\n<meta name=\"twitter:label1\" content=\"Becs\u00fclt olvas\u00e1si id\u0151\" \/>\n\t<meta name=\"twitter:data1\" content=\"1 perc\" \/>\n<script type=\"application\/ld+json\" class=\"yoast-schema-graph\">{\"@context\":\"https:\/\/schema.org\",\"@graph\":[{\"@type\":\"WebPage\",\"@id\":\"https:\/\/footwear.trocellen.com\/hu\/alkalmazasok\/belesek\/belesek-2\/\",\"url\":\"https:\/\/footwear.trocellen.com\/hu\/alkalmazasok\/belesek\/belesek-2\/\",\"name\":\"B\u00e9l\u00e9sek - Footwear\",\"isPartOf\":{\"@id\":\"https:\/\/footwear.trocellen.com\/#website\"},\"primaryImageOfPage\":{\"@id\":\"https:\/\/footwear.trocellen.com\/hu\/alkalmazasok\/belesek\/belesek-2\/#primaryimage\"},\"image\":{\"@id\":\"https:\/\/footwear.trocellen.com\/hu\/alkalmazasok\/belesek\/belesek-2\/#primaryimage\"},\"thumbnailUrl\":\"https:\/\/footwear.trocellen.com\/wp-content\/uploads\/sites\/7\/2013\/12\/linings.jpg\",\"datePublished\":\"2013-12-08T20:20:10+00:00\",\"dateModified\":\"2013-12-08T20:20:10+00:00\",\"breadcrumb\":{\"@id\":\"https:\/\/footwear.trocellen.com\/hu\/alkalmazasok\/belesek\/belesek-2\/#breadcrumb\"},\"inLanguage\":\"hu\",\"potentialAction\":[{\"@type\":\"ReadAction\",\"target\":[\"https:\/\/footwear.trocellen.com\/hu\/alkalmazasok\/belesek\/belesek-2\/\"]}]},{\"@type\":\"ImageObject\",\"inLanguage\":\"hu\",\"@id\":\"https:\/\/footwear.trocellen.com\/hu\/alkalmazasok\/belesek\/belesek-2\/#primaryimage\",\"url\":\"https:\/\/footwear.trocellen.com\/wp-content\/uploads\/sites\/7\/2013\/12\/linings.jpg\",\"contentUrl\":\"https:\/\/footwear.trocellen.com\/wp-content\/uploads\/sites\/7\/2013\/12\/linings.jpg\"},{\"@type\":\"BreadcrumbList\",\"@id\":\"https:\/\/footwear.trocellen.com\/hu\/alkalmazasok\/belesek\/belesek-2\/#breadcrumb\",\"itemListElement\":[{\"@type\":\"ListItem\",\"position\":1,\"name\":\"Home\",\"item\":\"https:\/\/footwear.trocellen.com\/hu\/\"},{\"@type\":\"ListItem\",\"position\":2,\"name\":\"Alkalmaz\u00e1sok\",\"item\":\"https:\/\/footwear.trocellen.com\/hu\/alkalmazasok\/\"},{\"@type\":\"ListItem\",\"position\":3,\"name\":\"B\u00e9l\u00e9sek\",\"item\":\"https:\/\/footwear.trocellen.com\/hu\/alkalmazasok\/belesek\/\"},{\"@type\":\"ListItem\",\"position\":4,\"name\":\"B\u00e9l\u00e9sek\"}]},{\"@type\":\"WebSite\",\"@id\":\"https:\/\/footwear.trocellen.com\/#website\",\"url\":\"https:\/\/footwear.trocellen.com\/\",\"name\":\"Footwear\",\"description\":\"\",\"potentialAction\":[{\"@type\":\"SearchAction\",\"target\":{\"@type\":\"EntryPoint\",\"urlTemplate\":\"https:\/\/footwear.trocellen.com\/?s={search_term_string}\"},\"query-input\":{\"@type\":\"PropertyValueSpecification\",\"valueRequired\":true,\"valueName\":\"search_term_string\"}}],\"inLanguage\":\"hu\"}]}<\/script>\n<!-- \/ Yoast SEO plugin. -->","yoast_head_json":{"title":"B\u00e9l\u00e9sek - Footwear","robots":{"index":"index","follow":"follow","max-snippet":"max-snippet:-1","max-image-preview":"max-image-preview:large","max-video-preview":"max-video-preview:-1"},"canonical":"https:\/\/footwear.trocellen.com\/hu\/alkalmazasok\/belesek\/belesek-2\/","twitter_misc":{"Becs\u00fclt olvas\u00e1si id\u0151":"1 perc"},"schema":{"@context":"https:\/\/schema.org","@graph":[{"@type":"WebPage","@id":"https:\/\/footwear.trocellen.com\/hu\/alkalmazasok\/belesek\/belesek-2\/","url":"https:\/\/footwear.trocellen.com\/hu\/alkalmazasok\/belesek\/belesek-2\/","name":"B\u00e9l\u00e9sek - Footwear","isPartOf":{"@id":"https:\/\/footwear.trocellen.com\/#website"},"primaryImageOfPage":{"@id":"https:\/\/footwear.trocellen.com\/hu\/alkalmazasok\/belesek\/belesek-2\/#primaryimage"},"image":{"@id":"https:\/\/footwear.trocellen.com\/hu\/alkalmazasok\/belesek\/belesek-2\/#primaryimage"},"thumbnailUrl":"https:\/\/footwear.trocellen.com\/wp-content\/uploads\/sites\/7\/2013\/12\/linings.jpg","datePublished":"2013-12-08T20:20:10+00:00","dateModified":"2013-12-08T20:20:10+00:00","breadcrumb":{"@id":"https:\/\/footwear.trocellen.com\/hu\/alkalmazasok\/belesek\/belesek-2\/#breadcrumb"},"inLanguage":"hu","potentialAction":[{"@type":"ReadAction","target":["https:\/\/footwear.trocellen.com\/hu\/alkalmazasok\/belesek\/belesek-2\/"]}]},{"@type":"ImageObject","inLanguage":"hu","@id":"https:\/\/footwear.trocellen.com\/hu\/alkalmazasok\/belesek\/belesek-2\/#primaryimage","url":"https:\/\/footwear.trocellen.com\/wp-content\/uploads\/sites\/7\/2013\/12\/linings.jpg","contentUrl":"https:\/\/footwear.trocellen.com\/wp-content\/uploads\/sites\/7\/2013\/12\/linings.jpg"},{"@type":"BreadcrumbList","@id":"https:\/\/footwear.trocellen.com\/hu\/alkalmazasok\/belesek\/belesek-2\/#breadcrumb","itemListElement":[{"@type":"ListItem","position":1,"name":"Home","item":"https:\/\/footwear.trocellen.com\/hu\/"},{"@type":"ListItem","position":2,"name":"Alkalmaz\u00e1sok","item":"https:\/\/footwear.trocellen.com\/hu\/alkalmazasok\/"},{"@type":"ListItem","position":3,"name":"B\u00e9l\u00e9sek","item":"https:\/\/footwear.trocellen.com\/hu\/alkalmazasok\/belesek\/"},{"@type":"ListItem","position":4,"name":"B\u00e9l\u00e9sek"}]},{"@type":"WebSite","@id":"https:\/\/footwear.trocellen.com\/#website","url":"https:\/\/footwear.trocellen.com\/","name":"Footwear","description":"","potentialAction":[{"@type":"SearchAction","target":{"@type":"EntryPoint","urlTemplate":"https:\/\/footwear.trocellen.com\/?s={search_term_string}"},"query-input":{"@type":"PropertyValueSpecification","valueRequired":true,"valueName":"search_term_string"}}],"inLanguage":"hu"}]}},"_links":{"self":[{"href":"https:\/\/footwear.trocellen.com\/hu\/wp-json\/wp\/v2\/pages\/760","targetHints":{"allow":["GET"]}}],"collection":[{"href":"https:\/\/footwear.trocellen.com\/hu\/wp-json\/wp\/v2\/pages"}],"about":[{"href":"https:\/\/footwear.trocellen.com\/hu\/wp-json\/wp\/v2\/types\/page"}],"author":[{"embeddable":true,"href":"https:\/\/footwear.trocellen.com\/hu\/wp-json\/wp\/v2\/users\/6"}],"replies":[{"embeddable":true,"href":"https:\/\/footwear.trocellen.com\/hu\/wp-json\/wp\/v2\/comments?post=760"}],"version-history":[{"count":0,"href":"https:\/\/footwear.trocellen.com\/hu\/wp-json\/wp\/v2\/pages\/760\/revisions"}],"up":[{"embeddable":true,"href":"https:\/\/footwear.trocellen.com\/hu\/wp-json\/wp\/v2\/pages\/730"}],"wp:attachment":[{"href":"https:\/\/footwear.trocellen.com\/hu\/wp-json\/wp\/v2\/media?parent=760"}],"curies":[{"name":"wp","href":"https:\/\/api.w.org\/{rel}","templated":true}]}}