{"id":766,"date":"2013-12-08T20:25:17","date_gmt":"2013-12-08T20:25:17","guid":{"rendered":"https:\/\/footwear.usernet.hu\/erositesek\/"},"modified":"2013-12-08T20:25:17","modified_gmt":"2013-12-08T20:25:17","slug":"erositesek","status":"publish","type":"page","link":"https:\/\/footwear.trocellen.com\/hu\/alkalmazasok\/belesek\/erositesek\/","title":{"rendered":"Er\u0151s\u00edt\u00e9sek"},"content":{"rendered":"<p>Az EVA extrud\u00e1lt habanyag meg\u0151rzi a cip\u0151 eredeti alakj\u00e1t \u00e9s meger\u0151s\u00edti a cip\u0151t azokon a helyeken, ahol a cip\u0151 leggyorsabban k\u00e1rosodna.<\/p>\n<p><img loading=\"lazy\" decoding=\"async\" class=\"alignright size-medium wp-image-503\" src=\"https:\/\/footwear.trocellen.com\/wp-content\/uploads\/sites\/7\/2013\/12\/footwear_reinforcements_001-300x169.png\" alt=\"\" width=\"300\" height=\"169\" srcset=\"https:\/\/footwear.trocellen.com\/wp-content\/uploads\/sites\/7\/2013\/12\/footwear_reinforcements_001-300x169.png 300w, https:\/\/footwear.trocellen.com\/wp-content\/uploads\/sites\/7\/2013\/12\/footwear_reinforcements_001-768x432.png 768w, https:\/\/footwear.trocellen.com\/wp-content\/uploads\/sites\/7\/2013\/12\/footwear_reinforcements_001-1024x576.png 1024w\" sizes=\"auto, (max-width: 300px) 100vw, 300px\" \/><\/p>\n<h2>Anyagok \u00e9s m\u00e9retek<\/h2>\n<ul>\n<li>Extrud\u00e1lt EVA<\/li>\n<li>Sima vagy tapad\u00f3s bevonattal<\/li>\n<li>S\u0171r\u0171s\u00e9g 40-50 kg\/m\u00b3<\/li>\n<li>2-4 mm vastags\u00e1gi t\u00edpus<\/li>\n<\/ul>\n<h2>Tulajdons\u00e1gok<\/h2>\n<ul>\n<li>K\u00f6nny\u0171<\/li>\n<li>Hosszantart\u00f3 mechanikai jellemz\u0151k<\/li>\n<li>A tapad\u00f3s v\u00e1ltozat nagyobb haszn\u00e1lhat\u00f3s\u00e1gi \u00e9rt\u00e9k\u0171<\/li>\n<li>PVC- \u00e9s VOC-mentes<\/li>\n<\/ul>\n","protected":false},"excerpt":{"rendered":"<p>Az EVA extrud\u00e1lt habanyag meg\u0151rzi a cip\u0151 eredeti alakj\u00e1t \u00e9s meger\u0151s\u00edti a cip\u0151t azokon a helyeken, ahol a cip\u0151 leggyorsabban k\u00e1rosodna. Anyagok \u00e9s m\u00e9retek Extrud\u00e1lt EVA Sima vagy tapad\u00f3s bevonattal S\u0171r\u0171s\u00e9g 40-50 kg\/m\u00b3 2-4 mm vastags\u00e1gi t\u00edpus Tulajdons\u00e1gok K\u00f6nny\u0171 Hosszantart\u00f3 mechanikai jellemz\u0151k A tapad\u00f3s v\u00e1ltozat nagyobb haszn\u00e1lhat\u00f3s\u00e1gi \u00e9rt\u00e9k\u0171 PVC- \u00e9s VOC-mentes<\/p>\n","protected":false},"author":6,"featured_media":0,"parent":730,"menu_order":0,"comment_status":"open","ping_status":"open","template":"","meta":{"_acf_changed":false,"footnotes":""},"class_list":["post-766","page","type-page","status-publish","hentry"],"acf":[],"yoast_head":"<!-- This site is optimized with the Yoast SEO plugin v23.5 - https:\/\/yoast.com\/wordpress\/plugins\/seo\/ -->\n<title>Er\u0151s\u00edt\u00e9sek - Footwear<\/title>\n<meta name=\"robots\" content=\"index, follow, max-snippet:-1, max-image-preview:large, max-video-preview:-1\" \/>\n<link rel=\"canonical\" href=\"https:\/\/footwear.trocellen.com\/hu\/alkalmazasok\/belesek\/erositesek\/\" \/>\n<script type=\"application\/ld+json\" class=\"yoast-schema-graph\">{\"@context\":\"https:\/\/schema.org\",\"@graph\":[{\"@type\":\"WebPage\",\"@id\":\"https:\/\/footwear.trocellen.com\/hu\/alkalmazasok\/belesek\/erositesek\/\",\"url\":\"https:\/\/footwear.trocellen.com\/hu\/alkalmazasok\/belesek\/erositesek\/\",\"name\":\"Er\u0151s\u00edt\u00e9sek - Footwear\",\"isPartOf\":{\"@id\":\"https:\/\/footwear.trocellen.com\/#website\"},\"primaryImageOfPage\":{\"@id\":\"https:\/\/footwear.trocellen.com\/hu\/alkalmazasok\/belesek\/erositesek\/#primaryimage\"},\"image\":{\"@id\":\"https:\/\/footwear.trocellen.com\/hu\/alkalmazasok\/belesek\/erositesek\/#primaryimage\"},\"thumbnailUrl\":\"https:\/\/footwear.trocellen.com\/wp-content\/uploads\/sites\/7\/2013\/12\/footwear_reinforcements_001-300x169.png\",\"datePublished\":\"2013-12-08T20:25:17+00:00\",\"dateModified\":\"2013-12-08T20:25:17+00:00\",\"breadcrumb\":{\"@id\":\"https:\/\/footwear.trocellen.com\/hu\/alkalmazasok\/belesek\/erositesek\/#breadcrumb\"},\"inLanguage\":\"hu\",\"potentialAction\":[{\"@type\":\"ReadAction\",\"target\":[\"https:\/\/footwear.trocellen.com\/hu\/alkalmazasok\/belesek\/erositesek\/\"]}]},{\"@type\":\"ImageObject\",\"inLanguage\":\"hu\",\"@id\":\"https:\/\/footwear.trocellen.com\/hu\/alkalmazasok\/belesek\/erositesek\/#primaryimage\",\"url\":\"https:\/\/footwear.trocellen.com\/wp-content\/uploads\/sites\/7\/2013\/12\/footwear_reinforcements_001-300x169.png\",\"contentUrl\":\"https:\/\/footwear.trocellen.com\/wp-content\/uploads\/sites\/7\/2013\/12\/footwear_reinforcements_001-300x169.png\"},{\"@type\":\"BreadcrumbList\",\"@id\":\"https:\/\/footwear.trocellen.com\/hu\/alkalmazasok\/belesek\/erositesek\/#breadcrumb\",\"itemListElement\":[{\"@type\":\"ListItem\",\"position\":1,\"name\":\"Home\",\"item\":\"https:\/\/footwear.trocellen.com\/hu\/\"},{\"@type\":\"ListItem\",\"position\":2,\"name\":\"Alkalmaz\u00e1sok\",\"item\":\"https:\/\/footwear.trocellen.com\/hu\/alkalmazasok\/\"},{\"@type\":\"ListItem\",\"position\":3,\"name\":\"B\u00e9l\u00e9sek\",\"item\":\"https:\/\/footwear.trocellen.com\/hu\/alkalmazasok\/belesek\/\"},{\"@type\":\"ListItem\",\"position\":4,\"name\":\"Er\u0151s\u00edt\u00e9sek\"}]},{\"@type\":\"WebSite\",\"@id\":\"https:\/\/footwear.trocellen.com\/#website\",\"url\":\"https:\/\/footwear.trocellen.com\/\",\"name\":\"Footwear\",\"description\":\"\",\"potentialAction\":[{\"@type\":\"SearchAction\",\"target\":{\"@type\":\"EntryPoint\",\"urlTemplate\":\"https:\/\/footwear.trocellen.com\/?s={search_term_string}\"},\"query-input\":{\"@type\":\"PropertyValueSpecification\",\"valueRequired\":true,\"valueName\":\"search_term_string\"}}],\"inLanguage\":\"hu\"}]}<\/script>\n<!-- \/ Yoast SEO plugin. -->","yoast_head_json":{"title":"Er\u0151s\u00edt\u00e9sek - Footwear","robots":{"index":"index","follow":"follow","max-snippet":"max-snippet:-1","max-image-preview":"max-image-preview:large","max-video-preview":"max-video-preview:-1"},"canonical":"https:\/\/footwear.trocellen.com\/hu\/alkalmazasok\/belesek\/erositesek\/","schema":{"@context":"https:\/\/schema.org","@graph":[{"@type":"WebPage","@id":"https:\/\/footwear.trocellen.com\/hu\/alkalmazasok\/belesek\/erositesek\/","url":"https:\/\/footwear.trocellen.com\/hu\/alkalmazasok\/belesek\/erositesek\/","name":"Er\u0151s\u00edt\u00e9sek - Footwear","isPartOf":{"@id":"https:\/\/footwear.trocellen.com\/#website"},"primaryImageOfPage":{"@id":"https:\/\/footwear.trocellen.com\/hu\/alkalmazasok\/belesek\/erositesek\/#primaryimage"},"image":{"@id":"https:\/\/footwear.trocellen.com\/hu\/alkalmazasok\/belesek\/erositesek\/#primaryimage"},"thumbnailUrl":"https:\/\/footwear.trocellen.com\/wp-content\/uploads\/sites\/7\/2013\/12\/footwear_reinforcements_001-300x169.png","datePublished":"2013-12-08T20:25:17+00:00","dateModified":"2013-12-08T20:25:17+00:00","breadcrumb":{"@id":"https:\/\/footwear.trocellen.com\/hu\/alkalmazasok\/belesek\/erositesek\/#breadcrumb"},"inLanguage":"hu","potentialAction":[{"@type":"ReadAction","target":["https:\/\/footwear.trocellen.com\/hu\/alkalmazasok\/belesek\/erositesek\/"]}]},{"@type":"ImageObject","inLanguage":"hu","@id":"https:\/\/footwear.trocellen.com\/hu\/alkalmazasok\/belesek\/erositesek\/#primaryimage","url":"https:\/\/footwear.trocellen.com\/wp-content\/uploads\/sites\/7\/2013\/12\/footwear_reinforcements_001-300x169.png","contentUrl":"https:\/\/footwear.trocellen.com\/wp-content\/uploads\/sites\/7\/2013\/12\/footwear_reinforcements_001-300x169.png"},{"@type":"BreadcrumbList","@id":"https:\/\/footwear.trocellen.com\/hu\/alkalmazasok\/belesek\/erositesek\/#breadcrumb","itemListElement":[{"@type":"ListItem","position":1,"name":"Home","item":"https:\/\/footwear.trocellen.com\/hu\/"},{"@type":"ListItem","position":2,"name":"Alkalmaz\u00e1sok","item":"https:\/\/footwear.trocellen.com\/hu\/alkalmazasok\/"},{"@type":"ListItem","position":3,"name":"B\u00e9l\u00e9sek","item":"https:\/\/footwear.trocellen.com\/hu\/alkalmazasok\/belesek\/"},{"@type":"ListItem","position":4,"name":"Er\u0151s\u00edt\u00e9sek"}]},{"@type":"WebSite","@id":"https:\/\/footwear.trocellen.com\/#website","url":"https:\/\/footwear.trocellen.com\/","name":"Footwear","description":"","potentialAction":[{"@type":"SearchAction","target":{"@type":"EntryPoint","urlTemplate":"https:\/\/footwear.trocellen.com\/?s={search_term_string}"},"query-input":{"@type":"PropertyValueSpecification","valueRequired":true,"valueName":"search_term_string"}}],"inLanguage":"hu"}]}},"_links":{"self":[{"href":"https:\/\/footwear.trocellen.com\/hu\/wp-json\/wp\/v2\/pages\/766","targetHints":{"allow":["GET"]}}],"collection":[{"href":"https:\/\/footwear.trocellen.com\/hu\/wp-json\/wp\/v2\/pages"}],"about":[{"href":"https:\/\/footwear.trocellen.com\/hu\/wp-json\/wp\/v2\/types\/page"}],"author":[{"embeddable":true,"href":"https:\/\/footwear.trocellen.com\/hu\/wp-json\/wp\/v2\/users\/6"}],"replies":[{"embeddable":true,"href":"https:\/\/footwear.trocellen.com\/hu\/wp-json\/wp\/v2\/comments?post=766"}],"version-history":[{"count":0,"href":"https:\/\/footwear.trocellen.com\/hu\/wp-json\/wp\/v2\/pages\/766\/revisions"}],"up":[{"embeddable":true,"href":"https:\/\/footwear.trocellen.com\/hu\/wp-json\/wp\/v2\/pages\/730"}],"wp:attachment":[{"href":"https:\/\/footwear.trocellen.com\/hu\/wp-json\/wp\/v2\/media?parent=766"}],"curies":[{"name":"wp","href":"https:\/\/api.w.org\/{rel}","templated":true}]}}