{"id":772,"date":"2013-12-08T20:30:33","date_gmt":"2013-12-08T20:30:33","guid":{"rendered":"https:\/\/footwear.usernet.hu\/papucsok\/"},"modified":"2013-12-08T20:30:33","modified_gmt":"2013-12-08T20:30:33","slug":"papucsok","status":"publish","type":"page","link":"https:\/\/footwear.trocellen.com\/hu\/alkalmazasok\/belesek\/papucsok\/","title":{"rendered":"Papucsok"},"content":{"rendered":"<p>A Trocellen term\u00e9kek min\u0151s\u00e9g\u00e9t a vend\u00e9gh\u00e1zak \u00e9s a hotelek is nagyra \u00e9rt\u00e9kelik. Higi\u00e9nikus \u00e9s k\u00f6nny\u0171 anyagainknak k\u00f6sz\u00f6nhet\u0151en v\u00e1s\u00e1rl\u00f3ink k\u00e9nyelmesebb papucsokat tudnak gy\u00e1rtani \u00e9s hozz\u00e1 tudnak j\u00e1rulni, hogy vend\u00e9geik otthon \u00e9rezz\u00e9k magukat.<\/p>\n<h2>Sz\u00ednv\u00e1laszt\u00e9k<\/h2>\n<ul>\n<li>Feh\u00e9r<\/li>\n<\/ul>\n<h2>Anyagok \u00e9s m\u00e9retek<\/h2>\n<ul>\n<li>Polietil\u00e9n hab<\/li>\n<li>Poliuret\u00e1n filmr\u00e9teggel lamin\u00e1lva<\/li>\n<li>90 k\u00f6zepes t\u00edpus<\/li>\n<li>5-6 mm vastags\u00e1gi t\u00edpus<\/li>\n<\/ul>\n<h2>Tulajdons\u00e1gok<\/h2>\n<p><img loading=\"lazy\" decoding=\"async\" class=\"alignright size-medium wp-image-505\" src=\"https:\/\/footwear.trocellen.com\/wp-content\/uploads\/sites\/7\/2013\/12\/footwear_slipper_001-300x169.png\" alt=\"\" width=\"300\" height=\"169\" srcset=\"https:\/\/footwear.trocellen.com\/wp-content\/uploads\/sites\/7\/2013\/12\/footwear_slipper_001-300x169.png 300w, https:\/\/footwear.trocellen.com\/wp-content\/uploads\/sites\/7\/2013\/12\/footwear_slipper_001-768x432.png 768w, https:\/\/footwear.trocellen.com\/wp-content\/uploads\/sites\/7\/2013\/12\/footwear_slipper_001-1024x576.png 1024w\" sizes=\"auto, (max-width: 300px) 100vw, 300px\" \/><\/p>\n<ul>\n<li>K\u00e9nyelem<\/li>\n<li>Higi\u00e9nikus<\/li>\n<li>K\u00f6nny\u0171<\/li>\n<li>Cs\u00fasz\u00e1sv\u00e9delem<\/li>\n<li>Magas tapad\u00e1skezel\u00e9s<\/li>\n<\/ul>\n","protected":false},"excerpt":{"rendered":"<p>A Trocellen term\u00e9kek min\u0151s\u00e9g\u00e9t a vend\u00e9gh\u00e1zak \u00e9s a hotelek is nagyra \u00e9rt\u00e9kelik. Higi\u00e9nikus \u00e9s k\u00f6nny\u0171 anyagainknak k\u00f6sz\u00f6nhet\u0151en v\u00e1s\u00e1rl\u00f3ink k\u00e9nyelmesebb papucsokat tudnak gy\u00e1rtani \u00e9s hozz\u00e1 tudnak j\u00e1rulni, hogy vend\u00e9geik otthon \u00e9rezz\u00e9k magukat. Sz\u00ednv\u00e1laszt\u00e9k Feh\u00e9r Anyagok \u00e9s m\u00e9retek Polietil\u00e9n hab Poliuret\u00e1n filmr\u00e9teggel lamin\u00e1lva 90 k\u00f6zepes t\u00edpus 5-6 mm vastags\u00e1gi t\u00edpus Tulajdons\u00e1gok K\u00e9nyelem Higi\u00e9nikus K\u00f6nny\u0171 Cs\u00fasz\u00e1sv\u00e9delem Magas tapad\u00e1skezel\u00e9s<\/p>\n","protected":false},"author":6,"featured_media":0,"parent":730,"menu_order":0,"comment_status":"open","ping_status":"open","template":"","meta":{"_acf_changed":false,"footnotes":""},"class_list":["post-772","page","type-page","status-publish","hentry"],"acf":[],"yoast_head":"<!-- This site is optimized with the Yoast SEO plugin v23.5 - https:\/\/yoast.com\/wordpress\/plugins\/seo\/ -->\n<title>Papucsok - Footwear<\/title>\n<meta name=\"robots\" content=\"index, follow, max-snippet:-1, max-image-preview:large, max-video-preview:-1\" \/>\n<link rel=\"canonical\" href=\"https:\/\/footwear.trocellen.com\/hu\/alkalmazasok\/belesek\/papucsok\/\" \/>\n<script type=\"application\/ld+json\" class=\"yoast-schema-graph\">{\"@context\":\"https:\/\/schema.org\",\"@graph\":[{\"@type\":\"WebPage\",\"@id\":\"https:\/\/footwear.trocellen.com\/hu\/alkalmazasok\/belesek\/papucsok\/\",\"url\":\"https:\/\/footwear.trocellen.com\/hu\/alkalmazasok\/belesek\/papucsok\/\",\"name\":\"Papucsok - Footwear\",\"isPartOf\":{\"@id\":\"https:\/\/footwear.trocellen.com\/#website\"},\"primaryImageOfPage\":{\"@id\":\"https:\/\/footwear.trocellen.com\/hu\/alkalmazasok\/belesek\/papucsok\/#primaryimage\"},\"image\":{\"@id\":\"https:\/\/footwear.trocellen.com\/hu\/alkalmazasok\/belesek\/papucsok\/#primaryimage\"},\"thumbnailUrl\":\"https:\/\/footwear.trocellen.com\/wp-content\/uploads\/sites\/7\/2013\/12\/footwear_slipper_001-300x169.png\",\"datePublished\":\"2013-12-08T20:30:33+00:00\",\"dateModified\":\"2013-12-08T20:30:33+00:00\",\"breadcrumb\":{\"@id\":\"https:\/\/footwear.trocellen.com\/hu\/alkalmazasok\/belesek\/papucsok\/#breadcrumb\"},\"inLanguage\":\"hu\",\"potentialAction\":[{\"@type\":\"ReadAction\",\"target\":[\"https:\/\/footwear.trocellen.com\/hu\/alkalmazasok\/belesek\/papucsok\/\"]}]},{\"@type\":\"ImageObject\",\"inLanguage\":\"hu\",\"@id\":\"https:\/\/footwear.trocellen.com\/hu\/alkalmazasok\/belesek\/papucsok\/#primaryimage\",\"url\":\"https:\/\/footwear.trocellen.com\/wp-content\/uploads\/sites\/7\/2013\/12\/footwear_slipper_001-300x169.png\",\"contentUrl\":\"https:\/\/footwear.trocellen.com\/wp-content\/uploads\/sites\/7\/2013\/12\/footwear_slipper_001-300x169.png\"},{\"@type\":\"BreadcrumbList\",\"@id\":\"https:\/\/footwear.trocellen.com\/hu\/alkalmazasok\/belesek\/papucsok\/#breadcrumb\",\"itemListElement\":[{\"@type\":\"ListItem\",\"position\":1,\"name\":\"Home\",\"item\":\"https:\/\/footwear.trocellen.com\/hu\/\"},{\"@type\":\"ListItem\",\"position\":2,\"name\":\"Alkalmaz\u00e1sok\",\"item\":\"https:\/\/footwear.trocellen.com\/hu\/alkalmazasok\/\"},{\"@type\":\"ListItem\",\"position\":3,\"name\":\"B\u00e9l\u00e9sek\",\"item\":\"https:\/\/footwear.trocellen.com\/hu\/alkalmazasok\/belesek\/\"},{\"@type\":\"ListItem\",\"position\":4,\"name\":\"Papucsok\"}]},{\"@type\":\"WebSite\",\"@id\":\"https:\/\/footwear.trocellen.com\/#website\",\"url\":\"https:\/\/footwear.trocellen.com\/\",\"name\":\"Footwear\",\"description\":\"\",\"potentialAction\":[{\"@type\":\"SearchAction\",\"target\":{\"@type\":\"EntryPoint\",\"urlTemplate\":\"https:\/\/footwear.trocellen.com\/?s={search_term_string}\"},\"query-input\":{\"@type\":\"PropertyValueSpecification\",\"valueRequired\":true,\"valueName\":\"search_term_string\"}}],\"inLanguage\":\"hu\"}]}<\/script>\n<!-- \/ Yoast SEO plugin. -->","yoast_head_json":{"title":"Papucsok - Footwear","robots":{"index":"index","follow":"follow","max-snippet":"max-snippet:-1","max-image-preview":"max-image-preview:large","max-video-preview":"max-video-preview:-1"},"canonical":"https:\/\/footwear.trocellen.com\/hu\/alkalmazasok\/belesek\/papucsok\/","schema":{"@context":"https:\/\/schema.org","@graph":[{"@type":"WebPage","@id":"https:\/\/footwear.trocellen.com\/hu\/alkalmazasok\/belesek\/papucsok\/","url":"https:\/\/footwear.trocellen.com\/hu\/alkalmazasok\/belesek\/papucsok\/","name":"Papucsok - Footwear","isPartOf":{"@id":"https:\/\/footwear.trocellen.com\/#website"},"primaryImageOfPage":{"@id":"https:\/\/footwear.trocellen.com\/hu\/alkalmazasok\/belesek\/papucsok\/#primaryimage"},"image":{"@id":"https:\/\/footwear.trocellen.com\/hu\/alkalmazasok\/belesek\/papucsok\/#primaryimage"},"thumbnailUrl":"https:\/\/footwear.trocellen.com\/wp-content\/uploads\/sites\/7\/2013\/12\/footwear_slipper_001-300x169.png","datePublished":"2013-12-08T20:30:33+00:00","dateModified":"2013-12-08T20:30:33+00:00","breadcrumb":{"@id":"https:\/\/footwear.trocellen.com\/hu\/alkalmazasok\/belesek\/papucsok\/#breadcrumb"},"inLanguage":"hu","potentialAction":[{"@type":"ReadAction","target":["https:\/\/footwear.trocellen.com\/hu\/alkalmazasok\/belesek\/papucsok\/"]}]},{"@type":"ImageObject","inLanguage":"hu","@id":"https:\/\/footwear.trocellen.com\/hu\/alkalmazasok\/belesek\/papucsok\/#primaryimage","url":"https:\/\/footwear.trocellen.com\/wp-content\/uploads\/sites\/7\/2013\/12\/footwear_slipper_001-300x169.png","contentUrl":"https:\/\/footwear.trocellen.com\/wp-content\/uploads\/sites\/7\/2013\/12\/footwear_slipper_001-300x169.png"},{"@type":"BreadcrumbList","@id":"https:\/\/footwear.trocellen.com\/hu\/alkalmazasok\/belesek\/papucsok\/#breadcrumb","itemListElement":[{"@type":"ListItem","position":1,"name":"Home","item":"https:\/\/footwear.trocellen.com\/hu\/"},{"@type":"ListItem","position":2,"name":"Alkalmaz\u00e1sok","item":"https:\/\/footwear.trocellen.com\/hu\/alkalmazasok\/"},{"@type":"ListItem","position":3,"name":"B\u00e9l\u00e9sek","item":"https:\/\/footwear.trocellen.com\/hu\/alkalmazasok\/belesek\/"},{"@type":"ListItem","position":4,"name":"Papucsok"}]},{"@type":"WebSite","@id":"https:\/\/footwear.trocellen.com\/#website","url":"https:\/\/footwear.trocellen.com\/","name":"Footwear","description":"","potentialAction":[{"@type":"SearchAction","target":{"@type":"EntryPoint","urlTemplate":"https:\/\/footwear.trocellen.com\/?s={search_term_string}"},"query-input":{"@type":"PropertyValueSpecification","valueRequired":true,"valueName":"search_term_string"}}],"inLanguage":"hu"}]}},"_links":{"self":[{"href":"https:\/\/footwear.trocellen.com\/hu\/wp-json\/wp\/v2\/pages\/772","targetHints":{"allow":["GET"]}}],"collection":[{"href":"https:\/\/footwear.trocellen.com\/hu\/wp-json\/wp\/v2\/pages"}],"about":[{"href":"https:\/\/footwear.trocellen.com\/hu\/wp-json\/wp\/v2\/types\/page"}],"author":[{"embeddable":true,"href":"https:\/\/footwear.trocellen.com\/hu\/wp-json\/wp\/v2\/users\/6"}],"replies":[{"embeddable":true,"href":"https:\/\/footwear.trocellen.com\/hu\/wp-json\/wp\/v2\/comments?post=772"}],"version-history":[{"count":0,"href":"https:\/\/footwear.trocellen.com\/hu\/wp-json\/wp\/v2\/pages\/772\/revisions"}],"up":[{"embeddable":true,"href":"https:\/\/footwear.trocellen.com\/hu\/wp-json\/wp\/v2\/pages\/730"}],"wp:attachment":[{"href":"https:\/\/footwear.trocellen.com\/hu\/wp-json\/wp\/v2\/media?parent=772"}],"curies":[{"name":"wp","href":"https:\/\/api.w.org\/{rel}","templated":true}]}}