{"id":790,"date":"2013-12-08T20:43:49","date_gmt":"2013-12-08T20:43:49","guid":{"rendered":"https:\/\/footwear.usernet.hu\/biztonsagi-cipoelemek\/"},"modified":"2013-12-08T20:43:49","modified_gmt":"2013-12-08T20:43:49","slug":"biztonsagi-cipoelemek","status":"publish","type":"page","link":"https:\/\/footwear.trocellen.com\/hu\/alkalmazasok\/felsoreszek\/biztonsagi-cipoelemek\/","title":{"rendered":"Biztons\u00e1gi cip\u0151elemek"},"content":{"rendered":"<p>A Trocellen habok m\u00e1s j\u00f3 min\u0151s\u00e9g\u0171 anyagokkal kombin\u00e1lva kreat\u00edv, k\u00e9nyelmes \u00e9s v\u00e1s\u00e1rl\u00f3-orient\u00e1lt megold\u00e1sokat k\u00edn\u00e1lnak a cip\u0151iparnak.<br \/>\nA polietil\u00e9n habok m\u00e1s technikai anyagokkal garant\u00e1lj\u00e1k a minden cip\u0151 sz\u00e1m\u00e1ra sz\u00fcks\u00e9ges v\u00e9delmet, rugalmass\u00e1got \u00e9s tart\u00f3ss\u00e1got.<\/p>\n<h2>Anyagok \u00e9s m\u00e9retek<\/h2>\n<ul>\n<li>Polietil\u00e9n hab, sima vagy perfor\u00e1lt<\/li>\n<li>Technikai anyaggal lamin\u00e1lt<\/li>\n<li>S\u0171r\u0171s\u00e9g 70 \u2013 150 kg\/m\u00b3\u00a0 (kem\u00e9ny)<\/li>\n<li>S\u0171r\u0171s\u00e9g 250 kg\/m\u00b3\u00a0 (f\u00e9lkem\u00e9ny)<\/li>\n<li>2,5-4 mm vastags\u00e1gi t\u00edpus<\/li>\n<\/ul>\n<h2>Tulajdons\u00e1gok<\/h2>\n<p><img loading=\"lazy\" decoding=\"async\" class=\"alignright size-medium wp-image-513\" src=\"https:\/\/footwear.trocellen.com\/wp-content\/uploads\/sites\/7\/2013\/12\/footwear_safety_upper_001-300x212.png\" alt=\"\" width=\"300\" height=\"212\" srcset=\"https:\/\/footwear.trocellen.com\/wp-content\/uploads\/sites\/7\/2013\/12\/footwear_safety_upper_001-300x212.png 300w, https:\/\/footwear.trocellen.com\/wp-content\/uploads\/sites\/7\/2013\/12\/footwear_safety_upper_001-768x543.png 768w, https:\/\/footwear.trocellen.com\/wp-content\/uploads\/sites\/7\/2013\/12\/footwear_safety_upper_001-1024x724.png 1024w\" sizes=\"auto, (max-width: 300px) 100vw, 300px\" \/><\/p>\n<ul>\n<li>K\u00f6nny\u0171<\/li>\n<li>K\u00e9nyelmes<\/li>\n<li>K\u00f6nnyen lyukaszthat\u00f3 \u00e9s varrhat\u00f3<\/li>\n<li>Kop\u00e1s- \u00e9s szak\u00edt\u00e1s\u00e1ll\u00f3<\/li>\n<li>H\u0151szigetel\u0151<\/li>\n<li>Termoform\u00e1zhat\u00f3<\/li>\n<li>PVC- \u00e9s VOC-mentes<\/li>\n<li>L\u00e9g\u00e1tereszt\u0151 tulajdons\u00e1g a perfor\u00e1lt v\u00e1ltozatokn\u00e1l<\/li>\n<\/ul>\n","protected":false},"excerpt":{"rendered":"<p>A Trocellen habok m\u00e1s j\u00f3 min\u0151s\u00e9g\u0171 anyagokkal kombin\u00e1lva kreat\u00edv, k\u00e9nyelmes \u00e9s v\u00e1s\u00e1rl\u00f3-orient\u00e1lt megold\u00e1sokat k\u00edn\u00e1lnak a cip\u0151iparnak. A polietil\u00e9n habok m\u00e1s technikai anyagokkal garant\u00e1lj\u00e1k a minden cip\u0151 sz\u00e1m\u00e1ra sz\u00fcks\u00e9ges v\u00e9delmet, rugalmass\u00e1got \u00e9s tart\u00f3ss\u00e1got. Anyagok \u00e9s m\u00e9retek Polietil\u00e9n hab, sima vagy perfor\u00e1lt Technikai anyaggal lamin\u00e1lt S\u0171r\u0171s\u00e9g 70 \u2013 150 kg\/m\u00b3\u00a0 (kem\u00e9ny) S\u0171r\u0171s\u00e9g 250 kg\/m\u00b3\u00a0 (f\u00e9lkem\u00e9ny) 2,5-4 mm [&hellip;]<\/p>\n","protected":false},"author":6,"featured_media":0,"parent":736,"menu_order":0,"comment_status":"open","ping_status":"open","template":"","meta":{"_acf_changed":false,"footnotes":""},"class_list":["post-790","page","type-page","status-publish","hentry"],"acf":[],"yoast_head":"<!-- This site is optimized with the Yoast SEO plugin v23.5 - https:\/\/yoast.com\/wordpress\/plugins\/seo\/ -->\n<title>Biztons\u00e1gi cip\u0151elemek - Footwear<\/title>\n<meta name=\"robots\" content=\"index, follow, max-snippet:-1, max-image-preview:large, max-video-preview:-1\" \/>\n<link rel=\"canonical\" href=\"https:\/\/footwear.trocellen.com\/hu\/alkalmazasok\/felsoreszek\/biztonsagi-cipoelemek\/\" \/>\n<meta name=\"twitter:label1\" content=\"Becs\u00fclt olvas\u00e1si id\u0151\" \/>\n\t<meta name=\"twitter:data1\" content=\"1 perc\" \/>\n<script type=\"application\/ld+json\" class=\"yoast-schema-graph\">{\"@context\":\"https:\/\/schema.org\",\"@graph\":[{\"@type\":\"WebPage\",\"@id\":\"https:\/\/footwear.trocellen.com\/hu\/alkalmazasok\/felsoreszek\/biztonsagi-cipoelemek\/\",\"url\":\"https:\/\/footwear.trocellen.com\/hu\/alkalmazasok\/felsoreszek\/biztonsagi-cipoelemek\/\",\"name\":\"Biztons\u00e1gi cip\u0151elemek - Footwear\",\"isPartOf\":{\"@id\":\"https:\/\/footwear.trocellen.com\/#website\"},\"primaryImageOfPage\":{\"@id\":\"https:\/\/footwear.trocellen.com\/hu\/alkalmazasok\/felsoreszek\/biztonsagi-cipoelemek\/#primaryimage\"},\"image\":{\"@id\":\"https:\/\/footwear.trocellen.com\/hu\/alkalmazasok\/felsoreszek\/biztonsagi-cipoelemek\/#primaryimage\"},\"thumbnailUrl\":\"https:\/\/footwear.trocellen.com\/wp-content\/uploads\/sites\/7\/2013\/12\/footwear_safety_upper_001-300x212.png\",\"datePublished\":\"2013-12-08T20:43:49+00:00\",\"dateModified\":\"2013-12-08T20:43:49+00:00\",\"breadcrumb\":{\"@id\":\"https:\/\/footwear.trocellen.com\/hu\/alkalmazasok\/felsoreszek\/biztonsagi-cipoelemek\/#breadcrumb\"},\"inLanguage\":\"hu\",\"potentialAction\":[{\"@type\":\"ReadAction\",\"target\":[\"https:\/\/footwear.trocellen.com\/hu\/alkalmazasok\/felsoreszek\/biztonsagi-cipoelemek\/\"]}]},{\"@type\":\"ImageObject\",\"inLanguage\":\"hu\",\"@id\":\"https:\/\/footwear.trocellen.com\/hu\/alkalmazasok\/felsoreszek\/biztonsagi-cipoelemek\/#primaryimage\",\"url\":\"https:\/\/footwear.trocellen.com\/wp-content\/uploads\/sites\/7\/2013\/12\/footwear_safety_upper_001-300x212.png\",\"contentUrl\":\"https:\/\/footwear.trocellen.com\/wp-content\/uploads\/sites\/7\/2013\/12\/footwear_safety_upper_001-300x212.png\"},{\"@type\":\"BreadcrumbList\",\"@id\":\"https:\/\/footwear.trocellen.com\/hu\/alkalmazasok\/felsoreszek\/biztonsagi-cipoelemek\/#breadcrumb\",\"itemListElement\":[{\"@type\":\"ListItem\",\"position\":1,\"name\":\"Home\",\"item\":\"https:\/\/footwear.trocellen.com\/hu\/\"},{\"@type\":\"ListItem\",\"position\":2,\"name\":\"Alkalmaz\u00e1sok\",\"item\":\"https:\/\/footwear.trocellen.com\/hu\/alkalmazasok\/\"},{\"@type\":\"ListItem\",\"position\":3,\"name\":\"Fels\u0151r\u00e9szek\",\"item\":\"https:\/\/footwear.trocellen.com\/hu\/alkalmazasok\/felsoreszek\/\"},{\"@type\":\"ListItem\",\"position\":4,\"name\":\"Biztons\u00e1gi cip\u0151elemek\"}]},{\"@type\":\"WebSite\",\"@id\":\"https:\/\/footwear.trocellen.com\/#website\",\"url\":\"https:\/\/footwear.trocellen.com\/\",\"name\":\"Footwear\",\"description\":\"\",\"potentialAction\":[{\"@type\":\"SearchAction\",\"target\":{\"@type\":\"EntryPoint\",\"urlTemplate\":\"https:\/\/footwear.trocellen.com\/?s={search_term_string}\"},\"query-input\":{\"@type\":\"PropertyValueSpecification\",\"valueRequired\":true,\"valueName\":\"search_term_string\"}}],\"inLanguage\":\"hu\"}]}<\/script>\n<!-- \/ Yoast SEO plugin. -->","yoast_head_json":{"title":"Biztons\u00e1gi cip\u0151elemek - Footwear","robots":{"index":"index","follow":"follow","max-snippet":"max-snippet:-1","max-image-preview":"max-image-preview:large","max-video-preview":"max-video-preview:-1"},"canonical":"https:\/\/footwear.trocellen.com\/hu\/alkalmazasok\/felsoreszek\/biztonsagi-cipoelemek\/","twitter_misc":{"Becs\u00fclt olvas\u00e1si id\u0151":"1 perc"},"schema":{"@context":"https:\/\/schema.org","@graph":[{"@type":"WebPage","@id":"https:\/\/footwear.trocellen.com\/hu\/alkalmazasok\/felsoreszek\/biztonsagi-cipoelemek\/","url":"https:\/\/footwear.trocellen.com\/hu\/alkalmazasok\/felsoreszek\/biztonsagi-cipoelemek\/","name":"Biztons\u00e1gi cip\u0151elemek - Footwear","isPartOf":{"@id":"https:\/\/footwear.trocellen.com\/#website"},"primaryImageOfPage":{"@id":"https:\/\/footwear.trocellen.com\/hu\/alkalmazasok\/felsoreszek\/biztonsagi-cipoelemek\/#primaryimage"},"image":{"@id":"https:\/\/footwear.trocellen.com\/hu\/alkalmazasok\/felsoreszek\/biztonsagi-cipoelemek\/#primaryimage"},"thumbnailUrl":"https:\/\/footwear.trocellen.com\/wp-content\/uploads\/sites\/7\/2013\/12\/footwear_safety_upper_001-300x212.png","datePublished":"2013-12-08T20:43:49+00:00","dateModified":"2013-12-08T20:43:49+00:00","breadcrumb":{"@id":"https:\/\/footwear.trocellen.com\/hu\/alkalmazasok\/felsoreszek\/biztonsagi-cipoelemek\/#breadcrumb"},"inLanguage":"hu","potentialAction":[{"@type":"ReadAction","target":["https:\/\/footwear.trocellen.com\/hu\/alkalmazasok\/felsoreszek\/biztonsagi-cipoelemek\/"]}]},{"@type":"ImageObject","inLanguage":"hu","@id":"https:\/\/footwear.trocellen.com\/hu\/alkalmazasok\/felsoreszek\/biztonsagi-cipoelemek\/#primaryimage","url":"https:\/\/footwear.trocellen.com\/wp-content\/uploads\/sites\/7\/2013\/12\/footwear_safety_upper_001-300x212.png","contentUrl":"https:\/\/footwear.trocellen.com\/wp-content\/uploads\/sites\/7\/2013\/12\/footwear_safety_upper_001-300x212.png"},{"@type":"BreadcrumbList","@id":"https:\/\/footwear.trocellen.com\/hu\/alkalmazasok\/felsoreszek\/biztonsagi-cipoelemek\/#breadcrumb","itemListElement":[{"@type":"ListItem","position":1,"name":"Home","item":"https:\/\/footwear.trocellen.com\/hu\/"},{"@type":"ListItem","position":2,"name":"Alkalmaz\u00e1sok","item":"https:\/\/footwear.trocellen.com\/hu\/alkalmazasok\/"},{"@type":"ListItem","position":3,"name":"Fels\u0151r\u00e9szek","item":"https:\/\/footwear.trocellen.com\/hu\/alkalmazasok\/felsoreszek\/"},{"@type":"ListItem","position":4,"name":"Biztons\u00e1gi cip\u0151elemek"}]},{"@type":"WebSite","@id":"https:\/\/footwear.trocellen.com\/#website","url":"https:\/\/footwear.trocellen.com\/","name":"Footwear","description":"","potentialAction":[{"@type":"SearchAction","target":{"@type":"EntryPoint","urlTemplate":"https:\/\/footwear.trocellen.com\/?s={search_term_string}"},"query-input":{"@type":"PropertyValueSpecification","valueRequired":true,"valueName":"search_term_string"}}],"inLanguage":"hu"}]}},"_links":{"self":[{"href":"https:\/\/footwear.trocellen.com\/hu\/wp-json\/wp\/v2\/pages\/790","targetHints":{"allow":["GET"]}}],"collection":[{"href":"https:\/\/footwear.trocellen.com\/hu\/wp-json\/wp\/v2\/pages"}],"about":[{"href":"https:\/\/footwear.trocellen.com\/hu\/wp-json\/wp\/v2\/types\/page"}],"author":[{"embeddable":true,"href":"https:\/\/footwear.trocellen.com\/hu\/wp-json\/wp\/v2\/users\/6"}],"replies":[{"embeddable":true,"href":"https:\/\/footwear.trocellen.com\/hu\/wp-json\/wp\/v2\/comments?post=790"}],"version-history":[{"count":0,"href":"https:\/\/footwear.trocellen.com\/hu\/wp-json\/wp\/v2\/pages\/790\/revisions"}],"up":[{"embeddable":true,"href":"https:\/\/footwear.trocellen.com\/hu\/wp-json\/wp\/v2\/pages\/736"}],"wp:attachment":[{"href":"https:\/\/footwear.trocellen.com\/hu\/wp-json\/wp\/v2\/media?parent=790"}],"curies":[{"name":"wp","href":"https:\/\/api.w.org\/{rel}","templated":true}]}}