{"id":802,"date":"2013-12-08T20:56:36","date_gmt":"2013-12-08T20:56:36","guid":{"rendered":"https:\/\/footwear.usernet.hu\/ruhabetetek\/"},"modified":"2013-12-08T20:56:36","modified_gmt":"2013-12-08T20:56:36","slug":"ruhabetetek","status":"publish","type":"page","link":"https:\/\/footwear.trocellen.com\/hu\/alkalmazasok\/betetek-es-vedelem\/ruhabetetek\/","title":{"rendered":"Ruhabet\u00e9tek"},"content":{"rendered":"<p>A Trocellen nem csak habanyagok biztos\u00edt\u00e1s\u00e1ra \u00f6sszpontos\u00edt, emellett foglalkozik k\u00fcl\u00f6nb\u00f6z\u0151 megold\u00e1sok \u00e9s k\u00fcl\u00f6nb\u00f6z\u0151 alkalmaz\u00e1sok kifejleszt\u00e9s\u00e9vel is. A ker\u00e9kp\u00e1rosok nadr\u00e1gjainak kip\u00e1rn\u00e1z\u00e1sa nagyobb k\u00e9nyelmet \u00e9s biztons\u00e1got ny\u00fajt a ker\u00e9kp\u00e1rosok sz\u00e1m\u00e1ra \u00e9s t\u00f6bb el\u0151nyt jelent a ruhaipar r\u00e9sz\u00e9re.<\/p>\n<h2>Anyagok \u00e9s m\u00e9retek<\/h2>\n<p><img loading=\"lazy\" decoding=\"async\" class=\"alignright size-medium wp-image-517\" src=\"https:\/\/footwear.trocellen.com\/wp-content\/uploads\/sites\/7\/2013\/12\/footwear_clothing_paddings_001-300x169.png\" alt=\"\" width=\"300\" height=\"169\" srcset=\"https:\/\/footwear.trocellen.com\/wp-content\/uploads\/sites\/7\/2013\/12\/footwear_clothing_paddings_001-300x169.png 300w, https:\/\/footwear.trocellen.com\/wp-content\/uploads\/sites\/7\/2013\/12\/footwear_clothing_paddings_001-768x432.png 768w, https:\/\/footwear.trocellen.com\/wp-content\/uploads\/sites\/7\/2013\/12\/footwear_clothing_paddings_001-1024x576.png 1024w\" sizes=\"auto, (max-width: 300px) 100vw, 300px\" \/><\/p>\n<ul>\n<li>Poliuret\u00e1n habszivacs<\/li>\n<li>R\u00e9teges szerkezetet alkot rugalmas anyagokkal<\/li>\n<li>95 puhas\u00e1gi tartom\u00e1ny<\/li>\n<li>8\u201310 mm vastags\u00e1gi tartom\u00e1ny<\/li>\n<\/ul>\n<h2>Tulajdons\u00e1gok<\/h2>\n<ul>\n<li>K\u00e9nyelmes<\/li>\n<li>L\u00e9g\u00e1tereszt\u0151<\/li>\n<li>Pontos thermo-form\u00e1zhat\u00f3s\u00e1g<\/li>\n<\/ul>\n","protected":false},"excerpt":{"rendered":"<p>A Trocellen nem csak habanyagok biztos\u00edt\u00e1s\u00e1ra \u00f6sszpontos\u00edt, emellett foglalkozik k\u00fcl\u00f6nb\u00f6z\u0151 megold\u00e1sok \u00e9s k\u00fcl\u00f6nb\u00f6z\u0151 alkalmaz\u00e1sok kifejleszt\u00e9s\u00e9vel is. A ker\u00e9kp\u00e1rosok nadr\u00e1gjainak kip\u00e1rn\u00e1z\u00e1sa nagyobb k\u00e9nyelmet \u00e9s biztons\u00e1got ny\u00fajt a ker\u00e9kp\u00e1rosok sz\u00e1m\u00e1ra \u00e9s t\u00f6bb el\u0151nyt jelent a ruhaipar r\u00e9sz\u00e9re. Anyagok \u00e9s m\u00e9retek Poliuret\u00e1n habszivacs R\u00e9teges szerkezetet alkot rugalmas anyagokkal 95 puhas\u00e1gi tartom\u00e1ny 8\u201310 mm vastags\u00e1gi tartom\u00e1ny Tulajdons\u00e1gok K\u00e9nyelmes L\u00e9g\u00e1tereszt\u0151 [&hellip;]<\/p>\n","protected":false},"author":6,"featured_media":0,"parent":742,"menu_order":0,"comment_status":"open","ping_status":"open","template":"","meta":{"_acf_changed":false,"footnotes":""},"class_list":["post-802","page","type-page","status-publish","hentry"],"acf":[],"yoast_head":"<!-- This site is optimized with the Yoast SEO plugin v23.5 - https:\/\/yoast.com\/wordpress\/plugins\/seo\/ -->\n<title>Ruhabet\u00e9tek - Footwear<\/title>\n<meta name=\"robots\" content=\"index, follow, max-snippet:-1, max-image-preview:large, max-video-preview:-1\" \/>\n<link rel=\"canonical\" href=\"https:\/\/footwear.trocellen.com\/hu\/alkalmazasok\/betetek-es-vedelem\/ruhabetetek\/\" \/>\n<meta name=\"twitter:label1\" content=\"Becs\u00fclt olvas\u00e1si id\u0151\" \/>\n\t<meta name=\"twitter:data1\" content=\"1 perc\" \/>\n<script type=\"application\/ld+json\" class=\"yoast-schema-graph\">{\"@context\":\"https:\/\/schema.org\",\"@graph\":[{\"@type\":\"WebPage\",\"@id\":\"https:\/\/footwear.trocellen.com\/hu\/alkalmazasok\/betetek-es-vedelem\/ruhabetetek\/\",\"url\":\"https:\/\/footwear.trocellen.com\/hu\/alkalmazasok\/betetek-es-vedelem\/ruhabetetek\/\",\"name\":\"Ruhabet\u00e9tek - Footwear\",\"isPartOf\":{\"@id\":\"https:\/\/footwear.trocellen.com\/#website\"},\"primaryImageOfPage\":{\"@id\":\"https:\/\/footwear.trocellen.com\/hu\/alkalmazasok\/betetek-es-vedelem\/ruhabetetek\/#primaryimage\"},\"image\":{\"@id\":\"https:\/\/footwear.trocellen.com\/hu\/alkalmazasok\/betetek-es-vedelem\/ruhabetetek\/#primaryimage\"},\"thumbnailUrl\":\"https:\/\/footwear.trocellen.com\/wp-content\/uploads\/sites\/7\/2013\/12\/footwear_clothing_paddings_001-300x169.png\",\"datePublished\":\"2013-12-08T20:56:36+00:00\",\"dateModified\":\"2013-12-08T20:56:36+00:00\",\"breadcrumb\":{\"@id\":\"https:\/\/footwear.trocellen.com\/hu\/alkalmazasok\/betetek-es-vedelem\/ruhabetetek\/#breadcrumb\"},\"inLanguage\":\"hu\",\"potentialAction\":[{\"@type\":\"ReadAction\",\"target\":[\"https:\/\/footwear.trocellen.com\/hu\/alkalmazasok\/betetek-es-vedelem\/ruhabetetek\/\"]}]},{\"@type\":\"ImageObject\",\"inLanguage\":\"hu\",\"@id\":\"https:\/\/footwear.trocellen.com\/hu\/alkalmazasok\/betetek-es-vedelem\/ruhabetetek\/#primaryimage\",\"url\":\"https:\/\/footwear.trocellen.com\/wp-content\/uploads\/sites\/7\/2013\/12\/footwear_clothing_paddings_001-300x169.png\",\"contentUrl\":\"https:\/\/footwear.trocellen.com\/wp-content\/uploads\/sites\/7\/2013\/12\/footwear_clothing_paddings_001-300x169.png\"},{\"@type\":\"BreadcrumbList\",\"@id\":\"https:\/\/footwear.trocellen.com\/hu\/alkalmazasok\/betetek-es-vedelem\/ruhabetetek\/#breadcrumb\",\"itemListElement\":[{\"@type\":\"ListItem\",\"position\":1,\"name\":\"Home\",\"item\":\"https:\/\/footwear.trocellen.com\/hu\/\"},{\"@type\":\"ListItem\",\"position\":2,\"name\":\"Alkalmaz\u00e1sok\",\"item\":\"https:\/\/footwear.trocellen.com\/hu\/alkalmazasok\/\"},{\"@type\":\"ListItem\",\"position\":3,\"name\":\"Bet\u00e9tek \u00e9s v\u00e9delem\",\"item\":\"https:\/\/footwear.trocellen.com\/hu\/alkalmazasok\/betetek-es-vedelem\/\"},{\"@type\":\"ListItem\",\"position\":4,\"name\":\"Ruhabet\u00e9tek\"}]},{\"@type\":\"WebSite\",\"@id\":\"https:\/\/footwear.trocellen.com\/#website\",\"url\":\"https:\/\/footwear.trocellen.com\/\",\"name\":\"Footwear\",\"description\":\"\",\"potentialAction\":[{\"@type\":\"SearchAction\",\"target\":{\"@type\":\"EntryPoint\",\"urlTemplate\":\"https:\/\/footwear.trocellen.com\/?s={search_term_string}\"},\"query-input\":{\"@type\":\"PropertyValueSpecification\",\"valueRequired\":true,\"valueName\":\"search_term_string\"}}],\"inLanguage\":\"hu\"}]}<\/script>\n<!-- \/ Yoast SEO plugin. -->","yoast_head_json":{"title":"Ruhabet\u00e9tek - Footwear","robots":{"index":"index","follow":"follow","max-snippet":"max-snippet:-1","max-image-preview":"max-image-preview:large","max-video-preview":"max-video-preview:-1"},"canonical":"https:\/\/footwear.trocellen.com\/hu\/alkalmazasok\/betetek-es-vedelem\/ruhabetetek\/","twitter_misc":{"Becs\u00fclt olvas\u00e1si id\u0151":"1 perc"},"schema":{"@context":"https:\/\/schema.org","@graph":[{"@type":"WebPage","@id":"https:\/\/footwear.trocellen.com\/hu\/alkalmazasok\/betetek-es-vedelem\/ruhabetetek\/","url":"https:\/\/footwear.trocellen.com\/hu\/alkalmazasok\/betetek-es-vedelem\/ruhabetetek\/","name":"Ruhabet\u00e9tek - Footwear","isPartOf":{"@id":"https:\/\/footwear.trocellen.com\/#website"},"primaryImageOfPage":{"@id":"https:\/\/footwear.trocellen.com\/hu\/alkalmazasok\/betetek-es-vedelem\/ruhabetetek\/#primaryimage"},"image":{"@id":"https:\/\/footwear.trocellen.com\/hu\/alkalmazasok\/betetek-es-vedelem\/ruhabetetek\/#primaryimage"},"thumbnailUrl":"https:\/\/footwear.trocellen.com\/wp-content\/uploads\/sites\/7\/2013\/12\/footwear_clothing_paddings_001-300x169.png","datePublished":"2013-12-08T20:56:36+00:00","dateModified":"2013-12-08T20:56:36+00:00","breadcrumb":{"@id":"https:\/\/footwear.trocellen.com\/hu\/alkalmazasok\/betetek-es-vedelem\/ruhabetetek\/#breadcrumb"},"inLanguage":"hu","potentialAction":[{"@type":"ReadAction","target":["https:\/\/footwear.trocellen.com\/hu\/alkalmazasok\/betetek-es-vedelem\/ruhabetetek\/"]}]},{"@type":"ImageObject","inLanguage":"hu","@id":"https:\/\/footwear.trocellen.com\/hu\/alkalmazasok\/betetek-es-vedelem\/ruhabetetek\/#primaryimage","url":"https:\/\/footwear.trocellen.com\/wp-content\/uploads\/sites\/7\/2013\/12\/footwear_clothing_paddings_001-300x169.png","contentUrl":"https:\/\/footwear.trocellen.com\/wp-content\/uploads\/sites\/7\/2013\/12\/footwear_clothing_paddings_001-300x169.png"},{"@type":"BreadcrumbList","@id":"https:\/\/footwear.trocellen.com\/hu\/alkalmazasok\/betetek-es-vedelem\/ruhabetetek\/#breadcrumb","itemListElement":[{"@type":"ListItem","position":1,"name":"Home","item":"https:\/\/footwear.trocellen.com\/hu\/"},{"@type":"ListItem","position":2,"name":"Alkalmaz\u00e1sok","item":"https:\/\/footwear.trocellen.com\/hu\/alkalmazasok\/"},{"@type":"ListItem","position":3,"name":"Bet\u00e9tek \u00e9s v\u00e9delem","item":"https:\/\/footwear.trocellen.com\/hu\/alkalmazasok\/betetek-es-vedelem\/"},{"@type":"ListItem","position":4,"name":"Ruhabet\u00e9tek"}]},{"@type":"WebSite","@id":"https:\/\/footwear.trocellen.com\/#website","url":"https:\/\/footwear.trocellen.com\/","name":"Footwear","description":"","potentialAction":[{"@type":"SearchAction","target":{"@type":"EntryPoint","urlTemplate":"https:\/\/footwear.trocellen.com\/?s={search_term_string}"},"query-input":{"@type":"PropertyValueSpecification","valueRequired":true,"valueName":"search_term_string"}}],"inLanguage":"hu"}]}},"_links":{"self":[{"href":"https:\/\/footwear.trocellen.com\/hu\/wp-json\/wp\/v2\/pages\/802","targetHints":{"allow":["GET"]}}],"collection":[{"href":"https:\/\/footwear.trocellen.com\/hu\/wp-json\/wp\/v2\/pages"}],"about":[{"href":"https:\/\/footwear.trocellen.com\/hu\/wp-json\/wp\/v2\/types\/page"}],"author":[{"embeddable":true,"href":"https:\/\/footwear.trocellen.com\/hu\/wp-json\/wp\/v2\/users\/6"}],"replies":[{"embeddable":true,"href":"https:\/\/footwear.trocellen.com\/hu\/wp-json\/wp\/v2\/comments?post=802"}],"version-history":[{"count":0,"href":"https:\/\/footwear.trocellen.com\/hu\/wp-json\/wp\/v2\/pages\/802\/revisions"}],"up":[{"embeddable":true,"href":"https:\/\/footwear.trocellen.com\/hu\/wp-json\/wp\/v2\/pages\/742"}],"wp:attachment":[{"href":"https:\/\/footwear.trocellen.com\/hu\/wp-json\/wp\/v2\/media?parent=802"}],"curies":[{"name":"wp","href":"https:\/\/api.w.org\/{rel}","templated":true}]}}