{"id":808,"date":"2013-12-08T21:05:19","date_gmt":"2013-12-08T21:05:19","guid":{"rendered":"https:\/\/footwear.usernet.hu\/shockfree-technologia-mar-a-vedofelszerelesekben-is\/"},"modified":"2013-12-08T21:05:19","modified_gmt":"2013-12-08T21:05:19","slug":"shockfree-technologia-mar-a-vedofelszerelesekben-is","status":"publish","type":"page","link":"https:\/\/footwear.trocellen.com\/hu\/alkalmazasok\/betetek-es-vedelem\/shockfree-technologia-mar-a-vedofelszerelesekben-is\/","title":{"rendered":"Shockfree technol\u00f3gia m\u00e1r a v\u00e9d\u0151felszerel\u00e9sekben is!"},"content":{"rendered":"<p>A Trocellen k\u00fczd\u0151sportokhoz k\u00e9sz\u00fcl\u0151 tatamisz\u00f6nyegeinek j\u00f3l ismert \u00e9s megb\u00edzhat\u00f3 technol\u00f3gi\u00e1ja m\u00e1r sikeresen bizony\u00edtott a l\u00e1bbeli- \u00e9s ruh\u00e1zati \u00e1gazatban is. A maxim\u00e1lis \u00fctk\u00f6z\u00e9scsillap\u00edt\u00e1s, k\u00f6nny\u0171 s\u00faly \u00e9s a gyorsabb protot\u00edpus-k\u00e9sz\u00edt\u00e9si \u00e9s -gy\u00e1rt\u00e1si elj\u00e1r\u00e1s egy\u00fcttesen egyed\u00fcl\u00e1ll\u00f3 lehets\u00e9get ny\u00fajtanak az \u00fczlet j\u00f6vedelmez\u0151s\u00e9g\u00e9nek \u00e9s a v\u00e9gfelhaszn\u00e1l\u00f3k el\u00e9gedetts\u00e9g\u00e9nek biztos\u00edt\u00e1s\u00e1ra.<\/p>\n<p><img loading=\"lazy\" decoding=\"async\" class=\"alignright size-medium wp-image-521\" src=\"https:\/\/footwear.trocellen.com\/wp-content\/uploads\/sites\/7\/2013\/12\/footwear_shockfree_for_paddings_001-300x197.png\" alt=\"\" width=\"300\" height=\"197\" srcset=\"https:\/\/footwear.trocellen.com\/wp-content\/uploads\/sites\/7\/2013\/12\/footwear_shockfree_for_paddings_001-300x197.png 300w, https:\/\/footwear.trocellen.com\/wp-content\/uploads\/sites\/7\/2013\/12\/footwear_shockfree_for_paddings_001-768x505.png 768w, https:\/\/footwear.trocellen.com\/wp-content\/uploads\/sites\/7\/2013\/12\/footwear_shockfree_for_paddings_001-1024x673.png 1024w\" sizes=\"auto, (max-width: 300px) 100vw, 300px\" \/><\/p>\n<h2>Anyag<\/h2>\n<p>T\u00e9rh\u00e1l\u00f3s PE hab<\/p>\n<ul>\n<li>S\u0171r\u0171s\u00e9g 70 kg\/m\u00b3 (k\u00f6zepes-puha)<\/li>\n<li>S\u0171r\u0171s\u00e9g 50 kg\/m\u00b3 (puha)<\/li>\n<\/ul>\n<p>A perfor\u00e1ci\u00f3 kialak\u00edthat\u00f3 1,5, 2, 3 \u00e9s 4 mm-es lyuk\u00e1tm\u00e9r\u0151vel, k\u00fcl\u00f6nb\u00f6z\u0151 mint\u00e1kban<\/p>\n<h2>Alkalmaz\u00e1s<\/h2>\n<ul>\n<li>V\u00e1ll-, k\u00f6ny\u00f6k- \u00e9s t\u00e9rdv\u00e9d\u0151k<\/li>\n<\/ul>\n<h2>Tulajdons\u00e1gok<\/h2>\n<ul>\n<li>K\u00f6nny\u0171 s\u00faly\u00fa<\/li>\n<li>Hosszan tart\u00f3 \u00fctk\u00f6z\u00e9scsillap\u00edt\u00f3 hat\u00e1s<\/li>\n<li>L\u00e9legz\u0151 anyag a perfor\u00e1ci\u00f3s elj\u00e1r\u00e1snak k\u00f6sz\u00f6nhet\u0151e<\/li>\n<li>Protot\u00edpus-k\u00e9sz\u00edt\u00e9si \u00e9s -gy\u00e1rt\u00e1si elj\u00e1r\u00e1s h\u0151form\u00e1z\u00e1si technol\u00f3gi\u00e1val<\/li>\n<\/ul>\n<h2>Ellen\u0151rz\u00f6tt teljes\u00edtm\u00e9ny<\/h2>\n<p><img loading=\"lazy\" decoding=\"async\" class=\"size-full wp-image-19 alignright\" src=\"https:\/\/footwear.trocellen.com\/wp-content\/uploads\/sites\/7\/2013\/12\/shockfreeforinsoles1.jpg\" alt=\"shockfreeforinsoles1\" width=\"140\" height=\"102\" \/><\/p>\n<ul>\n<li>A Trocellen Shockfree tesztel\u00e9se p\u00e1rhuzamosan t\u00f6rt\u00e9nt m\u00e1s PE \u00e9s PU habok tesztjeivel.<\/li>\n<li>A tesztet a l\u00e1bbelik tesztel\u00e9s\u00e9nek ipar\u00e1g\u00e1ban vil\u00e1gszerte ismert Ricotest v\u00e9gezte.<\/li>\n<\/ul>\n<p><img loading=\"lazy\" decoding=\"async\" class=\"alignnone size-full wp-image-20\" src=\"https:\/\/footwear.trocellen.com\/wp-content\/uploads\/sites\/7\/2013\/12\/shockfreeforinsoles2.jpg\" alt=\"shockfreeforinsoles2\" width=\"892\" height=\"362\" srcset=\"https:\/\/footwear.trocellen.com\/wp-content\/uploads\/sites\/7\/2013\/12\/shockfreeforinsoles2.jpg 892w, https:\/\/footwear.trocellen.com\/wp-content\/uploads\/sites\/7\/2013\/12\/shockfreeforinsoles2-300x121.jpg 300w\" sizes=\"auto, (max-width: 892px) 100vw, 892px\" \/><\/p>\n<h2>El\u0151ny\u00f6k<\/h2>\n<ul>\n<li>Maxim\u00e1lis k\u00e9nyelem \u00e9s biztons\u00e1g a v\u00e9gfelhaszn\u00e1l\u00f3k sz\u00e1m\u00e1ra<\/li>\n<li>A v\u00e9d\u0151felszerel\u00e9sek a perfor\u00e1ci\u00f3kon kereszt\u00fcl jobban l\u00e9legeznek<\/li>\n<li>Leegyszer\u0171s\u00edtett protot\u00edpus-k\u00e9sz\u00edt\u00e9si \u00e9s -gy\u00e1rt\u00e1si elj\u00e1r\u00e1s, jobb min\u0151s\u00e9g\u0171 \u00e9s m\u0171szaki teljes\u00edtm\u00e9ny\u0171 v\u00e9gterm\u00e9k<\/li>\n<li>A Trocellen Shockfree biztos\u00edtja a v\u00e9gterm\u00e9k kiv\u00e1l\u00f3 \u00fctk\u00f6z\u00e9scsillap\u00edt\u00f3 teljes\u00edtm\u00e9ny\u00e9t<\/li>\n<\/ul>\n","protected":false},"excerpt":{"rendered":"<p>A Trocellen k\u00fczd\u0151sportokhoz k\u00e9sz\u00fcl\u0151 tatamisz\u00f6nyegeinek j\u00f3l ismert \u00e9s megb\u00edzhat\u00f3 technol\u00f3gi\u00e1ja m\u00e1r sikeresen bizony\u00edtott a l\u00e1bbeli- \u00e9s ruh\u00e1zati \u00e1gazatban is. A maxim\u00e1lis \u00fctk\u00f6z\u00e9scsillap\u00edt\u00e1s, k\u00f6nny\u0171 s\u00faly \u00e9s a gyorsabb protot\u00edpus-k\u00e9sz\u00edt\u00e9si \u00e9s -gy\u00e1rt\u00e1si elj\u00e1r\u00e1s egy\u00fcttesen egyed\u00fcl\u00e1ll\u00f3 lehets\u00e9get ny\u00fajtanak az \u00fczlet j\u00f6vedelmez\u0151s\u00e9g\u00e9nek \u00e9s a v\u00e9gfelhaszn\u00e1l\u00f3k el\u00e9gedetts\u00e9g\u00e9nek biztos\u00edt\u00e1s\u00e1ra. Anyag T\u00e9rh\u00e1l\u00f3s PE hab S\u0171r\u0171s\u00e9g 70 kg\/m\u00b3 (k\u00f6zepes-puha) S\u0171r\u0171s\u00e9g 50 kg\/m\u00b3 (puha) [&hellip;]<\/p>\n","protected":false},"author":6,"featured_media":0,"parent":742,"menu_order":0,"comment_status":"open","ping_status":"open","template":"","meta":{"_acf_changed":false,"footnotes":""},"class_list":["post-808","page","type-page","status-publish","hentry"],"acf":[],"yoast_head":"<!-- This site is optimized with the Yoast SEO plugin v23.5 - https:\/\/yoast.com\/wordpress\/plugins\/seo\/ -->\n<title>Shockfree technol\u00f3gia m\u00e1r a v\u00e9d\u0151felszerel\u00e9sekben is! - Footwear<\/title>\n<meta name=\"robots\" content=\"index, follow, max-snippet:-1, max-image-preview:large, max-video-preview:-1\" \/>\n<link rel=\"canonical\" href=\"https:\/\/footwear.trocellen.com\/hu\/alkalmazasok\/betetek-es-vedelem\/shockfree-technologia-mar-a-vedofelszerelesekben-is\/\" \/>\n<meta name=\"twitter:label1\" content=\"Becs\u00fclt olvas\u00e1si id\u0151\" \/>\n\t<meta name=\"twitter:data1\" content=\"2 perc\" \/>\n<script type=\"application\/ld+json\" class=\"yoast-schema-graph\">{\"@context\":\"https:\/\/schema.org\",\"@graph\":[{\"@type\":\"WebPage\",\"@id\":\"https:\/\/footwear.trocellen.com\/hu\/alkalmazasok\/betetek-es-vedelem\/shockfree-technologia-mar-a-vedofelszerelesekben-is\/\",\"url\":\"https:\/\/footwear.trocellen.com\/hu\/alkalmazasok\/betetek-es-vedelem\/shockfree-technologia-mar-a-vedofelszerelesekben-is\/\",\"name\":\"Shockfree technol\u00f3gia m\u00e1r a v\u00e9d\u0151felszerel\u00e9sekben is! - Footwear\",\"isPartOf\":{\"@id\":\"https:\/\/footwear.trocellen.com\/#website\"},\"primaryImageOfPage\":{\"@id\":\"https:\/\/footwear.trocellen.com\/hu\/alkalmazasok\/betetek-es-vedelem\/shockfree-technologia-mar-a-vedofelszerelesekben-is\/#primaryimage\"},\"image\":{\"@id\":\"https:\/\/footwear.trocellen.com\/hu\/alkalmazasok\/betetek-es-vedelem\/shockfree-technologia-mar-a-vedofelszerelesekben-is\/#primaryimage\"},\"thumbnailUrl\":\"https:\/\/footwear.trocellen.com\/wp-content\/uploads\/sites\/7\/2013\/12\/footwear_shockfree_for_paddings_001-300x197.png\",\"datePublished\":\"2013-12-08T21:05:19+00:00\",\"dateModified\":\"2013-12-08T21:05:19+00:00\",\"breadcrumb\":{\"@id\":\"https:\/\/footwear.trocellen.com\/hu\/alkalmazasok\/betetek-es-vedelem\/shockfree-technologia-mar-a-vedofelszerelesekben-is\/#breadcrumb\"},\"inLanguage\":\"hu\",\"potentialAction\":[{\"@type\":\"ReadAction\",\"target\":[\"https:\/\/footwear.trocellen.com\/hu\/alkalmazasok\/betetek-es-vedelem\/shockfree-technologia-mar-a-vedofelszerelesekben-is\/\"]}]},{\"@type\":\"ImageObject\",\"inLanguage\":\"hu\",\"@id\":\"https:\/\/footwear.trocellen.com\/hu\/alkalmazasok\/betetek-es-vedelem\/shockfree-technologia-mar-a-vedofelszerelesekben-is\/#primaryimage\",\"url\":\"https:\/\/footwear.trocellen.com\/wp-content\/uploads\/sites\/7\/2013\/12\/footwear_shockfree_for_paddings_001-300x197.png\",\"contentUrl\":\"https:\/\/footwear.trocellen.com\/wp-content\/uploads\/sites\/7\/2013\/12\/footwear_shockfree_for_paddings_001-300x197.png\"},{\"@type\":\"BreadcrumbList\",\"@id\":\"https:\/\/footwear.trocellen.com\/hu\/alkalmazasok\/betetek-es-vedelem\/shockfree-technologia-mar-a-vedofelszerelesekben-is\/#breadcrumb\",\"itemListElement\":[{\"@type\":\"ListItem\",\"position\":1,\"name\":\"Home\",\"item\":\"https:\/\/footwear.trocellen.com\/hu\/\"},{\"@type\":\"ListItem\",\"position\":2,\"name\":\"Alkalmaz\u00e1sok\",\"item\":\"https:\/\/footwear.trocellen.com\/hu\/alkalmazasok\/\"},{\"@type\":\"ListItem\",\"position\":3,\"name\":\"Bet\u00e9tek \u00e9s v\u00e9delem\",\"item\":\"https:\/\/footwear.trocellen.com\/hu\/alkalmazasok\/betetek-es-vedelem\/\"},{\"@type\":\"ListItem\",\"position\":4,\"name\":\"Shockfree technol\u00f3gia m\u00e1r a v\u00e9d\u0151felszerel\u00e9sekben is!\"}]},{\"@type\":\"WebSite\",\"@id\":\"https:\/\/footwear.trocellen.com\/#website\",\"url\":\"https:\/\/footwear.trocellen.com\/\",\"name\":\"Footwear\",\"description\":\"\",\"potentialAction\":[{\"@type\":\"SearchAction\",\"target\":{\"@type\":\"EntryPoint\",\"urlTemplate\":\"https:\/\/footwear.trocellen.com\/?s={search_term_string}\"},\"query-input\":{\"@type\":\"PropertyValueSpecification\",\"valueRequired\":true,\"valueName\":\"search_term_string\"}}],\"inLanguage\":\"hu\"}]}<\/script>\n<!-- \/ Yoast SEO plugin. -->","yoast_head_json":{"title":"Shockfree technol\u00f3gia m\u00e1r a v\u00e9d\u0151felszerel\u00e9sekben is! - Footwear","robots":{"index":"index","follow":"follow","max-snippet":"max-snippet:-1","max-image-preview":"max-image-preview:large","max-video-preview":"max-video-preview:-1"},"canonical":"https:\/\/footwear.trocellen.com\/hu\/alkalmazasok\/betetek-es-vedelem\/shockfree-technologia-mar-a-vedofelszerelesekben-is\/","twitter_misc":{"Becs\u00fclt olvas\u00e1si id\u0151":"2 perc"},"schema":{"@context":"https:\/\/schema.org","@graph":[{"@type":"WebPage","@id":"https:\/\/footwear.trocellen.com\/hu\/alkalmazasok\/betetek-es-vedelem\/shockfree-technologia-mar-a-vedofelszerelesekben-is\/","url":"https:\/\/footwear.trocellen.com\/hu\/alkalmazasok\/betetek-es-vedelem\/shockfree-technologia-mar-a-vedofelszerelesekben-is\/","name":"Shockfree technol\u00f3gia m\u00e1r a v\u00e9d\u0151felszerel\u00e9sekben is! - Footwear","isPartOf":{"@id":"https:\/\/footwear.trocellen.com\/#website"},"primaryImageOfPage":{"@id":"https:\/\/footwear.trocellen.com\/hu\/alkalmazasok\/betetek-es-vedelem\/shockfree-technologia-mar-a-vedofelszerelesekben-is\/#primaryimage"},"image":{"@id":"https:\/\/footwear.trocellen.com\/hu\/alkalmazasok\/betetek-es-vedelem\/shockfree-technologia-mar-a-vedofelszerelesekben-is\/#primaryimage"},"thumbnailUrl":"https:\/\/footwear.trocellen.com\/wp-content\/uploads\/sites\/7\/2013\/12\/footwear_shockfree_for_paddings_001-300x197.png","datePublished":"2013-12-08T21:05:19+00:00","dateModified":"2013-12-08T21:05:19+00:00","breadcrumb":{"@id":"https:\/\/footwear.trocellen.com\/hu\/alkalmazasok\/betetek-es-vedelem\/shockfree-technologia-mar-a-vedofelszerelesekben-is\/#breadcrumb"},"inLanguage":"hu","potentialAction":[{"@type":"ReadAction","target":["https:\/\/footwear.trocellen.com\/hu\/alkalmazasok\/betetek-es-vedelem\/shockfree-technologia-mar-a-vedofelszerelesekben-is\/"]}]},{"@type":"ImageObject","inLanguage":"hu","@id":"https:\/\/footwear.trocellen.com\/hu\/alkalmazasok\/betetek-es-vedelem\/shockfree-technologia-mar-a-vedofelszerelesekben-is\/#primaryimage","url":"https:\/\/footwear.trocellen.com\/wp-content\/uploads\/sites\/7\/2013\/12\/footwear_shockfree_for_paddings_001-300x197.png","contentUrl":"https:\/\/footwear.trocellen.com\/wp-content\/uploads\/sites\/7\/2013\/12\/footwear_shockfree_for_paddings_001-300x197.png"},{"@type":"BreadcrumbList","@id":"https:\/\/footwear.trocellen.com\/hu\/alkalmazasok\/betetek-es-vedelem\/shockfree-technologia-mar-a-vedofelszerelesekben-is\/#breadcrumb","itemListElement":[{"@type":"ListItem","position":1,"name":"Home","item":"https:\/\/footwear.trocellen.com\/hu\/"},{"@type":"ListItem","position":2,"name":"Alkalmaz\u00e1sok","item":"https:\/\/footwear.trocellen.com\/hu\/alkalmazasok\/"},{"@type":"ListItem","position":3,"name":"Bet\u00e9tek \u00e9s v\u00e9delem","item":"https:\/\/footwear.trocellen.com\/hu\/alkalmazasok\/betetek-es-vedelem\/"},{"@type":"ListItem","position":4,"name":"Shockfree technol\u00f3gia m\u00e1r a v\u00e9d\u0151felszerel\u00e9sekben is!"}]},{"@type":"WebSite","@id":"https:\/\/footwear.trocellen.com\/#website","url":"https:\/\/footwear.trocellen.com\/","name":"Footwear","description":"","potentialAction":[{"@type":"SearchAction","target":{"@type":"EntryPoint","urlTemplate":"https:\/\/footwear.trocellen.com\/?s={search_term_string}"},"query-input":{"@type":"PropertyValueSpecification","valueRequired":true,"valueName":"search_term_string"}}],"inLanguage":"hu"}]}},"_links":{"self":[{"href":"https:\/\/footwear.trocellen.com\/hu\/wp-json\/wp\/v2\/pages\/808","targetHints":{"allow":["GET"]}}],"collection":[{"href":"https:\/\/footwear.trocellen.com\/hu\/wp-json\/wp\/v2\/pages"}],"about":[{"href":"https:\/\/footwear.trocellen.com\/hu\/wp-json\/wp\/v2\/types\/page"}],"author":[{"embeddable":true,"href":"https:\/\/footwear.trocellen.com\/hu\/wp-json\/wp\/v2\/users\/6"}],"replies":[{"embeddable":true,"href":"https:\/\/footwear.trocellen.com\/hu\/wp-json\/wp\/v2\/comments?post=808"}],"version-history":[{"count":0,"href":"https:\/\/footwear.trocellen.com\/hu\/wp-json\/wp\/v2\/pages\/808\/revisions"}],"up":[{"embeddable":true,"href":"https:\/\/footwear.trocellen.com\/hu\/wp-json\/wp\/v2\/pages\/742"}],"wp:attachment":[{"href":"https:\/\/footwear.trocellen.com\/hu\/wp-json\/wp\/v2\/media?parent=808"}],"curies":[{"name":"wp","href":"https:\/\/api.w.org\/{rel}","templated":true}]}}