{"id":814,"date":"2013-12-08T21:16:04","date_gmt":"2013-12-08T21:16:04","guid":{"rendered":"https:\/\/footwear.usernet.hu\/parnazasok\/"},"modified":"2013-12-08T21:16:04","modified_gmt":"2013-12-08T21:16:04","slug":"parnazasok","status":"publish","type":"page","link":"https:\/\/footwear.trocellen.com\/hu\/alkalmazasok\/betetek-es-vedelem\/parnazasok\/","title":{"rendered":"P\u00e1rn\u00e1z\u00e1sok"},"content":{"rendered":"<h2>T\u0171zolt\u00f3bakancsok p\u00e1rn\u00e1z\u00e1sa<\/h2>\n<p>A Trocellen nem csak arra \u00f6sszpontos\u00edt, hogy habanyagokat k\u00edn\u00e1ljon, emellett megold\u00e1sokat \u00e9s k\u00fcl\u00f6nb\u00f6z\u0151 alkalmaz\u00e1sokat is fejleszt.<\/p>\n<h3>Anyagok \u00e9s m\u00e9retek<\/h3>\n<ul>\n<li>Polietil\u00e9n hab<\/li>\n<li>Sima vagy nyom\u00e1s\u00e9rz\u00e9keny tapad\u00f3 fel\u00fclettel ell\u00e1tva<\/li>\n<li>S\u0171r\u0171s\u00e9g 70 kg\/m\u00b3<\/li>\n<li>5-10 mm vastags\u00e1g t\u00edpus<\/li>\n<\/ul>\n<h3>Tulajdons\u00e1gok<\/h3>\n<ul>\n<li>K\u00f6nny\u0171<\/li>\n<li>K\u00e9nyelmes<\/li>\n<li>Homog\u00e9n<\/li>\n<li>Pontos termoform\u00e1zhat\u00f3s\u00e1g<\/li>\n<li>PVC- \u00e9s VOC-mentes<\/li>\n<li>A tapad\u00f3s v\u00e1ltozat magas termel\u00e9kenys\u00e9g\u0171<\/li>\n<\/ul>\n<h3>Anyagok \u00e9s m\u00e9retek<\/h3>\n<ul>\n<li>Polietil\u00e9n hab<\/li>\n<li>Sima vagy nyom\u00e1s\u00e9rz\u00e9keny tapad\u00f3 fel\u00fclettel ell\u00e1tva<\/li>\n<li>S\u0171r\u0171s\u00e9g 30-55 kg\/m\u00b3<\/li>\n<li>2-20 mm vastags\u00e1g t\u00edpus<\/li>\n<\/ul>\n<h3>Tulajdons\u00e1gok<\/h3>\n<ul>\n<li>K\u00e9nyelmes<\/li>\n<li>K\u00f6nny\u0171<\/li>\n<li>A tapad\u00f3s v\u00e1ltozat magas termel\u00e9kenys\u00e9g\u0171<\/li>\n<li>PVC- \u00e9s VOC-mentes<\/li>\n<li>L\u00e9g\u00e1tereszt\u0151 tulajdons\u00e1g a perfor\u00e1lt v\u00e1ltozatokn\u00e1l<\/li>\n<\/ul>\n<h2>L\u00e1bboltozat-t\u00e1maszt\u00f3 t\u00f6m\u00e9sek<\/h2>\n<p>A habok sz\u00e1mos el\u0151ny\u00f6s tulajdons\u00e1g\u00e1nak k\u00f6sz\u00f6nhet\u0151en a cip\u0151 k\u00fcl\u00f6nb\u00f6z\u0151 r\u00e9szeiben haszn\u00e1lhat\u00f3k. Ebben az esetben a boka v\u00e9delm\u00e9t l\u00e1tja el a t\u00f6m\u00e9s.<\/p>\n<h3>Anyagok \u00e9s m\u00e9retek<\/h3>\n<ul>\n<li>Polietil\u00e9n hab<\/li>\n<li>Nyom\u00e1s\u00e9rz\u00e9keny vagy termo-tapad\u00f3s fel\u00fclettel bevonva<\/li>\n<li>S\u0171r\u0171s\u00e9g 70 kg\/m\u00b3<\/li>\n<li>5-10 mm vastags\u00e1g t\u00edpus<\/li>\n<\/ul>\n<h3>Tulajdons\u00e1gok<\/h3>\n<ul>\n<li>K\u00e9nyelmes<\/li>\n<li>K\u00f6nny\u0171<\/li>\n<li>A tapad\u00f3s v\u00e1ltozat magas termel\u00e9kenys\u00e9g\u0171<\/li>\n<li>PVC- \u00e9s VOC-mentes<\/li>\n<li>Pontos termoform\u00e1zhat\u00f3s\u00e1g<\/li>\n<\/ul>\n<h2>Thermoform\u00e1zott bokat\u00f6m\u00e9s<\/h2>\n<p>A habok sz\u00e1mos el\u0151ny\u00f6s tulajdons\u00e1g\u00e1nak k\u00f6sz\u00f6nhet\u0151en a cip\u0151 k\u00fcl\u00f6nb\u00f6z\u0151 r\u00e9szeiben haszn\u00e1lhat\u00f3k. Ebben az esetben a boka v\u00e9delm\u00e9t l\u00e1tja el a t\u00f6m\u00e9s.<\/p>\n<h3>Anyagok \u00e9s m\u00e9retek<\/h3>\n<ul>\n<li>Polietil\u00e9n hab<\/li>\n<li>Sima vagy nyom\u00e1s\u00e9rz\u00e9keny tapad\u00f3 fel\u00fclettel ell\u00e1tva<\/li>\n<li>S\u0171r\u0171s\u00e9g 70 kg\/m\u00b3<\/li>\n<li>5-10 mm vastags\u00e1g t\u00edpus<\/li>\n<\/ul>\n<h3>Tulajdons\u00e1gok<\/h3>\n<ul>\n<li>K\u00e9nyelmes<\/li>\n<li>K\u00f6nny\u0171<\/li>\n<li>Homog\u00e9n<\/li>\n<li>A tapad\u00f3s v\u00e1ltozat magasabb termel\u00e9kenys\u00e9g\u0171<\/li>\n<li>PVC- \u00e9s VOC-mentes<\/li>\n<li>Pontos termoform\u00e1zhat\u00f3s\u00e1g<\/li>\n<\/ul>\n<h2>T\u00f6m\u00e9sek gall\u00e9rokhoz \u00e9s a bok\u00e1hoz<\/h2>\n<p>A habok sz\u00e1mos el\u0151ny\u00f6s tulajdons\u00e1g\u00e1nak k\u00f6sz\u00f6nhet\u0151en a cip\u0151 k\u00fcl\u00f6nb\u00f6z\u0151 r\u00e9szeiben haszn\u00e1lhat\u00f3k. Ebben az esetben a boka v\u00e9delm\u00e9t l\u00e1tja el a t\u00f6m\u00e9s.<\/p>\n<h3>Anyagok \u00e9s m\u00e9retek<\/h3>\n<ul>\n<li>Polietil\u00e9n hab<\/li>\n<li>Sima, perfor\u00e1lt vagy nyom\u00e1s\u00e9rz\u00e9keny tapad\u00f3 fel\u00fclettel ell\u00e1tva<\/li>\n<li>S\u0171r\u0171s\u00e9g 30 \u2013 55 kg\/m\u00b3<\/li>\n<li>2-20 mm vastags\u00e1g t\u00edpus<\/li>\n<\/ul>\n<h3>Tulajdons\u00e1gok<\/h3>\n<ul>\n<li>K\u00e9nyelmes<\/li>\n<li>K\u00f6nny\u0171<\/li>\n<li>L\u00e9g\u00e1tereszt\u0151 tulajdons\u00e1g a perfor\u00e1lt v\u00e1ltozatokn\u00e1l<\/li>\n<li>PVC- \u00e9s VOC-mentes<\/li>\n<li>Az \u00f6ntapad\u00f3s v\u00e1ltozat magasabb termel\u00e9kenys\u00e9g\u0171<\/li>\n<\/ul>\n<h3>Anyagok \u00e9s m\u00e9retek<\/h3>\n<ul>\n<li>Poliuret\u00e1n \u00e9s poli\u00e9ter hab<\/li>\n<li>S\u0171rs\u00e9g 20 \u2013 60 kg\/m\u00b3<\/li>\n<li>2-20 mm vastags\u00e1g t\u00edpus<\/li>\n<li>EVA habok<\/li>\n<li>S\u0171r\u0171s\u00e9g 35 \u2013 55 kg\/m\u00b3<\/li>\n<li>EPDM habok<\/li>\n<li>S\u0171r\u0171s\u00e9g 70 \u2013 100 kg\/m\u00b3<\/li>\n<li>2-15 mm vastags\u00e1g t\u00edpus<\/li>\n<li>Sima, perfor\u00e1lt vagy nyom\u00e1s\u00e9rz\u00e9keny tapad\u00f3 fel\u00fclettel ell\u00e1tva<\/li>\n<\/ul>\n<h3>Tulajdons\u00e1gok<\/h3>\n<ul>\n<li>K\u00e9nyelmes<\/li>\n<li>K\u00f6nny\u0171<\/li>\n<li>J\u00f3 leveg\u0151-\u00e1tereszt\u00e9s<\/li>\n<li>Hosszantart\u00f3 elasztikus jellemz\u0151k<\/li>\n<li>Egyszer\u0171en alkalmazhat\u00f3<\/li>\n<li>PVC- \u00e9s VOC-mentes<\/li>\n<\/ul>\n<h2>Cip\u0151nyelv-t\u00f6m\u00e9sek<\/h2>\n<p>A habok sz\u00e1mos el\u0151ny\u00f6s tulajdons\u00e1g\u00e1nak k\u00f6sz\u00f6nhet\u0151en a cip\u0151 k\u00fcl\u00f6nb\u00f6z\u0151 r\u00e9szeiben haszn\u00e1lhat\u00f3k. Ebben az esetben a boka v\u00e9delm\u00e9t l\u00e1tja el a t\u00f6m\u00e9s.<\/p>\n<h3>Anyagok \u00e9s m\u00e9retek<\/h3>\n<ul>\n<li>Polietil\u00e9n hab<\/li>\n<li>Sima, perfor\u00e1lt vagy nyom\u00e1s\u00e9rz\u00e9keny tapad\u00f3 fel\u00fclettel ell\u00e1tva<\/li>\n<li>S\u0171r\u0171s\u00e9g 30 \u2013 55 kg\/m\u00b3<\/li>\n<li>2-20 mm vastags\u00e1g t\u00edpus<\/li>\n<\/ul>\n<h3>Tulajdons\u00e1gok<\/h3>\n<ul>\n<li>Comfort<\/li>\n<li>K\u00f6nny\u0171<\/li>\n<li>L\u00e9g\u00e1tereszt\u0151 tulajdons\u00e1g a perfor\u00e1lt v\u00e1ltozatokn\u00e1l<\/li>\n<li>A tapad\u00f3s v\u00e1ltozat magasabb termel\u00e9kenys\u00e9g\u0171<\/li>\n<li>PVC- \u00e9s VOC-mentes<\/li>\n<\/ul>\n<h3>Anyagok \u00e9s m\u00e9retek<\/h3>\n<ul>\n<li>Poliuret\u00e1n \u00e9s poli\u00e9ter hab\n<ul>\n<li>S\u0171r\u0171s\u00e9g 20 \u2013 60 kg\/m\u00b3<\/li>\n<li>2-20 mm vastags\u00e1g t\u00edpus<\/li>\n<\/ul>\n<\/li>\n<li>EVA habok\n<ul>\n<li>S\u0171r\u0171s\u00e9g 35 \u2013 55 kg\/m\u00b3<\/li>\n<\/ul>\n<\/li>\n<li>EPDM habok\n<ul>\n<li>S\u0171r\u0171s\u00e9g 70 \u2013 100 kg\/m\u00b3<\/li>\n<li>2-15 mm vastags\u00e1g t\u00edpus<\/li>\n<\/ul>\n<\/li>\n<\/ul>\n<h3>Tulajdons\u00e1gok<\/h3>\n<ul>\n<li>K\u00e9nyelmes<\/li>\n<li>K\u00f6nny\u0171<\/li>\n<li>J\u00f3 l\u00e9g\u00e1tereszt\u00e9s<\/li>\n<li>Hosszantart\u00f3 elasztikus jellemz\u0151k<\/li>\n<li>Egyszer\u0171en alkalmazhat\u00f3<\/li>\n<li>PVC- \u00e9s VOC-mentes<\/li>\n<\/ul>\n<h2>T\u00f6m\u00e9s korcsoly\u00e1kba<\/h2>\n<p>A habok sz\u00e1mos el\u0151ny\u00f6s tulajdons\u00e1g\u00e1nak k\u00f6sz\u00f6nhet\u0151en a cip\u0151 k\u00fcl\u00f6nb\u00f6z\u0151 r\u00e9szeiben haszn\u00e1lhat\u00f3k. Ebben az esetben a boka v\u00e9delm\u00e9t l\u00e1tja el a t\u00f6m\u00e9s.<\/p>\n<h3>Anyagok \u00e9s m\u00e9retek<\/h3>\n<ul>\n<li>Polietil\u00e9n hab<\/li>\n<li>Sima, perfor\u00e1lt vagy nyom\u00e1s\u00e9rz\u00e9keny tapad\u00f3 fel\u00fclettel ell\u00e1tva<\/li>\n<li>S\u0171r\u0171s\u00e9g 30 \u2013 55 kg\/m\u00b3<\/li>\n<li>2-20 mm vastags\u00e1g t\u00edpus<\/li>\n<\/ul>\n<h3>Tulajdons\u00e1gok<\/h3>\n<ul>\n<li>K\u00e9nyelmes<\/li>\n<li>K\u00f6nny\u0171<\/li>\n<li>L\u00e9g\u00e1tereszt\u0151 tulajdons\u00e1g a perfor\u00e1lt v\u00e1ltozatokn\u00e1l<\/li>\n<li>A tapad\u00f3s v\u00e1ltozat magasabb termel\u00e9kenys\u00e9g\u0171<\/li>\n<li>PVC- \u00e9s VOC-mentes<\/li>\n<\/ul>\n<h3>Anyagok \u00e9s m\u00e9retek<\/h3>\n<ul>\n<li>Poliuret\u00e1n \u00e9s poli\u00e9ter hab\n<ul>\n<li>S\u0171r\u0171s\u00e9g 20 \u2013 60 kg\/m\u00b3<\/li>\n<li>2-20 mm vastags\u00e1g t\u00edpus<\/li>\n<\/ul>\n<\/li>\n<li>EVA habok\n<ul>\n<li>S\u0171r\u0171s\u00e9g 35 \u2013 55 kg\/m\u00b3<\/li>\n<\/ul>\n<\/li>\n<li>EPDM habok\n<ul>\n<li>S\u0171r\u0171s\u00e9g 70 \u2013 100 kg\/m\u00b3<\/li>\n<li>2-15 mm vastags\u00e1g t\u00edpus<\/li>\n<li>Sima, perfor\u00e1lt vagy nyom\u00e1s\u00e9rz\u00e9keny tapad\u00f3 fel\u00fclettel ell\u00e1tva<\/li>\n<\/ul>\n<\/li>\n<\/ul>\n<h3>Tulajdons\u00e1gok<\/h3>\n<ul>\n<li>K\u00e9nyelmes<\/li>\n<li>K\u00f6nny\u0171<\/li>\n<li>J\u00f3 l\u00e9g\u00e1tereszt\u00e9s<\/li>\n<li>Hosszantart\u00f3 elasztikus jellemz\u0151k<\/li>\n<li>Egyszer\u0171en alkalmazhat\u00f3<\/li>\n<li>PVC- \u00e9s VOC-mentes<\/li>\n<\/ul>\n","protected":false},"excerpt":{"rendered":"<p>T\u0171zolt\u00f3bakancsok p\u00e1rn\u00e1z\u00e1sa A Trocellen nem csak arra \u00f6sszpontos\u00edt, hogy habanyagokat k\u00edn\u00e1ljon, emellett megold\u00e1sokat \u00e9s k\u00fcl\u00f6nb\u00f6z\u0151 alkalmaz\u00e1sokat is fejleszt. Anyagok \u00e9s m\u00e9retek Polietil\u00e9n hab Sima vagy nyom\u00e1s\u00e9rz\u00e9keny tapad\u00f3 fel\u00fclettel ell\u00e1tva S\u0171r\u0171s\u00e9g 70 kg\/m\u00b3 5-10 mm vastags\u00e1g t\u00edpus Tulajdons\u00e1gok K\u00f6nny\u0171 K\u00e9nyelmes Homog\u00e9n Pontos termoform\u00e1zhat\u00f3s\u00e1g PVC- \u00e9s VOC-mentes A tapad\u00f3s v\u00e1ltozat magas termel\u00e9kenys\u00e9g\u0171 Anyagok \u00e9s m\u00e9retek Polietil\u00e9n hab [&hellip;]<\/p>\n","protected":false},"author":6,"featured_media":0,"parent":742,"menu_order":0,"comment_status":"open","ping_status":"open","template":"","meta":{"_acf_changed":false,"footnotes":""},"class_list":["post-814","page","type-page","status-publish","hentry"],"acf":[],"yoast_head":"<!-- This site is optimized with the Yoast SEO plugin v23.5 - https:\/\/yoast.com\/wordpress\/plugins\/seo\/ -->\n<title>P\u00e1rn\u00e1z\u00e1sok - Footwear<\/title>\n<meta name=\"robots\" content=\"index, follow, max-snippet:-1, max-image-preview:large, max-video-preview:-1\" \/>\n<link rel=\"canonical\" href=\"https:\/\/footwear.trocellen.com\/hu\/alkalmazasok\/betetek-es-vedelem\/parnazasok\/\" \/>\n<meta name=\"twitter:label1\" content=\"Becs\u00fclt olvas\u00e1si id\u0151\" \/>\n\t<meta name=\"twitter:data1\" content=\"4 perc\" \/>\n<script type=\"application\/ld+json\" class=\"yoast-schema-graph\">{\"@context\":\"https:\/\/schema.org\",\"@graph\":[{\"@type\":\"WebPage\",\"@id\":\"https:\/\/footwear.trocellen.com\/hu\/alkalmazasok\/betetek-es-vedelem\/parnazasok\/\",\"url\":\"https:\/\/footwear.trocellen.com\/hu\/alkalmazasok\/betetek-es-vedelem\/parnazasok\/\",\"name\":\"P\u00e1rn\u00e1z\u00e1sok - Footwear\",\"isPartOf\":{\"@id\":\"https:\/\/footwear.trocellen.com\/#website\"},\"datePublished\":\"2013-12-08T21:16:04+00:00\",\"dateModified\":\"2013-12-08T21:16:04+00:00\",\"breadcrumb\":{\"@id\":\"https:\/\/footwear.trocellen.com\/hu\/alkalmazasok\/betetek-es-vedelem\/parnazasok\/#breadcrumb\"},\"inLanguage\":\"hu\",\"potentialAction\":[{\"@type\":\"ReadAction\",\"target\":[\"https:\/\/footwear.trocellen.com\/hu\/alkalmazasok\/betetek-es-vedelem\/parnazasok\/\"]}]},{\"@type\":\"BreadcrumbList\",\"@id\":\"https:\/\/footwear.trocellen.com\/hu\/alkalmazasok\/betetek-es-vedelem\/parnazasok\/#breadcrumb\",\"itemListElement\":[{\"@type\":\"ListItem\",\"position\":1,\"name\":\"Home\",\"item\":\"https:\/\/footwear.trocellen.com\/hu\/\"},{\"@type\":\"ListItem\",\"position\":2,\"name\":\"Alkalmaz\u00e1sok\",\"item\":\"https:\/\/footwear.trocellen.com\/hu\/alkalmazasok\/\"},{\"@type\":\"ListItem\",\"position\":3,\"name\":\"Bet\u00e9tek \u00e9s v\u00e9delem\",\"item\":\"https:\/\/footwear.trocellen.com\/hu\/alkalmazasok\/betetek-es-vedelem\/\"},{\"@type\":\"ListItem\",\"position\":4,\"name\":\"P\u00e1rn\u00e1z\u00e1sok\"}]},{\"@type\":\"WebSite\",\"@id\":\"https:\/\/footwear.trocellen.com\/#website\",\"url\":\"https:\/\/footwear.trocellen.com\/\",\"name\":\"Footwear\",\"description\":\"\",\"potentialAction\":[{\"@type\":\"SearchAction\",\"target\":{\"@type\":\"EntryPoint\",\"urlTemplate\":\"https:\/\/footwear.trocellen.com\/?s={search_term_string}\"},\"query-input\":{\"@type\":\"PropertyValueSpecification\",\"valueRequired\":true,\"valueName\":\"search_term_string\"}}],\"inLanguage\":\"hu\"}]}<\/script>\n<!-- \/ Yoast SEO plugin. -->","yoast_head_json":{"title":"P\u00e1rn\u00e1z\u00e1sok - Footwear","robots":{"index":"index","follow":"follow","max-snippet":"max-snippet:-1","max-image-preview":"max-image-preview:large","max-video-preview":"max-video-preview:-1"},"canonical":"https:\/\/footwear.trocellen.com\/hu\/alkalmazasok\/betetek-es-vedelem\/parnazasok\/","twitter_misc":{"Becs\u00fclt olvas\u00e1si id\u0151":"4 perc"},"schema":{"@context":"https:\/\/schema.org","@graph":[{"@type":"WebPage","@id":"https:\/\/footwear.trocellen.com\/hu\/alkalmazasok\/betetek-es-vedelem\/parnazasok\/","url":"https:\/\/footwear.trocellen.com\/hu\/alkalmazasok\/betetek-es-vedelem\/parnazasok\/","name":"P\u00e1rn\u00e1z\u00e1sok - Footwear","isPartOf":{"@id":"https:\/\/footwear.trocellen.com\/#website"},"datePublished":"2013-12-08T21:16:04+00:00","dateModified":"2013-12-08T21:16:04+00:00","breadcrumb":{"@id":"https:\/\/footwear.trocellen.com\/hu\/alkalmazasok\/betetek-es-vedelem\/parnazasok\/#breadcrumb"},"inLanguage":"hu","potentialAction":[{"@type":"ReadAction","target":["https:\/\/footwear.trocellen.com\/hu\/alkalmazasok\/betetek-es-vedelem\/parnazasok\/"]}]},{"@type":"BreadcrumbList","@id":"https:\/\/footwear.trocellen.com\/hu\/alkalmazasok\/betetek-es-vedelem\/parnazasok\/#breadcrumb","itemListElement":[{"@type":"ListItem","position":1,"name":"Home","item":"https:\/\/footwear.trocellen.com\/hu\/"},{"@type":"ListItem","position":2,"name":"Alkalmaz\u00e1sok","item":"https:\/\/footwear.trocellen.com\/hu\/alkalmazasok\/"},{"@type":"ListItem","position":3,"name":"Bet\u00e9tek \u00e9s v\u00e9delem","item":"https:\/\/footwear.trocellen.com\/hu\/alkalmazasok\/betetek-es-vedelem\/"},{"@type":"ListItem","position":4,"name":"P\u00e1rn\u00e1z\u00e1sok"}]},{"@type":"WebSite","@id":"https:\/\/footwear.trocellen.com\/#website","url":"https:\/\/footwear.trocellen.com\/","name":"Footwear","description":"","potentialAction":[{"@type":"SearchAction","target":{"@type":"EntryPoint","urlTemplate":"https:\/\/footwear.trocellen.com\/?s={search_term_string}"},"query-input":{"@type":"PropertyValueSpecification","valueRequired":true,"valueName":"search_term_string"}}],"inLanguage":"hu"}]}},"_links":{"self":[{"href":"https:\/\/footwear.trocellen.com\/hu\/wp-json\/wp\/v2\/pages\/814","targetHints":{"allow":["GET"]}}],"collection":[{"href":"https:\/\/footwear.trocellen.com\/hu\/wp-json\/wp\/v2\/pages"}],"about":[{"href":"https:\/\/footwear.trocellen.com\/hu\/wp-json\/wp\/v2\/types\/page"}],"author":[{"embeddable":true,"href":"https:\/\/footwear.trocellen.com\/hu\/wp-json\/wp\/v2\/users\/6"}],"replies":[{"embeddable":true,"href":"https:\/\/footwear.trocellen.com\/hu\/wp-json\/wp\/v2\/comments?post=814"}],"version-history":[{"count":0,"href":"https:\/\/footwear.trocellen.com\/hu\/wp-json\/wp\/v2\/pages\/814\/revisions"}],"up":[{"embeddable":true,"href":"https:\/\/footwear.trocellen.com\/hu\/wp-json\/wp\/v2\/pages\/742"}],"wp:attachment":[{"href":"https:\/\/footwear.trocellen.com\/hu\/wp-json\/wp\/v2\/media?parent=814"}],"curies":[{"name":"wp","href":"https:\/\/api.w.org\/{rel}","templated":true}]}}