{"id":826,"date":"2013-12-08T21:34:00","date_gmt":"2013-12-08T21:34:00","guid":{"rendered":"https:\/\/footwear.usernet.hu\/trocellen-cipoipari-uzletag-konnyed-lepes\/"},"modified":"2013-12-08T21:34:00","modified_gmt":"2013-12-08T21:34:00","slug":"trocellen-cipoipari-uzletag-konnyed-lepes","status":"publish","type":"page","link":"https:\/\/footwear.trocellen.com\/hu\/trocellen-cipoipari-uzletag-konnyed-lepes\/","title":{"rendered":"Trocellen Cip\u0151ipari \u00dczlet\u00e1g \u2013 K\u00f6nnyed l\u00e9p\u00e9s"},"content":{"rendered":"<p>Annyira k\u00f6nny\u0171, annyira biztons\u00e1gos, annyira k\u00e9nyelmes.<br \/>\nAk\u00e1r r\u00f6vid s\u00e9t\u00e1kra, ak\u00e1r kem\u00e9ny sportol\u00e1sra k\u00e9sz\u00fclt vagy csak az aktu\u00e1lis divat inspir\u00e1lta a formaterv\u00e9t, a cip\u0151nek j\u00f3nak kell lennie.<!--more--><\/p>\n<p><a href=\"https:\/\/footwear.trocellen.com\/wp-content\/uploads\/sites\/7\/2013\/12\/maintext.jpg\"><img loading=\"lazy\" decoding=\"async\" class=\"size-medium wp-image-64 alignright\" src=\"https:\/\/footwear.trocellen.com\/wp-content\/uploads\/sites\/7\/2013\/12\/maintext-300x221.jpg\" alt=\"maintext\" width=\"300\" height=\"221\" srcset=\"https:\/\/footwear.trocellen.com\/wp-content\/uploads\/sites\/7\/2013\/12\/maintext-300x221.jpg 300w, https:\/\/footwear.trocellen.com\/wp-content\/uploads\/sites\/7\/2013\/12\/maintext-1024x757.jpg 1024w, https:\/\/footwear.trocellen.com\/wp-content\/uploads\/sites\/7\/2013\/12\/maintext.jpg 1176w\" sizes=\"auto, (max-width: 300px) 100vw, 300px\" \/><\/a><\/p>\n<p>L\u00e1bbelid meghat\u00e1rozza mindennapi hangulatod, v\u00e9di tested eg\u00e9szs\u00e9g\u00e9t \u00e9s egy\u00e1ltal\u00e1n, kiterjeszti az ember fizikai k\u00e9pess\u00e9geinek hat\u00e1rait.<\/p>\n<p>Az eur\u00f3pai cip\u0151k magas min\u0151s\u00e9ge megk\u00e9rd\u0151jelezhetetlen. Olyan szintet k\u00e9pviselnek, amely utat mutat az eg\u00e9sz vil\u00e1g sz\u00e1m\u00e1ra. A min\u0151s\u00e9g\u00e9rt t\u00f6bbet kell fizetni? Egy\u00e9rtelm\u0171en. \u00c9s meg is eg\u00e9ri? Hat\u00e1rozottan hissz\u00fck, hogy igen.<br \/>\nA Trocellen k\u00fcl\u00f6nf\u00e9le cip\u0151ipari megold\u00e1saival t\u00e1mogatja a legjobb gy\u00e1rt\u00f3kat, hogy azok tov\u00e1bbra is a maxim\u00e1lis min\u0151s\u00e9get \u00e9s teljes\u00edtm\u00e9nyt ny\u00fajthass\u00e1k v\u00e1s\u00e1rl\u00f3iknak. Munk\u00e1nkkal is szeretn\u00e9nk \u00f6regb\u00edteni az eur\u00f3pai cip\u0151k h\u00edrnev\u00e9t.<\/p>\n<p>Szakembereink minden tud\u00e1sukkal cip\u0151ipari partnereink m\u0171szaki ig\u00e9nyeinek kiel\u00e9g\u00edt\u00e9s\u00e9\u00e9rt dolgoznak, mik\u00f6zben folyamatosan keresik a tov\u00e1bbfejleszt\u00e9s lehet\u0151s\u00e9geit.<\/p>\n<p>Sz\u00e9lesk\u00f6r\u0171 szakmai tapasztalataink, k\u00fcl\u00f6nleges tesztek elv\u00e9gz\u00e9s\u00e9re alkalmas berendez\u00e9seink \u00e9s k\u00fcl\u00f6nf\u00e9le konverzi\u00f3s lehet\u0151s\u00e9geket felvonultat\u00f3 l\u00e9tes\u00edtm\u00e9nyeink mind tal\u00e1lkoznak a cip\u0151ipar magas min\u0151s\u00e9gi elv\u00e1r\u00e1saival.<\/p>\n<p>Intenz\u00edv K+F \u00e9s alkalmaz\u00e1s-fejleszt\u00e9si tev\u00e9kenys\u00e9ge teszik lehet\u0151v\u00e9 a Trocellen sz\u00e1m\u00e1ra, hogy mindig megtal\u00e1lja a lehet\u0151 legjobb, leg\u00faj\u00edt\u00f3bb megold\u00e1sokat.<\/p>\n<p>Partnereivel egy\u00fctt a Trocellen Cip\u0151ipari \u00fczlet\u00e1ga folyamatosan hab term\u00e9kei k\u00e9nyelmi funkci\u00f3inak t\u00f6k\u00e9letes\u00edt\u00e9s\u00e9n dolgozik megannyi pehely-k\u00f6nny\u0171 megold\u00e1s kifejleszt\u00e9s\u00e9vel.<\/p>\n","protected":false},"excerpt":{"rendered":"<p>Annyira k\u00f6nny\u0171, annyira biztons\u00e1gos, annyira k\u00e9nyelmes. Ak\u00e1r r\u00f6vid s\u00e9t\u00e1kra, ak\u00e1r kem\u00e9ny sportol\u00e1sra k\u00e9sz\u00fclt vagy csak az aktu\u00e1lis divat inspir\u00e1lta a formaterv\u00e9t, a cip\u0151nek j\u00f3nak kell lennie.<\/p>\n","protected":false},"author":6,"featured_media":0,"parent":0,"menu_order":0,"comment_status":"open","ping_status":"open","template":"","meta":{"_acf_changed":false,"footnotes":""},"class_list":["post-826","page","type-page","status-publish","hentry"],"acf":[],"yoast_head":"<!-- This site is optimized with the Yoast SEO plugin v23.5 - https:\/\/yoast.com\/wordpress\/plugins\/seo\/ -->\n<title>Trocellen Cip\u0151ipari \u00dczlet\u00e1g \u2013 K\u00f6nnyed l\u00e9p\u00e9s - Footwear<\/title>\n<meta name=\"robots\" content=\"index, follow, max-snippet:-1, max-image-preview:large, max-video-preview:-1\" \/>\n<link rel=\"canonical\" href=\"https:\/\/footwear.trocellen.com\/hu\/trocellen-cipoipari-uzletag-konnyed-lepes\/\" \/>\n<meta name=\"twitter:label1\" content=\"Becs\u00fclt olvas\u00e1si id\u0151\" \/>\n\t<meta name=\"twitter:data1\" content=\"2 perc\" \/>\n<script type=\"application\/ld+json\" class=\"yoast-schema-graph\">{\"@context\":\"https:\/\/schema.org\",\"@graph\":[{\"@type\":\"WebPage\",\"@id\":\"https:\/\/footwear.trocellen.com\/hu\/trocellen-cipoipari-uzletag-konnyed-lepes\/\",\"url\":\"https:\/\/footwear.trocellen.com\/hu\/trocellen-cipoipari-uzletag-konnyed-lepes\/\",\"name\":\"Trocellen Cip\u0151ipari \u00dczlet\u00e1g \u2013 K\u00f6nnyed l\u00e9p\u00e9s - Footwear\",\"isPartOf\":{\"@id\":\"https:\/\/footwear.trocellen.com\/#website\"},\"primaryImageOfPage\":{\"@id\":\"https:\/\/footwear.trocellen.com\/hu\/trocellen-cipoipari-uzletag-konnyed-lepes\/#primaryimage\"},\"image\":{\"@id\":\"https:\/\/footwear.trocellen.com\/hu\/trocellen-cipoipari-uzletag-konnyed-lepes\/#primaryimage\"},\"thumbnailUrl\":\"https:\/\/footwear.trocellen.com\/wp-content\/uploads\/sites\/7\/2013\/12\/maintext-300x221.jpg\",\"datePublished\":\"2013-12-08T21:34:00+00:00\",\"dateModified\":\"2013-12-08T21:34:00+00:00\",\"breadcrumb\":{\"@id\":\"https:\/\/footwear.trocellen.com\/hu\/trocellen-cipoipari-uzletag-konnyed-lepes\/#breadcrumb\"},\"inLanguage\":\"hu\",\"potentialAction\":[{\"@type\":\"ReadAction\",\"target\":[\"https:\/\/footwear.trocellen.com\/hu\/trocellen-cipoipari-uzletag-konnyed-lepes\/\"]}]},{\"@type\":\"ImageObject\",\"inLanguage\":\"hu\",\"@id\":\"https:\/\/footwear.trocellen.com\/hu\/trocellen-cipoipari-uzletag-konnyed-lepes\/#primaryimage\",\"url\":\"https:\/\/footwear.trocellen.com\/wp-content\/uploads\/sites\/7\/2013\/12\/maintext-300x221.jpg\",\"contentUrl\":\"https:\/\/footwear.trocellen.com\/wp-content\/uploads\/sites\/7\/2013\/12\/maintext-300x221.jpg\"},{\"@type\":\"BreadcrumbList\",\"@id\":\"https:\/\/footwear.trocellen.com\/hu\/trocellen-cipoipari-uzletag-konnyed-lepes\/#breadcrumb\",\"itemListElement\":[{\"@type\":\"ListItem\",\"position\":1,\"name\":\"Home\",\"item\":\"https:\/\/footwear.trocellen.com\/hu\/\"},{\"@type\":\"ListItem\",\"position\":2,\"name\":\"Trocellen Cip\u0151ipari \u00dczlet\u00e1g \u2013 K\u00f6nnyed l\u00e9p\u00e9s\"}]},{\"@type\":\"WebSite\",\"@id\":\"https:\/\/footwear.trocellen.com\/#website\",\"url\":\"https:\/\/footwear.trocellen.com\/\",\"name\":\"Footwear\",\"description\":\"\",\"potentialAction\":[{\"@type\":\"SearchAction\",\"target\":{\"@type\":\"EntryPoint\",\"urlTemplate\":\"https:\/\/footwear.trocellen.com\/?s={search_term_string}\"},\"query-input\":{\"@type\":\"PropertyValueSpecification\",\"valueRequired\":true,\"valueName\":\"search_term_string\"}}],\"inLanguage\":\"hu\"}]}<\/script>\n<!-- \/ Yoast SEO plugin. -->","yoast_head_json":{"title":"Trocellen Cip\u0151ipari \u00dczlet\u00e1g \u2013 K\u00f6nnyed l\u00e9p\u00e9s - Footwear","robots":{"index":"index","follow":"follow","max-snippet":"max-snippet:-1","max-image-preview":"max-image-preview:large","max-video-preview":"max-video-preview:-1"},"canonical":"https:\/\/footwear.trocellen.com\/hu\/trocellen-cipoipari-uzletag-konnyed-lepes\/","twitter_misc":{"Becs\u00fclt olvas\u00e1si id\u0151":"2 perc"},"schema":{"@context":"https:\/\/schema.org","@graph":[{"@type":"WebPage","@id":"https:\/\/footwear.trocellen.com\/hu\/trocellen-cipoipari-uzletag-konnyed-lepes\/","url":"https:\/\/footwear.trocellen.com\/hu\/trocellen-cipoipari-uzletag-konnyed-lepes\/","name":"Trocellen Cip\u0151ipari \u00dczlet\u00e1g \u2013 K\u00f6nnyed l\u00e9p\u00e9s - Footwear","isPartOf":{"@id":"https:\/\/footwear.trocellen.com\/#website"},"primaryImageOfPage":{"@id":"https:\/\/footwear.trocellen.com\/hu\/trocellen-cipoipari-uzletag-konnyed-lepes\/#primaryimage"},"image":{"@id":"https:\/\/footwear.trocellen.com\/hu\/trocellen-cipoipari-uzletag-konnyed-lepes\/#primaryimage"},"thumbnailUrl":"https:\/\/footwear.trocellen.com\/wp-content\/uploads\/sites\/7\/2013\/12\/maintext-300x221.jpg","datePublished":"2013-12-08T21:34:00+00:00","dateModified":"2013-12-08T21:34:00+00:00","breadcrumb":{"@id":"https:\/\/footwear.trocellen.com\/hu\/trocellen-cipoipari-uzletag-konnyed-lepes\/#breadcrumb"},"inLanguage":"hu","potentialAction":[{"@type":"ReadAction","target":["https:\/\/footwear.trocellen.com\/hu\/trocellen-cipoipari-uzletag-konnyed-lepes\/"]}]},{"@type":"ImageObject","inLanguage":"hu","@id":"https:\/\/footwear.trocellen.com\/hu\/trocellen-cipoipari-uzletag-konnyed-lepes\/#primaryimage","url":"https:\/\/footwear.trocellen.com\/wp-content\/uploads\/sites\/7\/2013\/12\/maintext-300x221.jpg","contentUrl":"https:\/\/footwear.trocellen.com\/wp-content\/uploads\/sites\/7\/2013\/12\/maintext-300x221.jpg"},{"@type":"BreadcrumbList","@id":"https:\/\/footwear.trocellen.com\/hu\/trocellen-cipoipari-uzletag-konnyed-lepes\/#breadcrumb","itemListElement":[{"@type":"ListItem","position":1,"name":"Home","item":"https:\/\/footwear.trocellen.com\/hu\/"},{"@type":"ListItem","position":2,"name":"Trocellen Cip\u0151ipari \u00dczlet\u00e1g \u2013 K\u00f6nnyed l\u00e9p\u00e9s"}]},{"@type":"WebSite","@id":"https:\/\/footwear.trocellen.com\/#website","url":"https:\/\/footwear.trocellen.com\/","name":"Footwear","description":"","potentialAction":[{"@type":"SearchAction","target":{"@type":"EntryPoint","urlTemplate":"https:\/\/footwear.trocellen.com\/?s={search_term_string}"},"query-input":{"@type":"PropertyValueSpecification","valueRequired":true,"valueName":"search_term_string"}}],"inLanguage":"hu"}]}},"_links":{"self":[{"href":"https:\/\/footwear.trocellen.com\/hu\/wp-json\/wp\/v2\/pages\/826","targetHints":{"allow":["GET"]}}],"collection":[{"href":"https:\/\/footwear.trocellen.com\/hu\/wp-json\/wp\/v2\/pages"}],"about":[{"href":"https:\/\/footwear.trocellen.com\/hu\/wp-json\/wp\/v2\/types\/page"}],"author":[{"embeddable":true,"href":"https:\/\/footwear.trocellen.com\/hu\/wp-json\/wp\/v2\/users\/6"}],"replies":[{"embeddable":true,"href":"https:\/\/footwear.trocellen.com\/hu\/wp-json\/wp\/v2\/comments?post=826"}],"version-history":[{"count":0,"href":"https:\/\/footwear.trocellen.com\/hu\/wp-json\/wp\/v2\/pages\/826\/revisions"}],"wp:attachment":[{"href":"https:\/\/footwear.trocellen.com\/hu\/wp-json\/wp\/v2\/media?parent=826"}],"curies":[{"name":"wp","href":"https:\/\/api.w.org\/{rel}","templated":true}]}}