{"id":832,"date":"2013-12-08T21:47:47","date_gmt":"2013-12-08T21:47:47","guid":{"rendered":"https:\/\/footwear.usernet.hu\/technologia\/"},"modified":"2013-12-08T21:47:47","modified_gmt":"2013-12-08T21:47:47","slug":"technologia","status":"publish","type":"page","link":"https:\/\/footwear.trocellen.com\/hu\/technologia\/","title":{"rendered":"Technol\u00f3gia"},"content":{"rendered":"<p>A Trocellen a k\u00e9miai \u00e9s fizikai t\u00e9rh\u00e1l\u00f3s PO habok vezet\u0151 eur\u00f3pai gy\u00e1rt\u00f3ja.<\/p>\n<p>A Trocellen \u00e1ltal gy\u00e1rtott habokat imm\u00e1r 40 v\u00e9ve haszn\u00e1lja az cip\u0151ipar. Valamennyi XLPO hab-term\u00e9k\u00fcnkre jellemz\u0151ek a k\u00f6vetkez\u0151 tulajdons\u00e1gok: csek\u00e9ly s\u00faly, v\u00edzhatlans\u00e1g, magas mechanikai \u00e9s k\u00e9miai ellen\u00e1ll\u00f3s\u00e1g, h\u0151szigetel\u00e9s, k\u00f6nny\u0171 hideg vagy meleg form\u00e1zhat\u00f3s\u00e1g.<\/p>\n<p>Kiemelked\u0151 technol\u00f3giai h\u00e1tter\u00e9vel valamint a m\u00falt tapasztalatain alapul\u00f3 hagyom\u00e1nyai mellett az \u00faj megold\u00e1sok ir\u00e1nti nyitotts\u00e1g\u00e1val a Trocellen az \u00d6n cip\u0151ipari partnere.<\/p>\n<h2>Trocellen habok<\/h2>\n<p><strong>Hagyom\u00e1nyos PE habok<\/strong> \u2013 a k\u00fcl\u00f6nf\u00e9le s\u0171r\u0171s\u00e9gek \u00e9s vastags\u00e1gok sz\u00e9les v\u00e1laszt\u00e9ka t\u00f6k\u00e9letes megold\u00e1s technikai- \u00e9s divatc\u00e9l\u00fa alkalmaz\u00e1sokhoz<br \/>\n<strong>Kem\u00e9ny PE habok<\/strong> \u2013 megfelel\u0151 megold\u00e1s egyre k\u00f6nnyebb fels\u0151r\u00e9szek k\u00e9sz\u00edt\u00e9s\u00e9hez, kiv\u00e1l\u00f3an lehet h\u0151form\u00e1lni<br \/>\n<strong>Puha EVA PE habok<\/strong> \u2013 sz\u00e9lesk\u00f6r\u0171 felhaszn\u00e1lhat\u00f3s\u00e1g, k\u00fcl\u00f6n\u00f6sen alkalmas nagy ig\u00e9nybev\u00e9telnek kitett p\u00e1rn\u00e1zatok kialak\u00edt\u00e1s\u00e1hoz<br \/>\n<strong>PU \u00e9s Rebounded habok<\/strong> &#8211; a k\u00fcl\u00f6nf\u00e9le s\u0171r\u0171s\u00e9gek, vastags\u00e1gok \u00e9s anyagjellemz\u0151k sz\u00e9les v\u00e1laszt\u00e9ka a felhaszn\u00e1l\u00f3i ig\u00e9nyek \u00e9s alkalmaz\u00e1sok szolg\u00e1lat\u00e1ban<\/p>\n<h2>A habokat megold\u00e1sokk\u00e1 konvert\u00e1ljuk<\/h2>\n<p>A habgy\u00e1rt\u00e1son fel\u00fcl a Trocellen kifejlesztett \u00e9s megv\u00e1s\u00e1rolt sz\u00e1mos konverzi\u00f3s technol\u00f3gi\u00e1t, amelyekkel tov\u00e1bb tudjuk n\u00f6velni hab-term\u00e9keink hozz\u00e1adott \u00e9rt\u00e9k\u00e9t:<\/p>\n<ul>\n<li>K\u00fcl\u00f6nf\u00e9le lamin\u00e1l\u00e1si elj\u00e1r\u00e1saink (forr\u00f3leveg\u0151 bef\u00faj\u00e1sos, l\u00e1ng- vagy infrav\u00f6r\u00f6s lamin\u00e1l\u00e1s) lehet\u0151v\u00e9 teszik habjaink egy\u00e9b habokkal, filmr\u00e9tegekkel, textilanyagokkal vagy m\u00e1s megmunk\u00e1lt fel\u00fcletekkel val\u00f3 kombin\u00e1l\u00e1s\u00e1t.<\/li>\n<li>\u00d6ntapad\u00f3 \u00e9s h\u0151re tapad\u00f3 bevonatok kialak\u00edt\u00e1sa olvaszt\u00e1ssal<\/li>\n<li>Lyukaszt\u00e1s \u00e9s pr\u00e9gel\u00e9s<\/li>\n<\/ul>\n<p>A labortesztekt\u0151l kezdve a gyors protot\u00edpus-minta k\u00e9sz\u00edt\u00e9sen \u00e1t az \u00f6sszehasonl\u00edt\u00f3 teljes\u00edtm\u00e9ny-\u00e9rt\u00e9kel\u00e9sig (benchmarking) a Trocellen az \u00f6n cip\u0151ipari partnere.<\/p>\n","protected":false},"excerpt":{"rendered":"<p>A Trocellen a k\u00e9miai \u00e9s fizikai t\u00e9rh\u00e1l\u00f3s PO habok vezet\u0151 eur\u00f3pai gy\u00e1rt\u00f3ja. A Trocellen \u00e1ltal gy\u00e1rtott habokat imm\u00e1r 40 v\u00e9ve haszn\u00e1lja az cip\u0151ipar. Valamennyi XLPO hab-term\u00e9k\u00fcnkre jellemz\u0151ek a k\u00f6vetkez\u0151 tulajdons\u00e1gok: csek\u00e9ly s\u00faly, v\u00edzhatlans\u00e1g, magas mechanikai \u00e9s k\u00e9miai ellen\u00e1ll\u00f3s\u00e1g, h\u0151szigetel\u00e9s, k\u00f6nny\u0171 hideg vagy meleg form\u00e1zhat\u00f3s\u00e1g. Kiemelked\u0151 technol\u00f3giai h\u00e1tter\u00e9vel valamint a m\u00falt tapasztalatain alapul\u00f3 hagyom\u00e1nyai mellett az [&hellip;]<\/p>\n","protected":false},"author":6,"featured_media":0,"parent":0,"menu_order":0,"comment_status":"open","ping_status":"closed","template":"templates\/one-column.php","meta":{"_acf_changed":false,"footnotes":""},"class_list":["post-832","page","type-page","status-publish","hentry"],"acf":[],"yoast_head":"<!-- This site is optimized with the Yoast SEO plugin v23.5 - https:\/\/yoast.com\/wordpress\/plugins\/seo\/ -->\n<title>Technol\u00f3gia - Footwear<\/title>\n<meta name=\"robots\" content=\"index, follow, max-snippet:-1, max-image-preview:large, max-video-preview:-1\" \/>\n<link rel=\"canonical\" href=\"https:\/\/footwear.trocellen.com\/hu\/technologia\/\" \/>\n<meta name=\"twitter:label1\" content=\"Becs\u00fclt olvas\u00e1si id\u0151\" \/>\n\t<meta name=\"twitter:data1\" content=\"2 perc\" \/>\n<script type=\"application\/ld+json\" class=\"yoast-schema-graph\">{\"@context\":\"https:\/\/schema.org\",\"@graph\":[{\"@type\":\"WebPage\",\"@id\":\"https:\/\/footwear.trocellen.com\/hu\/technologia\/\",\"url\":\"https:\/\/footwear.trocellen.com\/hu\/technologia\/\",\"name\":\"Technol\u00f3gia - Footwear\",\"isPartOf\":{\"@id\":\"https:\/\/footwear.trocellen.com\/#website\"},\"datePublished\":\"2013-12-08T21:47:47+00:00\",\"dateModified\":\"2013-12-08T21:47:47+00:00\",\"breadcrumb\":{\"@id\":\"https:\/\/footwear.trocellen.com\/hu\/technologia\/#breadcrumb\"},\"inLanguage\":\"hu\",\"potentialAction\":[{\"@type\":\"ReadAction\",\"target\":[\"https:\/\/footwear.trocellen.com\/hu\/technologia\/\"]}]},{\"@type\":\"BreadcrumbList\",\"@id\":\"https:\/\/footwear.trocellen.com\/hu\/technologia\/#breadcrumb\",\"itemListElement\":[{\"@type\":\"ListItem\",\"position\":1,\"name\":\"Home\",\"item\":\"https:\/\/footwear.trocellen.com\/hu\/\"},{\"@type\":\"ListItem\",\"position\":2,\"name\":\"Technol\u00f3gia\"}]},{\"@type\":\"WebSite\",\"@id\":\"https:\/\/footwear.trocellen.com\/#website\",\"url\":\"https:\/\/footwear.trocellen.com\/\",\"name\":\"Footwear\",\"description\":\"\",\"potentialAction\":[{\"@type\":\"SearchAction\",\"target\":{\"@type\":\"EntryPoint\",\"urlTemplate\":\"https:\/\/footwear.trocellen.com\/?s={search_term_string}\"},\"query-input\":{\"@type\":\"PropertyValueSpecification\",\"valueRequired\":true,\"valueName\":\"search_term_string\"}}],\"inLanguage\":\"hu\"}]}<\/script>\n<!-- \/ Yoast SEO plugin. -->","yoast_head_json":{"title":"Technol\u00f3gia - Footwear","robots":{"index":"index","follow":"follow","max-snippet":"max-snippet:-1","max-image-preview":"max-image-preview:large","max-video-preview":"max-video-preview:-1"},"canonical":"https:\/\/footwear.trocellen.com\/hu\/technologia\/","twitter_misc":{"Becs\u00fclt olvas\u00e1si id\u0151":"2 perc"},"schema":{"@context":"https:\/\/schema.org","@graph":[{"@type":"WebPage","@id":"https:\/\/footwear.trocellen.com\/hu\/technologia\/","url":"https:\/\/footwear.trocellen.com\/hu\/technologia\/","name":"Technol\u00f3gia - Footwear","isPartOf":{"@id":"https:\/\/footwear.trocellen.com\/#website"},"datePublished":"2013-12-08T21:47:47+00:00","dateModified":"2013-12-08T21:47:47+00:00","breadcrumb":{"@id":"https:\/\/footwear.trocellen.com\/hu\/technologia\/#breadcrumb"},"inLanguage":"hu","potentialAction":[{"@type":"ReadAction","target":["https:\/\/footwear.trocellen.com\/hu\/technologia\/"]}]},{"@type":"BreadcrumbList","@id":"https:\/\/footwear.trocellen.com\/hu\/technologia\/#breadcrumb","itemListElement":[{"@type":"ListItem","position":1,"name":"Home","item":"https:\/\/footwear.trocellen.com\/hu\/"},{"@type":"ListItem","position":2,"name":"Technol\u00f3gia"}]},{"@type":"WebSite","@id":"https:\/\/footwear.trocellen.com\/#website","url":"https:\/\/footwear.trocellen.com\/","name":"Footwear","description":"","potentialAction":[{"@type":"SearchAction","target":{"@type":"EntryPoint","urlTemplate":"https:\/\/footwear.trocellen.com\/?s={search_term_string}"},"query-input":{"@type":"PropertyValueSpecification","valueRequired":true,"valueName":"search_term_string"}}],"inLanguage":"hu"}]}},"_links":{"self":[{"href":"https:\/\/footwear.trocellen.com\/hu\/wp-json\/wp\/v2\/pages\/832","targetHints":{"allow":["GET"]}}],"collection":[{"href":"https:\/\/footwear.trocellen.com\/hu\/wp-json\/wp\/v2\/pages"}],"about":[{"href":"https:\/\/footwear.trocellen.com\/hu\/wp-json\/wp\/v2\/types\/page"}],"author":[{"embeddable":true,"href":"https:\/\/footwear.trocellen.com\/hu\/wp-json\/wp\/v2\/users\/6"}],"replies":[{"embeddable":true,"href":"https:\/\/footwear.trocellen.com\/hu\/wp-json\/wp\/v2\/comments?post=832"}],"version-history":[{"count":0,"href":"https:\/\/footwear.trocellen.com\/hu\/wp-json\/wp\/v2\/pages\/832\/revisions"}],"wp:attachment":[{"href":"https:\/\/footwear.trocellen.com\/hu\/wp-json\/wp\/v2\/media?parent=832"}],"curies":[{"name":"wp","href":"https:\/\/api.w.org\/{rel}","templated":true}]}}