{"id":850,"date":"2013-12-16T11:02:46","date_gmt":"2013-12-16T11:02:46","guid":{"rendered":"https:\/\/footwear.usernet.hu\/minosegbiztositas\/"},"modified":"2025-01-07T11:41:09","modified_gmt":"2025-01-07T11:41:09","slug":"minosegbiztositas","status":"publish","type":"page","link":"https:\/\/footwear.trocellen.com\/hu\/minosegbiztositas\/","title":{"rendered":"Min\u0151s\u00e9gbiztos\u00edt\u00e1s"},"content":{"rendered":"<p>Mintegy garanci\u00e1jak\u00e9nt annak, hogy tart\u00f3s \u00e9s kiv\u00e1l\u00f3 teljes\u00edtm\u00e9ny\u0171 term\u00e9keket \u00e9s szolg\u00e1ltat\u00e1sokat ny\u00fajt, a Trocellen k\u00fcl\u00f6nleges figyelmet ford\u00edt a min\u0151s\u00e9gbiztos\u00edt\u00e1sra. T\u00f6reksz\u00fcnk arra, hogy fel\u00fcgyelj\u00fck \u00e9s jav\u00edtsuk valamennyi gy\u00e1rt\u00e1si, menedzsment \u00e9s vev\u0151szolg\u00e1lati folyamatunkat. Elk\u00f6telezt\u00fck magunkat amellett, hogy folyamatosan fejlesztj\u00fck azon ter\u00fcleteket, amelyek befoly\u00e1ssal lehetnek term\u00e9keink \u00e9s szolg\u00e1ltat\u00e1saink teljes\u00edtm\u00e9ny\u00e9re illetve pozit\u00edvan hathatnak a partnereinkkel folytatott egy\u00fcttm\u0171k\u00f6d\u00e9sre csak\u00fagy mint \u00fcgyfeleink megel\u00e9ged\u00e9s\u00e9re. Valamennyi tev\u00e9kenys\u00e9g\u00fcnk k\u00f6z\u00e9ppontj\u00e1ban \u00fcgyfeleink \u00e1llnak. Ahhoz, hogy kiel\u00e9g\u00edts\u00fck elv\u00e1r\u00e1saikat \u00fcgyf\u00e9l-el\u00e9gedetts\u00e9gi felm\u00e9r\u00e9seket v\u00e9gz\u00fcnk, mik\u00f6zben koll\u00e9g\u00e1inkat \u00e9s partnereinket is arra b\u00edztatjuk, hogy ny\u00edlt \u00e9s \u0151szinte p\u00e1rbesz\u00e9det tartsanak fenn egym\u00e1s k\u00f6z\u00f6tt.<\/p>\n<p>Az al\u00e1bbiakban k\u00f6zreadjuk azokat az ISO tan\u00fas\u00edtv\u00e1nyokat, amelyekkel az egyes Trocellen gy\u00e1regys\u00e9gek rendelkeznek. A dokumentumok megtekint\u00e9s\u00e9hez kattintson a linkre.<\/p>\n<table id=\"quality\" style=\"width: 87.0196%;\">\n<tbody>\n<tr style=\"height: 65px;\">\n<td style=\"width: 21%; height: 65px;\" colspan=\"4\">\n<h3><span lang=\"EN-US\">ISCC PLUS certificate<\/span><\/h3>\n<\/td>\n<\/tr>\n<tr style=\"height: 65px;\">\n<td style=\"width: 21%; height: 65px;\"><span lang=\"EN-US\">Trocellen Italia SpA<\/span><\/td>\n<td style=\"width: 15%; height: 65px;\">Italy,<br \/>\nCaponago plant 1<\/td>\n<td style=\"width: 28.0167%; height: 65px;\"><a href=\"https:\/\/insulation.trocellen.com\/wp-content\/uploads\/2024\/05\/ISCC_PLUS_certificate_3070_TROCELLEN-p1.pdf\" target=\"_blank\" rel=\"noopener\">International Sustainability and<br \/>\nCarbon Certification<\/a><\/td>\n<td style=\"width: 16.9833%; height: 65px;\">English<\/td>\n<\/tr>\n<tr style=\"height: 65px;\">\n<td style=\"width: 21%; height: 65px;\"><span lang=\"EN-US\">Trocellen Italia SpA<\/span><\/td>\n<td style=\"width: 15%; height: 65px;\">Italy,<br \/>\nCaponago plant 2<\/td>\n<td style=\"width: 28.0167%; height: 65px;\"><a href=\"https:\/\/insulation.trocellen.com\/wp-content\/uploads\/2024\/05\/ISCC_PLUS_certificate_3071_TROCELLEN-p2.pdf\" target=\"_blank\" rel=\"noopener\">International Sustainability and<br \/>\nCarbon Certification<\/a><\/td>\n<td style=\"width: 16.9833%; height: 65px;\">English<\/td>\n<\/tr>\n<tr style=\"height: 65px;\">\n<td style=\"width: 21%; height: 65px;\"><span lang=\"EN-US\">Trocellen Italia SpA<\/span><\/td>\n<td style=\"width: 15%; height: 65px;\">Italy,<br \/>\nVolpago plant<\/td>\n<td style=\"width: 28.0167%; height: 65px;\"><a href=\"https:\/\/go.insulation.trocellen.com\/ISCC_PLUS_certificate_2125_pdf\" target=\"_blank\" rel=\"noopener\">International Sustainability and<br \/>\nCarbon Certification<\/a><\/td>\n<td style=\"width: 16.9833%; height: 65px;\">English<\/td>\n<\/tr>\n<tr style=\"height: 65px;\">\n<td style=\"width: 21%; height: 65px;\"><span lang=\"EN-US\">Trocellen GmbH<\/span><\/td>\n<td style=\"width: 15%; height: 65px;\">Germany<\/td>\n<td style=\"width: 28.0167%; height: 65px;\"><a href=\"https:\/\/insulation.trocellen.com\/wp-content\/uploads\/2025\/01\/ISCC-Plus-certificate_20241227.pdf\" target=\"_blank\" rel=\"noopener\"> ISCC Plus Certificate<\/a><\/td>\n<td style=\"width: 16.9833%; height: 65px;\">English<\/td>\n<\/tr>\n<tr>\n<td style=\"width: 21%;\">\n<h3>BS OHSAS 18001<\/h3>\n<\/td>\n<td style=\"width: 15%;\"><\/td>\n<td style=\"width: 28.0167%;\"><\/td>\n<td style=\"width: 16.9833%;\"><\/td>\n<\/tr>\n<tr>\n<td style=\"width: 21%;\">Trocellen Italia SpA<\/td>\n<td style=\"width: 15%;\">Italy<\/td>\n<td style=\"width: 28.0167%;\">Occupational Health and<br \/>\nSafety Management Systems<\/td>\n<td style=\"width: 16.9833%;\">English<\/td>\n<\/tr>\n<tr>\n<td style=\"width: 21%;\">\n<h3>ISO 9001<\/h3>\n<\/td>\n<td style=\"width: 15%;\"><\/td>\n<td style=\"width: 28.0167%;\"><\/td>\n<td style=\"width: 16.9833%;\"><\/td>\n<\/tr>\n<tr>\n<td style=\"width: 21%;\">Trocellen GmbH<\/td>\n<td style=\"width: 15%;\">Germany<\/td>\n<td style=\"width: 28.0167%;\"><a href=\"https:\/\/go.insulation.trocellen.com\/TROCELLEN-GmbH-CERTIFICATE-englisch-2022-12-11-QM15_pdf\" target=\"_blank\" rel=\"noopener\">ISO 9001 \u2013 QM15<\/a><\/td>\n<td style=\"width: 16.9833%;\">English<\/td>\n<\/tr>\n<tr>\n<td style=\"width: 21%;\">Trocellen GmbH<\/td>\n<td style=\"width: 15%;\">Germany<\/td>\n<td style=\"width: 28.0167%;\"><a href=\"https:\/\/go.insulation.trocellen.com\/TROCELLEN-GmbH-CERTIFICATE-deutsch-2022-12-11-QM15_pdf\" target=\"_blank\" rel=\"noopener\">ISO 9001 \u2013 QM15<\/a><\/td>\n<td style=\"width: 16.9833%;\">German<\/td>\n<\/tr>\n<tr>\n<td style=\"width: 21%;\">Trocellen Iberica<\/td>\n<td style=\"width: 15%;\">Spain<\/td>\n<td style=\"width: 28.0167%;\"><a href=\"https:\/\/insulation.trocellen.com\/wp-content\/uploads\/2013\/12\/CERT_0.04.18022-TROCELLEN-IB\u00c9RICA-S.A.-.pdf\" target=\"_blank\" rel=\"noopener\">ISO 9001<\/a><\/td>\n<td style=\"width: 16.9833%;\">Spanish-English-French<\/td>\n<\/tr>\n<tr>\n<td style=\"width: 21%;\">Trocellen Italia SpA<\/td>\n<td style=\"width: 15%;\">Italy<\/td>\n<td style=\"width: 28.0167%;\"><a href=\"https:\/\/go.insulation.trocellen.com\/Certificato-SQ-UNI-EN-ISO-9001-2015-128-TROCELLEN-ITALIA-SPA-combined_pdf\" target=\"_blank\" rel=\"noopener\">ISO 9001<\/a><\/td>\n<td style=\"width: 16.9833%;\">Italian-English<\/td>\n<\/tr>\n<tr>\n<td style=\"width: 21%;\">Trocellen S.E.A.<\/td>\n<td style=\"width: 15%;\">Malaysia<\/td>\n<td style=\"width: 28.0167%;\"><a href=\"https:\/\/insulation.trocellen.com\/wp-content\/uploads\/2013\/12\/ISO-9001-2015-certificate_2020-2023.pdf\" target=\"_blank\" rel=\"noopener\">ISO 9001<\/a><\/td>\n<td style=\"width: 16.9833%;\">English<\/td>\n<\/tr>\n<tr>\n<td style=\"width: 21%;\">Polifoam Kft.<\/td>\n<td style=\"width: 15%;\">Hungary<\/td>\n<td style=\"width: 28.0167%;\"><a href=\"https:\/\/footwear.trocellen.com\/wp-content\/uploads\/sites\/7\/2013\/12\/Polifoam_QMS_2017_main_certificate_EN_scan.pdf\" target=\"_blank\" rel=\"noopener\">ISO 9001 &#8211; QMS<\/a><\/td>\n<td style=\"width: 16.9833%;\">English<\/td>\n<\/tr>\n<tr>\n<td style=\"width: 21%;\">Polifoam Kft.<\/td>\n<td style=\"width: 15%;\">Hungary<\/td>\n<td style=\"width: 28.0167%;\"><a href=\"https:\/\/footwear.trocellen.com\/wp-content\/uploads\/sites\/7\/2013\/12\/Polifoam_QMS_2017_main_certificate_HU_scan.pdf\" target=\"_blank\" rel=\"noopener\">ISO 9001 &#8211; QMS<\/a><\/td>\n<td style=\"width: 16.9833%;\">Hungarian<\/td>\n<\/tr>\n<tr>\n<td style=\"width: 21%;\">\n<h3>ISO 50001<\/h3>\n<\/td>\n<td style=\"width: 15%;\"><\/td>\n<td style=\"width: 28.0167%;\"><\/td>\n<td style=\"width: 16.9833%;\"><\/td>\n<\/tr>\n<tr>\n<td style=\"width: 21%;\">Trocellen GmbH<\/td>\n<td style=\"width: 15%;\">Germany<\/td>\n<td style=\"width: 28.0167%;\"><a href=\"https:\/\/go.trocellen.com\/TROCELLEN-GmbH-CERTIFICATE-Englisch-2023-12-30-EMSt21_pdf\" target=\"_blank\" rel=\"noopener\">ISO 50001 &#8211; EMST<\/a><\/td>\n<td style=\"width: 16.9833%;\">English<\/td>\n<\/tr>\n<tr>\n<td style=\"width: 21%;\">Trocellen GmbH<\/td>\n<td style=\"width: 15%;\">Germany<\/td>\n<td style=\"width: 28.0167%;\"><a href=\"https:\/\/footwear.trocellen.com\/wp-content\/uploads\/sites\/7\/2013\/12\/003604-TROCELLEN-GmbH-certificate-Deutsch-2017-12-30-EMSt14.pdf\" target=\"_blank\" rel=\"noopener\">ISO 50001 &#8211; EMST<\/a><\/td>\n<td style=\"width: 16.9833%;\">German<\/td>\n<\/tr>\n<tr>\n<td style=\"width: 21%;\">Polifoam Kft.<\/td>\n<td style=\"width: 15%;\">Hungary<\/td>\n<td style=\"width: 28.0167%;\">ISO 50001<\/td>\n<td style=\"width: 16.9833%;\">English-Hungarian<\/td>\n<\/tr>\n<tr>\n<td style=\"text-align: left;\">Trocellen Italia spa<\/td>\n<td>Italy<\/td>\n<td><a href=\"https:\/\/insulation.trocellen.com\/wp-content\/uploads\/sites\/6\/2024\/11\/Certificato-UNI-CEI-EN-ISO-50001-2018-3-TROCELLEN-ITALIA-SPA.pdf\n\" target=\"_blank\" rel=\"noopener\">ISO 50001:2018 IIP<\/a><\/td>\n<td>Italian-English<\/td>\n<\/tr>\n<tr>\n<td style=\"text-align: left;\">Trocellen Italia spa<\/td>\n<td>Italy<\/td>\n<td><a href=\"https:\/\/insulation.trocellen.com\/wp-content\/uploads\/sites\/6\/2024\/11\/IQNET.pdf\" target=\"_blank\" rel=\"noopener\">ISO 50001:2018 IQNET<\/a><\/td>\n<td>English<\/td>\n<\/tr>\n<tr>\n<td style=\"width: 21%;\">\n<h3>ISO-TS 16949<\/h3>\n<\/td>\n<td style=\"width: 15%;\"><\/td>\n<td style=\"width: 28.0167%;\"><\/td>\n<td style=\"width: 16.9833%;\"><\/td>\n<\/tr>\n<tr>\n<td style=\"width: 21%;\">Polifoam Kft.<\/td>\n<td style=\"width: 15%;\">Hungary<\/td>\n<td style=\"width: 28.0167%;\"><a href=\"https:\/\/insulation.trocellen.com\/wp-content\/uploads\/sites\/6\/2013\/12\/ISO-TS-16949-POLIFOAM_2017_eng_hun.pdf\">ISO-TS 16949<\/a><\/td>\n<td style=\"width: 16.9833%;\">English-Hungarian<\/td>\n<\/tr>\n<tr>\n<td style=\"width: 21%;\">\n<h3>ISO 14001<\/h3>\n<\/td>\n<td style=\"width: 15%;\"><\/td>\n<td style=\"width: 28.0167%;\"><\/td>\n<td style=\"width: 16.9833%;\"><\/td>\n<\/tr>\n<tr style=\"height: 24px;\">\n<td style=\"width: 21%; height: 24px;\">Trocellen Italia SpA.<\/td>\n<td style=\"width: 15%; height: 24px;\">Italy<\/td>\n<td style=\"width: 28.0167%; height: 24px;\"><a href=\"https:\/\/insulation.trocellen.com\/wp-content\/uploads\/sites\/6\/2024\/11\/Certificato-SQ-UNI-EN-ISO-14001-2015-230-TROCELLEN-ITALIA-SPA.pdf\" target=\"_blank\" rel=\"noopener\">ISO 14001:2015 IIP<\/a><\/td>\n<td style=\"width: 16.9833%; height: 24px;\">Italian<\/td>\n<\/tr>\n<tr style=\"height: 24px;\">\n<td style=\"width: 21%; height: 24px;\">Trocellen Italia SpA.<\/td>\n<td style=\"width: 15%; height: 24px;\">Italy<\/td>\n<td style=\"width: 28.0167%; height: 24px;\"><a href=\"https:\/\/insulation.trocellen.com\/wp-content\/uploads\/sites\/6\/2024\/11\/Sistemi-Certificato-IQNET-58793.pdf\" target=\"_blank\" rel=\"noopener\">ISO 14001:2015 IQNET<\/a><\/td>\n<td style=\"width: 16.9833%; height: 24px;\">Italian<\/td>\n<\/tr>\n<tr>\n<td style=\"width: 21%;\">Polifoam Kft.<\/td>\n<td style=\"width: 15%;\">Hungary<\/td>\n<td style=\"width: 28.0167%;\"><a href=\"https:\/\/insulation.trocellen.com\/wp-content\/uploads\/sites\/6\/2013\/12\/ISO-14001-Polifoam_EMS_2017_main_certificate_DAKKS_eng.pdf\">ISO 14001 &#8211; DAKKS<\/a><\/td>\n<td style=\"width: 16.9833%;\">\u00a0English<\/td>\n<\/tr>\n<tr>\n<td style=\"width: 21%;\">Polifoam Kft.<\/td>\n<td style=\"width: 15%;\">Hungary<\/td>\n<td style=\"width: 28.0167%;\"><a href=\"https:\/\/insulation.trocellen.com\/wp-content\/uploads\/sites\/6\/2013\/12\/ISO-14001-Polifoam_EMS_2017_main_certificate_DAKKS_hun.pdf\">ISO 14001 &#8211; DAKKS<\/a><\/td>\n<td style=\"width: 16.9833%;\">\u00a0Hungarian<\/td>\n<\/tr>\n<tr>\n<td style=\"width: 21%;\">\n<h3>\u00d6KO-TEX<\/h3>\n<\/td>\n<td style=\"width: 15%;\"><\/td>\n<td style=\"width: 28.0167%;\"><\/td>\n<td style=\"width: 16.9833%;\"><\/td>\n<\/tr>\n<tr>\n<td style=\"width: 21%;\">Polifoam Kft.<\/td>\n<td style=\"width: 15%;\">Hungary<\/td>\n<td style=\"width: 28.0167%;\"><a href=\"https:\/\/insulation.trocellen.com\/wp-content\/uploads\/sites\/6\/2013\/12\/OEKO-TEX-STEP-Polifoam-1.pdf\">\u00d6KO-TEX-STEP<\/a><br \/>\n<a href=\"https:\/\/insulation.trocellen.com\/wp-content\/uploads\/sites\/6\/2013\/12\/OEKO-TEX-STEP-Polifoam-2.pdf\">\u00d6KO-TEX-STEP<\/a><\/td>\n<td style=\"width: 16.9833%;\">English 1<br \/>\nEnglish 2<\/td>\n<\/tr>\n<\/tbody>\n<\/table>\n","protected":false},"excerpt":{"rendered":"<p>Mintegy garanci\u00e1jak\u00e9nt annak, hogy tart\u00f3s \u00e9s kiv\u00e1l\u00f3 teljes\u00edtm\u00e9ny\u0171 term\u00e9keket \u00e9s szolg\u00e1ltat\u00e1sokat ny\u00fajt, a Trocellen k\u00fcl\u00f6nleges figyelmet ford\u00edt a min\u0151s\u00e9gbiztos\u00edt\u00e1sra. T\u00f6reksz\u00fcnk arra, hogy fel\u00fcgyelj\u00fck \u00e9s jav\u00edtsuk valamennyi gy\u00e1rt\u00e1si, menedzsment \u00e9s vev\u0151szolg\u00e1lati folyamatunkat. Elk\u00f6telezt\u00fck magunkat amellett, hogy folyamatosan fejlesztj\u00fck azon ter\u00fcleteket, amelyek befoly\u00e1ssal lehetnek term\u00e9keink \u00e9s szolg\u00e1ltat\u00e1saink teljes\u00edtm\u00e9ny\u00e9re illetve pozit\u00edvan hathatnak a partnereinkkel folytatott egy\u00fcttm\u0171k\u00f6d\u00e9sre csak\u00fagy mint [&hellip;]<\/p>\n","protected":false},"author":6,"featured_media":0,"parent":0,"menu_order":0,"comment_status":"open","ping_status":"closed","template":"templates\/one-column.php","meta":{"_acf_changed":false,"footnotes":""},"class_list":["post-850","page","type-page","status-publish","hentry"],"acf":[],"yoast_head":"<!-- This site is optimized with the Yoast SEO plugin v23.5 - https:\/\/yoast.com\/wordpress\/plugins\/seo\/ -->\n<title>Min\u0151s\u00e9gbiztos\u00edt\u00e1s - Footwear<\/title>\n<meta name=\"robots\" content=\"index, follow, max-snippet:-1, max-image-preview:large, max-video-preview:-1\" \/>\n<link rel=\"canonical\" href=\"https:\/\/footwear.trocellen.com\/hu\/minosegbiztositas\/\" \/>\n<meta name=\"twitter:label1\" content=\"Becs\u00fclt olvas\u00e1si id\u0151\" \/>\n\t<meta name=\"twitter:data1\" content=\"2 perc\" \/>\n<script type=\"application\/ld+json\" class=\"yoast-schema-graph\">{\"@context\":\"https:\/\/schema.org\",\"@graph\":[{\"@type\":\"WebPage\",\"@id\":\"https:\/\/footwear.trocellen.com\/hu\/minosegbiztositas\/\",\"url\":\"https:\/\/footwear.trocellen.com\/hu\/minosegbiztositas\/\",\"name\":\"Min\u0151s\u00e9gbiztos\u00edt\u00e1s - Footwear\",\"isPartOf\":{\"@id\":\"https:\/\/footwear.trocellen.com\/#website\"},\"datePublished\":\"2013-12-16T11:02:46+00:00\",\"dateModified\":\"2025-01-07T11:41:09+00:00\",\"breadcrumb\":{\"@id\":\"https:\/\/footwear.trocellen.com\/hu\/minosegbiztositas\/#breadcrumb\"},\"inLanguage\":\"hu\",\"potentialAction\":[{\"@type\":\"ReadAction\",\"target\":[\"https:\/\/footwear.trocellen.com\/hu\/minosegbiztositas\/\"]}]},{\"@type\":\"BreadcrumbList\",\"@id\":\"https:\/\/footwear.trocellen.com\/hu\/minosegbiztositas\/#breadcrumb\",\"itemListElement\":[{\"@type\":\"ListItem\",\"position\":1,\"name\":\"Home\",\"item\":\"https:\/\/footwear.trocellen.com\/hu\/\"},{\"@type\":\"ListItem\",\"position\":2,\"name\":\"Min\u0151s\u00e9gbiztos\u00edt\u00e1s\"}]},{\"@type\":\"WebSite\",\"@id\":\"https:\/\/footwear.trocellen.com\/#website\",\"url\":\"https:\/\/footwear.trocellen.com\/\",\"name\":\"Footwear\",\"description\":\"\",\"potentialAction\":[{\"@type\":\"SearchAction\",\"target\":{\"@type\":\"EntryPoint\",\"urlTemplate\":\"https:\/\/footwear.trocellen.com\/?s={search_term_string}\"},\"query-input\":{\"@type\":\"PropertyValueSpecification\",\"valueRequired\":true,\"valueName\":\"search_term_string\"}}],\"inLanguage\":\"hu\"}]}<\/script>\n<!-- \/ Yoast SEO plugin. -->","yoast_head_json":{"title":"Min\u0151s\u00e9gbiztos\u00edt\u00e1s - Footwear","robots":{"index":"index","follow":"follow","max-snippet":"max-snippet:-1","max-image-preview":"max-image-preview:large","max-video-preview":"max-video-preview:-1"},"canonical":"https:\/\/footwear.trocellen.com\/hu\/minosegbiztositas\/","twitter_misc":{"Becs\u00fclt olvas\u00e1si id\u0151":"2 perc"},"schema":{"@context":"https:\/\/schema.org","@graph":[{"@type":"WebPage","@id":"https:\/\/footwear.trocellen.com\/hu\/minosegbiztositas\/","url":"https:\/\/footwear.trocellen.com\/hu\/minosegbiztositas\/","name":"Min\u0151s\u00e9gbiztos\u00edt\u00e1s - Footwear","isPartOf":{"@id":"https:\/\/footwear.trocellen.com\/#website"},"datePublished":"2013-12-16T11:02:46+00:00","dateModified":"2025-01-07T11:41:09+00:00","breadcrumb":{"@id":"https:\/\/footwear.trocellen.com\/hu\/minosegbiztositas\/#breadcrumb"},"inLanguage":"hu","potentialAction":[{"@type":"ReadAction","target":["https:\/\/footwear.trocellen.com\/hu\/minosegbiztositas\/"]}]},{"@type":"BreadcrumbList","@id":"https:\/\/footwear.trocellen.com\/hu\/minosegbiztositas\/#breadcrumb","itemListElement":[{"@type":"ListItem","position":1,"name":"Home","item":"https:\/\/footwear.trocellen.com\/hu\/"},{"@type":"ListItem","position":2,"name":"Min\u0151s\u00e9gbiztos\u00edt\u00e1s"}]},{"@type":"WebSite","@id":"https:\/\/footwear.trocellen.com\/#website","url":"https:\/\/footwear.trocellen.com\/","name":"Footwear","description":"","potentialAction":[{"@type":"SearchAction","target":{"@type":"EntryPoint","urlTemplate":"https:\/\/footwear.trocellen.com\/?s={search_term_string}"},"query-input":{"@type":"PropertyValueSpecification","valueRequired":true,"valueName":"search_term_string"}}],"inLanguage":"hu"}]}},"_links":{"self":[{"href":"https:\/\/footwear.trocellen.com\/hu\/wp-json\/wp\/v2\/pages\/850","targetHints":{"allow":["GET"]}}],"collection":[{"href":"https:\/\/footwear.trocellen.com\/hu\/wp-json\/wp\/v2\/pages"}],"about":[{"href":"https:\/\/footwear.trocellen.com\/hu\/wp-json\/wp\/v2\/types\/page"}],"author":[{"embeddable":true,"href":"https:\/\/footwear.trocellen.com\/hu\/wp-json\/wp\/v2\/users\/6"}],"replies":[{"embeddable":true,"href":"https:\/\/footwear.trocellen.com\/hu\/wp-json\/wp\/v2\/comments?post=850"}],"version-history":[{"count":8,"href":"https:\/\/footwear.trocellen.com\/hu\/wp-json\/wp\/v2\/pages\/850\/revisions"}],"predecessor-version":[{"id":1500,"href":"https:\/\/footwear.trocellen.com\/hu\/wp-json\/wp\/v2\/pages\/850\/revisions\/1500"}],"wp:attachment":[{"href":"https:\/\/footwear.trocellen.com\/hu\/wp-json\/wp\/v2\/media?parent=850"}],"curies":[{"name":"wp","href":"https:\/\/api.w.org\/{rel}","templated":true}]}}